{"id":29969,"date":"2025-04-23T18:01:38","date_gmt":"2025-04-23T15:01:38","guid":{"rendered":"https:\/\/sonycenter.md\/?post_type=product&#038;p=29969"},"modified":"2025-04-23T18:16:56","modified_gmt":"2025-04-23T15:16:56","slug":"ultmic1","status":"publish","type":"product","link":"https:\/\/sonycenter.md\/ro\/magazin\/ultmic1\/","title":{"rendered":"ULTMIC1"},"content":{"rendered":"<p style=\"text-align: center;\"><span style=\"color: #000000;\">Specifica\u021bii complete pentru microfon wireless SONY ULTMIC1 :<\/span><\/p>\n<table>\n<tbody>\n<tr>\n<td style=\"text-align: center;\" colspan=\"2\" width=\"503\"><span style=\"color: #000000;\"><strong>Microfon <\/strong><\/span><\/td>\n<\/tr>\n<tr>\n<td><span style=\"color: #000000;\"><strong>Cantitate<\/strong><\/span><\/td>\n<td><span style=\"color: #000000;\">2<\/span><\/td>\n<\/tr>\n<tr>\n<td><span style=\"color: #000000;\"><strong>Tip<\/strong><\/span><\/td>\n<td><span style=\"color: #000000;\">Dinamic<\/span><\/td>\n<\/tr>\n<tr>\n<td><span style=\"color: #000000;\"><strong>Directivitate<\/strong><\/span><\/td>\n<td><span style=\"color: #000000;\">Unidirec\u021bional<\/span><\/td>\n<\/tr>\n<tr>\n<td><span style=\"color: #000000;\"><strong>Gam\u0103 de frecven\u021be efectiv\u0103<\/strong><\/span><\/td>\n<td><span style=\"color: #000000;\">\u00centre 50 Hz \u0219i 15.000 Hz<\/span><\/td>\n<\/tr>\n<tr>\n<td><span style=\"color: #000000;\"><strong>Dimensiuni (l \u00d7 \u00ee \u00d7 a)\u3000<\/strong><\/span><\/td>\n<td><span style=\"color: #000000;\">Aprox. 51 mm x 233 mm x 51 mm<\/span><\/td>\n<\/tr>\n<tr>\n<td><span style=\"color: #000000;\"><strong>Greutate<\/strong><\/span><\/td>\n<td><span style=\"color: #000000;\">Aprox. 280 g<\/span><\/td>\n<\/tr>\n<tr>\n<td><span style=\"color: #000000;\"><strong>Terminale de intrare\u00a0<\/strong><\/span><\/td>\n<td><span style=\"color: #000000;\">Intrare: USB Type-C\u00ae<\/span><\/td>\n<\/tr>\n<tr>\n<td><span style=\"color: #000000;\"><strong>Autonomie baterie<\/strong><\/span><\/td>\n<td><span style=\"color: #000000;\">Aprox. 20 de ore<\/span><\/td>\n<\/tr>\n<tr>\n<td><span style=\"color: #000000;\"><strong>Timp de \u00eenc\u0103rcare<\/strong><\/span><\/td>\n<td><span style=\"color: #000000;\">Aprox. 2,5 ore<\/span><\/td>\n<\/tr>\n<tr>\n<td style=\"text-align: center;\" colspan=\"2\"><span style=\"color: #000000;\"><strong>Receptor<\/strong><\/span><\/td>\n<\/tr>\n<tr>\n<td><span style=\"color: #000000;\"><strong>Cantitate<\/strong><\/span><\/td>\n<td><span style=\"color: #000000;\">1<\/span><\/td>\n<\/tr>\n<tr>\n<td><span style=\"color: #000000;\"><strong>Dimensiuni (l \u00d7 \u00ee \u00d7 a)<\/strong><\/span><\/td>\n<td><span style=\"color: #000000;\">Aprox. 42 mm x 115 mm x 23 mm<\/span><\/td>\n<\/tr>\n<tr>\n<td><span style=\"color: #000000;\"><strong>Greutate<\/strong><\/span><\/td>\n<td><span style=\"color: #000000;\">Aprox. 65 g<\/span><\/td>\n<\/tr>\n<tr>\n<td><span style=\"color: #000000;\"><strong>Terminale de intrare \u0219i ie\u0219ire<\/strong><\/span><\/td>\n<td><span style=\"color: #000000;\">Intrare: USB Type-C\u00ae Ie\u0219ire: pentru microfon 6.3 mm<\/span><\/td>\n<\/tr>\n<tr>\n<td><span style=\"color: #000000;\"><strong>Autonomie baterie<\/strong><\/span><\/td>\n<td><span style=\"color: #000000;\">Aprox. 20 de ore<\/span><\/td>\n<\/tr>\n<tr>\n<td><span style=\"color: #000000;\"><strong>Timp de \u00eenc\u0103rcare<\/strong><\/span><\/td>\n<td><span style=\"color: #000000;\">Aprox. 2,5 ore<\/span><\/td>\n<\/tr>\n<tr>\n<td style=\"text-align: center;\" colspan=\"2\"><span style=\"color: #000000;\"><strong>Con\u021binutul cutiei<\/strong><\/span><\/td>\n<\/tr>\n<tr>\n<td><\/td>\n<td><span style=\"color: #000000;\">Microfon wireless x2<\/span><\/td>\n<\/tr>\n<tr>\n<td><\/td>\n<td><span style=\"color: #000000;\">Receptor x1<\/span><\/td>\n<\/tr>\n<tr>\n<td><\/td>\n<td><span style=\"color: #000000;\">Cablu Type-C to Type-A x1<\/span><\/td>\n<\/tr>\n<\/tbody>\n<\/table>\n","protected":false},"excerpt":{"rendered":"<ul>\n<li><span style=\"color: #000000;\">Microfon wireless SONY : 2 buc.<\/span><\/li>\n<li><span style=\"color: #000000;\">Autonomia bateriei : p\u00e2n\u0103 la 20 de ore<\/span><\/li>\n<li><span style=\"color: #000000;\">Greutate : 280 g<\/span><\/li>\n<li><span style=\"color: #000000;\">Tip : dinamic, unidirec\u021bional<\/span><\/li>\n<li><span style=\"color: #000000;\">Tip de conexiune : adaptor cu ie\u0219ire 6.3 mm<\/span><\/li>\n<\/ul>\n","protected":false},"featured_media":29789,"comment_status":"open","ping_status":"closed","template":"","meta":[],"product_brand":[],"product_cat":[897],"product_tag":[],"class_list":{"0":"post-29969","1":"product","2":"type-product","3":"status-publish","4":"has-post-thumbnail","6":"product_cat-microfoane-karaoke","8":"first","9":"instock","10":"shipping-taxable","11":"purchasable","12":"product-type-simple"},"yoast_head":"<!-- This site is optimized with the Yoast SEO plugin v27.4 - https:\/\/yoast.com\/product\/yoast-seo-wordpress\/ -->\n<title>Microfon wireless SONY | SONY ULTMIC1 | Moldova<\/title>\n<meta name=\"description\" content=\"Cumpara microfon wireless SONY ULTMIC1 in Chisinau | Autonomia bateriei pana la 20 de ore | Tip dinamic | Livrare gratuita in Moldova\" \/>\n<meta name=\"robots\" content=\"index, follow, max-snippet:-1, max-image-preview:large, max-video-preview:-1\" \/>\n<link rel=\"canonical\" href=\"https:\/\/sonycenter.md\/ro\/magazin\/ultmic1\/\" \/>\n<meta property=\"og:locale\" content=\"ro_RO\" \/>\n<meta property=\"og:type\" content=\"article\" \/>\n<meta property=\"og:title\" content=\"Microfon wireless SONY | SONY ULTMIC1 | Moldova\" \/>\n<meta property=\"og:description\" content=\"Cumpara microfon wireless SONY ULTMIC1 in Chisinau | Autonomia bateriei pana la 20 de ore | Tip dinamic | Livrare gratuita in Moldova\" \/>\n<meta property=\"og:url\" content=\"https:\/\/sonycenter.md\/ro\/magazin\/ultmic1\/\" \/>\n<meta property=\"og:site_name\" content=\"SONY\" \/>\n<meta property=\"article:modified_time\" content=\"2025-04-23T15:16:56+00:00\" \/>\n<meta property=\"og:image\" content=\"https:\/\/sonycenter.md\/wp-content\/uploads\/2025\/04\/ULTMIC1.jpg\" \/>\n\t<meta property=\"og:image:width\" content=\"600\" \/>\n\t<meta property=\"og:image:height\" content=\"600\" \/>\n\t<meta property=\"og:image:type\" content=\"image\/jpeg\" \/>\n<meta name=\"twitter:card\" content=\"summary_large_image\" \/>\n<meta name=\"twitter:label1\" content=\"Est. reading time\" \/>\n\t<meta name=\"twitter:data1\" content=\"1 minute\" \/>\n<script type=\"application\/ld+json\" class=\"yoast-schema-graph\">{\"@context\":\"https:\\\/\\\/schema.org\",\"@graph\":[{\"@type\":[\"WebPage\",\"ItemPage\"],\"@id\":\"https:\\\/\\\/sonycenter.md\\\/ro\\\/magazin\\\/ultmic1\\\/\",\"url\":\"https:\\\/\\\/sonycenter.md\\\/ro\\\/magazin\\\/ultmic1\\\/\",\"name\":\"Microfon wireless SONY | SONY ULTMIC1 | Moldova\",\"isPartOf\":{\"@id\":\"http:\\\/\\\/sonycenter.md\\\/ro\\\/#website\"},\"primaryImageOfPage\":{\"@id\":\"https:\\\/\\\/sonycenter.md\\\/ro\\\/magazin\\\/ultmic1\\\/#primaryimage\"},\"image\":{\"@id\":\"https:\\\/\\\/sonycenter.md\\\/ro\\\/magazin\\\/ultmic1\\\/#primaryimage\"},\"thumbnailUrl\":\"https:\\\/\\\/sonycenter.md\\\/wp-content\\\/uploads\\\/2025\\\/04\\\/ULTMIC1.jpg\",\"datePublished\":\"2025-04-23T15:01:38+00:00\",\"dateModified\":\"2025-04-23T15:16:56+00:00\",\"description\":\"Cumpara microfon wireless SONY ULTMIC1 in Chisinau | Autonomia bateriei pana la 20 de ore | Tip dinamic | Livrare gratuita in Moldova\",\"breadcrumb\":{\"@id\":\"https:\\\/\\\/sonycenter.md\\\/ro\\\/magazin\\\/ultmic1\\\/#breadcrumb\"},\"inLanguage\":\"ro-RO\",\"potentialAction\":[{\"@type\":\"ReadAction\",\"target\":[\"https:\\\/\\\/sonycenter.md\\\/ro\\\/magazin\\\/ultmic1\\\/\"]}]},{\"@type\":\"ImageObject\",\"inLanguage\":\"ro-RO\",\"@id\":\"https:\\\/\\\/sonycenter.md\\\/ro\\\/magazin\\\/ultmic1\\\/#primaryimage\",\"url\":\"https:\\\/\\\/sonycenter.md\\\/wp-content\\\/uploads\\\/2025\\\/04\\\/ULTMIC1.jpg\",\"contentUrl\":\"https:\\\/\\\/sonycenter.md\\\/wp-content\\\/uploads\\\/2025\\\/04\\\/ULTMIC1.jpg\",\"width\":600,\"height\":600,\"caption\":\"ULTMIC1\"},{\"@type\":\"BreadcrumbList\",\"@id\":\"https:\\\/\\\/sonycenter.md\\\/ro\\\/magazin\\\/ultmic1\\\/#breadcrumb\",\"itemListElement\":[{\"@type\":\"ListItem\",\"position\":1,\"name\":\"\u0413\u043b\u0430\u0432\u043d\u0430\u044f \u0441\u0442\u0440\u0430\u043d\u0438\u0446\u0430\",\"item\":\"https:\\\/\\\/sonycenter.md\\\/ro\\\/\"},{\"@type\":\"ListItem\",\"position\":2,\"name\":\"Magazin\",\"item\":\"https:\\\/\\\/sonycenter.md\\\/shop\\\/\"},{\"@type\":\"ListItem\",\"position\":3,\"name\":\"ULTMIC1\"}]},{\"@type\":\"WebSite\",\"@id\":\"http:\\\/\\\/sonycenter.md\\\/ro\\\/#website\",\"url\":\"http:\\\/\\\/sonycenter.md\\\/ro\\\/\",\"name\":\"sonycenter.md\",\"description\":\"SONYCENTER \u00een Chi\u0219in\u0103u\",\"publisher\":{\"@id\":\"http:\\\/\\\/sonycenter.md\\\/ro\\\/#organization\"},\"potentialAction\":[{\"@type\":\"SearchAction\",\"target\":{\"@type\":\"EntryPoint\",\"urlTemplate\":\"http:\\\/\\\/sonycenter.md\\\/ro\\\/?s={search_term_string}\"},\"query-input\":{\"@type\":\"PropertyValueSpecification\",\"valueRequired\":true,\"valueName\":\"search_term_string\"}}],\"inLanguage\":\"ro-RO\"},{\"@type\":\"Organization\",\"@id\":\"http:\\\/\\\/sonycenter.md\\\/ro\\\/#organization\",\"name\":\"sonycenter.md\",\"url\":\"http:\\\/\\\/sonycenter.md\\\/ro\\\/\",\"logo\":{\"@type\":\"ImageObject\",\"inLanguage\":\"ro-RO\",\"@id\":\"http:\\\/\\\/sonycenter.md\\\/ro\\\/#\\\/schema\\\/logo\\\/image\\\/\",\"url\":\"\",\"contentUrl\":\"\",\"caption\":\"sonycenter.md\"},\"image\":{\"@id\":\"http:\\\/\\\/sonycenter.md\\\/ro\\\/#\\\/schema\\\/logo\\\/image\\\/\"}}]}<\/script>\n<!-- \/ Yoast SEO plugin. -->","yoast_head_json":{"title":"Microfon wireless SONY | SONY ULTMIC1 | Moldova","description":"Cumpara microfon wireless SONY ULTMIC1 in Chisinau | Autonomia bateriei pana la 20 de ore | Tip dinamic | Livrare gratuita in Moldova","robots":{"index":"index","follow":"follow","max-snippet":"max-snippet:-1","max-image-preview":"max-image-preview:large","max-video-preview":"max-video-preview:-1"},"canonical":"https:\/\/sonycenter.md\/ro\/magazin\/ultmic1\/","og_locale":"ro_RO","og_type":"article","og_title":"Microfon wireless SONY | SONY ULTMIC1 | Moldova","og_description":"Cumpara microfon wireless SONY ULTMIC1 in Chisinau | Autonomia bateriei pana la 20 de ore | Tip dinamic | Livrare gratuita in Moldova","og_url":"https:\/\/sonycenter.md\/ro\/magazin\/ultmic1\/","og_site_name":"SONY","article_modified_time":"2025-04-23T15:16:56+00:00","og_image":[{"width":600,"height":600,"url":"https:\/\/sonycenter.md\/wp-content\/uploads\/2025\/04\/ULTMIC1.jpg","type":"image\/jpeg"}],"twitter_card":"summary_large_image","twitter_misc":{"Est. reading time":"1 minute"},"schema":{"@context":"https:\/\/schema.org","@graph":[{"@type":["WebPage","ItemPage"],"@id":"https:\/\/sonycenter.md\/ro\/magazin\/ultmic1\/","url":"https:\/\/sonycenter.md\/ro\/magazin\/ultmic1\/","name":"Microfon wireless SONY | SONY ULTMIC1 | Moldova","isPartOf":{"@id":"https:\/\/sonycenter.md\/ro\/#website"},"primaryImageOfPage":{"@id":"https:\/\/sonycenter.md\/ro\/magazin\/ultmic1\/#primaryimage"},"image":{"@id":"https:\/\/sonycenter.md\/ro\/magazin\/ultmic1\/#primaryimage"},"thumbnailUrl":"https:\/\/sonycenter.md\/wp-content\/uploads\/2025\/04\/ULTMIC1.jpg","datePublished":"2025-04-23T15:01:38+00:00","dateModified":"2025-04-23T15:16:56+00:00","description":"Cumpara microfon wireless SONY ULTMIC1 in Chisinau | Autonomia bateriei pana la 20 de ore | Tip dinamic | Livrare gratuita in Moldova","breadcrumb":{"@id":"https:\/\/sonycenter.md\/ro\/magazin\/ultmic1\/#breadcrumb"},"inLanguage":"ro-RO","potentialAction":[{"@type":"ReadAction","target":["https:\/\/sonycenter.md\/ro\/magazin\/ultmic1\/"]}]},{"@type":"ImageObject","inLanguage":"ro-RO","@id":"https:\/\/sonycenter.md\/ro\/magazin\/ultmic1\/#primaryimage","url":"https:\/\/sonycenter.md\/wp-content\/uploads\/2025\/04\/ULTMIC1.jpg","contentUrl":"https:\/\/sonycenter.md\/wp-content\/uploads\/2025\/04\/ULTMIC1.jpg","width":600,"height":600,"caption":"ULTMIC1"},{"@type":"BreadcrumbList","@id":"https:\/\/sonycenter.md\/ro\/magazin\/ultmic1\/#breadcrumb","itemListElement":[{"@type":"ListItem","position":1,"name":"\u0413\u043b\u0430\u0432\u043d\u0430\u044f \u0441\u0442\u0440\u0430\u043d\u0438\u0446\u0430","item":"https:\/\/sonycenter.md\/ro\/"},{"@type":"ListItem","position":2,"name":"Magazin","item":"https:\/\/sonycenter.md\/shop\/"},{"@type":"ListItem","position":3,"name":"ULTMIC1"}]},{"@type":"WebSite","@id":"https:\/\/sonycenter.md\/ro\/#website","url":"https:\/\/sonycenter.md\/ro\/","name":"sonycenter.md","description":"SONYCENTER \u00een Chi\u0219in\u0103u","publisher":{"@id":"https:\/\/sonycenter.md\/ro\/#organization"},"potentialAction":[{"@type":"SearchAction","target":{"@type":"EntryPoint","urlTemplate":"https:\/\/sonycenter.md\/ro\/?s={search_term_string}"},"query-input":{"@type":"PropertyValueSpecification","valueRequired":true,"valueName":"search_term_string"}}],"inLanguage":"ro-RO"},{"@type":"Organization","@id":"https:\/\/sonycenter.md\/ro\/#organization","name":"sonycenter.md","url":"https:\/\/sonycenter.md\/ro\/","logo":{"@type":"ImageObject","inLanguage":"ro-RO","@id":"https:\/\/sonycenter.md\/ro\/#\/schema\/logo\/image\/","url":"","contentUrl":"","caption":"sonycenter.md"},"image":{"@id":"https:\/\/sonycenter.md\/ro\/#\/schema\/logo\/image\/"}}]}},"_links":{"self":[{"href":"https:\/\/sonycenter.md\/ro\/wp-json\/wp\/v2\/product\/29969","targetHints":{"allow":["GET"]}}],"collection":[{"href":"https:\/\/sonycenter.md\/ro\/wp-json\/wp\/v2\/product"}],"about":[{"href":"https:\/\/sonycenter.md\/ro\/wp-json\/wp\/v2\/types\/product"}],"replies":[{"embeddable":true,"href":"https:\/\/sonycenter.md\/ro\/wp-json\/wp\/v2\/comments?post=29969"}],"wp:featuredmedia":[{"embeddable":true,"href":"https:\/\/sonycenter.md\/ro\/wp-json\/wp\/v2\/media\/29789"}],"wp:attachment":[{"href":"https:\/\/sonycenter.md\/ro\/wp-json\/wp\/v2\/media?parent=29969"}],"wp:term":[{"taxonomy":"product_brand","embeddable":true,"href":"https:\/\/sonycenter.md\/ro\/wp-json\/wp\/v2\/product_brand?post=29969"},{"taxonomy":"product_cat","embeddable":true,"href":"https:\/\/sonycenter.md\/ro\/wp-json\/wp\/v2\/product_cat?post=29969"},{"taxonomy":"product_tag","embeddable":true,"href":"https:\/\/sonycenter.md\/ro\/wp-json\/wp\/v2\/product_tag?post=29969"}],"curies":[{"name":"wp","href":"https:\/\/api.w.org\/{rel}","templated":true}]}}