{"id":29989,"date":"2025-04-25T12:05:47","date_gmt":"2025-04-25T09:27:24","guid":{"rendered":"https:\/\/sonycenter.md\/?post_type=product&#038;p=29989"},"modified":"2025-07-09T13:30:40","modified_gmt":"2025-07-09T10:30:40","slug":"ilce1m2","status":"publish","type":"product","link":"https:\/\/sonycenter.md\/ro\/magazin\/ilce1m2\/","title":{"rendered":"ILCE1M2 (body)"},"content":{"rendered":"<p><iframe loading=\"lazy\" title=\"YouTube video player\" src=\"https:\/\/www.youtube.com\/embed\/xYMNPvgWcdY?si=LP3veIDy7shEM_wi\" width=\"560\" height=\"315\" frameborder=\"0\" allowfullscreen=\"allowfullscreen\"><\/iframe><\/p>\n<p style=\"text-align: center;\"><span style=\"color: #000000;\">Specifica\u021bii complete pentru <span style=\"color: #0000ff;\"><a style=\"color: #0000ff;\" href=\"https:\/\/sonycenter.md\/ro\/category\/camere-foto\/camere-alfa\/\">camera<\/a><\/span> SONY ILCE1M2 (SONY Alpha 1 II) :<\/span><\/p>\n<table>\n<tbody>\n<tr>\n<td style=\"text-align: center;\" colspan=\"2\" width=\"516\"><span style=\"color: #000000;\"><strong>Specifica\u021bii generale<\/strong><\/span><\/td>\n<\/tr>\n<tr>\n<td><span style=\"color: #000000;\"><strong>Tip de camer\u0103<\/strong><\/span><\/td>\n<td><span style=\"color: #000000;\">Camer\u0103 foto digital\u0103 cu obiective interschimbabile<\/span><\/td>\n<\/tr>\n<tr>\n<td><span style=\"color: #000000;\"><strong>Suport obiectiv<\/strong><\/span><\/td>\n<td><span style=\"color: #000000;\">Montur\u0103 E<\/span><\/td>\n<\/tr>\n<tr>\n<td><span style=\"color: #000000;\"><strong>Tip senzor<\/strong><\/span><\/td>\n<td><span style=\"color: #000000;\">Full frame 35 mm, senzor CMOS Exmor RS<\/span><\/td>\n<\/tr>\n<tr>\n<td><span style=\"color: #000000;\"><strong>Num\u0103r de pixeli (total)<\/strong><\/span><\/td>\n<td><span style=\"color: #000000;\">Aprox. 50,5 megapixeli<\/span><\/td>\n<\/tr>\n<tr>\n<td><span style=\"color: #000000;\"><strong>Num\u0103r de pixeli (efectiv)<\/strong><\/span><\/td>\n<td><span style=\"color: #000000;\">Imagini statice: aprox. 50,1Mp filme: aprox. 42,0 Mp<\/span><\/td>\n<\/tr>\n<tr>\n<td><span style=\"color: #000000;\"><strong>Interval temperatur\u0103 de culoare<\/strong><\/span><\/td>\n<td><span style=\"color: #000000;\">2500\u20139900 K<\/span><\/td>\n<\/tr>\n<tr>\n<td><span style=\"color: #000000;\"><strong>Sistema anti-praf<\/strong><\/span><\/td>\n<td><span style=\"color: #000000;\">Da<\/span><\/td>\n<\/tr>\n<tr>\n<td style=\"text-align: center;\" colspan=\"2\"><span style=\"color: #000000;\"><strong>Foto<\/strong><\/span><\/td>\n<\/tr>\n<tr>\n<td><span style=\"color: #000000;\"><strong>Format de \u00eenregistrare <\/strong><\/span><\/td>\n<td><span style=\"color: #000000;\">JPEG,HEIF,RAW<\/span><\/td>\n<\/tr>\n<tr>\n<td><span style=\"color: #000000;\"><strong>Dimensiune de imagine <\/strong><\/span><\/td>\n<td><span style=\"color: #000000;\">L: 8640 x 5760 (50 M), M: 5616 x 3744 (21 M), S: 4320 x 2880 (12 M)<\/span><\/td>\n<\/tr>\n<tr>\n<td style=\"text-align: center;\" colspan=\"2\"><span style=\"color: #000000;\"><strong>Video<\/strong><\/span><\/td>\n<\/tr>\n<tr>\n<td><span style=\"color: #000000;\"><strong>Compresie video <\/strong><\/span><\/td>\n<td><span style=\"color: #000000;\">XAVC S: MPEG-4 AVC\/H.264, XAVC HS: MPEG-H HEVC\/H.265<\/span><\/td>\n<\/tr>\n<tr>\n<td><span style=\"color: #000000;\"><strong>Format \u00eenregistrare audio <\/strong><\/span><\/td>\n<td><span style=\"color: #000000;\">LPCM 2 can (48 kHz 24 bi\u021bi)<\/span><\/td>\n<\/tr>\n<tr>\n<td><span style=\"color: #000000;\"><strong>format XAVC HS 8K<\/strong><\/span><\/td>\n<td><span style=\"color: #000000;\">7680 x 4320 (4:2:0, 10 bi\u021bi) 30p (400Mbps\/200Mbps)<\/span><\/td>\n<\/tr>\n<tr>\n<td><span style=\"color: #000000;\"><strong>Format XAVC HS 4K <\/strong><\/span><\/td>\n<td><span style=\"color: #000000;\">3840 x 2160 (4:2:0, 10 bi\u021bi) 120p (200Mbps), 100p (200Mbps), 60p (150Mbps\/75Mbps\/45 Mbps)<\/span><\/td>\n<\/tr>\n<tr>\n<td><span style=\"color: #000000;\"><strong>Format XAVC S 4K <\/strong><\/span><\/td>\n<td><span style=\"color: #000000;\">3840 x 2160 (4:2:0, 8 bi\u021bi) 120p (200Mbps), 100p (200Mbps), 60p (150Mbps)<\/span><\/td>\n<\/tr>\n<tr>\n<td><span style=\"color: #000000;\"><strong>Slot pentru card de memorie 1<\/strong><\/span><\/td>\n<td><span style=\"color: #000000;\">Card SD (conform UHS-I\/II)\/card CFexpress 2.0 Type A<\/span><\/td>\n<\/tr>\n<tr>\n<td><span style=\"color: #000000;\"><strong>Slot pentru card de memorie 2<\/strong><\/span><\/td>\n<td><span style=\"color: #000000;\">Card SD (conform UHS-I\/II)\/card CFexpress 2.0 Type A<\/span><\/td>\n<\/tr>\n<tr>\n<td style=\"text-align: center;\" colspan=\"2\"><span style=\"color: #000000;\"><strong>Focalizare<\/strong><\/span><\/td>\n<\/tr>\n<tr>\n<td><span style=\"color: #000000;\"><strong>Tip de focalizare<\/strong><\/span><\/td>\n<td><span style=\"color: #000000;\">Focalizare automat\u0103 hibrid\u0103 rapid\u0103 ( cu detec\u0163ia fazei\/ contrastului)<\/span><\/td>\n<\/tr>\n<tr>\n<td><span style=\"color: #000000;\"><strong>Punct de focalizare<\/strong><\/span><\/td>\n<td><span style=\"color: #000000;\">Imagini statice: max. 759 de puncte<\/span><\/td>\n<\/tr>\n<tr>\n<td><span style=\"color: #000000;\"><strong>Interval sensibilitate la focalizare<\/strong><\/span><\/td>\n<td><span style=\"color: #000000;\">De la EV-4 p\u00e2n\u0103 la EV20<\/span><\/td>\n<\/tr>\n<tr>\n<td><span style=\"color: #000000;\"><strong>\u021aint\u0103 recunoa\u0219tere (imagini statice)<\/strong><\/span><\/td>\n<td><span style=\"color: #000000;\">Auto, Om, Animal, Pas\u0103re, Insect\u0103, Ma\u0219in\u0103, Tren, Avion<\/span><\/td>\n<\/tr>\n<tr>\n<td><span style=\"color: #000000;\"><strong>\u021aint\u0103 recunoa\u0219tere (filme)<\/strong><\/span><\/td>\n<td><span style=\"color: #000000;\">Auto, Om, Animal, Pas\u0103re, Insect\u0103, Ma\u0219in\u0103, Tren, Avion<\/span><\/td>\n<\/tr>\n<tr>\n<td><span style=\"color: #000000;\"><strong>Dispozitiv iluminare FA<\/strong><\/span><\/td>\n<td><span style=\"color: #000000;\">Da (cu LED integrat)<\/span><\/td>\n<\/tr>\n<tr>\n<td style=\"text-align: center;\" colspan=\"2\"><span style=\"color: #000000;\"><strong>Vizor<\/strong><\/span><\/td>\n<\/tr>\n<tr>\n<td><span style=\"color: #000000;\"><strong>Tip<\/strong><\/span><\/td>\n<td><span style=\"color: #000000;\">Vizor electronic de 1,6 cm (tip 0,64) (OLED Quad-XGA)<\/span><\/td>\n<\/tr>\n<tr>\n<td><span style=\"color: #000000;\"><strong>Num\u0103r de puncte<\/strong><\/span><\/td>\n<td><span style=\"color: #000000;\">9.437.184 de puncte<\/span><\/td>\n<\/tr>\n<tr>\n<td><span style=\"color: #000000;\"><strong>Factor de m\u0103rire<\/strong><\/span><\/td>\n<td><span style=\"color: #000000;\">Aprox. 0,90x<\/span><\/td>\n<\/tr>\n<tr>\n<td><span style=\"color: #000000;\"><strong>Dioptru<\/strong><\/span><\/td>\n<td><span style=\"color: #000000;\">De la -4.0 \u0219i +3.0 m-1<\/span><\/td>\n<\/tr>\n<tr>\n<td><span style=\"color: #000000;\"><strong>Punct de vizualizare<\/strong><\/span><\/td>\n<td><span style=\"color: #000000;\">Aprox. 25 mm de la ocular<\/span><\/td>\n<\/tr>\n<tr>\n<td><span style=\"color: #000000;\"><strong>Selec\u0163ia ratei de cadre pentru vizor<\/strong><\/span><\/td>\n<td><span style=\"color: #000000;\">Mod NTSC: STD 60fps\/HI 120fps\/HIGHER 240fps<\/span><\/td>\n<\/tr>\n<tr>\n<td style=\"text-align: center;\" colspan=\"2\"><span style=\"color: #000000;\"><strong>Ecran LCD<\/strong><\/span><\/td>\n<\/tr>\n<tr>\n<td><span style=\"color: #000000;\"><strong>Tip de ecran<\/strong><\/span><\/td>\n<td><span style=\"color: #000000;\">TFT 8,0 cm<\/span><\/td>\n<\/tr>\n<tr>\n<td><span style=\"color: #000000;\"><strong>Ecran tactil<\/strong><\/span><\/td>\n<td><span style=\"color: #000000;\">Da<\/span><\/td>\n<\/tr>\n<tr>\n<td><span style=\"color: #000000;\"><strong>Num\u0103r de puncte<\/strong><\/span><\/td>\n<td><span style=\"color: #000000;\">2.095.104 puncte<\/span><\/td>\n<\/tr>\n<tr>\n<td><span style=\"color: #000000;\"><strong>Unghi reglabil<\/strong><\/span><\/td>\n<td><span style=\"color: #000000;\">Unghiuri de deschidere (aprox.): sus 98\u00b0, jos 40\u00b0, lateral 180\u00b0, rotire 270\u00b0<\/span><\/td>\n<\/tr>\n<tr>\n<td style=\"text-align: center;\" colspan=\"2\"><span style=\"color: #000000;\"><strong>Stabilizarea imaginii<\/strong><\/span><\/td>\n<\/tr>\n<tr>\n<td><span style=\"color: #000000;\"><strong>Tip<\/strong><\/span><\/td>\n<td><span style=\"color: #000000;\">Mecanism de deplasare a senzorului de imagine cu compensare pe 5 axe<\/span><\/td>\n<\/tr>\n<tr>\n<td><span style=\"color: #000000;\"><strong>Efect de compensare<\/strong><\/span><\/td>\n<td><span style=\"color: #000000;\">8,5 trepte \u00een centru \u0219i 7,0 trepte la margine<\/span><\/td>\n<\/tr>\n<tr>\n<td><span style=\"color: #000000;\"><strong>Mod<\/strong><\/span><\/td>\n<td><span style=\"color: #000000;\">Imagini statice: Activat\/Dezactivat, Film: Activ dinamic\/Activ\/Standard\/Dezactivat<\/span><\/td>\n<\/tr>\n<tr>\n<td style=\"text-align: center;\" colspan=\"2\"><span style=\"color: #000000;\"><strong>Interfa\u0163\u0103<\/strong><\/span><\/td>\n<\/tr>\n<tr>\n<td><span style=\"color: #000000;\"><strong>Terminal USB<\/strong><\/span><\/td>\n<td><span style=\"color: #000000;\">Da<\/span><\/td>\n<\/tr>\n<tr>\n<td><span style=\"color: #000000;\"><strong>Suport cu interfa\u0163\u0103 multipl\u0103<\/strong><\/span><\/td>\n<td><span style=\"color: #000000;\">Da (compatibil USB SuperSpeed de 10 Gbps (USB 3.2))<\/span><\/td>\n<\/tr>\n<tr>\n<td><span style=\"color: #000000;\"><strong>Terminal de sincronizare<\/strong><\/span><\/td>\n<td><span style=\"color: #000000;\">Da<\/span><\/td>\n<\/tr>\n<tr>\n<td><span style=\"color: #000000;\"><strong>Lan wireless (\u00eencorporat)<\/strong><\/span><\/td>\n<td><span style=\"color: #000000;\">Da (compatibil Wi-Fi, IEEE 802.11a\/b\/g\/n\/ac (band\u0103 de 2,4GHz\/5GHz)<\/span><\/td>\n<\/tr>\n<tr>\n<td><span style=\"color: #000000;\"><strong>Bluetooth\u00ae<\/strong><\/span><\/td>\n<td><span style=\"color: #000000;\">Da (Bluetooth Standard vers. 5.0<\/span><\/td>\n<\/tr>\n<tr>\n<td><span style=\"color: #000000;\"><strong>Ie\u0219iri HDMI<\/strong><\/span><\/td>\n<td><span style=\"color: #000000;\">Conector HDMI (Type-A)<\/span><\/td>\n<\/tr>\n<tr>\n<td><span style=\"color: #000000;\"><strong>Suport cu interfa\u0163\u0103 multipl\u0103<\/strong><\/span><\/td>\n<td><span style=\"color: #000000;\">Da (cu interfa\u021b\u0103 audio digital\u0103)<\/span><\/td>\n<\/tr>\n<tr>\n<td><span style=\"color: #000000;\"><strong>Muf\u0103 microfon<\/strong><\/span><\/td>\n<td><span style=\"color: #000000;\">DA (minimuf\u0103 stereo de 3,5 mm)<\/span><\/td>\n<\/tr>\n<tr>\n<td><span style=\"color: #000000;\"><strong>Muf\u0103 c\u0103\u015fti<\/strong><\/span><\/td>\n<td><span style=\"color: #000000;\">DA (minimuf\u0103 stereo de 3,5 mm)<\/span><\/td>\n<\/tr>\n<tr>\n<td><span style=\"color: #000000;\"><strong>Terminal LAN<\/strong><\/span><\/td>\n<td><span style=\"color: #000000;\">Da (2.5GBASE-T, 1000BASE-T, 100BASE-TX)<\/span><\/td>\n<\/tr>\n<tr>\n<td style=\"text-align: center;\" colspan=\"2\"><span style=\"color: #000000;\"><strong>Alimentare<\/strong><\/span><\/td>\n<\/tr>\n<tr>\n<td><span style=\"color: #000000;\"><strong>Baterie inclus\u0103<\/strong><\/span><\/td>\n<td><span style=\"color: #000000;\">Un acumulator NP-FZ100<\/span><\/td>\n<\/tr>\n<tr>\n<td><span style=\"color: #000000;\"><strong>Durat\u0103 de utilizare a bateriei (imagini statice)<\/strong><\/span><\/td>\n<td><span style=\"color: #000000;\">Aprox. 520 de cadre (monitor LCD)<\/span><\/td>\n<\/tr>\n<tr>\n<td><span style=\"color: #000000;\"><strong>Durat\u0103 de utilizare a bateriei (film, \u00eenregistrare continu\u0103)<\/strong><\/span><\/td>\n<td><span style=\"color: #000000;\">Aprox. 150 min. (monitor LCD)<\/span><\/td>\n<\/tr>\n<tr>\n<td style=\"text-align: center;\" colspan=\"2\"><span style=\"color: #000000;\"><strong>Dimensiuni \u0219i greutate<\/strong><\/span><\/td>\n<\/tr>\n<tr>\n<td><span style=\"color: #000000;\"><strong>Greutate (cu baterie \u0219i card de memorie incluse)<\/strong><\/span><\/td>\n<td><span style=\"color: #000000;\">Aprox. 743 g<\/span><\/td>\n<\/tr>\n<tr>\n<td><span style=\"color: #000000;\"><strong>Doar corpul<\/strong><\/span><\/td>\n<td><span style=\"color: #000000;\">Aprox. 658 g<\/span><\/td>\n<\/tr>\n<tr>\n<td><span style=\"color: #000000;\"><strong>Dimensiuni (l x h x a)<\/strong><\/span><\/td>\n<td><span style=\"color: #000000;\">Aprox 136,1mm x 96,9mm x 72,8mm (de la m\u00e2ner la monitor)<\/span><\/td>\n<\/tr>\n<tr>\n<td style=\"text-align: center;\" colspan=\"2\"><span style=\"color: #000000;\"><strong>Con\u021binutul cutiei<\/strong><\/span><\/td>\n<\/tr>\n<tr>\n<td><span style=\"color: #000000;\"><strong>\u00a0<\/strong><\/span><\/td>\n<td><span style=\"color: #000000;\">Sony ILCE1M2<\/span><\/td>\n<\/tr>\n<tr>\n<td><span style=\"color: #000000;\"><strong>\u00a0<\/strong><\/span><\/td>\n<td><span style=\"color: #000000;\">Baterie re\u00eenc\u0103rcabil\u0103 NP-FZ100<\/span><\/td>\n<\/tr>\n<tr>\n<td><span style=\"color: #000000;\"><strong>\u00a0<\/strong><\/span><\/td>\n<td><span style=\"color: #000000;\">\u00eenc\u0103rc\u0103tor baterie BC-ZD1<\/span><\/td>\n<\/tr>\n<tr>\n<td><span style=\"color: #000000;\"><strong>\u00a0<\/strong><\/span><\/td>\n<td><span style=\"color: #000000;\">curea de um\u0103r<\/span><\/td>\n<\/tr>\n<tr>\n<td><span style=\"color: #000000;\"><strong>\u00a0<\/strong><\/span><\/td>\n<td><span style=\"color: #000000;\">capac suport pentru accesorii<\/span><\/td>\n<\/tr>\n<tr>\n<td><span style=\"color: #000000;\"><strong>\u00a0<\/strong><\/span><\/td>\n<td><span style=\"color: #000000;\">\u00a0capac pentru ocular (FDA-EP19)<\/span><\/td>\n<\/tr>\n<tr>\n<td><span style=\"color: #000000;\"><strong>\u00a0<\/strong><\/span><\/td>\n<td><span style=\"color: #000000;\">capac pentru ocular (FDA-EP21)<\/span><\/td>\n<\/tr>\n<\/tbody>\n<\/table>\n","protected":false},"excerpt":{"rendered":"<ul>\n<li><span style=\"color: #000000;\">SONY Alpha 1 II<\/span><\/li>\n<li><span style=\"color: #000000;\">\u03b11 II v\u00e2rf de gam\u0103 pentru profesioni\u0219ti\u00a0<\/span><\/li>\n<li><span style=\"color: #000000;\">Montura : SONY E-mount<\/span><\/li>\n<li><span style=\"color: #000000;\">Senzor : Full frame 35 mm, senzor CMOS Exmor RS<\/span><\/li>\n<li><span style=\"color: #000000;\">Num\u0103r de pixeli : 50,1 Mp<\/span><\/li>\n<li><span style=\"color: #000000;\">Video : 8K 30p, 4K 120 p<\/span><\/li>\n<\/ul>\n","protected":false},"featured_media":29988,"comment_status":"open","ping_status":"closed","template":"","meta":[],"product_brand":[],"product_cat":[618],"product_tag":[],"class_list":{"0":"post-29989","1":"product","2":"type-product","3":"status-publish","4":"has-post-thumbnail","6":"product_cat-camere-alfa","8":"first","9":"outofstock","10":"shipping-taxable","11":"purchasable","12":"product-type-simple"},"yoast_head":"<!-- This site is optimized with the Yoast SEO plugin v27.4 - https:\/\/yoast.com\/product\/yoast-seo-wordpress\/ -->\n<title>SONY ILCE1M2 | SONY Alpha 1 II pentru profesioni\u0219ti \u00een Chi\u0219in\u0103u<\/title>\n<meta name=\"description\" content=\"Cumpara camera foto pentru profesionisti SONY ILCE1M2 in Chi\u0219in\u0103u | Full Frame 35 mm | Senzor de 50.1 Mp | Livrare \u00een Moldova\" \/>\n<meta name=\"robots\" content=\"index, follow, max-snippet:-1, max-image-preview:large, max-video-preview:-1\" \/>\n<link rel=\"canonical\" href=\"https:\/\/sonycenter.md\/ro\/magazin\/ilce1m2\/\" \/>\n<meta property=\"og:locale\" content=\"ro_RO\" \/>\n<meta property=\"og:type\" content=\"article\" \/>\n<meta property=\"og:title\" content=\"SONY ILCE1M2 | SONY Alpha 1 II pentru profesioni\u0219ti \u00een Chi\u0219in\u0103u\" \/>\n<meta property=\"og:description\" content=\"Cumpara camera foto pentru profesionisti SONY ILCE1M2 in Chi\u0219in\u0103u | Full Frame 35 mm | Senzor de 50.1 Mp | Livrare \u00een Moldova\" \/>\n<meta property=\"og:url\" content=\"https:\/\/sonycenter.md\/ro\/magazin\/ilce1m2\/\" \/>\n<meta property=\"og:site_name\" content=\"SONY\" \/>\n<meta property=\"article:modified_time\" content=\"2025-07-09T10:30:40+00:00\" \/>\n<meta property=\"og:image\" content=\"https:\/\/sonycenter.md\/wp-content\/uploads\/2025\/04\/Alpha1m2-1.jpg\" \/>\n\t<meta property=\"og:image:width\" content=\"600\" \/>\n\t<meta property=\"og:image:height\" content=\"600\" \/>\n\t<meta property=\"og:image:type\" content=\"image\/jpeg\" \/>\n<meta name=\"twitter:card\" content=\"summary_large_image\" \/>\n<meta name=\"twitter:label1\" content=\"Est. reading time\" \/>\n\t<meta name=\"twitter:data1\" content=\"4 minutes\" \/>\n<script type=\"application\/ld+json\" class=\"yoast-schema-graph\">{\"@context\":\"https:\\\/\\\/schema.org\",\"@graph\":[{\"@type\":[\"WebPage\",\"ItemPage\"],\"@id\":\"https:\\\/\\\/sonycenter.md\\\/ro\\\/magazin\\\/ilce1m2\\\/\",\"url\":\"https:\\\/\\\/sonycenter.md\\\/ro\\\/magazin\\\/ilce1m2\\\/\",\"name\":\"SONY ILCE1M2 | SONY Alpha 1 II pentru profesioni\u0219ti \u00een Chi\u0219in\u0103u\",\"isPartOf\":{\"@id\":\"http:\\\/\\\/sonycenter.md\\\/ro\\\/#website\"},\"primaryImageOfPage\":{\"@id\":\"https:\\\/\\\/sonycenter.md\\\/ro\\\/magazin\\\/ilce1m2\\\/#primaryimage\"},\"image\":{\"@id\":\"https:\\\/\\\/sonycenter.md\\\/ro\\\/magazin\\\/ilce1m2\\\/#primaryimage\"},\"thumbnailUrl\":\"https:\\\/\\\/sonycenter.md\\\/wp-content\\\/uploads\\\/2025\\\/04\\\/Alpha1m2-1.jpg\",\"datePublished\":\"2025-04-25T09:27:24+00:00\",\"dateModified\":\"2025-07-09T10:30:40+00:00\",\"description\":\"Cumpara camera foto pentru profesionisti SONY ILCE1M2 in Chi\u0219in\u0103u | Full Frame 35 mm | Senzor de 50.1 Mp | Livrare \u00een Moldova\",\"breadcrumb\":{\"@id\":\"https:\\\/\\\/sonycenter.md\\\/ro\\\/magazin\\\/ilce1m2\\\/#breadcrumb\"},\"inLanguage\":\"ro-RO\",\"potentialAction\":[{\"@type\":\"ReadAction\",\"target\":[\"https:\\\/\\\/sonycenter.md\\\/ro\\\/magazin\\\/ilce1m2\\\/\"]}]},{\"@type\":\"ImageObject\",\"inLanguage\":\"ro-RO\",\"@id\":\"https:\\\/\\\/sonycenter.md\\\/ro\\\/magazin\\\/ilce1m2\\\/#primaryimage\",\"url\":\"https:\\\/\\\/sonycenter.md\\\/wp-content\\\/uploads\\\/2025\\\/04\\\/Alpha1m2-1.jpg\",\"contentUrl\":\"https:\\\/\\\/sonycenter.md\\\/wp-content\\\/uploads\\\/2025\\\/04\\\/Alpha1m2-1.jpg\",\"width\":600,\"height\":600,\"caption\":\"ILCE1M2 (body)\"},{\"@type\":\"BreadcrumbList\",\"@id\":\"https:\\\/\\\/sonycenter.md\\\/ro\\\/magazin\\\/ilce1m2\\\/#breadcrumb\",\"itemListElement\":[{\"@type\":\"ListItem\",\"position\":1,\"name\":\"\u0413\u043b\u0430\u0432\u043d\u0430\u044f \u0441\u0442\u0440\u0430\u043d\u0438\u0446\u0430\",\"item\":\"https:\\\/\\\/sonycenter.md\\\/ro\\\/\"},{\"@type\":\"ListItem\",\"position\":2,\"name\":\"Magazin\",\"item\":\"https:\\\/\\\/sonycenter.md\\\/shop\\\/\"},{\"@type\":\"ListItem\",\"position\":3,\"name\":\"ILCE1M2 (body)\"}]},{\"@type\":\"WebSite\",\"@id\":\"http:\\\/\\\/sonycenter.md\\\/ro\\\/#website\",\"url\":\"http:\\\/\\\/sonycenter.md\\\/ro\\\/\",\"name\":\"sonycenter.md\",\"description\":\"SONYCENTER \u00een Chi\u0219in\u0103u\",\"publisher\":{\"@id\":\"http:\\\/\\\/sonycenter.md\\\/ro\\\/#organization\"},\"potentialAction\":[{\"@type\":\"SearchAction\",\"target\":{\"@type\":\"EntryPoint\",\"urlTemplate\":\"http:\\\/\\\/sonycenter.md\\\/ro\\\/?s={search_term_string}\"},\"query-input\":{\"@type\":\"PropertyValueSpecification\",\"valueRequired\":true,\"valueName\":\"search_term_string\"}}],\"inLanguage\":\"ro-RO\"},{\"@type\":\"Organization\",\"@id\":\"http:\\\/\\\/sonycenter.md\\\/ro\\\/#organization\",\"name\":\"sonycenter.md\",\"url\":\"http:\\\/\\\/sonycenter.md\\\/ro\\\/\",\"logo\":{\"@type\":\"ImageObject\",\"inLanguage\":\"ro-RO\",\"@id\":\"http:\\\/\\\/sonycenter.md\\\/ro\\\/#\\\/schema\\\/logo\\\/image\\\/\",\"url\":\"\",\"contentUrl\":\"\",\"caption\":\"sonycenter.md\"},\"image\":{\"@id\":\"http:\\\/\\\/sonycenter.md\\\/ro\\\/#\\\/schema\\\/logo\\\/image\\\/\"}}]}<\/script>\n<!-- \/ Yoast SEO plugin. -->","yoast_head_json":{"title":"SONY ILCE1M2 | SONY Alpha 1 II pentru profesioni\u0219ti \u00een Chi\u0219in\u0103u","description":"Cumpara camera foto pentru profesionisti SONY ILCE1M2 in Chi\u0219in\u0103u | Full Frame 35 mm | Senzor de 50.1 Mp | Livrare \u00een Moldova","robots":{"index":"index","follow":"follow","max-snippet":"max-snippet:-1","max-image-preview":"max-image-preview:large","max-video-preview":"max-video-preview:-1"},"canonical":"https:\/\/sonycenter.md\/ro\/magazin\/ilce1m2\/","og_locale":"ro_RO","og_type":"article","og_title":"SONY ILCE1M2 | SONY Alpha 1 II pentru profesioni\u0219ti \u00een Chi\u0219in\u0103u","og_description":"Cumpara camera foto pentru profesionisti SONY ILCE1M2 in Chi\u0219in\u0103u | Full Frame 35 mm | Senzor de 50.1 Mp | Livrare \u00een Moldova","og_url":"https:\/\/sonycenter.md\/ro\/magazin\/ilce1m2\/","og_site_name":"SONY","article_modified_time":"2025-07-09T10:30:40+00:00","og_image":[{"width":600,"height":600,"url":"https:\/\/sonycenter.md\/wp-content\/uploads\/2025\/04\/Alpha1m2-1.jpg","type":"image\/jpeg"}],"twitter_card":"summary_large_image","twitter_misc":{"Est. reading time":"4 minutes"},"schema":{"@context":"https:\/\/schema.org","@graph":[{"@type":["WebPage","ItemPage"],"@id":"https:\/\/sonycenter.md\/ro\/magazin\/ilce1m2\/","url":"https:\/\/sonycenter.md\/ro\/magazin\/ilce1m2\/","name":"SONY ILCE1M2 | SONY Alpha 1 II pentru profesioni\u0219ti \u00een Chi\u0219in\u0103u","isPartOf":{"@id":"https:\/\/sonycenter.md\/ro\/#website"},"primaryImageOfPage":{"@id":"https:\/\/sonycenter.md\/ro\/magazin\/ilce1m2\/#primaryimage"},"image":{"@id":"https:\/\/sonycenter.md\/ro\/magazin\/ilce1m2\/#primaryimage"},"thumbnailUrl":"https:\/\/sonycenter.md\/wp-content\/uploads\/2025\/04\/Alpha1m2-1.jpg","datePublished":"2025-04-25T09:27:24+00:00","dateModified":"2025-07-09T10:30:40+00:00","description":"Cumpara camera foto pentru profesionisti SONY ILCE1M2 in Chi\u0219in\u0103u | Full Frame 35 mm | Senzor de 50.1 Mp | Livrare \u00een Moldova","breadcrumb":{"@id":"https:\/\/sonycenter.md\/ro\/magazin\/ilce1m2\/#breadcrumb"},"inLanguage":"ro-RO","potentialAction":[{"@type":"ReadAction","target":["https:\/\/sonycenter.md\/ro\/magazin\/ilce1m2\/"]}]},{"@type":"ImageObject","inLanguage":"ro-RO","@id":"https:\/\/sonycenter.md\/ro\/magazin\/ilce1m2\/#primaryimage","url":"https:\/\/sonycenter.md\/wp-content\/uploads\/2025\/04\/Alpha1m2-1.jpg","contentUrl":"https:\/\/sonycenter.md\/wp-content\/uploads\/2025\/04\/Alpha1m2-1.jpg","width":600,"height":600,"caption":"ILCE1M2 (body)"},{"@type":"BreadcrumbList","@id":"https:\/\/sonycenter.md\/ro\/magazin\/ilce1m2\/#breadcrumb","itemListElement":[{"@type":"ListItem","position":1,"name":"\u0413\u043b\u0430\u0432\u043d\u0430\u044f \u0441\u0442\u0440\u0430\u043d\u0438\u0446\u0430","item":"https:\/\/sonycenter.md\/ro\/"},{"@type":"ListItem","position":2,"name":"Magazin","item":"https:\/\/sonycenter.md\/shop\/"},{"@type":"ListItem","position":3,"name":"ILCE1M2 (body)"}]},{"@type":"WebSite","@id":"https:\/\/sonycenter.md\/ro\/#website","url":"https:\/\/sonycenter.md\/ro\/","name":"sonycenter.md","description":"SONYCENTER \u00een Chi\u0219in\u0103u","publisher":{"@id":"https:\/\/sonycenter.md\/ro\/#organization"},"potentialAction":[{"@type":"SearchAction","target":{"@type":"EntryPoint","urlTemplate":"https:\/\/sonycenter.md\/ro\/?s={search_term_string}"},"query-input":{"@type":"PropertyValueSpecification","valueRequired":true,"valueName":"search_term_string"}}],"inLanguage":"ro-RO"},{"@type":"Organization","@id":"https:\/\/sonycenter.md\/ro\/#organization","name":"sonycenter.md","url":"https:\/\/sonycenter.md\/ro\/","logo":{"@type":"ImageObject","inLanguage":"ro-RO","@id":"https:\/\/sonycenter.md\/ro\/#\/schema\/logo\/image\/","url":"","contentUrl":"","caption":"sonycenter.md"},"image":{"@id":"https:\/\/sonycenter.md\/ro\/#\/schema\/logo\/image\/"}}]}},"_links":{"self":[{"href":"https:\/\/sonycenter.md\/ro\/wp-json\/wp\/v2\/product\/29989","targetHints":{"allow":["GET"]}}],"collection":[{"href":"https:\/\/sonycenter.md\/ro\/wp-json\/wp\/v2\/product"}],"about":[{"href":"https:\/\/sonycenter.md\/ro\/wp-json\/wp\/v2\/types\/product"}],"replies":[{"embeddable":true,"href":"https:\/\/sonycenter.md\/ro\/wp-json\/wp\/v2\/comments?post=29989"}],"wp:featuredmedia":[{"embeddable":true,"href":"https:\/\/sonycenter.md\/ro\/wp-json\/wp\/v2\/media\/29988"}],"wp:attachment":[{"href":"https:\/\/sonycenter.md\/ro\/wp-json\/wp\/v2\/media?parent=29989"}],"wp:term":[{"taxonomy":"product_brand","embeddable":true,"href":"https:\/\/sonycenter.md\/ro\/wp-json\/wp\/v2\/product_brand?post=29989"},{"taxonomy":"product_cat","embeddable":true,"href":"https:\/\/sonycenter.md\/ro\/wp-json\/wp\/v2\/product_cat?post=29989"},{"taxonomy":"product_tag","embeddable":true,"href":"https:\/\/sonycenter.md\/ro\/wp-json\/wp\/v2\/product_tag?post=29989"}],"curies":[{"name":"wp","href":"https:\/\/api.w.org\/{rel}","templated":true}]}}