{"id":30039,"date":"2025-05-08T15:02:35","date_gmt":"2025-05-08T12:02:35","guid":{"rendered":"https:\/\/sonycenter.md\/?post_type=product&#038;p=30039"},"modified":"2025-05-08T15:34:51","modified_gmt":"2025-05-08T12:34:51","slug":"sel50150gm","status":"publish","type":"product","link":"https:\/\/sonycenter.md\/ro\/magazin\/sel50150gm\/","title":{"rendered":"SEL50150GM"},"content":{"rendered":"<p style=\"text-align: center;\"><span style=\"color: #000000;\">Specifica\u021bii complete pentru <span style=\"color: #0000ff;\"><a style=\"color: #0000ff;\" href=\"https:\/\/sonycenter.md\/ro\/category\/accesorii-foto-video\/obiective\/\">obiectiv<\/a> <\/span>SONY 50-150mm F2 GM<\/span><\/p>\n<table>\n<tbody>\n<tr>\n<td style=\"text-align: center;\" colspan=\"2\" width=\"428\"><span style=\"color: #000000;\"><strong>Specifica\u021bii generale<\/strong><\/span><\/td>\n<\/tr>\n<tr>\n<td><span style=\"color: #000000;\"><strong>Montur\u0103<\/strong><\/span><\/td>\n<td><span style=\"color: #000000;\">Montur\u0103 Sony E-mount<\/span><\/td>\n<\/tr>\n<tr>\n<td><span style=\"color: #000000;\"><strong>Format<\/strong><\/span><\/td>\n<td><span style=\"color: #000000;\">Full Frame de 35 mm<\/span><\/td>\n<\/tr>\n<tr>\n<td><span style=\"color: #000000;\"><strong>Distan\u021b\u0103 focal\u0103 (mm)<\/strong><\/span><\/td>\n<td><span style=\"color: #000000;\">50\u2013150<\/span><\/td>\n<\/tr>\n<tr>\n<td><span style=\"color: #000000;\"><strong>Grupuri\/elemente de obiectiv<\/strong><\/span><\/td>\n<td><span style=\"color: #000000;\">17\u201319<\/span><\/td>\n<\/tr>\n<tr>\n<td><span style=\"color: #000000;\"><strong>Diafragm\u0103 maxim\u0103 (F)<\/strong><\/span><\/td>\n<td><span style=\"color: #000000;\">2<\/span><\/td>\n<\/tr>\n<tr>\n<td><span style=\"color: #000000;\"><strong>Diafragm\u0103 minim\u0103 (F)<\/strong><\/span><\/td>\n<td><span style=\"color: #000000;\">22<\/span><\/td>\n<\/tr>\n<tr>\n<td><span style=\"color: #000000;\"><strong>Discuri diafragm\u0103<\/strong><\/span><\/td>\n<td><span style=\"color: #000000;\">11<\/span><\/td>\n<\/tr>\n<tr>\n<td><span style=\"color: #000000;\"><strong>Diafragm\u0103 circular\u0103<\/strong><\/span><\/td>\n<td><span style=\"color: #000000;\">Da<\/span><\/td>\n<\/tr>\n<tr>\n<td><span style=\"color: #000000;\"><strong>Distan\u0163\u0103 minim\u0103 de focalizare<\/strong><\/span><\/td>\n<td><span style=\"color: #000000;\">0,4m (W)\u20130,74m (T)<\/span><\/td>\n<\/tr>\n<tr>\n<td><span style=\"color: #000000;\"><strong>Raport maxim al factorului de m\u0103rire (x)<\/strong><\/span><\/td>\n<td><span style=\"color: #000000;\">0,2<\/span><\/td>\n<\/tr>\n<tr>\n<td><span style=\"color: #000000;\"><strong>Diametru filtru (mm)<\/strong><\/span><\/td>\n<td><span style=\"color: #000000;\">95<\/span><\/td>\n<\/tr>\n<tr>\n<td><span style=\"color: #000000;\"><strong>Stabilizare a imaginii (Steadyshot\u2122)<\/strong><\/span><\/td>\n<td><span style=\"color: #000000;\">Nu (integrat \u00een corp)<\/span><\/td>\n<\/tr>\n<tr>\n<td><span style=\"color: #000000;\"><strong>Sistem zoom<\/strong><\/span><\/td>\n<td><span style=\"color: #000000;\">Manual\u0103 \/ Auto<\/span><\/td>\n<\/tr>\n<tr>\n<td><span style=\"color: #000000;\"><strong>Compatibilitate teleconvertor (x1,4)<\/strong><\/span><\/td>\n<td><span style=\"color: #000000;\">Incompatibil<\/span><\/td>\n<\/tr>\n<tr>\n<td><span style=\"color: #000000;\"><strong>Compatibilitate teleconvertor (x2,0)<\/strong><\/span><\/td>\n<td><span style=\"color: #000000;\">Incompatibil<\/span><\/td>\n<\/tr>\n<tr>\n<td><span style=\"color: #000000;\"><strong>Tipul parasolarului<\/strong><\/span><\/td>\n<td><span style=\"color: #000000;\">Form\u0103 rotund\u0103, de tip baionet\u0103<\/span><\/td>\n<\/tr>\n<tr>\n<td style=\"text-align: center;\" colspan=\"2\"><span style=\"color: #000000;\"><strong>Dimensiuni \u0219i greutate<\/strong><\/span><\/td>\n<\/tr>\n<tr>\n<td><span style=\"color: #000000;\"><strong>Dimensiuni (ad\u00e2ncime x lungime)<\/strong><\/span><\/td>\n<td><span style=\"color: #000000;\">102,8mm x 200mm<\/span><\/td>\n<\/tr>\n<tr>\n<td><span style=\"color: #000000;\"><strong>Greutate<\/strong><\/span><\/td>\n<td><span style=\"color: #000000;\">1340g ( f\u0103r\u0103 montura pentru trepied)<\/span><\/td>\n<\/tr>\n<tr>\n<td style=\"text-align: center;\" colspan=\"2\"><span style=\"color: #000000;\"><strong>Ce este \u00een cutie?<\/strong><\/span><\/td>\n<\/tr>\n<tr>\n<td><\/td>\n<td><span style=\"color: #000000;\">Parasolar (model): ALC-SH183<\/span><\/td>\n<\/tr>\n<tr>\n<td><\/td>\n<td><span style=\"color: #000000;\">Capac frontal pentru obiectiv: ALC-F95S<\/span><\/td>\n<\/tr>\n<tr>\n<td><\/td>\n<td><span style=\"color: #000000;\">Capac spate pentru obiectiv: ALC-R1EM<\/span><\/td>\n<\/tr>\n<tr>\n<td><\/td>\n<td><span style=\"color: #000000;\">Carcas\u0103: carcas\u0103 moale<\/span><\/td>\n<\/tr>\n<tr>\n<td><\/td>\n<td><span style=\"color: #000000;\">Suport de trepied<\/span><\/td>\n<\/tr>\n<tr>\n<td><\/td>\n<td><span style=\"color: #000000;\">Curea pentru obiectiv<\/span><\/td>\n<\/tr>\n<\/tbody>\n<\/table>\n<figure><img decoding=\"async\" class=\"iq-img aligncenter\" src=\"https:\/\/www.sony.ro\/image\/2d91793f28ae8f74ef316ea865ccd7bb?fmt=jpeg&amp;wid=378&amp;qlt=85\" alt=\"Imagine de exemplificare cu o femeie \u00eentr-o rochie de mireas\u0103, uit\u00e2ndu-se spre dreapta\" data-src-phone-highres=\"\/\/www.sony.ro\/image\/2d91793f28ae8f74ef316ea865ccd7bb?fmt=jpeg&amp;wid=756\" data-src-desktop=\"\/\/www.sony.ro\/image\/2d91793f28ae8f74ef316ea865ccd7bb?fmt=jpeg&amp;wid=378\" data-src-tablet-highres=\"\/\/www.sony.ro\/image\/2d91793f28ae8f74ef316ea865ccd7bb?fmt=jpeg&amp;wid=756\" data-id=\"img_2d91793f28ae8f74ef316ea865ccd7bb\" data-src-phone=\"\/\/www.sony.ro\/image\/2d91793f28ae8f74ef316ea865ccd7bb?fmt=jpeg&amp;wid=378\" data-src-tablet=\"\/\/www.sony.ro\/image\/2d91793f28ae8f74ef316ea865ccd7bb?fmt=jpeg&amp;wid=378\" data-src-desktop-highres=\"\/\/www.sony.ro\/image\/2d91793f28ae8f74ef316ea865ccd7bb?fmt=jpeg&amp;wid=756\" data-pushed=\"true\" data-current=\"\/\/www.sony.ro\/image\/2d91793f28ae8f74ef316ea865ccd7bb?fmt=jpeg&amp;wid=378\" data-hasloaded=\"true\" data-fadeonce=\"true\" \/><\/figure>\n<div class=\"tile-content\">\n<h3 class=\"t6 tile-title\" style=\"text-align: center;\">Un teleobiectiv cu zoom F2 G Master\u2122 agil<\/h3>\n<p class=\"p3\" style=\"text-align: center;\"><span style=\"color: #000000;\">Teleobiectiv cu zoom inovator este primul din lume cu o distan\u021b\u0103 focal\u0103 maxim\u0103 de 150mm \u0219i o diafragm\u0103 F2. Efectul bokeh profund func\u021bioneaz\u0103 cu compresia la distan\u021b\u0103 de teleobiectiv pentru portrete creative.Diafragma luminoas\u0103 este ideal\u0103 pentru evenimente \u00een interior.\u00a0<\/span><\/p>\n<\/div>\n","protected":false},"excerpt":{"rendered":"<ul>\n<li><span style=\"color: #000000;\">Noul obiectiv din gama G Master<\/span><\/li>\n<li><span style=\"color: #000000;\">Tip : Full frame, 35mm<\/span><\/li>\n<li><span style=\"color: #000000;\">Montura: SONY E-mount<\/span><\/li>\n<li><span style=\"color: #000000;\">Diafragma maximala : F2<\/span><\/li>\n<li><span style=\"color: #000000;\">Distanta focala : 50 &#8211; 150 mm<\/span><\/li>\n<\/ul>\n","protected":false},"featured_media":30038,"comment_status":"open","ping_status":"closed","template":"","meta":[],"product_brand":[],"product_cat":[903],"product_tag":[],"class_list":{"0":"post-30039","1":"product","2":"type-product","3":"status-publish","4":"has-post-thumbnail","6":"product_cat-teleobiective-sony","8":"first","9":"outofstock","10":"shipping-taxable","11":"purchasable","12":"product-type-simple"},"yoast_head":"<!-- This site is optimized with the Yoast SEO plugin v27.4 - https:\/\/yoast.com\/product\/yoast-seo-wordpress\/ -->\n<title>SONY 50-150mm F2 | Teleobiectiv SONY cu zoom si diafragma F2<\/title>\n<meta name=\"description\" content=\"Cumpara teleobiectiv SONY 50-150mm F2 G Master in Chisinau | SONY SEL50150GM in Moldova | Diafragma F2 | Livrare gratuita\" \/>\n<meta name=\"robots\" content=\"index, follow, max-snippet:-1, max-image-preview:large, max-video-preview:-1\" \/>\n<link rel=\"canonical\" href=\"https:\/\/sonycenter.md\/ro\/magazin\/sel50150gm\/\" \/>\n<meta property=\"og:locale\" content=\"ro_RO\" \/>\n<meta property=\"og:type\" content=\"article\" \/>\n<meta property=\"og:title\" content=\"SONY 50-150mm F2 | Teleobiectiv SONY cu zoom si diafragma F2\" \/>\n<meta property=\"og:description\" content=\"Cumpara teleobiectiv SONY 50-150mm F2 G Master in Chisinau | SONY SEL50150GM in Moldova | Diafragma F2 | Livrare gratuita\" \/>\n<meta property=\"og:url\" content=\"https:\/\/sonycenter.md\/ro\/magazin\/sel50150gm\/\" \/>\n<meta property=\"og:site_name\" content=\"SONY\" \/>\n<meta property=\"article:modified_time\" content=\"2025-05-08T12:34:51+00:00\" \/>\n<meta property=\"og:image\" content=\"https:\/\/sonycenter.md\/wp-content\/uploads\/2025\/05\/SONY-SEL50150GM-1.jpg\" \/>\n\t<meta property=\"og:image:width\" content=\"600\" \/>\n\t<meta property=\"og:image:height\" content=\"600\" \/>\n\t<meta property=\"og:image:type\" content=\"image\/jpeg\" \/>\n<meta name=\"twitter:card\" content=\"summary_large_image\" \/>\n<meta name=\"twitter:label1\" content=\"Est. reading time\" \/>\n\t<meta name=\"twitter:data1\" content=\"2 minutes\" \/>\n<script type=\"application\/ld+json\" class=\"yoast-schema-graph\">{\"@context\":\"https:\\\/\\\/schema.org\",\"@graph\":[{\"@type\":[\"WebPage\",\"ItemPage\"],\"@id\":\"https:\\\/\\\/sonycenter.md\\\/ro\\\/magazin\\\/sel50150gm\\\/\",\"url\":\"https:\\\/\\\/sonycenter.md\\\/ro\\\/magazin\\\/sel50150gm\\\/\",\"name\":\"SONY 50-150mm F2 | Teleobiectiv SONY cu zoom si diafragma F2\",\"isPartOf\":{\"@id\":\"http:\\\/\\\/sonycenter.md\\\/ro\\\/#website\"},\"primaryImageOfPage\":{\"@id\":\"https:\\\/\\\/sonycenter.md\\\/ro\\\/magazin\\\/sel50150gm\\\/#primaryimage\"},\"image\":{\"@id\":\"https:\\\/\\\/sonycenter.md\\\/ro\\\/magazin\\\/sel50150gm\\\/#primaryimage\"},\"thumbnailUrl\":\"https:\\\/\\\/sonycenter.md\\\/wp-content\\\/uploads\\\/2025\\\/05\\\/SONY-SEL50150GM-1.jpg\",\"datePublished\":\"2025-05-08T12:02:35+00:00\",\"dateModified\":\"2025-05-08T12:34:51+00:00\",\"description\":\"Cumpara teleobiectiv SONY 50-150mm F2 G Master in Chisinau | SONY SEL50150GM in Moldova | Diafragma F2 | Livrare gratuita\",\"breadcrumb\":{\"@id\":\"https:\\\/\\\/sonycenter.md\\\/ro\\\/magazin\\\/sel50150gm\\\/#breadcrumb\"},\"inLanguage\":\"ro-RO\",\"potentialAction\":[{\"@type\":\"ReadAction\",\"target\":[\"https:\\\/\\\/sonycenter.md\\\/ro\\\/magazin\\\/sel50150gm\\\/\"]}]},{\"@type\":\"ImageObject\",\"inLanguage\":\"ro-RO\",\"@id\":\"https:\\\/\\\/sonycenter.md\\\/ro\\\/magazin\\\/sel50150gm\\\/#primaryimage\",\"url\":\"https:\\\/\\\/sonycenter.md\\\/wp-content\\\/uploads\\\/2025\\\/05\\\/SONY-SEL50150GM-1.jpg\",\"contentUrl\":\"https:\\\/\\\/sonycenter.md\\\/wp-content\\\/uploads\\\/2025\\\/05\\\/SONY-SEL50150GM-1.jpg\",\"width\":600,\"height\":600,\"caption\":\"SEL50150GM\"},{\"@type\":\"BreadcrumbList\",\"@id\":\"https:\\\/\\\/sonycenter.md\\\/ro\\\/magazin\\\/sel50150gm\\\/#breadcrumb\",\"itemListElement\":[{\"@type\":\"ListItem\",\"position\":1,\"name\":\"\u0413\u043b\u0430\u0432\u043d\u0430\u044f \u0441\u0442\u0440\u0430\u043d\u0438\u0446\u0430\",\"item\":\"https:\\\/\\\/sonycenter.md\\\/ro\\\/\"},{\"@type\":\"ListItem\",\"position\":2,\"name\":\"Magazin\",\"item\":\"https:\\\/\\\/sonycenter.md\\\/shop\\\/\"},{\"@type\":\"ListItem\",\"position\":3,\"name\":\"SEL50150GM\"}]},{\"@type\":\"WebSite\",\"@id\":\"http:\\\/\\\/sonycenter.md\\\/ro\\\/#website\",\"url\":\"http:\\\/\\\/sonycenter.md\\\/ro\\\/\",\"name\":\"sonycenter.md\",\"description\":\"SONYCENTER \u00een Chi\u0219in\u0103u\",\"publisher\":{\"@id\":\"http:\\\/\\\/sonycenter.md\\\/ro\\\/#organization\"},\"potentialAction\":[{\"@type\":\"SearchAction\",\"target\":{\"@type\":\"EntryPoint\",\"urlTemplate\":\"http:\\\/\\\/sonycenter.md\\\/ro\\\/?s={search_term_string}\"},\"query-input\":{\"@type\":\"PropertyValueSpecification\",\"valueRequired\":true,\"valueName\":\"search_term_string\"}}],\"inLanguage\":\"ro-RO\"},{\"@type\":\"Organization\",\"@id\":\"http:\\\/\\\/sonycenter.md\\\/ro\\\/#organization\",\"name\":\"sonycenter.md\",\"url\":\"http:\\\/\\\/sonycenter.md\\\/ro\\\/\",\"logo\":{\"@type\":\"ImageObject\",\"inLanguage\":\"ro-RO\",\"@id\":\"http:\\\/\\\/sonycenter.md\\\/ro\\\/#\\\/schema\\\/logo\\\/image\\\/\",\"url\":\"\",\"contentUrl\":\"\",\"caption\":\"sonycenter.md\"},\"image\":{\"@id\":\"http:\\\/\\\/sonycenter.md\\\/ro\\\/#\\\/schema\\\/logo\\\/image\\\/\"}}]}<\/script>\n<!-- \/ Yoast SEO plugin. -->","yoast_head_json":{"title":"SONY 50-150mm F2 | Teleobiectiv SONY cu zoom si diafragma F2","description":"Cumpara teleobiectiv SONY 50-150mm F2 G Master in Chisinau | SONY SEL50150GM in Moldova | Diafragma F2 | Livrare gratuita","robots":{"index":"index","follow":"follow","max-snippet":"max-snippet:-1","max-image-preview":"max-image-preview:large","max-video-preview":"max-video-preview:-1"},"canonical":"https:\/\/sonycenter.md\/ro\/magazin\/sel50150gm\/","og_locale":"ro_RO","og_type":"article","og_title":"SONY 50-150mm F2 | Teleobiectiv SONY cu zoom si diafragma F2","og_description":"Cumpara teleobiectiv SONY 50-150mm F2 G Master in Chisinau | SONY SEL50150GM in Moldova | Diafragma F2 | Livrare gratuita","og_url":"https:\/\/sonycenter.md\/ro\/magazin\/sel50150gm\/","og_site_name":"SONY","article_modified_time":"2025-05-08T12:34:51+00:00","og_image":[{"width":600,"height":600,"url":"https:\/\/sonycenter.md\/wp-content\/uploads\/2025\/05\/SONY-SEL50150GM-1.jpg","type":"image\/jpeg"}],"twitter_card":"summary_large_image","twitter_misc":{"Est. reading time":"2 minutes"},"schema":{"@context":"https:\/\/schema.org","@graph":[{"@type":["WebPage","ItemPage"],"@id":"https:\/\/sonycenter.md\/ro\/magazin\/sel50150gm\/","url":"https:\/\/sonycenter.md\/ro\/magazin\/sel50150gm\/","name":"SONY 50-150mm F2 | Teleobiectiv SONY cu zoom si diafragma F2","isPartOf":{"@id":"https:\/\/sonycenter.md\/ro\/#website"},"primaryImageOfPage":{"@id":"https:\/\/sonycenter.md\/ro\/magazin\/sel50150gm\/#primaryimage"},"image":{"@id":"https:\/\/sonycenter.md\/ro\/magazin\/sel50150gm\/#primaryimage"},"thumbnailUrl":"https:\/\/sonycenter.md\/wp-content\/uploads\/2025\/05\/SONY-SEL50150GM-1.jpg","datePublished":"2025-05-08T12:02:35+00:00","dateModified":"2025-05-08T12:34:51+00:00","description":"Cumpara teleobiectiv SONY 50-150mm F2 G Master in Chisinau | SONY SEL50150GM in Moldova | Diafragma F2 | Livrare gratuita","breadcrumb":{"@id":"https:\/\/sonycenter.md\/ro\/magazin\/sel50150gm\/#breadcrumb"},"inLanguage":"ro-RO","potentialAction":[{"@type":"ReadAction","target":["https:\/\/sonycenter.md\/ro\/magazin\/sel50150gm\/"]}]},{"@type":"ImageObject","inLanguage":"ro-RO","@id":"https:\/\/sonycenter.md\/ro\/magazin\/sel50150gm\/#primaryimage","url":"https:\/\/sonycenter.md\/wp-content\/uploads\/2025\/05\/SONY-SEL50150GM-1.jpg","contentUrl":"https:\/\/sonycenter.md\/wp-content\/uploads\/2025\/05\/SONY-SEL50150GM-1.jpg","width":600,"height":600,"caption":"SEL50150GM"},{"@type":"BreadcrumbList","@id":"https:\/\/sonycenter.md\/ro\/magazin\/sel50150gm\/#breadcrumb","itemListElement":[{"@type":"ListItem","position":1,"name":"\u0413\u043b\u0430\u0432\u043d\u0430\u044f \u0441\u0442\u0440\u0430\u043d\u0438\u0446\u0430","item":"https:\/\/sonycenter.md\/ro\/"},{"@type":"ListItem","position":2,"name":"Magazin","item":"https:\/\/sonycenter.md\/shop\/"},{"@type":"ListItem","position":3,"name":"SEL50150GM"}]},{"@type":"WebSite","@id":"https:\/\/sonycenter.md\/ro\/#website","url":"https:\/\/sonycenter.md\/ro\/","name":"sonycenter.md","description":"SONYCENTER \u00een Chi\u0219in\u0103u","publisher":{"@id":"https:\/\/sonycenter.md\/ro\/#organization"},"potentialAction":[{"@type":"SearchAction","target":{"@type":"EntryPoint","urlTemplate":"https:\/\/sonycenter.md\/ro\/?s={search_term_string}"},"query-input":{"@type":"PropertyValueSpecification","valueRequired":true,"valueName":"search_term_string"}}],"inLanguage":"ro-RO"},{"@type":"Organization","@id":"https:\/\/sonycenter.md\/ro\/#organization","name":"sonycenter.md","url":"https:\/\/sonycenter.md\/ro\/","logo":{"@type":"ImageObject","inLanguage":"ro-RO","@id":"https:\/\/sonycenter.md\/ro\/#\/schema\/logo\/image\/","url":"","contentUrl":"","caption":"sonycenter.md"},"image":{"@id":"https:\/\/sonycenter.md\/ro\/#\/schema\/logo\/image\/"}}]}},"_links":{"self":[{"href":"https:\/\/sonycenter.md\/ro\/wp-json\/wp\/v2\/product\/30039","targetHints":{"allow":["GET"]}}],"collection":[{"href":"https:\/\/sonycenter.md\/ro\/wp-json\/wp\/v2\/product"}],"about":[{"href":"https:\/\/sonycenter.md\/ro\/wp-json\/wp\/v2\/types\/product"}],"replies":[{"embeddable":true,"href":"https:\/\/sonycenter.md\/ro\/wp-json\/wp\/v2\/comments?post=30039"}],"wp:featuredmedia":[{"embeddable":true,"href":"https:\/\/sonycenter.md\/ro\/wp-json\/wp\/v2\/media\/30038"}],"wp:attachment":[{"href":"https:\/\/sonycenter.md\/ro\/wp-json\/wp\/v2\/media?parent=30039"}],"wp:term":[{"taxonomy":"product_brand","embeddable":true,"href":"https:\/\/sonycenter.md\/ro\/wp-json\/wp\/v2\/product_brand?post=30039"},{"taxonomy":"product_cat","embeddable":true,"href":"https:\/\/sonycenter.md\/ro\/wp-json\/wp\/v2\/product_cat?post=30039"},{"taxonomy":"product_tag","embeddable":true,"href":"https:\/\/sonycenter.md\/ro\/wp-json\/wp\/v2\/product_tag?post=30039"}],"curies":[{"name":"wp","href":"https:\/\/api.w.org\/{rel}","templated":true}]}}