{"id":30088,"date":"2025-05-16T11:51:18","date_gmt":"2025-05-16T08:51:18","guid":{"rendered":"https:\/\/sonycenter.md\/?post_type=product&#038;p=30088"},"modified":"2026-05-13T14:29:44","modified_gmt":"2026-05-13T11:29:44","slug":"sony-1000-xm6","status":"publish","type":"product","link":"https:\/\/sonycenter.md\/ro\/magazin\/sony-1000-xm6\/","title":{"rendered":"WH1000XM6"},"content":{"rendered":"<p><span style=\"color: #000000;\">Specifica\u021bii complete pentru <span style=\"color: #0000ff;\"><a style=\"color: #0000ff;\" href=\"https:\/\/sonycenter.md\/ro\/category\/casti\/casti-wireless\/\">c\u0103\u0219ti wireless<\/a><\/span> SONY 1000 XM6 :<\/span><\/p>\n<table>\n<tbody>\n<tr>\n<td style=\"text-align: center;\" colspan=\"2\" width=\"428\"><span style=\"color: #000000;\"><strong>Con\u021binutul cutiei<\/strong><\/span><\/td>\n<\/tr>\n<tr>\n<td><span style=\"color: #000000;\"><strong>\u00a0<\/strong><\/span><\/td>\n<td><span style=\"color: #000000;\">Cablu USB<\/span><br \/>\n<span style=\"color: #000000;\">Cablu audio<\/span><br \/>\n<span style=\"color: #000000;\">Geant\u0103 de transport<\/span><br \/>\n<span style=\"color: #000000;\">SONY 1000 XM6<\/span><\/td>\n<\/tr>\n<tr>\n<td style=\"text-align: center;\" colspan=\"2\"><span style=\"color: #000000;\"><strong>Greutate<\/strong><\/span><\/td>\n<\/tr>\n<tr>\n<td><span style=\"color: #000000;\"><strong>Greutate<\/strong><\/span><\/td>\n<td><span style=\"color: #000000;\">Aprox. 254g<\/span><\/td>\n<\/tr>\n<tr>\n<td style=\"text-align: center;\" colspan=\"2\"><span style=\"color: #000000;\"><strong>Caracteristici generale<\/strong><\/span><\/td>\n<\/tr>\n<tr>\n<td><span style=\"color: #000000;\"><strong>Tip c\u0103\u0219ti<\/strong><\/span><\/td>\n<td><span style=\"color: #000000;\">\u00cenchis<\/span><\/td>\n<\/tr>\n<tr>\n<td><span style=\"color: #000000;\"><strong>Difuzor<\/strong><\/span><\/td>\n<td><span style=\"color: #000000;\">30 mm<\/span><\/td>\n<\/tr>\n<tr>\n<td><span style=\"color: #000000;\"><strong>Magnet<\/strong><\/span><\/td>\n<td><span style=\"color: #000000;\">Neodim<\/span><\/td>\n<\/tr>\n<tr>\n<td><span style=\"color: #000000;\"><strong>Impedan\u021b\u0103 (ohm)<\/strong><\/span><\/td>\n<td><span style=\"color: #000000;\">48 ohmi (1kHz) (la conectare prin cablul audio)<\/span><\/td>\n<\/tr>\n<tr>\n<td><span style=\"color: #000000;\"><strong>R\u0103spuns \u00een frecven\u021b\u0103<\/strong><\/span><\/td>\n<td><span style=\"color: #000000;\">4 Hz &#8211; 40.000 Hz<\/span><\/td>\n<\/tr>\n<tr>\n<td><span style=\"color: #000000;\"><strong>R\u0103s<span style=\"color: #000000;\">puns \u00een frecven\u021b\u0103 Bluetooth\u00ae<\/span><\/strong><\/span><\/td>\n<td><span style=\"color: #000000;\">20 Hz-40.000Hz (e\u0219antionare LDAC 96kHz 990kbps)<\/span><\/td>\n<\/tr>\n<tr>\n<td><span style=\"color: #000000;\"><strong>Sensibilitate (db\/mw)<\/strong><\/span><\/td>\n<td><span style=\"color: #000000;\">103dB\/mW<\/span><\/td>\n<\/tr>\n<tr>\n<td><span style=\"color: #000000;\"><strong>Tip cablu<\/strong><\/span><\/td>\n<td><span style=\"color: #000000;\">Pe o singur\u0103 parte (deta\u015fabil)<\/span><\/td>\n<\/tr>\n<tr>\n<td><span style=\"color: #000000;\"><strong>Lungime cablu<\/strong><\/span><\/td>\n<td><span style=\"color: #000000;\">Aprox. 1,2 m<\/span><\/td>\n<\/tr>\n<tr>\n<td><span style=\"color: #000000;\"><strong>Conector<\/strong><\/span><\/td>\n<td><span style=\"color: #000000;\">Miniconector stereo\u00a0 L, placat cu aur<\/span><\/td>\n<\/tr>\n<tr>\n<td><span style=\"color: #000000;\"><strong>Intrare (intr\u0103ri)<\/strong><\/span><\/td>\n<td><span style=\"color: #000000;\">Mini muf\u0103 stereo , USB Type-C<\/span><\/td>\n<\/tr>\n<tr>\n<td><span style=\"color: #000000;\"><strong>Control tactil<\/strong><\/span><\/td>\n<td><span style=\"color: #000000;\">Da (casc\u0103 dreapt\u0103)<\/span><\/td>\n<\/tr>\n<tr>\n<td><strong><span style=\"color: #000000;\">Func\u021bionare \u00een mod pasiv <\/span><\/strong><\/td>\n<td><span style=\"color: #000000;\">Da (ascultare prin cablu)<\/span><\/td>\n<\/tr>\n<tr>\n<td><strong><span style=\"color: #000000;\">Ascultarea muzicii \u00een timpul \u00eenc\u0103rc\u0103rii\u00a0\u00a0<\/span><\/strong><\/td>\n<td><span style=\"color: #000000;\">Da<\/span><\/td>\n<\/tr>\n<tr>\n<td><span style=\"color: #000000;\"><strong>DSEE Extreme<\/strong><\/span><\/td>\n<td><span style=\"color: #000000;\">Da<\/span><\/td>\n<\/tr>\n<tr>\n<td><span style=\"color: #000000;\"><strong>Microfoane \u00eencorporate<\/strong><\/span><\/td>\n<td><span style=\"color: #000000;\"><span style=\"color: #000000;\">12<\/span><\/span><\/td>\n<\/tr>\n<tr>\n<td><span style=\"color: #000000;\"><strong>Direc\u021bie microfon<\/strong><\/span><\/td>\n<td><span style=\"color: #000000;\">Omnidirec\u0163ional<\/span><\/td>\n<\/tr>\n<tr>\n<td style=\"text-align: center;\" colspan=\"2\"><span style=\"color: #000000;\"><strong>Acumulator<\/strong><\/span><\/td>\n<\/tr>\n<tr>\n<td><span style=\"color: #000000;\"><strong>Durat\u0103 de \u00eenc\u0103rcare baterie<\/strong><\/span><\/td>\n<td><span style=\"color: #000000;\">Aprox. 3,5 ore<\/span><\/td>\n<\/tr>\n<tr>\n<td><span style=\"color: #000000;\"><strong>Metod\u0103 de \u00eenc\u0103rcare baterie<\/strong><\/span><\/td>\n<td><span style=\"color: #000000;\">USB<\/span><\/td>\n<\/tr>\n<tr>\n<td><span style=\"color: #000000;\"><strong>Autonomie (ascultarea muzicii)<\/strong><\/span><\/td>\n<td><span style=\"color: #000000;\">Max. 30 de ore (NC activat), max. 40 de ore (NC dezactivat)<\/span><\/td>\n<\/tr>\n<tr>\n<td style=\"text-align: center;\" colspan=\"2\"><span style=\"color: #000000;\"><strong>Specifica\u0163ie Bluetooth\u00ae<\/strong><\/span><\/td>\n<\/tr>\n<tr>\n<td><span style=\"color: #000000;\"><strong>Versiune Bluetooth\u00ae<\/strong><\/span><\/td>\n<td><span style=\"color: #000000;\">Bluetooth<strong>\u00ae<\/strong> versiunea 5.3<\/span><\/td>\n<\/tr>\n<tr>\n<td><span style=\"color: #000000;\"><strong>Raz\u0103 de ac\u021biune efectiv\u0103<\/strong><\/span><\/td>\n<td><span style=\"color: #000000;\">Aprox. 10 m<\/span><\/td>\n<\/tr>\n<tr>\n<td><span style=\"color: #000000;\"><strong>Format(e) audio acceptat(e)<\/strong><\/span><\/td>\n<td><span style=\"color: #000000;\">SBC, AAC, LDAC, LC3<\/span><\/td>\n<\/tr>\n<tr>\n<td><span style=\"color: #000000;\"><strong>Protec\u021bie con\u021binut acceptat\u0103<\/strong><\/span><\/td>\n<td><span style=\"color: #000000;\">SCMS-T<\/span><\/td>\n<\/tr>\n<tr>\n<td style=\"text-align: center;\" colspan=\"2\"><span style=\"color: #000000;\"><strong>Anulare a zgomotului<\/strong><\/span><\/td>\n<\/tr>\n<tr>\n<td><span style=\"color: #000000;\"><strong>Optimizare personal\u0103 NC<\/strong><\/span><\/td>\n<td><span style=\"color: #000000;\">Anularea zgomotului cu optimizare adaptiv\u0103<\/span><\/td>\n<\/tr>\n<tr>\n<td><span style=\"color: #000000;\"><strong>Optimizare presiune atmosferic\u0103<\/strong><\/span><\/td>\n<td><span style=\"color: #000000;\">Da<\/span><\/td>\n<\/tr>\n<tr>\n<td><span style=\"color: #000000;\"><strong>Mod sunet ambiental<\/strong><\/span><\/td>\n<td><span style=\"color: #000000;\">Da<\/span><\/td>\n<\/tr>\n<tr>\n<td><span style=\"color: #000000;\"><strong>Mod sunet ambiental<\/strong><\/span><\/td>\n<td><span style=\"color: #000000;\">Da<\/span><\/td>\n<\/tr>\n<tr>\n<td><strong><span style=\"color: #000000;\">Anulare activ\u0103 a zgomotului<\/span><\/strong><\/td>\n<td><span style=\"color: #000000;\">Da (ANC)<\/span><\/td>\n<\/tr>\n<\/tbody>\n<\/table>\n","protected":false},"excerpt":{"rendered":"<ul>\n<li><span style=\"color: #000000;\">Cele mai recente c\u0103\u0219ti din seria de v\u00e2rf 1000X<\/span><\/li>\n<li><span style=\"color: #000000;\">Bluetooth : Da ( Versiune 5.3 )<\/span><\/li>\n<li><span style=\"color: #000000;\">Codecuri acceptate: SBC, AAC, LDAC, LC3<\/span><\/li>\n<li><span style=\"color: #000000;\">Autonomie : p\u00e2n\u0103 la 40 de ore (ANC OFF)<\/span><\/li>\n<li><span style=\"color: #000000;\">Autonomie : p\u00e2n\u0103 la 30 de ore (ANC ON)<\/span><\/li>\n<li><span style=\"color: #000000;\">\u00cenc\u0103rcare rapid\u0103: primele 3 minute ~ 3 ore de func\u021bionare <\/span><\/li>\n<li><span style=\"color: #000000;\">Anulare activ\u0103 a zgomotului \u00eembun\u0103t\u0103\u021bit\u0103 (ANC)<\/span><\/li>\n<li><span style=\"color: #000000;\">Mod sunet ambiental <\/span><\/li>\n<li><span style=\"color: #000000;\">12 microfoane \u00eencorporate<\/span><\/li>\n<li><span style=\"color: #000000;\">Control tactil (casc\u0103 dreapt\u0103)<\/span><\/li>\n<li><span style=\"color: #000000;\">Ascultare de muzic\u0103 prin cablu (inclus)<\/span><\/li>\n<li><span style=\"color: #000000;\">Ascultarea muzicii \u00een timpul \u00eenc\u0103rc\u0103rii <\/span><\/li>\n<li><span style=\"color: #000000;\">Aplica\u021bie pentru configurare: SONY | Sound Connect<\/span><\/li>\n<li><span style=\"color: #000000;\">Husa de transport \u00een set<\/span><\/li>\n<li><span style=\"color: #000000;\">Dimensiuni hus\u0103: 21 * 18 * 7 cm<\/span><\/li>\n<li><span style=\"color: #000000;\">Garan\u021bie 2 ani<\/span><\/li>\n<\/ul>\n","protected":false},"featured_media":33863,"comment_status":"open","ping_status":"closed","template":"","meta":[],"product_brand":[],"product_cat":[629],"product_tag":[],"class_list":{"0":"post-30088","1":"product","2":"type-product","3":"status-publish","4":"has-post-thumbnail","6":"product_cat-casti-wireless","7":"pa_color-black-ro","8":"pa_color-blue-ro","9":"pa_color-840-ro","10":"pa_color-sand-pink-ro","12":"first","13":"instock","14":"sale","15":"shipping-taxable","16":"purchasable","17":"product-type-variable"},"yoast_head":"<!-- This site is optimized with the Yoast SEO plugin v27.4 - https:\/\/yoast.com\/product\/yoast-seo-wordpress\/ -->\n<title>SONY 1000 XM6 | C\u0103\u0219ti f\u0103r\u0103 fir SONY WH1000XM6 \u00een Moldova<\/title>\n<meta name=\"description\" content=\"Cump\u0103r\u0103 noile c\u0103\u0219ti SONY 1000 XM6 cu anulare a zgomotului \u00een Chi\u0219in\u0103u | SONY WH-1000XM6 acum sunt disponibile la precomanda cu livrare \u00een Moldova\" \/>\n<meta name=\"robots\" content=\"index, follow, max-snippet:-1, max-image-preview:large, max-video-preview:-1\" \/>\n<link rel=\"canonical\" href=\"https:\/\/sonycenter.md\/ro\/magazin\/sony-1000-xm6\/\" \/>\n<meta property=\"og:locale\" content=\"ro_RO\" \/>\n<meta property=\"og:type\" content=\"article\" \/>\n<meta property=\"og:title\" content=\"SONY 1000 XM6 | C\u0103\u0219ti f\u0103r\u0103 fir SONY WH1000XM6 \u00een Moldova\" \/>\n<meta property=\"og:description\" content=\"Cump\u0103r\u0103 noile c\u0103\u0219ti SONY 1000 XM6 cu anulare a zgomotului \u00een Chi\u0219in\u0103u | SONY WH-1000XM6 acum sunt disponibile la precomanda cu livrare \u00een Moldova\" \/>\n<meta property=\"og:url\" content=\"https:\/\/sonycenter.md\/ro\/magazin\/sony-1000-xm6\/\" \/>\n<meta property=\"og:site_name\" content=\"SONY\" \/>\n<meta property=\"article:modified_time\" content=\"2026-05-13T11:29:44+00:00\" \/>\n<meta property=\"og:image\" content=\"https:\/\/sonycenter.md\/wp-content\/uploads\/2025\/05\/wh1000xm6-multi-1.jpg\" \/>\n\t<meta property=\"og:image:width\" content=\"600\" \/>\n\t<meta property=\"og:image:height\" content=\"600\" \/>\n\t<meta property=\"og:image:type\" content=\"image\/jpeg\" \/>\n<meta name=\"twitter:card\" content=\"summary_large_image\" \/>\n<meta name=\"twitter:label1\" content=\"Est. reading time\" \/>\n\t<meta name=\"twitter:data1\" content=\"2 minutes\" \/>\n<script type=\"application\/ld+json\" class=\"yoast-schema-graph\">{\"@context\":\"https:\\\/\\\/schema.org\",\"@graph\":[{\"@type\":[\"WebPage\",\"ItemPage\"],\"@id\":\"https:\\\/\\\/sonycenter.md\\\/ro\\\/magazin\\\/sony-1000-xm6\\\/\",\"url\":\"https:\\\/\\\/sonycenter.md\\\/ro\\\/magazin\\\/sony-1000-xm6\\\/\",\"name\":\"SONY 1000 XM6 | C\u0103\u0219ti f\u0103r\u0103 fir SONY WH1000XM6 \u00een Moldova\",\"isPartOf\":{\"@id\":\"http:\\\/\\\/sonycenter.md\\\/ro\\\/#website\"},\"primaryImageOfPage\":{\"@id\":\"https:\\\/\\\/sonycenter.md\\\/ro\\\/magazin\\\/sony-1000-xm6\\\/#primaryimage\"},\"image\":{\"@id\":\"https:\\\/\\\/sonycenter.md\\\/ro\\\/magazin\\\/sony-1000-xm6\\\/#primaryimage\"},\"thumbnailUrl\":\"https:\\\/\\\/sonycenter.md\\\/wp-content\\\/uploads\\\/2025\\\/05\\\/wh1000xm6-multi-1.jpg\",\"datePublished\":\"2025-05-16T08:51:18+00:00\",\"dateModified\":\"2026-05-13T11:29:44+00:00\",\"description\":\"Cump\u0103r\u0103 noile c\u0103\u0219ti SONY 1000 XM6 cu anulare a zgomotului \u00een Chi\u0219in\u0103u | SONY WH-1000XM6 acum sunt disponibile la precomanda cu livrare \u00een Moldova\",\"breadcrumb\":{\"@id\":\"https:\\\/\\\/sonycenter.md\\\/ro\\\/magazin\\\/sony-1000-xm6\\\/#breadcrumb\"},\"inLanguage\":\"ro-RO\",\"potentialAction\":[{\"@type\":\"ReadAction\",\"target\":[\"https:\\\/\\\/sonycenter.md\\\/ro\\\/magazin\\\/sony-1000-xm6\\\/\"]}]},{\"@type\":\"ImageObject\",\"inLanguage\":\"ro-RO\",\"@id\":\"https:\\\/\\\/sonycenter.md\\\/ro\\\/magazin\\\/sony-1000-xm6\\\/#primaryimage\",\"url\":\"https:\\\/\\\/sonycenter.md\\\/wp-content\\\/uploads\\\/2025\\\/05\\\/wh1000xm6-multi-1.jpg\",\"contentUrl\":\"https:\\\/\\\/sonycenter.md\\\/wp-content\\\/uploads\\\/2025\\\/05\\\/wh1000xm6-multi-1.jpg\",\"width\":600,\"height\":600,\"caption\":\"WH1000XM6\"},{\"@type\":\"BreadcrumbList\",\"@id\":\"https:\\\/\\\/sonycenter.md\\\/ro\\\/magazin\\\/sony-1000-xm6\\\/#breadcrumb\",\"itemListElement\":[{\"@type\":\"ListItem\",\"position\":1,\"name\":\"\u0413\u043b\u0430\u0432\u043d\u0430\u044f \u0441\u0442\u0440\u0430\u043d\u0438\u0446\u0430\",\"item\":\"https:\\\/\\\/sonycenter.md\\\/ro\\\/\"},{\"@type\":\"ListItem\",\"position\":2,\"name\":\"Magazin\",\"item\":\"https:\\\/\\\/sonycenter.md\\\/shop\\\/\"},{\"@type\":\"ListItem\",\"position\":3,\"name\":\"WH1000XM6\"}]},{\"@type\":\"WebSite\",\"@id\":\"http:\\\/\\\/sonycenter.md\\\/ro\\\/#website\",\"url\":\"http:\\\/\\\/sonycenter.md\\\/ro\\\/\",\"name\":\"sonycenter.md\",\"description\":\"SONYCENTER \u00een Chi\u0219in\u0103u\",\"publisher\":{\"@id\":\"http:\\\/\\\/sonycenter.md\\\/ro\\\/#organization\"},\"potentialAction\":[{\"@type\":\"SearchAction\",\"target\":{\"@type\":\"EntryPoint\",\"urlTemplate\":\"http:\\\/\\\/sonycenter.md\\\/ro\\\/?s={search_term_string}\"},\"query-input\":{\"@type\":\"PropertyValueSpecification\",\"valueRequired\":true,\"valueName\":\"search_term_string\"}}],\"inLanguage\":\"ro-RO\"},{\"@type\":\"Organization\",\"@id\":\"http:\\\/\\\/sonycenter.md\\\/ro\\\/#organization\",\"name\":\"sonycenter.md\",\"url\":\"http:\\\/\\\/sonycenter.md\\\/ro\\\/\",\"logo\":{\"@type\":\"ImageObject\",\"inLanguage\":\"ro-RO\",\"@id\":\"http:\\\/\\\/sonycenter.md\\\/ro\\\/#\\\/schema\\\/logo\\\/image\\\/\",\"url\":\"\",\"contentUrl\":\"\",\"caption\":\"sonycenter.md\"},\"image\":{\"@id\":\"http:\\\/\\\/sonycenter.md\\\/ro\\\/#\\\/schema\\\/logo\\\/image\\\/\"}}]}<\/script>\n<!-- \/ Yoast SEO plugin. -->","yoast_head_json":{"title":"SONY 1000 XM6 | C\u0103\u0219ti f\u0103r\u0103 fir SONY WH1000XM6 \u00een Moldova","description":"Cump\u0103r\u0103 noile c\u0103\u0219ti SONY 1000 XM6 cu anulare a zgomotului \u00een Chi\u0219in\u0103u | SONY WH-1000XM6 acum sunt disponibile la precomanda cu livrare \u00een Moldova","robots":{"index":"index","follow":"follow","max-snippet":"max-snippet:-1","max-image-preview":"max-image-preview:large","max-video-preview":"max-video-preview:-1"},"canonical":"https:\/\/sonycenter.md\/ro\/magazin\/sony-1000-xm6\/","og_locale":"ro_RO","og_type":"article","og_title":"SONY 1000 XM6 | C\u0103\u0219ti f\u0103r\u0103 fir SONY WH1000XM6 \u00een Moldova","og_description":"Cump\u0103r\u0103 noile c\u0103\u0219ti SONY 1000 XM6 cu anulare a zgomotului \u00een Chi\u0219in\u0103u | SONY WH-1000XM6 acum sunt disponibile la precomanda cu livrare \u00een Moldova","og_url":"https:\/\/sonycenter.md\/ro\/magazin\/sony-1000-xm6\/","og_site_name":"SONY","article_modified_time":"2026-05-13T11:29:44+00:00","og_image":[{"width":600,"height":600,"url":"https:\/\/sonycenter.md\/wp-content\/uploads\/2025\/05\/wh1000xm6-multi-1.jpg","type":"image\/jpeg"}],"twitter_card":"summary_large_image","twitter_misc":{"Est. reading time":"2 minutes"},"schema":{"@context":"https:\/\/schema.org","@graph":[{"@type":["WebPage","ItemPage"],"@id":"https:\/\/sonycenter.md\/ro\/magazin\/sony-1000-xm6\/","url":"https:\/\/sonycenter.md\/ro\/magazin\/sony-1000-xm6\/","name":"SONY 1000 XM6 | C\u0103\u0219ti f\u0103r\u0103 fir SONY WH1000XM6 \u00een Moldova","isPartOf":{"@id":"https:\/\/sonycenter.md\/ro\/#website"},"primaryImageOfPage":{"@id":"https:\/\/sonycenter.md\/ro\/magazin\/sony-1000-xm6\/#primaryimage"},"image":{"@id":"https:\/\/sonycenter.md\/ro\/magazin\/sony-1000-xm6\/#primaryimage"},"thumbnailUrl":"https:\/\/sonycenter.md\/wp-content\/uploads\/2025\/05\/wh1000xm6-multi-1.jpg","datePublished":"2025-05-16T08:51:18+00:00","dateModified":"2026-05-13T11:29:44+00:00","description":"Cump\u0103r\u0103 noile c\u0103\u0219ti SONY 1000 XM6 cu anulare a zgomotului \u00een Chi\u0219in\u0103u | SONY WH-1000XM6 acum sunt disponibile la precomanda cu livrare \u00een Moldova","breadcrumb":{"@id":"https:\/\/sonycenter.md\/ro\/magazin\/sony-1000-xm6\/#breadcrumb"},"inLanguage":"ro-RO","potentialAction":[{"@type":"ReadAction","target":["https:\/\/sonycenter.md\/ro\/magazin\/sony-1000-xm6\/"]}]},{"@type":"ImageObject","inLanguage":"ro-RO","@id":"https:\/\/sonycenter.md\/ro\/magazin\/sony-1000-xm6\/#primaryimage","url":"https:\/\/sonycenter.md\/wp-content\/uploads\/2025\/05\/wh1000xm6-multi-1.jpg","contentUrl":"https:\/\/sonycenter.md\/wp-content\/uploads\/2025\/05\/wh1000xm6-multi-1.jpg","width":600,"height":600,"caption":"WH1000XM6"},{"@type":"BreadcrumbList","@id":"https:\/\/sonycenter.md\/ro\/magazin\/sony-1000-xm6\/#breadcrumb","itemListElement":[{"@type":"ListItem","position":1,"name":"\u0413\u043b\u0430\u0432\u043d\u0430\u044f \u0441\u0442\u0440\u0430\u043d\u0438\u0446\u0430","item":"https:\/\/sonycenter.md\/ro\/"},{"@type":"ListItem","position":2,"name":"Magazin","item":"https:\/\/sonycenter.md\/shop\/"},{"@type":"ListItem","position":3,"name":"WH1000XM6"}]},{"@type":"WebSite","@id":"https:\/\/sonycenter.md\/ro\/#website","url":"https:\/\/sonycenter.md\/ro\/","name":"sonycenter.md","description":"SONYCENTER \u00een Chi\u0219in\u0103u","publisher":{"@id":"https:\/\/sonycenter.md\/ro\/#organization"},"potentialAction":[{"@type":"SearchAction","target":{"@type":"EntryPoint","urlTemplate":"https:\/\/sonycenter.md\/ro\/?s={search_term_string}"},"query-input":{"@type":"PropertyValueSpecification","valueRequired":true,"valueName":"search_term_string"}}],"inLanguage":"ro-RO"},{"@type":"Organization","@id":"https:\/\/sonycenter.md\/ro\/#organization","name":"sonycenter.md","url":"https:\/\/sonycenter.md\/ro\/","logo":{"@type":"ImageObject","inLanguage":"ro-RO","@id":"https:\/\/sonycenter.md\/ro\/#\/schema\/logo\/image\/","url":"","contentUrl":"","caption":"sonycenter.md"},"image":{"@id":"https:\/\/sonycenter.md\/ro\/#\/schema\/logo\/image\/"}}]}},"_links":{"self":[{"href":"https:\/\/sonycenter.md\/ro\/wp-json\/wp\/v2\/product\/30088","targetHints":{"allow":["GET"]}}],"collection":[{"href":"https:\/\/sonycenter.md\/ro\/wp-json\/wp\/v2\/product"}],"about":[{"href":"https:\/\/sonycenter.md\/ro\/wp-json\/wp\/v2\/types\/product"}],"replies":[{"embeddable":true,"href":"https:\/\/sonycenter.md\/ro\/wp-json\/wp\/v2\/comments?post=30088"}],"wp:featuredmedia":[{"embeddable":true,"href":"https:\/\/sonycenter.md\/ro\/wp-json\/wp\/v2\/media\/33863"}],"wp:attachment":[{"href":"https:\/\/sonycenter.md\/ro\/wp-json\/wp\/v2\/media?parent=30088"}],"wp:term":[{"taxonomy":"product_brand","embeddable":true,"href":"https:\/\/sonycenter.md\/ro\/wp-json\/wp\/v2\/product_brand?post=30088"},{"taxonomy":"product_cat","embeddable":true,"href":"https:\/\/sonycenter.md\/ro\/wp-json\/wp\/v2\/product_cat?post=30088"},{"taxonomy":"product_tag","embeddable":true,"href":"https:\/\/sonycenter.md\/ro\/wp-json\/wp\/v2\/product_tag?post=30088"}],"curies":[{"name":"wp","href":"https:\/\/api.w.org\/{rel}","templated":true}]}}