{"id":30131,"date":"2025-05-22T12:12:14","date_gmt":"2025-05-22T09:12:14","guid":{"rendered":"https:\/\/sonycenter.md\/?post_type=product&#038;p=30131"},"modified":"2026-01-06T10:48:30","modified_gmt":"2026-01-06T08:48:30","slug":"sony-bravia-3","status":"publish","type":"product","link":"https:\/\/sonycenter.md\/ro\/magazin\/sony-bravia-3\/","title":{"rendered":"K50S35 (BRAVIA 3)"},"content":{"rendered":"<p><span style=\"color: #000000;\">Specifica\u021bii complete pentru <span style=\"color: #0000ff;\"><a style=\"color: #0000ff;\" href=\"https:\/\/sonycenter.md\/ro\/category\/televizoare-sony\/televizoare-led-4k\/\">televizor<\/a><\/span> SONY K50S35 din serie BRAVIA 3:<\/span><\/p>\n<table style=\"height: 2662px;\" width=\"687\">\n<tbody>\n<tr>\n<td width=\"197\"><span style=\"color: #000000;\"><strong>Diagonal\u0103 (inchi)<\/strong><\/span><\/td>\n<td width=\"160\"><span style=\"color: #000000;\">50&#8243; (49,5&#8243;)<\/span><\/td>\n<\/tr>\n<tr>\n<td><span style=\"color: #000000;\"><strong>Diagonal\u0103(cm)<\/strong><\/span><\/td>\n<td><span style=\"color: #000000;\">126<\/span><\/td>\n<\/tr>\n<tr>\n<td><span style=\"color: #000000;\"><strong>Dimensiune f\u0103r\u0103 stativ (cm)<\/strong><\/span><\/td>\n<td><span style=\"color: #000000;\">Aprox. 111,9 x 64,9 x 7<\/span><\/td>\n<\/tr>\n<tr>\n<td><span style=\"color: #000000;\"><strong>Dimensiune cu stativ (cm)<\/strong><\/span><\/td>\n<td><span style=\"color: #000000;\">Aprox. 111,9 x 71,4 x 26,7<\/span><\/td>\n<\/tr>\n<tr>\n<td><span style=\"color: #000000;\"><strong>Ambalaj (cm)<\/strong><\/span><\/td>\n<td><span style=\"color: #000000;\">Aprox. 122,5 x 78,2 x 14,1<\/span><\/td>\n<\/tr>\n<tr>\n<td><span style=\"color: #000000;\"><strong>L\u0103\u021bime suport (exterior\/interior)<\/strong><\/span><\/td>\n<td><span style=\"color: #000000;\">Aprox. 71,5 cm \/ &#8211;<\/span><\/td>\n<\/tr>\n<tr>\n<td><span style=\"color: #000000;\"><strong>Dimensiune gaur\u0103 VESA<\/strong><\/span><\/td>\n<td><span style=\"color: #000000;\">20 x 20 cm<\/span><\/td>\n<\/tr>\n<tr>\n<td><span style=\"color: #000000;\"><strong>Greutate f\u0103r\u0103 stativ (kg)<\/strong><\/span><\/td>\n<td><span style=\"color: #000000;\">Aprox. 12,1<\/span><\/td>\n<\/tr>\n<tr>\n<td><span style=\"color: #000000;\"><strong>Greutate cu stativ (kg)<\/strong><\/span><\/td>\n<td><span style=\"color: #000000;\">Aprox. 12,3<\/span><\/td>\n<\/tr>\n<tr>\n<td><span style=\"color: #000000;\"><strong>Ambalaj (kg)<\/strong><\/span><\/td>\n<td><span style=\"color: #000000;\">Aprox. 17<\/span><\/td>\n<\/tr>\n<tr>\n<td style=\"text-align: center;\" colspan=\"6\"><span style=\"color: #000000;\"><strong>Conectivitate<\/strong><\/span><\/td>\n<\/tr>\n<tr>\n<td><span style=\"color: #000000;\"><strong>Standard Wi-Fi<\/strong><\/span><\/td>\n<td><span style=\"color: #000000;\">Wi-Fi Certified 802.11Wi-Fi 6<\/span><\/td>\n<\/tr>\n<tr>\n<td><span style=\"color: #000000;\"><strong>Frecven\u021b\u0103 Wi-Fi<\/strong><\/span><\/td>\n<td><span style=\"color: #000000;\">2,4GHz\/5GHz\/6GHz (\u00een func\u021bie de \u021bar\u0103\/regiune)<\/span><\/td>\n<\/tr>\n<tr>\n<td><span style=\"color: #000000;\"><strong>Intr\u0103ri LAN<\/strong><\/span><\/td>\n<td><span style=\"color: #000000;\">1 (lateral)<\/span><\/td>\n<\/tr>\n<tr>\n<td><span style=\"color: #000000;\"><strong>Profiluri bluetooth acceptate<\/strong><\/span><\/td>\n<td><span style=\"color: #000000;\">Versiunea 5.3<\/span><\/td>\n<\/tr>\n<tr>\n<td><span style=\"color: #000000;\"><strong>Chromecast built-in<\/strong><\/span><\/td>\n<td><span style=\"color: #000000;\">Da<\/span><\/td>\n<\/tr>\n<tr>\n<td><span style=\"color: #000000;\"><strong>Apple airplay<\/strong><\/span><\/td>\n<td><span style=\"color: #000000;\">Da<\/span><\/td>\n<\/tr>\n<tr>\n<td><span style=\"color: #000000;\"><strong>Apple homekit<\/strong><\/span><\/td>\n<td><span style=\"color: #000000;\">Da<\/span><\/td>\n<\/tr>\n<tr>\n<td><span style=\"color: #000000;\"><strong>Intr\u0103ri conexiuni rf (terestru\/cablu)<\/strong><\/span><\/td>\n<td><span style=\"color: #000000;\">1 (lateral)<\/span><\/td>\n<\/tr>\n<tr>\n<td><span style=\"color: #000000;\"><strong>Intr\u0103ri if (satelit)<\/strong><\/span><\/td>\n<td><span style=\"color: #000000;\">1 (lateral)<\/span><\/td>\n<\/tr>\n<tr>\n<td><span style=\"color: #000000;\"><strong>Total intr\u0103ri HDMI<\/strong><\/span><\/td>\n<td><span style=\"color: #000000;\">4 (lateral)<\/span><\/td>\n<\/tr>\n<tr>\n<td><span style=\"color: #000000;\"><strong>HDCP<\/strong><\/span><\/td>\n<td><span style=\"color: #000000;\">HDCP2.3(for HDMI\u21221\/2\/3\/4)<\/span><\/td>\n<\/tr>\n<tr>\n<td><span style=\"color: #000000;\"><strong>HDMI cu ARC<\/strong><\/span><\/td>\n<td><span style=\"color: #000000;\">Da (eARC\/ARC)<\/span><\/td>\n<\/tr>\n<tr>\n<td><span style=\"color: #000000;\"><strong>Ie\u015firi audio digitale<\/strong><\/span><\/td>\n<td><span style=\"color: #000000;\">1 (lateral)<\/span><\/td>\n<\/tr>\n<tr>\n<td><span style=\"color: #000000;\"><strong>Ie\u0219ire(i) pentru c\u0103\u0219ti<\/strong><\/span><\/td>\n<td><span style=\"color: #000000;\">&#8211;<\/span><\/td>\n<\/tr>\n<tr>\n<td><span style=\"color: #000000;\"><strong>Ie\u0219ire(i) audio<\/strong><\/span><\/td>\n<td><span style=\"color: #000000;\">&#8211;<\/span><\/td>\n<\/tr>\n<tr>\n<td><span style=\"color: #000000;\"><strong>Porturi USB<\/strong><\/span><\/td>\n<td><span style=\"color: #000000;\">2 (lateral)<\/span><\/td>\n<\/tr>\n<tr>\n<td><span style=\"color: #000000;\"><strong>Suport format unit\u0103\u0163i USB<\/strong><\/span><\/td>\n<td><span style=\"color: #000000;\">FAT16\/FAT32\/NTFS<\/span><\/td>\n<\/tr>\n<tr>\n<td style=\"text-align: center;\" colspan=\"6\"><span style=\"color: #000000;\"><strong>Ecran<\/strong><\/span><\/td>\n<\/tr>\n<tr>\n<td><span style=\"color: #000000;\"><strong>Tip de afi\u015faj<\/strong><\/span><\/td>\n<td><span style=\"color: #000000;\">LCD<\/span><\/td>\n<\/tr>\n<tr>\n<td><span style=\"color: #000000;\"><strong>Tip de iluminare din spate<\/strong><\/span><\/td>\n<td><span style=\"color: #000000;\">Direct LED<\/span><\/td>\n<\/tr>\n<tr>\n<td><span style=\"color: #000000;\"><strong>Tip de regulare a iluminii de fondoare<\/strong><\/span><\/td>\n<td><span style=\"color: #000000;\">\u00centunecare cadru<\/span><\/td>\n<\/tr>\n<tr>\n<td><span style=\"color: #000000;\"><strong>Rezolu\u0163ie afi\u015faj<\/strong><\/span><\/td>\n<td><span style=\"color: #000000;\">3840 x 2160<\/span><\/td>\n<\/tr>\n<tr>\n<td><span style=\"color: #000000;\"><strong>Rat\u0103 de re\u00eemrosp\u0103tare panou<\/strong><\/span><\/td>\n<td><span style=\"color: #000000;\">50 Hz<\/span><\/td>\n<\/tr>\n<tr>\n<td style=\"text-align: center;\" colspan=\"6\"><span style=\"color: #000000;\"><strong>Procesare de imagine<\/strong><\/span><\/td>\n<\/tr>\n<tr>\n<td><span style=\"color: #000000;\"><strong>Procesor<\/strong><\/span><\/td>\n<td><span style=\"color: #000000;\">Procesor 4K HDR X1\u2122<\/span><\/td>\n<\/tr>\n<tr>\n<td><span style=\"color: #000000;\"><strong>\u00cembun\u0103t\u0103\u021bire contrast<\/strong><\/span><\/td>\n<td><span style=\"color: #000000;\">Func\u0163ia de \u00eembun\u0103t\u0103\u0163ire dinamic\u0103 a contrastului<\/span><\/td>\n<\/tr>\n<tr>\n<td><span style=\"color: #000000;\"><strong>\u00cembun\u0103t\u0103\u0163irea culorilor<\/strong><\/span><\/td>\n<td><span style=\"color: #000000;\">TRILUMINOS PRO\u2122:, Tehnologie Live Colour\u2122<\/span><\/td>\n<\/tr>\n<tr>\n<td><span style=\"color: #000000;\"><strong>Optimizare claritate<\/strong><\/span><\/td>\n<td><span style=\"color: #000000;\">X-Reality\u2122 PRO 4K<\/span><\/td>\n<\/tr>\n<tr>\n<td><span style=\"color: #000000;\"><strong>\u00cembun\u0103t\u0103\u021bire mi\u0219care<\/strong><\/span><\/td>\n<td><span style=\"color: #000000;\">Motionflow\u2122 XR 200<\/span><\/td>\n<\/tr>\n<tr>\n<td><span style=\"color: #000000;\"><strong>Compatibilitate HDR<\/strong><\/span><\/td>\n<td><span style=\"color: #000000;\">Da<\/span><\/td>\n<\/tr>\n<tr>\n<td style=\"text-align: center;\" colspan=\"6\"><span style=\"color: #000000;\"><strong>Boxe \u015fi amplificator<\/strong><\/span><\/td>\n<\/tr>\n<tr>\n<td><span style=\"color: #000000;\"><strong>Putere de ie\u015fire audio<\/strong><\/span><\/td>\n<td><span style=\"color: #000000;\">10 W + 10 W<\/span><\/td>\n<\/tr>\n<tr>\n<td><span style=\"color: #000000;\"><strong>Configura\u0163ie boxe<\/strong><\/span><\/td>\n<td><span style=\"color: #000000;\">Gam\u0103 complet\u0103 (Bas reflex) x 2<\/span><\/td>\n<\/tr>\n<tr>\n<td style=\"text-align: center;\" colspan=\"6\"><span style=\"color: #000000;\"><strong>Sunet (procesare)<\/strong><\/span><\/td>\n<\/tr>\n<tr>\n<td><span style=\"color: #000000;\"><strong>Suport format audio DOLBY<\/strong><\/span><\/td>\n<td><span style=\"color: #000000;\">Dolby\u2122 Audio, Dolby\u2122 Atmos<\/span><\/td>\n<\/tr>\n<tr>\n<td><span style=\"color: #000000;\"><strong>Suport format audio DTS<\/strong><\/span><\/td>\n<td><span style=\"color: #000000;\">DTS Digital Surround, DTS Express, DTS-HD Master Audio, DTS-HD High Resolution Audio, DTS:X<\/span><\/td>\n<\/tr>\n<tr>\n<td style=\"text-align: center;\" colspan=\"6\"><span style=\"color: #000000;\"><strong>Software<\/strong><\/span><\/td>\n<\/tr>\n<tr>\n<td><span style=\"color: #000000;\"><strong>Sistem de operare<\/strong><\/span><\/td>\n<td><span style=\"color: #000000;\">Android TV\u2122<\/span><\/td>\n<\/tr>\n<tr>\n<td><span style=\"color: #000000;\"><strong>Smart TV<\/strong><\/span><\/td>\n<td><span style=\"color: #000000;\">Google TV\u2122<\/span><\/td>\n<\/tr>\n<tr>\n<td><span style=\"color: #000000;\"><strong>Stocare intern\u0103 (gb)<\/strong><\/span><\/td>\n<td><span style=\"color: #000000;\">16 GB<\/span><\/td>\n<\/tr>\n<tr>\n<td><span style=\"color: #000000;\"><strong>Eco dashboard<\/strong><\/span><\/td>\n<td><span style=\"color: #000000;\">Da<\/span><\/td>\n<\/tr>\n<tr>\n<td><span style=\"color: #000000;\"><strong>C\u0103utare vocal\u0103<\/strong><\/span><\/td>\n<td><span style=\"color: #000000;\">Da<\/span><\/td>\n<\/tr>\n<tr>\n<td><span style=\"color: #000000;\"><strong>Ghid electronic de programe <\/strong><\/span><\/td>\n<td><span style=\"color: #000000;\">Da<\/span><\/td>\n<\/tr>\n<tr>\n<td><span style=\"color: #000000;\"><strong>Control menu<\/strong><\/span><\/td>\n<td><span style=\"color: #000000;\">Da<\/span><\/td>\n<\/tr>\n<tr>\n<td><span style=\"color: #000000;\"><strong>Browser de internet<\/strong><\/span><\/td>\n<td><span style=\"color: #000000;\">Da<\/span><\/td>\n<\/tr>\n<tr>\n<td><span style=\"color: #000000;\"><strong>Magazin de aplica\u0163ii<\/strong><\/span><\/td>\n<td><span style=\"color: #000000;\">Da (Google Play)<\/span><\/td>\n<\/tr>\n<tr>\n<td><span style=\"color: #000000;\"><strong>Temporizator de oprire\/pornire<\/strong><\/span><\/td>\n<td><span style=\"color: #000000;\">Da<\/span><\/td>\n<\/tr>\n<tr>\n<td><span style=\"color: #000000;\"><strong>Temporizator pentru oprire<\/strong><\/span><\/td>\n<td><span style=\"color: #000000;\">Da<\/span><\/td>\n<\/tr>\n<tr>\n<td><span style=\"color: #000000;\"><strong>Teletext<\/strong><\/span><\/td>\n<td><span style=\"color: #000000;\">Da<\/span><\/td>\n<\/tr>\n<tr>\n<td style=\"text-align: center;\" colspan=\"6\"><span style=\"color: #000000;\"><strong>Func\u021bii pentru Playstation<\/strong><\/span><\/td>\n<\/tr>\n<tr>\n<td><span style=\"color: #000000;\"><strong>Mapare automat\u0103 a tonurilor hdr<\/strong><\/span><\/td>\n<td><span style=\"color: #000000;\">Da<\/span><\/td>\n<\/tr>\n<tr>\n<td><span style=\"color: #000000;\"><strong>Mod imagine cu detectare automat\u0103 a genului<\/strong><\/span><\/td>\n<td><span style=\"color: #000000;\">Da<\/span><\/td>\n<\/tr>\n<tr>\n<td style=\"text-align: center;\" colspan=\"6\"><span style=\"color: #000000;\"><strong>Tuner \u00eencorporat<\/strong><\/span><\/td>\n<\/tr>\n<tr>\n<td><span style=\"color: #000000;\"><strong>Num\u0103r de tunere (terestru\/cablu)<\/strong><\/span><\/td>\n<td><span style=\"color: #000000;\">1 (digital\/analogic)<\/span><\/td>\n<\/tr>\n<tr>\n<td><span style=\"color: #000000;\"><strong>Num\u0103r de tunere (sat)<\/strong><\/span><\/td>\n<td><span style=\"color: #000000;\">1<\/span><\/td>\n<\/tr>\n<tr>\n<td><span style=\"color: #000000;\"><strong>Sistem tv (analogic)<\/strong><\/span><\/td>\n<td><span style=\"color: #000000;\">B\/G, D\/K<\/span><\/td>\n<\/tr>\n<tr>\n<td><span style=\"color: #000000;\"><strong>Acoperire canal tuner (analogic)<\/strong><\/span><\/td>\n<td><span style=\"color: #000000;\">45,25MHz-863,25MHz (\u00een func\u021bie de \u021bar\u0103\/regiune)<\/span><\/td>\n<\/tr>\n<tr>\n<td><span style=\"color: #000000;\"><strong>Sistem tv (terestru digital)<\/strong><\/span><\/td>\n<td><span style=\"color: #000000;\">DVB-T\/T2<\/span><\/td>\n<\/tr>\n<tr>\n<td><span style=\"color: #000000;\"><strong>Acoperire canal tuner (terestru digital)<\/strong><\/span><\/td>\n<td><span style=\"color: #000000;\">VHF\/UHF (\u00een func\u021bie de \u021bar\u0103\/regiune)<\/span><\/td>\n<\/tr>\n<tr>\n<td><span style=\"color: #000000;\"><strong>Sistem tv (cablu digital)<\/strong><\/span><\/td>\n<td><span style=\"color: #000000;\">DVB-C<\/span><\/td>\n<\/tr>\n<tr>\n<td><span style=\"color: #000000;\"><strong>Acoperire canal tuner (cablu digital)<\/strong><\/span><\/td>\n<td><span style=\"color: #000000;\">VHF\/UHF\/cablu (\u00een func\u021bie de \u021bar\u0103\/regiune)<\/span><\/td>\n<\/tr>\n<tr>\n<td><span style=\"color: #000000;\"><strong>Sistem tv (satelit digital)<\/strong><\/span><\/td>\n<td><span style=\"color: #000000;\">DVB-S\/S2<\/span><\/td>\n<\/tr>\n<tr>\n<td><span style=\"color: #000000;\"><strong>Acoperire canal tuner (satelit digital)<\/strong><\/span><\/td>\n<td><span style=\"color: #000000;\">Frecven\u021b\u0103 intermediar\u0103 950 &#8211; 2150 MHz<\/span><\/td>\n<\/tr>\n<tr>\n<td><span style=\"color: #000000;\"><strong>Ci+<\/strong><\/span><\/td>\n<td><span style=\"color: #000000;\">Da<\/span><\/td>\n<\/tr>\n<\/tbody>\n<\/table>\n","protected":false},"excerpt":{"rendered":"<ul>\n<li><span style=\"color: #000000;\">Diagonala ecranului : 50 inch (126 cm)<\/span><\/li>\n<li><span style=\"color: #000000;\">Rezolu\u021bia ecranului : 4K (3840 x 2160 pixeli)<\/span><\/li>\n<li><span style=\"color: #000000;\">Tip de iluminare din spate : Direct LED<\/span><\/li>\n<li><span style=\"color: #000000;\">Smart TV : Google TV<\/span><\/li>\n<li><span style=\"color: #000000;\">Magazin de aplica\u021bii : Da (Google Play)<\/span><\/li>\n<li><span style=\"color: #000000;\">Control \u0219i c\u0103utare vocal\u0103 : Da (telecomand\u0103 cu microfon)<\/span><\/li>\n<li><span style=\"color: #000000;\">Bluetooth : 5.3 (pentru audio \u0219i accesorii)<\/span><\/li>\n<li><span style=\"color: #000000;\">Conexiune la internet : Wi-Fi sau conexiune prin cablu<\/span><\/li>\n<li><span style=\"color: #000000;\">Op\u021biune de montare pe perete : Da (Vesa 200\u00d7200)<\/span><\/li>\n<li><span style=\"color: #000000;\">Garan\u021bie complet\u0103 pentru televizor : 2 ani<\/span><\/li>\n<\/ul>\n","protected":false},"featured_media":30128,"comment_status":"open","ping_status":"closed","template":"","meta":[],"product_brand":[],"product_cat":[764],"product_tag":[],"class_list":{"0":"post-30131","1":"product","2":"type-product","3":"status-publish","4":"has-post-thumbnail","6":"product_cat-televizoare-led-4k","7":"pa_diagonali-50-ro","9":"first","10":"instock","11":"sale","12":"shipping-taxable","13":"purchasable","14":"product-type-simple"},"yoast_head":"<!-- This site is optimized with the Yoast SEO plugin v27.4 - https:\/\/yoast.com\/product\/yoast-seo-wordpress\/ -->\n<title>SONY BRAVIA 3 | Cumpara televizor SONY K50S35 in Chisinau<\/title>\n<meta name=\"description\" content=\"Noul televizor SONY BRAVIA 3 cu diagonala 50 de inchi | Cumpara in Chisinau sau comanda online televizor SONY K50S35 cu livrare gratuita\" \/>\n<meta name=\"robots\" content=\"index, follow, max-snippet:-1, max-image-preview:large, max-video-preview:-1\" \/>\n<link rel=\"canonical\" href=\"https:\/\/sonycenter.md\/ro\/magazin\/sony-bravia-3\/\" \/>\n<meta property=\"og:locale\" content=\"ro_RO\" \/>\n<meta property=\"og:type\" content=\"article\" \/>\n<meta property=\"og:title\" content=\"SONY BRAVIA 3 | Cumpara televizor SONY K50S35 in Chisinau\" \/>\n<meta property=\"og:description\" content=\"Noul televizor SONY BRAVIA 3 cu diagonala 50 de inchi | Cumpara in Chisinau sau comanda online televizor SONY K50S35 cu livrare gratuita\" \/>\n<meta property=\"og:url\" content=\"https:\/\/sonycenter.md\/ro\/magazin\/sony-bravia-3\/\" \/>\n<meta property=\"og:site_name\" content=\"SONY\" \/>\n<meta property=\"article:modified_time\" content=\"2026-01-06T08:48:30+00:00\" \/>\n<meta property=\"og:image\" content=\"https:\/\/sonycenter.md\/wp-content\/uploads\/2025\/05\/Bravia-3-2.jpg\" \/>\n\t<meta property=\"og:image:width\" content=\"600\" \/>\n\t<meta property=\"og:image:height\" content=\"600\" \/>\n\t<meta property=\"og:image:type\" content=\"image\/jpeg\" \/>\n<meta name=\"twitter:card\" content=\"summary_large_image\" \/>\n<meta name=\"twitter:label1\" content=\"Est. reading time\" \/>\n\t<meta name=\"twitter:data1\" content=\"3 minutes\" \/>\n<script type=\"application\/ld+json\" class=\"yoast-schema-graph\">{\"@context\":\"https:\\\/\\\/schema.org\",\"@graph\":[{\"@type\":[\"WebPage\",\"ItemPage\"],\"@id\":\"https:\\\/\\\/sonycenter.md\\\/ro\\\/magazin\\\/sony-bravia-3\\\/\",\"url\":\"https:\\\/\\\/sonycenter.md\\\/ro\\\/magazin\\\/sony-bravia-3\\\/\",\"name\":\"SONY BRAVIA 3 | Cumpara televizor SONY K50S35 in Chisinau\",\"isPartOf\":{\"@id\":\"http:\\\/\\\/sonycenter.md\\\/ro\\\/#website\"},\"primaryImageOfPage\":{\"@id\":\"https:\\\/\\\/sonycenter.md\\\/ro\\\/magazin\\\/sony-bravia-3\\\/#primaryimage\"},\"image\":{\"@id\":\"https:\\\/\\\/sonycenter.md\\\/ro\\\/magazin\\\/sony-bravia-3\\\/#primaryimage\"},\"thumbnailUrl\":\"https:\\\/\\\/sonycenter.md\\\/wp-content\\\/uploads\\\/2025\\\/05\\\/Bravia-3-2.jpg\",\"datePublished\":\"2025-05-22T09:12:14+00:00\",\"dateModified\":\"2026-01-06T08:48:30+00:00\",\"description\":\"Noul televizor SONY BRAVIA 3 cu diagonala 50 de inchi | Cumpara in Chisinau sau comanda online televizor SONY K50S35 cu livrare gratuita\",\"breadcrumb\":{\"@id\":\"https:\\\/\\\/sonycenter.md\\\/ro\\\/magazin\\\/sony-bravia-3\\\/#breadcrumb\"},\"inLanguage\":\"ro-RO\",\"potentialAction\":[{\"@type\":\"ReadAction\",\"target\":[\"https:\\\/\\\/sonycenter.md\\\/ro\\\/magazin\\\/sony-bravia-3\\\/\"]}]},{\"@type\":\"ImageObject\",\"inLanguage\":\"ro-RO\",\"@id\":\"https:\\\/\\\/sonycenter.md\\\/ro\\\/magazin\\\/sony-bravia-3\\\/#primaryimage\",\"url\":\"https:\\\/\\\/sonycenter.md\\\/wp-content\\\/uploads\\\/2025\\\/05\\\/Bravia-3-2.jpg\",\"contentUrl\":\"https:\\\/\\\/sonycenter.md\\\/wp-content\\\/uploads\\\/2025\\\/05\\\/Bravia-3-2.jpg\",\"width\":600,\"height\":600,\"caption\":\"K50S35 (BRAVIA 3)\"},{\"@type\":\"BreadcrumbList\",\"@id\":\"https:\\\/\\\/sonycenter.md\\\/ro\\\/magazin\\\/sony-bravia-3\\\/#breadcrumb\",\"itemListElement\":[{\"@type\":\"ListItem\",\"position\":1,\"name\":\"\u0413\u043b\u0430\u0432\u043d\u0430\u044f \u0441\u0442\u0440\u0430\u043d\u0438\u0446\u0430\",\"item\":\"https:\\\/\\\/sonycenter.md\\\/ro\\\/\"},{\"@type\":\"ListItem\",\"position\":2,\"name\":\"Magazin\",\"item\":\"https:\\\/\\\/sonycenter.md\\\/shop\\\/\"},{\"@type\":\"ListItem\",\"position\":3,\"name\":\"K50S35 (BRAVIA 3)\"}]},{\"@type\":\"WebSite\",\"@id\":\"http:\\\/\\\/sonycenter.md\\\/ro\\\/#website\",\"url\":\"http:\\\/\\\/sonycenter.md\\\/ro\\\/\",\"name\":\"sonycenter.md\",\"description\":\"SONYCENTER \u00een Chi\u0219in\u0103u\",\"publisher\":{\"@id\":\"http:\\\/\\\/sonycenter.md\\\/ro\\\/#organization\"},\"potentialAction\":[{\"@type\":\"SearchAction\",\"target\":{\"@type\":\"EntryPoint\",\"urlTemplate\":\"http:\\\/\\\/sonycenter.md\\\/ro\\\/?s={search_term_string}\"},\"query-input\":{\"@type\":\"PropertyValueSpecification\",\"valueRequired\":true,\"valueName\":\"search_term_string\"}}],\"inLanguage\":\"ro-RO\"},{\"@type\":\"Organization\",\"@id\":\"http:\\\/\\\/sonycenter.md\\\/ro\\\/#organization\",\"name\":\"sonycenter.md\",\"url\":\"http:\\\/\\\/sonycenter.md\\\/ro\\\/\",\"logo\":{\"@type\":\"ImageObject\",\"inLanguage\":\"ro-RO\",\"@id\":\"http:\\\/\\\/sonycenter.md\\\/ro\\\/#\\\/schema\\\/logo\\\/image\\\/\",\"url\":\"\",\"contentUrl\":\"\",\"caption\":\"sonycenter.md\"},\"image\":{\"@id\":\"http:\\\/\\\/sonycenter.md\\\/ro\\\/#\\\/schema\\\/logo\\\/image\\\/\"}}]}<\/script>\n<!-- \/ Yoast SEO plugin. -->","yoast_head_json":{"title":"SONY BRAVIA 3 | Cumpara televizor SONY K50S35 in Chisinau","description":"Noul televizor SONY BRAVIA 3 cu diagonala 50 de inchi | Cumpara in Chisinau sau comanda online televizor SONY K50S35 cu livrare gratuita","robots":{"index":"index","follow":"follow","max-snippet":"max-snippet:-1","max-image-preview":"max-image-preview:large","max-video-preview":"max-video-preview:-1"},"canonical":"https:\/\/sonycenter.md\/ro\/magazin\/sony-bravia-3\/","og_locale":"ro_RO","og_type":"article","og_title":"SONY BRAVIA 3 | Cumpara televizor SONY K50S35 in Chisinau","og_description":"Noul televizor SONY BRAVIA 3 cu diagonala 50 de inchi | Cumpara in Chisinau sau comanda online televizor SONY K50S35 cu livrare gratuita","og_url":"https:\/\/sonycenter.md\/ro\/magazin\/sony-bravia-3\/","og_site_name":"SONY","article_modified_time":"2026-01-06T08:48:30+00:00","og_image":[{"width":600,"height":600,"url":"https:\/\/sonycenter.md\/wp-content\/uploads\/2025\/05\/Bravia-3-2.jpg","type":"image\/jpeg"}],"twitter_card":"summary_large_image","twitter_misc":{"Est. reading time":"3 minutes"},"schema":{"@context":"https:\/\/schema.org","@graph":[{"@type":["WebPage","ItemPage"],"@id":"https:\/\/sonycenter.md\/ro\/magazin\/sony-bravia-3\/","url":"https:\/\/sonycenter.md\/ro\/magazin\/sony-bravia-3\/","name":"SONY BRAVIA 3 | Cumpara televizor SONY K50S35 in Chisinau","isPartOf":{"@id":"https:\/\/sonycenter.md\/ro\/#website"},"primaryImageOfPage":{"@id":"https:\/\/sonycenter.md\/ro\/magazin\/sony-bravia-3\/#primaryimage"},"image":{"@id":"https:\/\/sonycenter.md\/ro\/magazin\/sony-bravia-3\/#primaryimage"},"thumbnailUrl":"https:\/\/sonycenter.md\/wp-content\/uploads\/2025\/05\/Bravia-3-2.jpg","datePublished":"2025-05-22T09:12:14+00:00","dateModified":"2026-01-06T08:48:30+00:00","description":"Noul televizor SONY BRAVIA 3 cu diagonala 50 de inchi | Cumpara in Chisinau sau comanda online televizor SONY K50S35 cu livrare gratuita","breadcrumb":{"@id":"https:\/\/sonycenter.md\/ro\/magazin\/sony-bravia-3\/#breadcrumb"},"inLanguage":"ro-RO","potentialAction":[{"@type":"ReadAction","target":["https:\/\/sonycenter.md\/ro\/magazin\/sony-bravia-3\/"]}]},{"@type":"ImageObject","inLanguage":"ro-RO","@id":"https:\/\/sonycenter.md\/ro\/magazin\/sony-bravia-3\/#primaryimage","url":"https:\/\/sonycenter.md\/wp-content\/uploads\/2025\/05\/Bravia-3-2.jpg","contentUrl":"https:\/\/sonycenter.md\/wp-content\/uploads\/2025\/05\/Bravia-3-2.jpg","width":600,"height":600,"caption":"K50S35 (BRAVIA 3)"},{"@type":"BreadcrumbList","@id":"https:\/\/sonycenter.md\/ro\/magazin\/sony-bravia-3\/#breadcrumb","itemListElement":[{"@type":"ListItem","position":1,"name":"\u0413\u043b\u0430\u0432\u043d\u0430\u044f \u0441\u0442\u0440\u0430\u043d\u0438\u0446\u0430","item":"https:\/\/sonycenter.md\/ro\/"},{"@type":"ListItem","position":2,"name":"Magazin","item":"https:\/\/sonycenter.md\/shop\/"},{"@type":"ListItem","position":3,"name":"K50S35 (BRAVIA 3)"}]},{"@type":"WebSite","@id":"https:\/\/sonycenter.md\/ro\/#website","url":"https:\/\/sonycenter.md\/ro\/","name":"sonycenter.md","description":"SONYCENTER \u00een Chi\u0219in\u0103u","publisher":{"@id":"https:\/\/sonycenter.md\/ro\/#organization"},"potentialAction":[{"@type":"SearchAction","target":{"@type":"EntryPoint","urlTemplate":"https:\/\/sonycenter.md\/ro\/?s={search_term_string}"},"query-input":{"@type":"PropertyValueSpecification","valueRequired":true,"valueName":"search_term_string"}}],"inLanguage":"ro-RO"},{"@type":"Organization","@id":"https:\/\/sonycenter.md\/ro\/#organization","name":"sonycenter.md","url":"https:\/\/sonycenter.md\/ro\/","logo":{"@type":"ImageObject","inLanguage":"ro-RO","@id":"https:\/\/sonycenter.md\/ro\/#\/schema\/logo\/image\/","url":"","contentUrl":"","caption":"sonycenter.md"},"image":{"@id":"https:\/\/sonycenter.md\/ro\/#\/schema\/logo\/image\/"}}]}},"_links":{"self":[{"href":"https:\/\/sonycenter.md\/ro\/wp-json\/wp\/v2\/product\/30131","targetHints":{"allow":["GET"]}}],"collection":[{"href":"https:\/\/sonycenter.md\/ro\/wp-json\/wp\/v2\/product"}],"about":[{"href":"https:\/\/sonycenter.md\/ro\/wp-json\/wp\/v2\/types\/product"}],"replies":[{"embeddable":true,"href":"https:\/\/sonycenter.md\/ro\/wp-json\/wp\/v2\/comments?post=30131"}],"wp:featuredmedia":[{"embeddable":true,"href":"https:\/\/sonycenter.md\/ro\/wp-json\/wp\/v2\/media\/30128"}],"wp:attachment":[{"href":"https:\/\/sonycenter.md\/ro\/wp-json\/wp\/v2\/media?parent=30131"}],"wp:term":[{"taxonomy":"product_brand","embeddable":true,"href":"https:\/\/sonycenter.md\/ro\/wp-json\/wp\/v2\/product_brand?post=30131"},{"taxonomy":"product_cat","embeddable":true,"href":"https:\/\/sonycenter.md\/ro\/wp-json\/wp\/v2\/product_cat?post=30131"},{"taxonomy":"product_tag","embeddable":true,"href":"https:\/\/sonycenter.md\/ro\/wp-json\/wp\/v2\/product_tag?post=30131"}],"curies":[{"name":"wp","href":"https:\/\/api.w.org\/{rel}","templated":true}]}}