{"id":31740,"date":"2025-07-07T17:06:57","date_gmt":"2025-07-07T14:06:57","guid":{"rendered":"https:\/\/sonycenter.md\/?post_type=product&#038;p=31740"},"modified":"2026-01-05T10:16:19","modified_gmt":"2026-01-05T08:16:19","slug":"playstation-vr-2","status":"publish","type":"product","link":"https:\/\/sonycenter.md\/ro\/magazin\/playstation-vr-2\/","title":{"rendered":"PlayStation VR2"},"content":{"rendered":"<p><span style=\"color: #000000;\">Specifica\u021bii complete pentru <span style=\"color: #0000ff;\"><a style=\"color: #0000ff;\" href=\"https:\/\/sonycenter.md\/ro\/category\/sony-playstation-ro\/playstation-vr-ro\/\">casc\u0103<\/a><\/span> SONY PlayStation VR 2 :<\/span><\/p>\n<p><span style=\"color: #000000;\"><strong>Platform\u0103<\/strong>\u00a0: Sony PlayStation VR 2<\/span><\/p>\n<p><span style=\"color: #000000;\"><strong>Casc\u0103 PlayStation VR2\u00a0<\/strong><\/span><\/p>\n<div id=\"row_592010747\" class=\"table__row\" role=\"row\" aria-rowindex=\"1\">\n<div id=\"item_1469123218\" class=\"table__header\" role=\"columnheader\">\n<div class=\"textblock\">\n<div class=\"text-block \" data-ol-order-start=\"1\" data-custom-mobile-width=\"false\" data-custom-tablet-width=\"false\" data-custom-desktop-width=\"false\">\n<p><span style=\"color: #000000;\"><b>Tip ecran :\u00a0<\/b>OLED<\/span><\/p>\n<\/div>\n<\/div>\n<\/div>\n<\/div>\n<div id=\"row_1258531147\" class=\"table__row\" role=\"row\" aria-rowindex=\"2\">\n<div id=\"item_357372424\" class=\"table__header\" role=\"columnheader\">\n<div class=\"textblock\">\n<div class=\"text-block \" data-ol-order-start=\"1\" data-custom-mobile-width=\"false\" data-custom-tablet-width=\"false\" data-custom-desktop-width=\"false\">\n<p><span style=\"color: #000000;\"><b>Rezolu\u021bia panoului :\u00a0<\/b>2000 x 2040 per ochi<\/span><\/p>\n<\/div>\n<\/div>\n<\/div>\n<\/div>\n<div id=\"row_751795624\" class=\"table__row\" role=\"row\" aria-rowindex=\"3\">\n<div id=\"item_1294009376\" class=\"table__header\" role=\"columnheader\">\n<div class=\"textblock\">\n<div class=\"text-block \" data-ol-order-start=\"1\" data-custom-mobile-width=\"false\" data-custom-tablet-width=\"false\" data-custom-desktop-width=\"false\">\n<p><span style=\"color: #000000;\"><b>Rata de re\u00eemprosp\u0103tare a panoului :\u00a0<\/b>90 Hz, 120 Hz<\/span><\/p>\n<\/div>\n<\/div>\n<\/div>\n<\/div>\n<div id=\"row_547172414\" class=\"table__row\" role=\"row\" aria-rowindex=\"4\">\n<div id=\"item_1669777945\" class=\"table__header\" role=\"columnheader\">\n<div class=\"textblock\">\n<div class=\"text-block \" data-ol-order-start=\"1\" data-custom-mobile-width=\"false\" data-custom-tablet-width=\"false\" data-custom-desktop-width=\"false\">\n<p><span style=\"color: #000000;\"><b>Distan\u021ba \u00eentre lentile :\u00a0<\/b>Reglabil\u0103<\/span><\/p>\n<\/div>\n<\/div>\n<\/div>\n<\/div>\n<div id=\"row_671886872\" class=\"table__row\" role=\"row\" aria-rowindex=\"5\">\n<div id=\"item_442554563\" class=\"table__header\" role=\"columnheader\">\n<div class=\"textblock\">\n<div class=\"text-block \" data-ol-order-start=\"1\" data-custom-mobile-width=\"false\" data-custom-tablet-width=\"false\" data-custom-desktop-width=\"false\">\n<p><span style=\"color: #000000;\"><b>C\u00e2mp vizual :\u00a0<\/b>Aproximativ 110 grade<\/span><\/p>\n<\/div>\n<\/div>\n<\/div>\n<\/div>\n<div id=\"row_448407217\" class=\"table__row\" role=\"row\" aria-rowindex=\"6\">\n<div id=\"item_1557652079\" class=\"table__header\" role=\"columnheader\">\n<div class=\"textblock\">\n<div class=\"text-block \" data-ol-order-start=\"1\" data-custom-mobile-width=\"false\" data-custom-tablet-width=\"false\" data-custom-desktop-width=\"false\">\n<p><span style=\"color: #000000;\"><b>Senzori<\/b><\/span><\/p>\n<\/div>\n<\/div>\n<\/div>\n<div id=\"item_152535466\" class=\"table__body\" role=\"cell\">\n<div class=\"textblock\">\n<div class=\"text-block \" data-ol-order-start=\"1\" data-custom-mobile-width=\"false\" data-custom-tablet-width=\"false\" data-custom-desktop-width=\"false\">\n<ul>\n<li><span style=\"color: #000000;\">Senzor de mi\u0219care: sistem de detectare a mi\u0219c\u0103rii pe \u0219ase axe (giroscop cu trei axe, accelerometru cu trei axe)<\/span><\/li>\n<li><span style=\"color: #000000;\">Senzor de purtare: senzor de proximitate IR<\/span><\/li>\n<\/ul>\n<\/div>\n<\/div>\n<\/div>\n<\/div>\n<div id=\"row_670361999\" class=\"table__row\" role=\"row\" aria-rowindex=\"7\">\n<div id=\"item_514995123\" class=\"table__header\" role=\"columnheader\">\n<div class=\"textblock\">\n<div class=\"text-block \" data-ol-order-start=\"1\" data-custom-mobile-width=\"false\" data-custom-tablet-width=\"false\" data-custom-desktop-width=\"false\">\n<p><span style=\"color: #000000;\"><b>Camere<\/b><\/span><\/p>\n<\/div>\n<\/div>\n<\/div>\n<div id=\"item_714946227\" class=\"table__body\" role=\"cell\">\n<div class=\"textblock\">\n<div class=\"text-block \" data-ol-order-start=\"1\" data-custom-mobile-width=\"false\" data-custom-tablet-width=\"false\" data-custom-desktop-width=\"false\">\n<ul>\n<li><span style=\"color: #000000;\">4 camere incorporate pentru urm\u0103rirea c\u0103\u0219tii \u0219i a controlerelor<\/span><\/li>\n<li><span style=\"color: #000000;\">Camere IR pentru urm\u0103rirea fiec\u0103rui ochi \u00een parte<\/span><\/li>\n<\/ul>\n<\/div>\n<\/div>\n<\/div>\n<\/div>\n<div id=\"row_94917156\" class=\"table__row\" role=\"row\" aria-rowindex=\"8\">\n<div id=\"item_1672718071\" class=\"table__header\" role=\"columnheader\">\n<div class=\"textblock\">\n<div class=\"text-block \" data-ol-order-start=\"1\" data-custom-mobile-width=\"false\" data-custom-tablet-width=\"false\" data-custom-desktop-width=\"false\">\n<p><span style=\"color: #000000;\"><b>Feedback :\u00a0<\/b>Vibra\u021bii \u00een c\u0103\u0219ti<\/span><\/p>\n<\/div>\n<\/div>\n<\/div>\n<\/div>\n<div id=\"row_986956616\" class=\"table__row\" role=\"row\" aria-rowindex=\"9\">\n<div id=\"item_772617246\" class=\"table__header\" role=\"columnheader\">\n<div class=\"textblock\">\n<div class=\"text-block \" data-ol-order-start=\"1\" data-custom-mobile-width=\"false\" data-custom-tablet-width=\"false\" data-custom-desktop-width=\"false\">\n<p><span style=\"color: #000000;\"><b>Comunicarea cu PS5 :\u00a0<\/b>USB Type-C\u00ae<\/span><\/p>\n<p><span style=\"color: #000000;\"><strong>Sunet :<\/strong><\/span><\/p>\n<ul>\n<li><span style=\"color: #000000;\">Intrare: microfon incorporat<\/span><\/li>\n<li><span style=\"color: #000000;\">Ie\u0219ire: muf\u0103 de c\u0103\u0219ti stereo<\/span><\/li>\n<\/ul>\n<hr \/>\n<p><span style=\"color: #000000;\"><strong>Controler PlayStation VR2 Sense<\/strong><\/span><\/p>\n<div id=\"row_1985241845\" class=\"table__row\" role=\"row\" aria-rowindex=\"1\">\n<div id=\"item_154672232\" class=\"table__header\" role=\"columnheader\">\n<div class=\"textblock\">\n<div class=\"text-block \" data-ol-order-start=\"1\" data-custom-mobile-width=\"false\" data-custom-tablet-width=\"false\" data-custom-desktop-width=\"false\">\n<p><span style=\"color: #000000;\"><b>Butoane<\/b><\/span><\/p>\n<\/div>\n<\/div>\n<\/div>\n<div id=\"item_203221498\" class=\"table__body\" role=\"cell\">\n<div class=\"textblock\">\n<div class=\"text-block \" data-ol-order-start=\"1\" data-custom-mobile-width=\"false\" data-custom-tablet-width=\"false\" data-custom-desktop-width=\"false\">\n<ul>\n<li><span style=\"color: #000000;\">Buton PS\u00a0<b>Dreapta<\/b><\/span><br \/>\n<span style=\"color: #000000;\">PS, buton de op\u021biuni, butoane de ac\u021biune (Cerc \/ Cruce), buton R1, buton R2, joystick dreapta \/ buton R3<\/span><\/li>\n<li><span style=\"color: #000000;\">Buton PS\u00a0<b>St\u00e2nga<\/b><\/span><br \/>\n<span style=\"color: #000000;\">PS, buton de op\u021biuni, butoane de ac\u021biune (Triunghi \/ P\u0103trat), buton L1, buton L2, joystick st\u00e2nga \/ buton L3<\/span><\/li>\n<\/ul>\n<\/div>\n<\/div>\n<\/div>\n<\/div>\n<div id=\"row_808670916\" class=\"table__row\" role=\"row\" aria-rowindex=\"2\">\n<div id=\"item_770701789\" class=\"table__header\" role=\"columnheader\">\n<div class=\"textblock\">\n<div class=\"text-block \" data-ol-order-start=\"1\" data-custom-mobile-width=\"false\" data-custom-tablet-width=\"false\" data-custom-desktop-width=\"false\">\n<p><span style=\"color: #000000;\"><b>Sesizare\/urm\u0103rire<\/b><\/span><\/p>\n<\/div>\n<\/div>\n<\/div>\n<div id=\"item_1215058589\" class=\"table__body\" role=\"cell\">\n<div class=\"textblock\">\n<div class=\"text-block \" data-ol-order-start=\"1\" data-custom-mobile-width=\"false\" data-custom-tablet-width=\"false\" data-custom-desktop-width=\"false\">\n<ul>\n<li><span style=\"color: #000000;\">Senzor de mi\u0219care: sistem de detectare a mi\u0219c\u0103rii pe \u0219ase axe (giroscop cu trei axe + accelerometru cu trei axe)<\/span><\/li>\n<li><span style=\"color: #000000;\">Senzor capacitiv: detectarea atingerii cu degetul<\/span><\/li>\n<li><span style=\"color: #000000;\">LED IR: urm\u0103rirea pozi\u021biei<\/span><\/li>\n<\/ul>\n<\/div>\n<\/div>\n<\/div>\n<\/div>\n<div id=\"row_1243354228\" class=\"table__row\" role=\"row\" aria-rowindex=\"3\">\n<div id=\"item_790745717\" class=\"table__header\" role=\"columnheader\">\n<div class=\"textblock\">\n<div class=\"text-block \" data-ol-order-start=\"1\" data-custom-mobile-width=\"false\" data-custom-tablet-width=\"false\" data-custom-desktop-width=\"false\">\n<p><span style=\"color: #000000;\"><b>Feedback\u00a0 :\u00a0<\/b>Efecte de declan\u0219ator (la butoanele R2\/L2), feedback haptic (cu un singur mecanism de ac\u021bionare pe unitate)<\/span><\/p>\n<\/div>\n<\/div>\n<\/div>\n<\/div>\n<div id=\"row_940073319\" class=\"table__row\" role=\"row\" aria-rowindex=\"4\">\n<div id=\"item_1134328093\" class=\"table__header\" role=\"columnheader\">\n<div class=\"textblock\">\n<div class=\"text-block \" data-ol-order-start=\"1\" data-custom-mobile-width=\"false\" data-custom-tablet-width=\"false\" data-custom-desktop-width=\"false\">\n<p><span style=\"color: #000000;\"><b>Port :\u00a0<\/b>USB Type-C\u00ae<\/span><\/p>\n<\/div>\n<\/div>\n<\/div>\n<\/div>\n<div id=\"row_963218290\" class=\"table__row\" role=\"row\" aria-rowindex=\"5\">\n<div id=\"item_911015604\" class=\"table__header\" role=\"columnheader\">\n<div class=\"textblock\">\n<div class=\"text-block \" data-ol-order-start=\"1\" data-custom-mobile-width=\"false\" data-custom-tablet-width=\"false\" data-custom-desktop-width=\"false\">\n<p><span style=\"color: #000000;\"><b>Comunicare :\u00a0<\/b>Bluetooth\u00ae Ver5.1<\/span><\/p>\n<\/div>\n<\/div>\n<\/div>\n<\/div>\n<div id=\"row_1384384530\" class=\"table__row\" role=\"row\" aria-rowindex=\"6\">\n<div id=\"item_853124942\" class=\"table__header\" role=\"columnheader\">\n<div class=\"textblock\">\n<div class=\"text-block \" data-ol-order-start=\"1\" data-custom-mobile-width=\"false\" data-custom-tablet-width=\"false\" data-custom-desktop-width=\"false\">\n<p><span style=\"color: #000000;\"><b>Baterie :\u00a0<\/b>Tip: baterie re\u00eenc\u0103rcabil\u0103 incorporat\u0103, de tip litiu-ion<\/span><\/p>\n<\/div>\n<\/div>\n<\/div>\n<\/div>\n<\/div>\n<\/div>\n<\/div>\n<\/div>\n","protected":false},"excerpt":{"rendered":"<ul>\n<li><span style=\"color: #000000;\">Ecran : OLED<\/span><\/li>\n<li><span style=\"color: #000000;\">Rezolu\u021bia panoului : 2000 x 2040 per ochi<\/span><\/li>\n<li><span style=\"color: #000000;\">Rata de re\u00eemprosp\u0103tare a panoului : 90 Hz, 120 Hz<\/span><\/li>\n<li><span style=\"color: #000000;\"><strong>Continut pachet:<\/strong><\/span><\/li>\n<li><span style=\"color: #000000;\">Casc\u0103 PlayStation VR2 x1<\/span><\/li>\n<li><span style=\"color: #000000;\">Controlere PlayStation VR2 Sense x2<\/span><\/li>\n<li><span style=\"color: #000000;\">C\u0103\u0219ti stereo x1<\/span><\/li>\n<li><span style=\"color: #000000;\">Membrane siliconice pentru c\u0103\u0219ti x6<\/span><\/li>\n<li><span style=\"color: #000000;\">Cablu USB<\/span><\/li>\n<\/ul>\n","protected":false},"featured_media":27337,"comment_status":"open","ping_status":"closed","template":"","meta":[],"product_brand":[],"product_cat":[867],"product_tag":[],"class_list":{"0":"post-31740","1":"product","2":"type-product","3":"status-publish","4":"has-post-thumbnail","6":"product_cat-playstation-vr-ro","8":"first","9":"instock","10":"shipping-taxable","11":"purchasable","12":"product-type-simple"},"yoast_head":"<!-- This site is optimized with the Yoast SEO plugin v27.4 - https:\/\/yoast.com\/product\/yoast-seo-wordpress\/ -->\n<title>PlayStation VR 2 \u00een Chi\u0219in\u0103u<\/title>\n<meta name=\"description\" content=\"Cumpara SONY PlayStation VR 2 \u00een Chi\u0219in\u0103u\" \/>\n<meta name=\"robots\" content=\"index, follow, max-snippet:-1, max-image-preview:large, max-video-preview:-1\" \/>\n<link rel=\"canonical\" href=\"https:\/\/sonycenter.md\/ro\/magazin\/playstation-vr-2\/\" \/>\n<meta property=\"og:locale\" content=\"ro_RO\" \/>\n<meta property=\"og:type\" content=\"article\" \/>\n<meta property=\"og:title\" content=\"PlayStation VR 2 \u00een Chi\u0219in\u0103u\" \/>\n<meta property=\"og:description\" content=\"Cumpara SONY PlayStation VR 2 \u00een Chi\u0219in\u0103u\" \/>\n<meta property=\"og:url\" content=\"https:\/\/sonycenter.md\/ro\/magazin\/playstation-vr-2\/\" \/>\n<meta property=\"og:site_name\" content=\"SONY\" \/>\n<meta property=\"article:modified_time\" content=\"2026-01-05T08:16:19+00:00\" \/>\n<meta property=\"og:image\" content=\"https:\/\/sonycenter.md\/wp-content\/uploads\/2024\/05\/vr2-3.jpg\" \/>\n\t<meta property=\"og:image:width\" content=\"600\" \/>\n\t<meta property=\"og:image:height\" content=\"600\" \/>\n\t<meta property=\"og:image:type\" content=\"image\/jpeg\" \/>\n<meta name=\"twitter:card\" content=\"summary_large_image\" \/>\n<meta name=\"twitter:label1\" content=\"Est. reading time\" \/>\n\t<meta name=\"twitter:data1\" content=\"2 minutes\" \/>\n<script type=\"application\/ld+json\" class=\"yoast-schema-graph\">{\"@context\":\"https:\\\/\\\/schema.org\",\"@graph\":[{\"@type\":[\"WebPage\",\"ItemPage\"],\"@id\":\"https:\\\/\\\/sonycenter.md\\\/ro\\\/magazin\\\/playstation-vr-2\\\/\",\"url\":\"https:\\\/\\\/sonycenter.md\\\/ro\\\/magazin\\\/playstation-vr-2\\\/\",\"name\":\"PlayStation VR 2 \u00een Chi\u0219in\u0103u\",\"isPartOf\":{\"@id\":\"http:\\\/\\\/sonycenter.md\\\/ro\\\/#website\"},\"primaryImageOfPage\":{\"@id\":\"https:\\\/\\\/sonycenter.md\\\/ro\\\/magazin\\\/playstation-vr-2\\\/#primaryimage\"},\"image\":{\"@id\":\"https:\\\/\\\/sonycenter.md\\\/ro\\\/magazin\\\/playstation-vr-2\\\/#primaryimage\"},\"thumbnailUrl\":\"https:\\\/\\\/sonycenter.md\\\/wp-content\\\/uploads\\\/2024\\\/05\\\/vr2-3.jpg\",\"datePublished\":\"2025-07-07T14:06:57+00:00\",\"dateModified\":\"2026-01-05T08:16:19+00:00\",\"description\":\"Cumpara SONY PlayStation VR 2 \u00een Chi\u0219in\u0103u\",\"breadcrumb\":{\"@id\":\"https:\\\/\\\/sonycenter.md\\\/ro\\\/magazin\\\/playstation-vr-2\\\/#breadcrumb\"},\"inLanguage\":\"ro-RO\",\"potentialAction\":[{\"@type\":\"ReadAction\",\"target\":[\"https:\\\/\\\/sonycenter.md\\\/ro\\\/magazin\\\/playstation-vr-2\\\/\"]}]},{\"@type\":\"ImageObject\",\"inLanguage\":\"ro-RO\",\"@id\":\"https:\\\/\\\/sonycenter.md\\\/ro\\\/magazin\\\/playstation-vr-2\\\/#primaryimage\",\"url\":\"https:\\\/\\\/sonycenter.md\\\/wp-content\\\/uploads\\\/2024\\\/05\\\/vr2-3.jpg\",\"contentUrl\":\"https:\\\/\\\/sonycenter.md\\\/wp-content\\\/uploads\\\/2024\\\/05\\\/vr2-3.jpg\",\"width\":600,\"height\":600,\"caption\":\"PlayStation VR2\"},{\"@type\":\"BreadcrumbList\",\"@id\":\"https:\\\/\\\/sonycenter.md\\\/ro\\\/magazin\\\/playstation-vr-2\\\/#breadcrumb\",\"itemListElement\":[{\"@type\":\"ListItem\",\"position\":1,\"name\":\"\u0413\u043b\u0430\u0432\u043d\u0430\u044f \u0441\u0442\u0440\u0430\u043d\u0438\u0446\u0430\",\"item\":\"https:\\\/\\\/sonycenter.md\\\/ro\\\/\"},{\"@type\":\"ListItem\",\"position\":2,\"name\":\"Magazin\",\"item\":\"https:\\\/\\\/sonycenter.md\\\/shop\\\/\"},{\"@type\":\"ListItem\",\"position\":3,\"name\":\"PlayStation VR2\"}]},{\"@type\":\"WebSite\",\"@id\":\"http:\\\/\\\/sonycenter.md\\\/ro\\\/#website\",\"url\":\"http:\\\/\\\/sonycenter.md\\\/ro\\\/\",\"name\":\"sonycenter.md\",\"description\":\"SONYCENTER \u00een Chi\u0219in\u0103u\",\"publisher\":{\"@id\":\"http:\\\/\\\/sonycenter.md\\\/ro\\\/#organization\"},\"potentialAction\":[{\"@type\":\"SearchAction\",\"target\":{\"@type\":\"EntryPoint\",\"urlTemplate\":\"http:\\\/\\\/sonycenter.md\\\/ro\\\/?s={search_term_string}\"},\"query-input\":{\"@type\":\"PropertyValueSpecification\",\"valueRequired\":true,\"valueName\":\"search_term_string\"}}],\"inLanguage\":\"ro-RO\"},{\"@type\":\"Organization\",\"@id\":\"http:\\\/\\\/sonycenter.md\\\/ro\\\/#organization\",\"name\":\"sonycenter.md\",\"url\":\"http:\\\/\\\/sonycenter.md\\\/ro\\\/\",\"logo\":{\"@type\":\"ImageObject\",\"inLanguage\":\"ro-RO\",\"@id\":\"http:\\\/\\\/sonycenter.md\\\/ro\\\/#\\\/schema\\\/logo\\\/image\\\/\",\"url\":\"\",\"contentUrl\":\"\",\"caption\":\"sonycenter.md\"},\"image\":{\"@id\":\"http:\\\/\\\/sonycenter.md\\\/ro\\\/#\\\/schema\\\/logo\\\/image\\\/\"}}]}<\/script>\n<!-- \/ Yoast SEO plugin. -->","yoast_head_json":{"title":"PlayStation VR 2 \u00een Chi\u0219in\u0103u","description":"Cumpara SONY PlayStation VR 2 \u00een Chi\u0219in\u0103u","robots":{"index":"index","follow":"follow","max-snippet":"max-snippet:-1","max-image-preview":"max-image-preview:large","max-video-preview":"max-video-preview:-1"},"canonical":"https:\/\/sonycenter.md\/ro\/magazin\/playstation-vr-2\/","og_locale":"ro_RO","og_type":"article","og_title":"PlayStation VR 2 \u00een Chi\u0219in\u0103u","og_description":"Cumpara SONY PlayStation VR 2 \u00een Chi\u0219in\u0103u","og_url":"https:\/\/sonycenter.md\/ro\/magazin\/playstation-vr-2\/","og_site_name":"SONY","article_modified_time":"2026-01-05T08:16:19+00:00","og_image":[{"width":600,"height":600,"url":"https:\/\/sonycenter.md\/wp-content\/uploads\/2024\/05\/vr2-3.jpg","type":"image\/jpeg"}],"twitter_card":"summary_large_image","twitter_misc":{"Est. reading time":"2 minutes"},"schema":{"@context":"https:\/\/schema.org","@graph":[{"@type":["WebPage","ItemPage"],"@id":"https:\/\/sonycenter.md\/ro\/magazin\/playstation-vr-2\/","url":"https:\/\/sonycenter.md\/ro\/magazin\/playstation-vr-2\/","name":"PlayStation VR 2 \u00een Chi\u0219in\u0103u","isPartOf":{"@id":"https:\/\/sonycenter.md\/ro\/#website"},"primaryImageOfPage":{"@id":"https:\/\/sonycenter.md\/ro\/magazin\/playstation-vr-2\/#primaryimage"},"image":{"@id":"https:\/\/sonycenter.md\/ro\/magazin\/playstation-vr-2\/#primaryimage"},"thumbnailUrl":"https:\/\/sonycenter.md\/wp-content\/uploads\/2024\/05\/vr2-3.jpg","datePublished":"2025-07-07T14:06:57+00:00","dateModified":"2026-01-05T08:16:19+00:00","description":"Cumpara SONY PlayStation VR 2 \u00een Chi\u0219in\u0103u","breadcrumb":{"@id":"https:\/\/sonycenter.md\/ro\/magazin\/playstation-vr-2\/#breadcrumb"},"inLanguage":"ro-RO","potentialAction":[{"@type":"ReadAction","target":["https:\/\/sonycenter.md\/ro\/magazin\/playstation-vr-2\/"]}]},{"@type":"ImageObject","inLanguage":"ro-RO","@id":"https:\/\/sonycenter.md\/ro\/magazin\/playstation-vr-2\/#primaryimage","url":"https:\/\/sonycenter.md\/wp-content\/uploads\/2024\/05\/vr2-3.jpg","contentUrl":"https:\/\/sonycenter.md\/wp-content\/uploads\/2024\/05\/vr2-3.jpg","width":600,"height":600,"caption":"PlayStation VR2"},{"@type":"BreadcrumbList","@id":"https:\/\/sonycenter.md\/ro\/magazin\/playstation-vr-2\/#breadcrumb","itemListElement":[{"@type":"ListItem","position":1,"name":"\u0413\u043b\u0430\u0432\u043d\u0430\u044f \u0441\u0442\u0440\u0430\u043d\u0438\u0446\u0430","item":"https:\/\/sonycenter.md\/ro\/"},{"@type":"ListItem","position":2,"name":"Magazin","item":"https:\/\/sonycenter.md\/shop\/"},{"@type":"ListItem","position":3,"name":"PlayStation VR2"}]},{"@type":"WebSite","@id":"https:\/\/sonycenter.md\/ro\/#website","url":"https:\/\/sonycenter.md\/ro\/","name":"sonycenter.md","description":"SONYCENTER \u00een Chi\u0219in\u0103u","publisher":{"@id":"https:\/\/sonycenter.md\/ro\/#organization"},"potentialAction":[{"@type":"SearchAction","target":{"@type":"EntryPoint","urlTemplate":"https:\/\/sonycenter.md\/ro\/?s={search_term_string}"},"query-input":{"@type":"PropertyValueSpecification","valueRequired":true,"valueName":"search_term_string"}}],"inLanguage":"ro-RO"},{"@type":"Organization","@id":"https:\/\/sonycenter.md\/ro\/#organization","name":"sonycenter.md","url":"https:\/\/sonycenter.md\/ro\/","logo":{"@type":"ImageObject","inLanguage":"ro-RO","@id":"https:\/\/sonycenter.md\/ro\/#\/schema\/logo\/image\/","url":"","contentUrl":"","caption":"sonycenter.md"},"image":{"@id":"https:\/\/sonycenter.md\/ro\/#\/schema\/logo\/image\/"}}]}},"_links":{"self":[{"href":"https:\/\/sonycenter.md\/ro\/wp-json\/wp\/v2\/product\/31740","targetHints":{"allow":["GET"]}}],"collection":[{"href":"https:\/\/sonycenter.md\/ro\/wp-json\/wp\/v2\/product"}],"about":[{"href":"https:\/\/sonycenter.md\/ro\/wp-json\/wp\/v2\/types\/product"}],"replies":[{"embeddable":true,"href":"https:\/\/sonycenter.md\/ro\/wp-json\/wp\/v2\/comments?post=31740"}],"wp:featuredmedia":[{"embeddable":true,"href":"https:\/\/sonycenter.md\/ro\/wp-json\/wp\/v2\/media\/27337"}],"wp:attachment":[{"href":"https:\/\/sonycenter.md\/ro\/wp-json\/wp\/v2\/media?parent=31740"}],"wp:term":[{"taxonomy":"product_brand","embeddable":true,"href":"https:\/\/sonycenter.md\/ro\/wp-json\/wp\/v2\/product_brand?post=31740"},{"taxonomy":"product_cat","embeddable":true,"href":"https:\/\/sonycenter.md\/ro\/wp-json\/wp\/v2\/product_cat?post=31740"},{"taxonomy":"product_tag","embeddable":true,"href":"https:\/\/sonycenter.md\/ro\/wp-json\/wp\/v2\/product_tag?post=31740"}],"curies":[{"name":"wp","href":"https:\/\/api.w.org\/{rel}","templated":true}]}}