{"id":31944,"date":"2025-07-21T17:18:20","date_gmt":"2025-07-21T14:18:20","guid":{"rendered":"https:\/\/sonycenter.md\/?post_type=product&#038;p=31944"},"modified":"2026-04-27T14:15:35","modified_gmt":"2026-04-27T11:15:35","slug":"mini-led-bravia-5","status":"publish","type":"product","link":"https:\/\/sonycenter.md\/ro\/magazin\/mini-led-bravia-5\/","title":{"rendered":"K75XR55 (BRAVIA 5)"},"content":{"rendered":"<p><span style=\"color: #000000;\">Specifica\u021bii complete pentru<span style=\"color: #0000ff;\"> <a style=\"color: #0000ff;\" href=\"https:\/\/sonycenter.md\/ro\/category\/televizoare-sony\/televizoare-mini-led\/\">televizor Mini LED<\/a><\/span> SONY K75XR55 din serie BRAVIA 5 :<\/span><\/p>\n<table style=\"height: 2340px;\" width=\"869\">\n<tbody>\n<tr>\n<td style=\"text-align: center;\" colspan=\"2\" width=\"497\"><span style=\"color: #000000;\"><strong>Greutate \u0219i dimensiuni<\/strong><\/span><\/td>\n<\/tr>\n<tr>\n<td><span style=\"color: #000000;\"><strong>Dimensiune ecran (inchi, pe diagonal\u0103)<\/strong><\/span><\/td>\n<td><span style=\"color: #000000;\">75<\/span><\/td>\n<\/tr>\n<tr>\n<td><span style=\"color: #000000;\"><strong>Dimensiune ecran (cm, pe diagonal\u0103)<\/strong><\/span><\/td>\n<td><span style=\"color: #000000;\">189<\/span><\/td>\n<\/tr>\n<tr>\n<td><span style=\"color: #000000;\"><strong>TV f\u0103r\u0103 stativ <\/strong><\/span><\/td>\n<td><span style=\"color: #000000;\">Aprox. 167,1cm x 96,0cm x 6,0cm<\/span><\/td>\n<\/tr>\n<tr>\n<td><span style=\"color: #000000;\"><strong>Tv cu suport (interior) <\/strong><\/span><\/td>\n<td><span style=\"color: #000000;\">Aprox. 167,1cm x 99,0cm x 40,5cm<\/span><\/td>\n<\/tr>\n<tr>\n<td><span style=\"color: #000000;\"><strong>Tv cu suport (interior pentru bar\u0103 de sunet) <\/strong><\/span><\/td>\n<td><span style=\"color: #000000;\">Aprox. 167,1cm x 103,9cm x 40,5cm<\/span><\/td>\n<\/tr>\n<tr>\n<td><span style=\"color: #000000;\"><strong>Dimensiune carton ambalaj (l x \u00ee x a)<\/strong><\/span><\/td>\n<td><span style=\"color: #000000;\">Aprox. 181,0cm x 111,4cm x 18,0cm<\/span><\/td>\n<\/tr>\n<tr>\n<td><span style=\"color: #000000;\"><strong>L\u0103\u021bime suport <\/strong><\/span><\/td>\n<td><span style=\"color: #000000;\">Aprox. 51,7cm<\/span><\/td>\n<\/tr>\n<tr>\n<td><span style=\"color: #000000;\"><strong>Dimensiune gaur\u0103 vesa\u00ae (l x \u00ee)<\/strong><\/span><\/td>\n<td><span style=\"color: #000000;\">30 x 30 cm<\/span><\/td>\n<\/tr>\n<tr>\n<td><span style=\"color: #000000;\"><strong>Greutate televizor f\u0103r\u0103 stativ<\/strong><\/span><\/td>\n<td><span style=\"color: #000000;\">Aprox. 36,2kg<\/span><\/td>\n<\/tr>\n<tr>\n<td><span style=\"color: #000000;\"><strong>Tv cu suport (greutate)<\/strong><\/span><\/td>\n<td><span style=\"color: #000000;\">Aprox. 38,6kg<\/span><\/td>\n<\/tr>\n<tr>\n<td><span style=\"color: #000000;\"><strong>Greutate carton ambalaj (brut\u0103)<\/strong><\/span><\/td>\n<td><span style=\"color: #000000;\">Aprox. 50 kg<\/span><\/td>\n<\/tr>\n<tr>\n<td style=\"text-align: center;\" colspan=\"2\"><span style=\"color: #000000;\"><strong>Conectivitate<\/strong><\/span><\/td>\n<\/tr>\n<tr>\n<td><span style=\"color: #000000;\"><strong>Standard Wi-Fi<\/strong><\/span><\/td>\n<td><span style=\"color: #000000;\">Wi-Fi Certified 802.11Wi-Fi 6<\/span><\/td>\n<\/tr>\n<tr>\n<td><span style=\"color: #000000;\"><strong>Frecven\u021b\u0103 Wi-Fi<\/strong><\/span><\/td>\n<td><span style=\"color: #000000;\">2,4GHz\/5GHz<\/span><\/td>\n<\/tr>\n<tr>\n<td><span style=\"color: #000000;\"><strong>Intr\u0103ri LAN<\/strong><\/span><\/td>\n<td><span style=\"color: #000000;\">1 (lateral)<\/span><\/td>\n<\/tr>\n<tr>\n<td><span style=\"color: #000000;\"><strong>Profiluri bluetooth acceptate<\/strong><\/span><\/td>\n<td><span style=\"color: #000000;\">Versiunea 5.3<\/span><\/td>\n<\/tr>\n<tr>\n<td><span style=\"color: #000000;\"><strong>Chromecast built-in<\/strong><\/span><\/td>\n<td><span style=\"color: #000000;\">Da<\/span><\/td>\n<\/tr>\n<tr>\n<td><span style=\"color: #000000;\"><strong>Apple airplay<\/strong><\/span><\/td>\n<td><span style=\"color: #000000;\">Da<\/span><\/td>\n<\/tr>\n<tr>\n<td><span style=\"color: #000000;\"><strong>Apple homekit<\/strong><\/span><\/td>\n<td><span style=\"color: #000000;\">Da<\/span><\/td>\n<\/tr>\n<tr>\n<td><span style=\"color: #000000;\"><strong>Intr\u0103ri conexiuni rf (terestru\/cablu)<\/strong><\/span><\/td>\n<td><span style=\"color: #000000;\">1 (lateral)<\/span><\/td>\n<\/tr>\n<tr>\n<td><span style=\"color: #000000;\"><strong>Intr\u0103ri if (satelit)<\/strong><\/span><\/td>\n<td><span style=\"color: #000000;\">2 (lateral)<\/span><\/td>\n<\/tr>\n<tr>\n<td><span style=\"color: #000000;\"><strong>Total intr\u0103ri HDMI<\/strong><\/span><\/td>\n<td><span style=\"color: #000000;\">4 (4 \u00een lateral)<\/span><\/td>\n<\/tr>\n<tr>\n<td><span style=\"color: #000000;\"><strong>HDCP<\/strong><\/span><\/td>\n<td><span style=\"color: #000000;\">HDCP2.3(for HDMI&#x2122;1\/2\/3\/4)<\/span><\/td>\n<\/tr>\n<tr>\n<td><span style=\"color: #000000;\"><strong>Bravia Sync (inclusiv HDMI-CEC)<\/strong><\/span><\/td>\n<td><span style=\"color: #000000;\">Da<\/span><\/td>\n<\/tr>\n<tr>\n<td><span style=\"color: #000000;\"><strong>Caracteristici specificate \u00een HDMI 2.1<\/strong><\/span><\/td>\n<td><span style=\"color: #000000;\">4K120\/eARC\/VRR\/ALLM\/SBTM<\/span><\/td>\n<\/tr>\n<tr>\n<td><span style=\"color: #000000;\"><strong>Canal de redare audio HDMI<\/strong><\/span><\/td>\n<td><span style=\"color: #000000;\">Da (eARC\/ARC)<\/span><\/td>\n<\/tr>\n<tr>\n<td><span style=\"color: #000000;\"><strong>Ie\u015firi audio digitale (optic)<\/strong><\/span><\/td>\n<td><span style=\"color: #000000;\">1 (lateral)<\/span><\/td>\n<\/tr>\n<tr>\n<td><span style=\"color: #000000;\"><strong>Porturi USB<\/strong><\/span><\/td>\n<td><span style=\"color: #000000;\">2 (lateral)<\/span><\/td>\n<\/tr>\n<tr>\n<td style=\"text-align: center;\" colspan=\"2\"><span style=\"color: #000000;\"><strong>Imagine (panou)<\/strong><\/span><\/td>\n<\/tr>\n<tr>\n<td><span style=\"color: #000000;\"><strong>Tip de afi\u015faj<\/strong><\/span><\/td>\n<td><span style=\"color: #000000;\">LCD<\/span><\/td>\n<\/tr>\n<tr>\n<td><span style=\"color: #000000;\"><strong>Tip de iluminare din spate<\/strong><\/span><\/td>\n<td><span style=\"color: #000000;\">Mini LED<\/span><\/td>\n<\/tr>\n<tr>\n<td><span style=\"color: #000000;\"><strong>Tip de regulare a iluminii de fondoare<\/strong><\/span><\/td>\n<td><span style=\"color: #000000;\">Local Dimming<\/span><\/td>\n<\/tr>\n<tr>\n<td><span style=\"color: #000000;\"><strong>Rezolu\u0163ie afi\u015faj<\/strong><\/span><\/td>\n<td><span style=\"color: #000000;\">3840 x 2160<\/span><\/td>\n<\/tr>\n<tr>\n<td><span style=\"color: #000000;\"><strong>Rat\u0103 de re\u00eemrosp\u0103tare panou<\/strong><\/span><\/td>\n<td><span style=\"color: #000000;\">120 Hz<\/span><\/td>\n<\/tr>\n<tr>\n<td style=\"text-align: center;\" colspan=\"2\"><span style=\"color: #000000;\"><strong>Imagine (procesare)<\/strong><\/span><\/td>\n<\/tr>\n<tr>\n<td><span style=\"color: #000000;\"><strong>Procesor<\/strong><\/span><\/td>\n<td><span style=\"color: #000000;\">XR Processor<\/span><\/td>\n<\/tr>\n<tr>\n<td><span style=\"color: #000000;\"><strong>\u00cembun\u0103t\u0103\u021bire contrast<\/strong><\/span><\/td>\n<td><span style=\"color: #000000;\">XR Backlight Master Drive, XR Contrast Booster 10<\/span><\/td>\n<\/tr>\n<tr>\n<td><span style=\"color: #000000;\"><strong>\u00cembun\u0103t\u0103\u0163irea culorilor<\/strong><\/span><\/td>\n<td><span style=\"color: #000000;\">XR &#8211; TRILUMINOS PRO&#x2122;, Tehnologie Live Colour&#x2122;<\/span><\/td>\n<\/tr>\n<tr>\n<td><span style=\"color: #000000;\"><strong>Optimizare claritate<\/strong><\/span><\/td>\n<td><span style=\"color: #000000;\">XR Clear Image<\/span><\/td>\n<\/tr>\n<tr>\n<td><span style=\"color: #000000;\"><strong>\u00cembun\u0103t\u0103\u021bire mi\u0219care<\/strong><\/span><\/td>\n<td><span style=\"color: #000000;\">XR Motion Clarity, mod Automat<\/span><\/td>\n<\/tr>\n<tr>\n<td><span style=\"color: #000000;\"><strong>Compatibilitate HDR<\/strong><\/span><\/td>\n<td><span style=\"color: #000000;\">Da (HDR10, HLG, Dolby Vision)<\/span><\/td>\n<\/tr>\n<tr>\n<td><span style=\"color: #000000;\"><strong>Calibrat de studio<\/strong><\/span><\/td>\n<td><span style=\"color: #000000;\">Netflix, SONY PICTURES CORE, Amazon Prime<\/span><\/td>\n<\/tr>\n<tr>\n<td style=\"text-align: center;\" colspan=\"2\"><span style=\"color: #000000;\"><strong>Sunet (boxe \u015fi amplificator)<\/strong><\/span><\/td>\n<\/tr>\n<tr>\n<td><span style=\"color: #000000;\"><strong>Putere de ie\u015fire audio<\/strong><\/span><\/td>\n<td><span style=\"color: #000000;\">10 W + 10 W + 10 W + 10 W<\/span><\/td>\n<\/tr>\n<tr>\n<td><span style=\"color: #000000;\"><strong>Configura\u0163ie boxe<\/strong><\/span><\/td>\n<td><span style=\"color: #000000;\">Gam\u0103 complet\u0103 (Bass Reflex) x2, tweeter x2<\/span><\/td>\n<\/tr>\n<tr>\n<td style=\"text-align: center;\" colspan=\"2\"><span style=\"color: #000000;\"><strong>Sunet (procesare)<\/strong><\/span><\/td>\n<\/tr>\n<tr>\n<td><span style=\"color: #000000;\"><strong>Suport format audio Dolby<\/strong><\/span><\/td>\n<td><span style=\"color: #000000;\">Dolby&#x2122; Audio, Dolby&#x2122; Atmos<\/span><\/td>\n<\/tr>\n<tr>\n<td><span style=\"color: #000000;\"><strong>Suport format audio DTS<\/strong><\/span><\/td>\n<td><span style=\"color: #000000;\">DTS Digital Surround, DTS Express, DTS-HD Master Audio, DTS-HD High Resolution Audio, DTS:X<\/span><\/td>\n<\/tr>\n<tr>\n<td><span style=\"color: #000000;\"><strong>Calibrare acustic\u0103 automat\u0103<\/strong><\/span><\/td>\n<td><span style=\"color: #000000;\">Compensare pozi\u021bie utilizator \u0219i \u00eenc\u0103pere<\/span><\/td>\n<\/tr>\n<tr>\n<td><span style=\"color: #000000;\"><strong>Zoom vocal<\/strong><\/span><\/td>\n<td><span style=\"color: #000000;\">Voice Zoom 3<\/span><\/td>\n<\/tr>\n<tr>\n<td><span style=\"color: #000000;\"><strong>Sunet surround simulat<\/strong><\/span><\/td>\n<td><span style=\"color: #000000;\">Conversie extins\u0103 pentru sunet surround 3D<\/span><\/td>\n<\/tr>\n<tr>\n<td><span style=\"color: #000000;\"><strong>Sincronizare cu centrul acustic<\/strong><\/span><\/td>\n<td><span style=\"color: #000000;\">Da (bar\u0103 de sunet compatibil\u0103 Sony)<\/span><\/td>\n<\/tr>\n<tr>\n<td><span style=\"color: #000000;\"><strong>Compatibilitate cu 360 spatial sound personalizer<\/strong><\/span><\/td>\n<td><span style=\"color: #000000;\">Da (prin Bluetooth)<\/span><\/td>\n<\/tr>\n<tr>\n<td style=\"text-align: center;\" colspan=\"2\"><span style=\"color: #000000;\"><strong>Software<\/strong><\/span><\/td>\n<\/tr>\n<tr>\n<td><span style=\"color: #000000;\"><strong>Sistem de operare<\/strong><\/span><\/td>\n<td><span style=\"color: #000000;\">Android TV&#x2122;<\/span><\/td>\n<\/tr>\n<tr>\n<td><span style=\"color: #000000;\"><strong>Smart TV<\/strong><\/span><\/td>\n<td><span style=\"color: #000000;\">Google TV&#x2122;<\/span><\/td>\n<\/tr>\n<tr>\n<td><span style=\"color: #000000;\"><strong>Stocare intern\u0103 (Gb)<\/strong><\/span><\/td>\n<td><span style=\"color: #000000;\">32 GB<\/span><\/td>\n<\/tr>\n<tr>\n<td><span style=\"color: #000000;\"><strong>Eco Dashboard<\/strong><\/span><\/td>\n<td><span style=\"color: #000000;\">Da<\/span><\/td>\n<\/tr>\n<tr>\n<td><span style=\"color: #000000;\"><strong>C\u0103utare vocal\u0103<\/strong><\/span><\/td>\n<td><span style=\"color: #000000;\">(C\u0103utare vocal\u0103) Da\/(Microfon \u00eencorporat) Da<\/span><\/td>\n<\/tr>\n<tr>\n<td><span style=\"color: #000000;\"><strong>Comutator de microfon \u00eencorporat<\/strong><\/span><\/td>\n<td><span style=\"color: #000000;\">Da (Central)<\/span><\/td>\n<\/tr>\n<tr>\n<td><span style=\"color: #000000;\"><strong>Ghid electronic de programe (epg)<\/strong><\/span><\/td>\n<td><span style=\"color: #000000;\">Da<\/span><\/td>\n<\/tr>\n<tr>\n<td><span style=\"color: #000000;\"><strong>Control menu<\/strong><\/span><\/td>\n<td><span style=\"color: #000000;\">Da<\/span><\/td>\n<\/tr>\n<tr>\n<td><span style=\"color: #000000;\"><strong>Browser de internet<\/strong><\/span><\/td>\n<td><span style=\"color: #000000;\">Da<\/span><\/td>\n<\/tr>\n<tr>\n<td><span style=\"color: #000000;\"><strong>Ecrane multiple de gaming pe youtube<\/strong><\/span><\/td>\n<td><span style=\"color: #000000;\">Da<\/span><\/td>\n<\/tr>\n<tr>\n<td><span style=\"color: #000000;\"><strong>Magazin de aplica\u0163ii<\/strong><\/span><\/td>\n<td><span style=\"color: #000000;\">Da (Magazinul Google Play)<\/span><\/td>\n<\/tr>\n<tr>\n<td><span style=\"color: #000000;\"><strong>Temporizator de oprire\/pornire<\/strong><\/span><\/td>\n<td><span style=\"color: #000000;\">Da<\/span><\/td>\n<\/tr>\n<tr>\n<td><span style=\"color: #000000;\"><strong>Temporizator pentru oprire<\/strong><\/span><\/td>\n<td><span style=\"color: #000000;\">Da<\/span><\/td>\n<\/tr>\n<tr>\n<td><span style=\"color: #000000;\"><strong>Teletext<\/strong><\/span><\/td>\n<td><span style=\"color: #000000;\">Da<\/span><\/td>\n<\/tr>\n<tr>\n<td><span style=\"color: #000000;\"><strong>Calibrare automat\u0103 cu Calman\u00ae<\/strong><\/span><\/td>\n<td><span style=\"color: #000000;\">Da<\/span><\/td>\n<\/tr>\n<tr>\n<td style=\"text-align: center;\" colspan=\"2\"><span style=\"color: #000000;\"><strong>Func\u021bii pentru Playstation\u00ae5<\/strong><\/span><\/td>\n<\/tr>\n<tr>\n<td><span style=\"color: #000000;\"><strong>Mapare automat\u0103 a tonurilor HDR<\/strong><\/span><\/td>\n<td><span style=\"color: #000000;\">Da<\/span><\/td>\n<\/tr>\n<tr>\n<td><span style=\"color: #000000;\"><strong>Mod imagine cu detectare automat\u0103 a genului<\/strong><\/span><\/td>\n<td><span style=\"color: #000000;\">Da<\/span><\/td>\n<\/tr>\n<tr>\n<td style=\"text-align: center;\" colspan=\"2\"><span style=\"color: #000000;\"><strong>Tuner \u00eencorporat<\/strong><\/span><\/td>\n<\/tr>\n<tr>\n<td><span style=\"color: #000000;\"><strong>Num\u0103r de tunere (terestru\/cablu)<\/strong><\/span><\/td>\n<td><span style=\"color: #000000;\">2 (digitale)\/1 (analogic)<\/span><\/td>\n<\/tr>\n<tr>\n<td><span style=\"color: #000000;\"><strong>Num\u0103r de tunere (sat)<\/strong><\/span><\/td>\n<td><span style=\"color: #000000;\">2<\/span><\/td>\n<\/tr>\n<tr>\n<td><span style=\"color: #000000;\"><strong>Sistem tv (analogic)<\/strong><\/span><\/td>\n<td><span style=\"color: #000000;\">B\/G, D\/K<\/span><\/td>\n<\/tr>\n<tr>\n<td><span style=\"color: #000000;\"><strong>Acoperire canal tuner (analogic)<\/strong><\/span><\/td>\n<td><span style=\"color: #000000;\">45,25MHz-863,25MHz (\u00een func\u021bie de \u021bar\u0103\/regiune)<\/span><\/td>\n<\/tr>\n<tr>\n<td><span style=\"color: #000000;\"><strong>Sistem tv (terestru digital)<\/strong><\/span><\/td>\n<td><span style=\"color: #000000;\">DVB-T\/T2<\/span><\/td>\n<\/tr>\n<tr>\n<td><span style=\"color: #000000;\"><strong>Acoperire canal tuner (terestru digital)<\/strong><\/span><\/td>\n<td><span style=\"color: #000000;\">VHF\/UHF (\u00een func\u021bie de \u021bar\u0103\/regiune)<\/span><\/td>\n<\/tr>\n<tr>\n<td><span style=\"color: #000000;\"><strong>Sistem tv (cablu digital)<\/strong><\/span><\/td>\n<td><span style=\"color: #000000;\">DVB-C<\/span><\/td>\n<\/tr>\n<tr>\n<td><span style=\"color: #000000;\"><strong>Acoperire canal tuner (cablu digital)<\/strong><\/span><\/td>\n<td><span style=\"color: #000000;\">VHF\/UHF\/cablu (\u00een func\u021bie de \u021bar\u0103\/regiune)<\/span><\/td>\n<\/tr>\n<tr>\n<td><span style=\"color: #000000;\"><strong>Sistem tv (satelit digital)<\/strong><\/span><\/td>\n<td><span style=\"color: #000000;\">DVB-S\/S2<\/span><\/td>\n<\/tr>\n<tr>\n<td><span style=\"color: #000000;\"><strong>Acoperire canal tuner (satelit digital)<\/strong><\/span><\/td>\n<td><span style=\"color: #000000;\">Frecven\u021b\u0103 intermediar\u0103 950 &#8211; 2150 MHz<\/span><\/td>\n<\/tr>\n<tr>\n<td><span style=\"color: #000000;\"><strong>Ci+<\/strong><\/span><\/td>\n<td><span style=\"color: #000000;\">Da<\/span><\/td>\n<\/tr>\n<\/tbody>\n<\/table>\n","protected":false},"excerpt":{"rendered":"<ul>\n<li><span style=\"color: #000000;\">Diagonala ecranului : 75 inch (189 cm)<\/span><\/li>\n<li><span style=\"color: #000000;\">Rezolu\u021bia ecranului : 4K (3840 x 2160 pixeli)<\/span><\/li>\n<li><span style=\"color: #000000;\">Tip de iluminare din spate : Mini LED cu Local Dimming<\/span><\/li>\n<li><span style=\"color: #000000;\">Smart TV : Google TV<\/span><\/li>\n<li><span style=\"color: #000000;\">Magazin de aplica\u021bii : Da (Google Play)<\/span><\/li>\n<li><span style=\"color: #000000;\">Control \u0219i c\u0103utare vocal\u0103 : Da (telecomand\u0103 \u0219i televizor cu microfon)<\/span><\/li>\n<li><span style=\"color: #000000;\">Bluetooth : 5.3 (pentru audio \u0219i accesorii)<\/span><\/li>\n<li><span style=\"color: #000000;\">Conexiune la internet : Wi-Fi sau conexiune prin cablu<\/span><\/li>\n<li><span style=\"color: #000000;\">Op\u021biune de montare pe perete : Da (Vesa 300\u00d7300)<\/span><\/li>\n<li><span style=\"color: #000000;\">Garan\u021bie complet\u0103 pentru televizor : 2 ani<\/span><\/li>\n<\/ul>\n","protected":false},"featured_media":30387,"comment_status":"open","ping_status":"closed","template":"","meta":[],"product_brand":[],"product_cat":[865],"product_tag":[],"class_list":{"0":"post-31944","1":"product","2":"type-product","3":"status-publish","4":"has-post-thumbnail","6":"product_cat-televizoare-mini-led","7":"pa_diagonali-75-ro","9":"first","10":"instock","11":"sale","12":"shipping-taxable","13":"purchasable","14":"product-type-simple"},"yoast_head":"<!-- This site is optimized with the Yoast SEO plugin v27.4 - https:\/\/yoast.com\/product\/yoast-seo-wordpress\/ -->\n<title>SONY K75XR55 | Mini LED BRAVIA 5 \u00een Moldova<\/title>\n<meta name=\"description\" content=\"Cumpara de la un dealer oficial SONY in Moldova | Noul Mini LED BRAVIA 5 in Chisinau | SONY K75XR55 cu garantie de firma si livrare gratuita\" \/>\n<meta name=\"robots\" content=\"index, follow, max-snippet:-1, max-image-preview:large, max-video-preview:-1\" \/>\n<link rel=\"canonical\" href=\"https:\/\/sonycenter.md\/ro\/magazin\/mini-led-bravia-5\/\" \/>\n<meta property=\"og:locale\" content=\"ro_RO\" \/>\n<meta property=\"og:type\" content=\"article\" \/>\n<meta property=\"og:title\" content=\"SONY K75XR55 | Mini LED BRAVIA 5 \u00een Moldova\" \/>\n<meta property=\"og:description\" content=\"Cumpara de la un dealer oficial SONY in Moldova | Noul Mini LED BRAVIA 5 in Chisinau | SONY K75XR55 cu garantie de firma si livrare gratuita\" \/>\n<meta property=\"og:url\" content=\"https:\/\/sonycenter.md\/ro\/magazin\/mini-led-bravia-5\/\" \/>\n<meta property=\"og:site_name\" content=\"SONY\" \/>\n<meta property=\"article:modified_time\" content=\"2026-04-27T11:15:35+00:00\" \/>\n<meta property=\"og:image\" content=\"https:\/\/sonycenter.md\/wp-content\/uploads\/2025\/06\/bravia-5-2.jpg\" \/>\n\t<meta property=\"og:image:width\" content=\"600\" \/>\n\t<meta property=\"og:image:height\" content=\"600\" \/>\n\t<meta property=\"og:image:type\" content=\"image\/jpeg\" \/>\n<meta name=\"twitter:card\" content=\"summary_large_image\" \/>\n<meta name=\"twitter:label1\" content=\"Est. reading time\" \/>\n\t<meta name=\"twitter:data1\" content=\"4 minutes\" \/>\n<script type=\"application\/ld+json\" class=\"yoast-schema-graph\">{\"@context\":\"https:\\\/\\\/schema.org\",\"@graph\":[{\"@type\":[\"WebPage\",\"ItemPage\"],\"@id\":\"https:\\\/\\\/sonycenter.md\\\/ro\\\/magazin\\\/mini-led-bravia-5\\\/\",\"url\":\"https:\\\/\\\/sonycenter.md\\\/ro\\\/magazin\\\/mini-led-bravia-5\\\/\",\"name\":\"SONY K75XR55 | Mini LED BRAVIA 5 \u00een Moldova\",\"isPartOf\":{\"@id\":\"http:\\\/\\\/sonycenter.md\\\/ro\\\/#website\"},\"primaryImageOfPage\":{\"@id\":\"https:\\\/\\\/sonycenter.md\\\/ro\\\/magazin\\\/mini-led-bravia-5\\\/#primaryimage\"},\"image\":{\"@id\":\"https:\\\/\\\/sonycenter.md\\\/ro\\\/magazin\\\/mini-led-bravia-5\\\/#primaryimage\"},\"thumbnailUrl\":\"https:\\\/\\\/sonycenter.md\\\/wp-content\\\/uploads\\\/2025\\\/06\\\/bravia-5-2.jpg\",\"datePublished\":\"2025-07-21T14:18:20+00:00\",\"dateModified\":\"2026-04-27T11:15:35+00:00\",\"description\":\"Cumpara de la un dealer oficial SONY in Moldova | Noul Mini LED BRAVIA 5 in Chisinau | SONY K75XR55 cu garantie de firma si livrare gratuita\",\"breadcrumb\":{\"@id\":\"https:\\\/\\\/sonycenter.md\\\/ro\\\/magazin\\\/mini-led-bravia-5\\\/#breadcrumb\"},\"inLanguage\":\"ro-RO\",\"potentialAction\":[{\"@type\":\"ReadAction\",\"target\":[\"https:\\\/\\\/sonycenter.md\\\/ro\\\/magazin\\\/mini-led-bravia-5\\\/\"]}]},{\"@type\":\"ImageObject\",\"inLanguage\":\"ro-RO\",\"@id\":\"https:\\\/\\\/sonycenter.md\\\/ro\\\/magazin\\\/mini-led-bravia-5\\\/#primaryimage\",\"url\":\"https:\\\/\\\/sonycenter.md\\\/wp-content\\\/uploads\\\/2025\\\/06\\\/bravia-5-2.jpg\",\"contentUrl\":\"https:\\\/\\\/sonycenter.md\\\/wp-content\\\/uploads\\\/2025\\\/06\\\/bravia-5-2.jpg\",\"width\":600,\"height\":600,\"caption\":\"K75XR55 (BRAVIA 5)\"},{\"@type\":\"BreadcrumbList\",\"@id\":\"https:\\\/\\\/sonycenter.md\\\/ro\\\/magazin\\\/mini-led-bravia-5\\\/#breadcrumb\",\"itemListElement\":[{\"@type\":\"ListItem\",\"position\":1,\"name\":\"\u0413\u043b\u0430\u0432\u043d\u0430\u044f \u0441\u0442\u0440\u0430\u043d\u0438\u0446\u0430\",\"item\":\"https:\\\/\\\/sonycenter.md\\\/ro\\\/\"},{\"@type\":\"ListItem\",\"position\":2,\"name\":\"Magazin\",\"item\":\"https:\\\/\\\/sonycenter.md\\\/shop\\\/\"},{\"@type\":\"ListItem\",\"position\":3,\"name\":\"K75XR55 (BRAVIA 5)\"}]},{\"@type\":\"WebSite\",\"@id\":\"http:\\\/\\\/sonycenter.md\\\/ro\\\/#website\",\"url\":\"http:\\\/\\\/sonycenter.md\\\/ro\\\/\",\"name\":\"sonycenter.md\",\"description\":\"SONYCENTER \u00een Chi\u0219in\u0103u\",\"publisher\":{\"@id\":\"http:\\\/\\\/sonycenter.md\\\/ro\\\/#organization\"},\"potentialAction\":[{\"@type\":\"SearchAction\",\"target\":{\"@type\":\"EntryPoint\",\"urlTemplate\":\"http:\\\/\\\/sonycenter.md\\\/ro\\\/?s={search_term_string}\"},\"query-input\":{\"@type\":\"PropertyValueSpecification\",\"valueRequired\":true,\"valueName\":\"search_term_string\"}}],\"inLanguage\":\"ro-RO\"},{\"@type\":\"Organization\",\"@id\":\"http:\\\/\\\/sonycenter.md\\\/ro\\\/#organization\",\"name\":\"sonycenter.md\",\"url\":\"http:\\\/\\\/sonycenter.md\\\/ro\\\/\",\"logo\":{\"@type\":\"ImageObject\",\"inLanguage\":\"ro-RO\",\"@id\":\"http:\\\/\\\/sonycenter.md\\\/ro\\\/#\\\/schema\\\/logo\\\/image\\\/\",\"url\":\"\",\"contentUrl\":\"\",\"caption\":\"sonycenter.md\"},\"image\":{\"@id\":\"http:\\\/\\\/sonycenter.md\\\/ro\\\/#\\\/schema\\\/logo\\\/image\\\/\"}}]}<\/script>\n<!-- \/ Yoast SEO plugin. -->","yoast_head_json":{"title":"SONY K75XR55 | Mini LED BRAVIA 5 \u00een Moldova","description":"Cumpara de la un dealer oficial SONY in Moldova | Noul Mini LED BRAVIA 5 in Chisinau | SONY K75XR55 cu garantie de firma si livrare gratuita","robots":{"index":"index","follow":"follow","max-snippet":"max-snippet:-1","max-image-preview":"max-image-preview:large","max-video-preview":"max-video-preview:-1"},"canonical":"https:\/\/sonycenter.md\/ro\/magazin\/mini-led-bravia-5\/","og_locale":"ro_RO","og_type":"article","og_title":"SONY K75XR55 | Mini LED BRAVIA 5 \u00een Moldova","og_description":"Cumpara de la un dealer oficial SONY in Moldova | Noul Mini LED BRAVIA 5 in Chisinau | SONY K75XR55 cu garantie de firma si livrare gratuita","og_url":"https:\/\/sonycenter.md\/ro\/magazin\/mini-led-bravia-5\/","og_site_name":"SONY","article_modified_time":"2026-04-27T11:15:35+00:00","og_image":[{"width":600,"height":600,"url":"https:\/\/sonycenter.md\/wp-content\/uploads\/2025\/06\/bravia-5-2.jpg","type":"image\/jpeg"}],"twitter_card":"summary_large_image","twitter_misc":{"Est. reading time":"4 minutes"},"schema":{"@context":"https:\/\/schema.org","@graph":[{"@type":["WebPage","ItemPage"],"@id":"https:\/\/sonycenter.md\/ro\/magazin\/mini-led-bravia-5\/","url":"https:\/\/sonycenter.md\/ro\/magazin\/mini-led-bravia-5\/","name":"SONY K75XR55 | Mini LED BRAVIA 5 \u00een Moldova","isPartOf":{"@id":"https:\/\/sonycenter.md\/ro\/#website"},"primaryImageOfPage":{"@id":"https:\/\/sonycenter.md\/ro\/magazin\/mini-led-bravia-5\/#primaryimage"},"image":{"@id":"https:\/\/sonycenter.md\/ro\/magazin\/mini-led-bravia-5\/#primaryimage"},"thumbnailUrl":"https:\/\/sonycenter.md\/wp-content\/uploads\/2025\/06\/bravia-5-2.jpg","datePublished":"2025-07-21T14:18:20+00:00","dateModified":"2026-04-27T11:15:35+00:00","description":"Cumpara de la un dealer oficial SONY in Moldova | Noul Mini LED BRAVIA 5 in Chisinau | SONY K75XR55 cu garantie de firma si livrare gratuita","breadcrumb":{"@id":"https:\/\/sonycenter.md\/ro\/magazin\/mini-led-bravia-5\/#breadcrumb"},"inLanguage":"ro-RO","potentialAction":[{"@type":"ReadAction","target":["https:\/\/sonycenter.md\/ro\/magazin\/mini-led-bravia-5\/"]}]},{"@type":"ImageObject","inLanguage":"ro-RO","@id":"https:\/\/sonycenter.md\/ro\/magazin\/mini-led-bravia-5\/#primaryimage","url":"https:\/\/sonycenter.md\/wp-content\/uploads\/2025\/06\/bravia-5-2.jpg","contentUrl":"https:\/\/sonycenter.md\/wp-content\/uploads\/2025\/06\/bravia-5-2.jpg","width":600,"height":600,"caption":"K75XR55 (BRAVIA 5)"},{"@type":"BreadcrumbList","@id":"https:\/\/sonycenter.md\/ro\/magazin\/mini-led-bravia-5\/#breadcrumb","itemListElement":[{"@type":"ListItem","position":1,"name":"\u0413\u043b\u0430\u0432\u043d\u0430\u044f \u0441\u0442\u0440\u0430\u043d\u0438\u0446\u0430","item":"https:\/\/sonycenter.md\/ro\/"},{"@type":"ListItem","position":2,"name":"Magazin","item":"https:\/\/sonycenter.md\/shop\/"},{"@type":"ListItem","position":3,"name":"K75XR55 (BRAVIA 5)"}]},{"@type":"WebSite","@id":"https:\/\/sonycenter.md\/ro\/#website","url":"https:\/\/sonycenter.md\/ro\/","name":"sonycenter.md","description":"SONYCENTER \u00een Chi\u0219in\u0103u","publisher":{"@id":"https:\/\/sonycenter.md\/ro\/#organization"},"potentialAction":[{"@type":"SearchAction","target":{"@type":"EntryPoint","urlTemplate":"https:\/\/sonycenter.md\/ro\/?s={search_term_string}"},"query-input":{"@type":"PropertyValueSpecification","valueRequired":true,"valueName":"search_term_string"}}],"inLanguage":"ro-RO"},{"@type":"Organization","@id":"https:\/\/sonycenter.md\/ro\/#organization","name":"sonycenter.md","url":"https:\/\/sonycenter.md\/ro\/","logo":{"@type":"ImageObject","inLanguage":"ro-RO","@id":"https:\/\/sonycenter.md\/ro\/#\/schema\/logo\/image\/","url":"","contentUrl":"","caption":"sonycenter.md"},"image":{"@id":"https:\/\/sonycenter.md\/ro\/#\/schema\/logo\/image\/"}}]}},"_links":{"self":[{"href":"https:\/\/sonycenter.md\/ro\/wp-json\/wp\/v2\/product\/31944","targetHints":{"allow":["GET"]}}],"collection":[{"href":"https:\/\/sonycenter.md\/ro\/wp-json\/wp\/v2\/product"}],"about":[{"href":"https:\/\/sonycenter.md\/ro\/wp-json\/wp\/v2\/types\/product"}],"replies":[{"embeddable":true,"href":"https:\/\/sonycenter.md\/ro\/wp-json\/wp\/v2\/comments?post=31944"}],"wp:featuredmedia":[{"embeddable":true,"href":"https:\/\/sonycenter.md\/ro\/wp-json\/wp\/v2\/media\/30387"}],"wp:attachment":[{"href":"https:\/\/sonycenter.md\/ro\/wp-json\/wp\/v2\/media?parent=31944"}],"wp:term":[{"taxonomy":"product_brand","embeddable":true,"href":"https:\/\/sonycenter.md\/ro\/wp-json\/wp\/v2\/product_brand?post=31944"},{"taxonomy":"product_cat","embeddable":true,"href":"https:\/\/sonycenter.md\/ro\/wp-json\/wp\/v2\/product_cat?post=31944"},{"taxonomy":"product_tag","embeddable":true,"href":"https:\/\/sonycenter.md\/ro\/wp-json\/wp\/v2\/product_tag?post=31944"}],"curies":[{"name":"wp","href":"https:\/\/api.w.org\/{rel}","templated":true}]}}