{"id":31966,"date":"2025-07-23T16:59:15","date_gmt":"2025-07-23T13:59:15","guid":{"rendered":"https:\/\/sonycenter.md\/?post_type=product&#038;p=31966"},"modified":"2025-07-23T17:15:41","modified_gmt":"2025-07-23T14:15:41","slug":"dscrx1rm3","status":"publish","type":"product","link":"https:\/\/sonycenter.md\/ro\/magazin\/dscrx1rm3\/","title":{"rendered":"DSCRX1RM3"},"content":{"rendered":"<p><span style=\"color: #000000;\">Specifica\u021bii complete pentru<span style=\"color: #0000ff;\"><a style=\"color: #0000ff;\" href=\"https:\/\/sonycenter.md\/ro\/category\/camere-foto\/camere-cybershot\/\"> aparat foto compact<\/a><\/span> SONY RX1R III :<\/span><br \/>\n<iframe loading=\"lazy\" title=\"YouTube video player\" src=\"https:\/\/www.youtube.com\/embed\/8-wwnIp7tLs?si=9BSCBsMuewieUCuE\" width=\"560\" height=\"315\" frameborder=\"0\" allowfullscreen=\"allowfullscreen\"><\/iframe><\/p>\n<table style=\"height: 1599px;\" width=\"942\">\n<tbody>\n<tr>\n<td style=\"text-align: center;\" colspan=\"2\" width=\"447\"><span style=\"color: #000000;\"><strong>Specifica\u021bii generale<\/strong><\/span><\/td>\n<\/tr>\n<tr>\n<td><span style=\"color: #000000;\"><strong>Num\u0103r de pixeli (total)<\/strong><\/span><\/td>\n<td><span style=\"color: #000000;\">62,5 megapixeli<\/span><\/td>\n<\/tr>\n<tr>\n<td><span style=\"color: #000000;\"><strong>Num\u0103r de pixeli (efectiv) <\/strong><\/span><\/td>\n<td><span style=\"color: #000000;\">61,0 megapixeli<\/span><\/td>\n<\/tr>\n<tr>\n<td><span style=\"color: #000000;\"><strong>Tip senzor <\/strong><\/span><\/td>\n<td><span style=\"color: #000000;\">Full Frame 35 mm (35,7 x 23,8 mm), senzor CMOS Exmor R<\/span><\/td>\n<\/tr>\n<tr>\n<td><span style=\"color: #000000;\"><strong>Interval temperatur\u0103 de culoare<\/strong><\/span><\/td>\n<td><span style=\"color: #000000;\">2500\u20139900 K<\/span><\/td>\n<\/tr>\n<tr>\n<td style=\"text-align: center;\" colspan=\"2\"><span style=\"color: #000000;\"><strong>Obiectiv<\/strong><\/span><\/td>\n<\/tr>\n<tr>\n<td><span style=\"color: #000000;\"><strong>Tip<\/strong><\/span><\/td>\n<td><span style=\"color: #000000;\">ZEISS\u00ae 35 \u043c\u043c Sonnar T*<\/span><\/td>\n<\/tr>\n<tr>\n<td><span style=\"color: #000000;\"><strong>Diafragm\u0103 maxim\u0103 <\/strong><\/span><\/td>\n<td><span style=\"color: #000000;\">F2<\/span><\/td>\n<\/tr>\n<tr>\n<td><span style=\"color: #000000;\"><strong>Distan\u021ba focal\u0103<\/strong><\/span><\/td>\n<td><span style=\"color: #000000;\">f = 35mm<\/span><\/td>\n<\/tr>\n<tr>\n<td><span style=\"color: #000000;\"><strong>Interval de focalizare (macro)<\/strong><\/span><\/td>\n<td><span style=\"color: #000000;\">Aprox. 14 cm la 29 cm<\/span><\/td>\n<\/tr>\n<tr>\n<td><span style=\"color: #000000;\"><strong>Interval de focalizare (mod normal)<\/strong><\/span><\/td>\n<td><span style=\"color: #000000;\">Aprox. 24 cm la infinit<\/span><\/td>\n<\/tr>\n<tr>\n<td><span style=\"color: #000000;\"><strong>Diametru filtru<\/strong><\/span><\/td>\n<td><span style=\"color: #000000;\">49 mm<\/span><\/td>\n<\/tr>\n<tr>\n<td style=\"text-align: center;\" colspan=\"2\"><span style=\"color: #000000;\"><strong>\u00cenregistrare\u00a0 video<\/strong><\/span><\/td>\n<\/tr>\n<tr>\n<td><span style=\"color: #000000;\"><strong>Formate de \u00eenregistrare<\/strong><\/span><\/td>\n<td><span style=\"color: #000000;\">XAVC S 4K , XAVC S HD ,XAVC S-I 4K, XAVC S-I HD<\/span><\/td>\n<\/tr>\n<tr>\n<td><span style=\"color: #000000;\"><strong>Compresie video<\/strong><\/span><\/td>\n<td><span style=\"color: #000000;\">XAVC S: MPEG-4 AVC\/H.264<\/span><\/td>\n<\/tr>\n<tr>\n<td><span style=\"color: #000000;\"><strong>Video 4K<\/strong><\/span><\/td>\n<td><span style=\"color: #000000;\">24p , 25 p, 30p<\/span><\/td>\n<\/tr>\n<tr>\n<td><span style=\"color: #000000;\"><strong>Video Full HD<\/strong><\/span><\/td>\n<td><span style=\"color: #000000;\">24p , 25 p, 30p, 50p ,60 p ,100p , 120p<\/span><\/td>\n<\/tr>\n<tr>\n<td style=\"text-align: center;\" colspan=\"2\"><span style=\"color: #000000;\"><strong>Memorie<\/strong><\/span><\/td>\n<\/tr>\n<tr>\n<td><span style=\"color: #000000;\"><strong>Slot pentru carduri de memorie <\/strong><\/span><\/td>\n<td><span style=\"color: #000000;\">SLOT 1: pentru card SD ( UHS-I\/II)<\/span><\/td>\n<\/tr>\n<tr>\n<td style=\"text-align: center;\" colspan=\"2\"><span style=\"color: #000000;\"><strong>Sistem de focalizare<\/strong><\/span><\/td>\n<\/tr>\n<tr>\n<td><span style=\"color: #000000;\"><strong>Tip de focalizare<\/strong><\/span><\/td>\n<td><span style=\"color: #000000;\">Focalizare automat\u0103 hibrid\u0103 rapid\u0103 (focalizare automat\u0103 cu detec\u0163ia fazei\/focalizare automat\u0103 cu detectarea contrastului)<\/span><\/td>\n<\/tr>\n<tr>\n<td><span style=\"color: #000000;\"><strong>Interval sensibilitate la focalizare<\/strong><\/span><\/td>\n<td><span style=\"color: #000000;\">De la EV-4 p\u00e2n\u0103 la EV20 (echivalent ISO 100 \u00een AF-S)<\/span><\/td>\n<\/tr>\n<tr>\n<td><span style=\"color: #000000;\"><strong>\u021aint\u0103 recunoa\u0219tere <\/strong><\/span><\/td>\n<td><span style=\"color: #000000;\">Auto, Om, Animal, Pas\u0103re, Insect\u0103, Ma\u0219in\u0103, Tren, Avion<\/span><\/td>\n<\/tr>\n<tr>\n<td><span style=\"color: #000000;\"><strong>Dispozitiv iluminare <\/strong><\/span><\/td>\n<td><span style=\"color: #000000;\">Da (cu LED integrat)<\/span><\/td>\n<\/tr>\n<tr>\n<td style=\"text-align: center;\" colspan=\"2\"><span style=\"color: #000000;\"><strong>Controlul expunerii<\/strong><\/span><\/td>\n<\/tr>\n<tr>\n<td><span style=\"color: #000000;\"><strong>Tip m\u0103surare<\/strong><\/span><\/td>\n<td><span style=\"color: #000000;\">M\u0103surare estimativ\u0103 1200 zone<\/span><\/td>\n<\/tr>\n<tr>\n<td><span style=\"color: #000000;\"><strong>Sensibilitate m\u0103surare<\/strong><\/span><\/td>\n<td><span style=\"color: #000000;\">EV-3 p\u00e2n\u0103 la EV20 (echivalent ISO 100)<\/span><\/td>\n<\/tr>\n<tr>\n<td><span style=\"color: #000000;\"><strong>Compensare expunere<\/strong><\/span><\/td>\n<td><span style=\"color: #000000;\">+\/- 5,0 EV (trepte de 1\/3 EV)<\/span><\/td>\n<\/tr>\n<tr>\n<td><span style=\"color: #000000;\"><strong>Sensibilitate ISO<\/strong><\/span><\/td>\n<td><span style=\"color: #000000;\">ISO 100\u201332000 (se poate extinde la ISO 50\u2013102400)<\/span><\/td>\n<\/tr>\n<tr>\n<td style=\"text-align: center;\" colspan=\"2\"><span style=\"color: #000000;\"><strong>Vizor<\/strong><\/span><\/td>\n<\/tr>\n<tr>\n<td><span style=\"color: #000000;\"><strong>Tip<\/strong><\/span><\/td>\n<td><span style=\"color: #000000;\">Vizor electronic de 1,0cm (tip 0,39) (XGA OLED)<\/span><\/td>\n<\/tr>\n<tr>\n<td><span style=\"color: #000000;\"><strong>Dioptru <\/strong><\/span><\/td>\n<td><span style=\"color: #000000;\">De la -4.0 \u0219i +3.0 m-1<\/span><\/td>\n<\/tr>\n<tr>\n<td style=\"text-align: center;\" colspan=\"2\"><span style=\"color: #000000;\"><strong>Ecran LCD<\/strong><\/span><\/td>\n<\/tr>\n<tr>\n<td><span style=\"color: #000000;\"><strong>Tip monitor<\/strong><\/span><\/td>\n<td><span style=\"color: #000000;\">Tip TFT de 7,5 cm (tip 3.0)<\/span><\/td>\n<\/tr>\n<tr>\n<td><span style=\"color: #000000;\"><strong>Ecran tactil<\/strong><\/span><\/td>\n<td><span style=\"color: #000000;\">Da<\/span><\/td>\n<\/tr>\n<tr>\n<td><span style=\"color: #000000;\"><strong>Num\u0103r de puncte<\/strong><\/span><\/td>\n<td><span style=\"color: #000000;\">2 359 296 puncte<\/span><\/td>\n<\/tr>\n<tr>\n<td style=\"text-align: center;\" colspan=\"2\"><span style=\"color: #000000;\"><strong>Stabilizarea imaginii<\/strong><\/span><\/td>\n<\/tr>\n<tr>\n<td><span style=\"color: #000000;\"><strong>Tip<\/strong><\/span><\/td>\n<td><span style=\"color: #000000;\">Electronic<\/span><\/td>\n<\/tr>\n<tr>\n<td><span style=\"color: #000000;\"><strong>Mod<\/strong><\/span><\/td>\n<td><span style=\"color: #000000;\">Film: Activ\/Dezactivat<\/span><\/td>\n<\/tr>\n<tr>\n<td style=\"text-align: center;\" colspan=\"2\"><span style=\"color: #000000;\"><strong>Interfa\u0163\u0103<\/strong><\/span><\/td>\n<\/tr>\n<tr>\n<td><span style=\"color: #000000;\"><strong>\u00centerfa\u021b\u0103 PC:<\/strong><\/span><\/td>\n<td><span style=\"color: #000000;\">Stocare masiv\u0103\/MTP<\/span><\/td>\n<\/tr>\n<tr>\n<td><span style=\"color: #000000;\"><strong>Suport cu interfa\u0163\u0103 multipl\u0103<\/strong><\/span><\/td>\n<td><span style=\"color: #000000;\">Da (compatibil USB SuperSpeed de 5 Gb\/s (USB 3.2))<\/span><\/td>\n<\/tr>\n<tr>\n<td><span style=\"color: #000000;\"><strong>Lan wireless (\u00eencorporat)<\/strong><\/span><\/td>\n<td><span style=\"color: #000000;\">Da (compatibil Wi-Fi, IEEE 802.11a\/b\/g\/n\/ac<\/span><\/td>\n<\/tr>\n<tr>\n<td><span style=\"color: #000000;\"><strong>Bluetooth\u00ae<\/strong><\/span><\/td>\n<td><span style=\"color: #000000;\">Da (Bluetooth Standard Ver. 4.2<\/span><\/td>\n<\/tr>\n<tr>\n<td><span style=\"color: #000000;\"><strong>Ie\u0219iri HDMI<\/strong><\/span><\/td>\n<td><span style=\"color: #000000;\">Conector micro HDMI (Type-D), 3840 x 2160 (29,97p\/25p\/23,98p)<\/span><\/td>\n<\/tr>\n<tr>\n<td><span style=\"color: #000000;\"><strong>Suport cu interfa\u0163\u0103 multipl\u0103<\/strong><\/span><\/td>\n<td><span style=\"color: #000000;\">Da (cu interfa\u021b\u0103 audio digital\u0103)<\/span><\/td>\n<\/tr>\n<tr>\n<td><span style=\"color: #000000;\"><strong>Muf\u0103 microfon<\/strong><\/span><\/td>\n<td><span style=\"color: #000000;\">DA (minimuf\u0103 stereo de 3,5 mm)<\/span><\/td>\n<\/tr>\n<tr>\n<td><span style=\"color: #000000;\"><strong>Func\u021bii<\/strong><\/span><\/td>\n<td><span style=\"color: #000000;\">Trimitere la smartphone, Control la distan\u021b\u0103 prin smartphone, \u00cenregistrare la distan\u021b\u0103<\/span><\/td>\n<\/tr>\n<tr>\n<td style=\"text-align: center;\" colspan=\"2\"><span style=\"color: #000000;\"><strong>Alimentare<\/strong><\/span><\/td>\n<\/tr>\n<tr>\n<td><span style=\"color: #000000;\"><strong>Baterie\u00a0 <\/strong><\/span><\/td>\n<td><span style=\"color: #000000;\">NP-FW50<\/span><\/td>\n<\/tr>\n<tr>\n<td><span style=\"color: #000000;\"><strong>Surs\u0103 de alimentare USB<\/strong><\/span><\/td>\n<td><span style=\"color: #000000;\">Da (Disponibil cu terminal USB Type-C. Compatibil cu standardul USB Power Delivery)<\/span><\/td>\n<\/tr>\n<tr>\n<td><span style=\"color: #000000;\"><strong>Autonomia bateriei (foto)<\/strong><\/span><\/td>\n<td><span style=\"color: #000000;\">Aprox. 300 de cadre<\/span><\/td>\n<\/tr>\n<tr>\n<td><span style=\"color: #000000;\"><strong>Autonomia bateriei (video)<\/strong><\/span><\/td>\n<td><span style=\"color: #000000;\">Aprox. 60-80 min<\/span><\/td>\n<\/tr>\n<tr>\n<td style=\"text-align: center;\" colspan=\"2\"><span style=\"color: #000000;\"><strong>Dimensiuni \u0219i greutate<\/strong><\/span><\/td>\n<\/tr>\n<tr>\n<td><span style=\"color: #000000;\"><strong>Greutate (cu baterie \u0219i card de memorie incluse)<\/strong><\/span><\/td>\n<td><span style=\"color: #000000;\">Aprox. 498g<\/span><\/td>\n<\/tr>\n<tr>\n<td><span style=\"color: #000000;\"><strong>Dimensiuni\u00a0 <\/strong><\/span><\/td>\n<td><span style=\"color: #000000;\">Aprox. 113,3mm x 67,9mm x 87,5mm<\/span><\/td>\n<\/tr>\n<tr>\n<td style=\"text-align: center;\" colspan=\"2\"><span style=\"color: #000000;\"><strong>Con\u021binutul cutiei<\/strong><\/span><\/td>\n<\/tr>\n<tr>\n<td><span style=\"color: #000000;\"><strong>\u00a0<\/strong><\/span><\/td>\n<td><span style=\"color: #000000;\">Baterie re\u00eenc\u0103rcabil\u0103 NP-FW50, capac pentru obiectiv, capac suport pentru accesorii, capac pentru ocular, curea de um\u0103r<\/span><\/td>\n<\/tr>\n<\/tbody>\n<\/table>\n","protected":false},"excerpt":{"rendered":"<ul>\n<li><span style=\"color: #000000;\">SONY RX1R III<\/span><\/li>\n<li><span style=\"color: #000000;\">Senzor : Full Frame 35 mm , CMOS Exmor R<\/span><\/li>\n<li><span style=\"color: #000000;\">Megapixeli : 61 Mp<\/span><\/li>\n<li><span style=\"color: #000000;\">Obiectiv : \u00cencorporat , ZEISS\u00ae 35 \u043c\u043c Sonnar T*<\/span><\/li>\n<li><span style=\"color: #000000;\">Diafragm\u0103 maxim\u0103 : F2<\/span><\/li>\n<li><span style=\"color: #000000;\">Distan\u021ba focal\u0103 : f = 35 mm<\/span><\/li>\n<li><span style=\"color: #000000;\">Stabilizarea imaginii electronic\u0103<\/span><\/li>\n<\/ul>\n","protected":false},"featured_media":31960,"comment_status":"open","ping_status":"closed","template":"","meta":[],"product_brand":[],"product_cat":[654],"product_tag":[],"class_list":{"0":"post-31966","1":"product","2":"type-product","3":"status-publish","4":"has-post-thumbnail","6":"product_cat-camere-cybershot","8":"first","9":"outofstock","10":"shipping-taxable","11":"purchasable","12":"product-type-simple"},"yoast_head":"<!-- This site is optimized with the Yoast SEO plugin v27.4 - https:\/\/yoast.com\/product\/yoast-seo-wordpress\/ -->\n<title>SONY RX1R III | Aparat de fotografiat Full Frame , 61 megapixeli<\/title>\n<meta name=\"description\" content=\"Cumpara in Chisinau noul aparat de fotografiat SONY RX1R III | Rezolu\u021bie 61 Mp | Dealer oficial SONY \u00een Republica Moldova\" \/>\n<meta name=\"robots\" content=\"index, follow, max-snippet:-1, max-image-preview:large, max-video-preview:-1\" \/>\n<link rel=\"canonical\" href=\"https:\/\/sonycenter.md\/ro\/magazin\/dscrx1rm3\/\" \/>\n<meta property=\"og:locale\" content=\"ro_RO\" \/>\n<meta property=\"og:type\" content=\"article\" \/>\n<meta property=\"og:title\" content=\"SONY RX1R III | Aparat de fotografiat Full Frame , 61 megapixeli\" \/>\n<meta property=\"og:description\" content=\"Cumpara in Chisinau noul aparat de fotografiat SONY RX1R III | Rezolu\u021bie 61 Mp | Dealer oficial SONY \u00een Republica Moldova\" \/>\n<meta property=\"og:url\" content=\"https:\/\/sonycenter.md\/ro\/magazin\/dscrx1rm3\/\" \/>\n<meta property=\"og:site_name\" content=\"SONY\" \/>\n<meta property=\"article:modified_time\" content=\"2025-07-23T14:15:41+00:00\" \/>\n<meta property=\"og:image\" content=\"https:\/\/sonycenter.md\/wp-content\/uploads\/2025\/07\/rx1rm3.jpg\" \/>\n\t<meta property=\"og:image:width\" content=\"600\" \/>\n\t<meta property=\"og:image:height\" content=\"600\" \/>\n\t<meta property=\"og:image:type\" content=\"image\/jpeg\" \/>\n<meta name=\"twitter:card\" content=\"summary_large_image\" \/>\n<meta name=\"twitter:label1\" content=\"Est. reading time\" \/>\n\t<meta name=\"twitter:data1\" content=\"3 minutes\" \/>\n<script type=\"application\/ld+json\" class=\"yoast-schema-graph\">{\"@context\":\"https:\\\/\\\/schema.org\",\"@graph\":[{\"@type\":[\"WebPage\",\"ItemPage\"],\"@id\":\"https:\\\/\\\/sonycenter.md\\\/ro\\\/magazin\\\/dscrx1rm3\\\/\",\"url\":\"https:\\\/\\\/sonycenter.md\\\/ro\\\/magazin\\\/dscrx1rm3\\\/\",\"name\":\"SONY RX1R III | Aparat de fotografiat Full Frame , 61 megapixeli\",\"isPartOf\":{\"@id\":\"http:\\\/\\\/sonycenter.md\\\/ro\\\/#website\"},\"primaryImageOfPage\":{\"@id\":\"https:\\\/\\\/sonycenter.md\\\/ro\\\/magazin\\\/dscrx1rm3\\\/#primaryimage\"},\"image\":{\"@id\":\"https:\\\/\\\/sonycenter.md\\\/ro\\\/magazin\\\/dscrx1rm3\\\/#primaryimage\"},\"thumbnailUrl\":\"https:\\\/\\\/sonycenter.md\\\/wp-content\\\/uploads\\\/2025\\\/07\\\/rx1rm3.jpg\",\"datePublished\":\"2025-07-23T13:59:15+00:00\",\"dateModified\":\"2025-07-23T14:15:41+00:00\",\"description\":\"Cumpara in Chisinau noul aparat de fotografiat SONY RX1R III | Rezolu\u021bie 61 Mp | Dealer oficial SONY \u00een Republica Moldova\",\"breadcrumb\":{\"@id\":\"https:\\\/\\\/sonycenter.md\\\/ro\\\/magazin\\\/dscrx1rm3\\\/#breadcrumb\"},\"inLanguage\":\"ro-RO\",\"potentialAction\":[{\"@type\":\"ReadAction\",\"target\":[\"https:\\\/\\\/sonycenter.md\\\/ro\\\/magazin\\\/dscrx1rm3\\\/\"]}]},{\"@type\":\"ImageObject\",\"inLanguage\":\"ro-RO\",\"@id\":\"https:\\\/\\\/sonycenter.md\\\/ro\\\/magazin\\\/dscrx1rm3\\\/#primaryimage\",\"url\":\"https:\\\/\\\/sonycenter.md\\\/wp-content\\\/uploads\\\/2025\\\/07\\\/rx1rm3.jpg\",\"contentUrl\":\"https:\\\/\\\/sonycenter.md\\\/wp-content\\\/uploads\\\/2025\\\/07\\\/rx1rm3.jpg\",\"width\":600,\"height\":600,\"caption\":\"DSCRX1RM3\"},{\"@type\":\"BreadcrumbList\",\"@id\":\"https:\\\/\\\/sonycenter.md\\\/ro\\\/magazin\\\/dscrx1rm3\\\/#breadcrumb\",\"itemListElement\":[{\"@type\":\"ListItem\",\"position\":1,\"name\":\"\u0413\u043b\u0430\u0432\u043d\u0430\u044f \u0441\u0442\u0440\u0430\u043d\u0438\u0446\u0430\",\"item\":\"https:\\\/\\\/sonycenter.md\\\/ro\\\/\"},{\"@type\":\"ListItem\",\"position\":2,\"name\":\"Magazin\",\"item\":\"https:\\\/\\\/sonycenter.md\\\/shop\\\/\"},{\"@type\":\"ListItem\",\"position\":3,\"name\":\"DSCRX1RM3\"}]},{\"@type\":\"WebSite\",\"@id\":\"http:\\\/\\\/sonycenter.md\\\/ro\\\/#website\",\"url\":\"http:\\\/\\\/sonycenter.md\\\/ro\\\/\",\"name\":\"sonycenter.md\",\"description\":\"SONYCENTER \u00een Chi\u0219in\u0103u\",\"publisher\":{\"@id\":\"http:\\\/\\\/sonycenter.md\\\/ro\\\/#organization\"},\"potentialAction\":[{\"@type\":\"SearchAction\",\"target\":{\"@type\":\"EntryPoint\",\"urlTemplate\":\"http:\\\/\\\/sonycenter.md\\\/ro\\\/?s={search_term_string}\"},\"query-input\":{\"@type\":\"PropertyValueSpecification\",\"valueRequired\":true,\"valueName\":\"search_term_string\"}}],\"inLanguage\":\"ro-RO\"},{\"@type\":\"Organization\",\"@id\":\"http:\\\/\\\/sonycenter.md\\\/ro\\\/#organization\",\"name\":\"sonycenter.md\",\"url\":\"http:\\\/\\\/sonycenter.md\\\/ro\\\/\",\"logo\":{\"@type\":\"ImageObject\",\"inLanguage\":\"ro-RO\",\"@id\":\"http:\\\/\\\/sonycenter.md\\\/ro\\\/#\\\/schema\\\/logo\\\/image\\\/\",\"url\":\"\",\"contentUrl\":\"\",\"caption\":\"sonycenter.md\"},\"image\":{\"@id\":\"http:\\\/\\\/sonycenter.md\\\/ro\\\/#\\\/schema\\\/logo\\\/image\\\/\"}}]}<\/script>\n<!-- \/ Yoast SEO plugin. -->","yoast_head_json":{"title":"SONY RX1R III | Aparat de fotografiat Full Frame , 61 megapixeli","description":"Cumpara in Chisinau noul aparat de fotografiat SONY RX1R III | Rezolu\u021bie 61 Mp | Dealer oficial SONY \u00een Republica Moldova","robots":{"index":"index","follow":"follow","max-snippet":"max-snippet:-1","max-image-preview":"max-image-preview:large","max-video-preview":"max-video-preview:-1"},"canonical":"https:\/\/sonycenter.md\/ro\/magazin\/dscrx1rm3\/","og_locale":"ro_RO","og_type":"article","og_title":"SONY RX1R III | Aparat de fotografiat Full Frame , 61 megapixeli","og_description":"Cumpara in Chisinau noul aparat de fotografiat SONY RX1R III | Rezolu\u021bie 61 Mp | Dealer oficial SONY \u00een Republica Moldova","og_url":"https:\/\/sonycenter.md\/ro\/magazin\/dscrx1rm3\/","og_site_name":"SONY","article_modified_time":"2025-07-23T14:15:41+00:00","og_image":[{"width":600,"height":600,"url":"https:\/\/sonycenter.md\/wp-content\/uploads\/2025\/07\/rx1rm3.jpg","type":"image\/jpeg"}],"twitter_card":"summary_large_image","twitter_misc":{"Est. reading time":"3 minutes"},"schema":{"@context":"https:\/\/schema.org","@graph":[{"@type":["WebPage","ItemPage"],"@id":"https:\/\/sonycenter.md\/ro\/magazin\/dscrx1rm3\/","url":"https:\/\/sonycenter.md\/ro\/magazin\/dscrx1rm3\/","name":"SONY RX1R III | Aparat de fotografiat Full Frame , 61 megapixeli","isPartOf":{"@id":"https:\/\/sonycenter.md\/ro\/#website"},"primaryImageOfPage":{"@id":"https:\/\/sonycenter.md\/ro\/magazin\/dscrx1rm3\/#primaryimage"},"image":{"@id":"https:\/\/sonycenter.md\/ro\/magazin\/dscrx1rm3\/#primaryimage"},"thumbnailUrl":"https:\/\/sonycenter.md\/wp-content\/uploads\/2025\/07\/rx1rm3.jpg","datePublished":"2025-07-23T13:59:15+00:00","dateModified":"2025-07-23T14:15:41+00:00","description":"Cumpara in Chisinau noul aparat de fotografiat SONY RX1R III | Rezolu\u021bie 61 Mp | Dealer oficial SONY \u00een Republica Moldova","breadcrumb":{"@id":"https:\/\/sonycenter.md\/ro\/magazin\/dscrx1rm3\/#breadcrumb"},"inLanguage":"ro-RO","potentialAction":[{"@type":"ReadAction","target":["https:\/\/sonycenter.md\/ro\/magazin\/dscrx1rm3\/"]}]},{"@type":"ImageObject","inLanguage":"ro-RO","@id":"https:\/\/sonycenter.md\/ro\/magazin\/dscrx1rm3\/#primaryimage","url":"https:\/\/sonycenter.md\/wp-content\/uploads\/2025\/07\/rx1rm3.jpg","contentUrl":"https:\/\/sonycenter.md\/wp-content\/uploads\/2025\/07\/rx1rm3.jpg","width":600,"height":600,"caption":"DSCRX1RM3"},{"@type":"BreadcrumbList","@id":"https:\/\/sonycenter.md\/ro\/magazin\/dscrx1rm3\/#breadcrumb","itemListElement":[{"@type":"ListItem","position":1,"name":"\u0413\u043b\u0430\u0432\u043d\u0430\u044f \u0441\u0442\u0440\u0430\u043d\u0438\u0446\u0430","item":"https:\/\/sonycenter.md\/ro\/"},{"@type":"ListItem","position":2,"name":"Magazin","item":"https:\/\/sonycenter.md\/shop\/"},{"@type":"ListItem","position":3,"name":"DSCRX1RM3"}]},{"@type":"WebSite","@id":"https:\/\/sonycenter.md\/ro\/#website","url":"https:\/\/sonycenter.md\/ro\/","name":"sonycenter.md","description":"SONYCENTER \u00een Chi\u0219in\u0103u","publisher":{"@id":"https:\/\/sonycenter.md\/ro\/#organization"},"potentialAction":[{"@type":"SearchAction","target":{"@type":"EntryPoint","urlTemplate":"https:\/\/sonycenter.md\/ro\/?s={search_term_string}"},"query-input":{"@type":"PropertyValueSpecification","valueRequired":true,"valueName":"search_term_string"}}],"inLanguage":"ro-RO"},{"@type":"Organization","@id":"https:\/\/sonycenter.md\/ro\/#organization","name":"sonycenter.md","url":"https:\/\/sonycenter.md\/ro\/","logo":{"@type":"ImageObject","inLanguage":"ro-RO","@id":"https:\/\/sonycenter.md\/ro\/#\/schema\/logo\/image\/","url":"","contentUrl":"","caption":"sonycenter.md"},"image":{"@id":"https:\/\/sonycenter.md\/ro\/#\/schema\/logo\/image\/"}}]}},"_links":{"self":[{"href":"https:\/\/sonycenter.md\/ro\/wp-json\/wp\/v2\/product\/31966","targetHints":{"allow":["GET"]}}],"collection":[{"href":"https:\/\/sonycenter.md\/ro\/wp-json\/wp\/v2\/product"}],"about":[{"href":"https:\/\/sonycenter.md\/ro\/wp-json\/wp\/v2\/types\/product"}],"replies":[{"embeddable":true,"href":"https:\/\/sonycenter.md\/ro\/wp-json\/wp\/v2\/comments?post=31966"}],"wp:featuredmedia":[{"embeddable":true,"href":"https:\/\/sonycenter.md\/ro\/wp-json\/wp\/v2\/media\/31960"}],"wp:attachment":[{"href":"https:\/\/sonycenter.md\/ro\/wp-json\/wp\/v2\/media?parent=31966"}],"wp:term":[{"taxonomy":"product_brand","embeddable":true,"href":"https:\/\/sonycenter.md\/ro\/wp-json\/wp\/v2\/product_brand?post=31966"},{"taxonomy":"product_cat","embeddable":true,"href":"https:\/\/sonycenter.md\/ro\/wp-json\/wp\/v2\/product_cat?post=31966"},{"taxonomy":"product_tag","embeddable":true,"href":"https:\/\/sonycenter.md\/ro\/wp-json\/wp\/v2\/product_tag?post=31966"}],"curies":[{"name":"wp","href":"https:\/\/api.w.org\/{rel}","templated":true}]}}