{"id":33060,"date":"2025-11-13T13:30:16","date_gmt":"2025-11-13T11:30:16","guid":{"rendered":"https:\/\/sonycenter.md\/?post_type=product&#038;p=33060"},"modified":"2025-11-27T12:48:14","modified_gmt":"2025-11-27T10:48:14","slug":"sel100m28gm","status":"publish","type":"product","link":"https:\/\/sonycenter.md\/ro\/magazin\/sel100m28gm\/","title":{"rendered":"SEL100M28GM"},"content":{"rendered":"<p><span style=\"color: #000000;\">Specifica\u021bii complete pentru<a style=\"color: #000000;\" href=\"https:\/\/sonycenter.md\/ro\/category\/accesorii-foto-video\/obiective\/obiective-fixe\/\">\u00a0<span style=\"color: #0000ff;\">obiectivul<\/span><\/a> macro SONY SEL100M28GM :<\/span><\/p>\n<div class=\"spec-tile span4 shuffle-item filtered\">\n<figure><\/figure>\n<div class=\"tile-content\">\n<h3 class=\"t6 tile-title\"><span style=\"color: #000000;\">M\u0103rire de p\u00e2n\u0103 la 1,4x, control superb<\/span><\/h3>\n<p class=\"p3\"><span style=\"color: #000000;\">Primul obiectiv macro G Master\u2122 ofer\u0103 m\u0103rire de p\u00e2n\u0103 la 1,4x sau m\u0103rire de p\u00e2n\u0103 la 2x cu un teleconvertor op\u021bional. Rezolu\u021bia \u0219i efectul bokeh G Master contribuie la imagini macro impresionante. Stabilizarea avansat\u0103 \u0219i utilizarea optimizat\u0103 pentru macro ofer\u0103 control f\u0103r\u0103 precedent pentru imaginile statice \u0219i filmele \u00een care focalizarea este esen\u021bial\u0103.<\/span><\/p>\n<hr \/>\n<\/div>\n<\/div>\n<div class=\"spec-tile span4 shuffle-item filtered\">\n<figure><\/figure>\n<div class=\"tile-content\">\n<h3 class=\"t6 tile-title\"><span style=\"color: #000000;\">Macro extrem cu raport de peste 1:1<\/span><\/h3>\n<p class=\"p3\"><span style=\"color: #000000;\">Cu un factor de m\u0103rire de p\u00e2n\u0103 la 1,4x \u0219i o distan\u021b\u0103 minim\u0103 de focalizare de 0,26m\u00a0 acest obiectiv este ideal pentru fotografii macro. Capacitatea de prim-plan cu un raport de m\u0103rire mai mare de 1:1 permite surprinderea detaliilor \u0219i a texturilor abia vizibile ochiului liber \u00een moduri noi \u0219i creative.<\/span><\/p>\n<hr \/>\n<\/div>\n<\/div>\n<div class=\"spec-tile span4 shuffle-item filtered\">\n<figure><\/figure>\n<div class=\"tile-content\">\n<h3 class=\"t6 tile-title\"><span style=\"color: #000000;\">Factor de m\u0103rire de 2x cu un teleconvertor<\/span><\/h3>\n<p class=\"p3\"><span style=\"color: #000000;\">Posibilitatea de utilizare a unui teleconvertor permite o m\u0103rire de p\u00e2n\u0103 la 2x, care poate dezv\u0103lui noi detalii \u0219i texturi, oferind, \u00een acela\u0219i timp, o distan\u021b\u0103 de lucru ampl\u0103, care face posibil\u0103 realizarea unor capturi macro impresionante cu subiec\u021bi de care nu v\u0103 pute\u021bi apropia \u0219i, \u00een plus, ofer\u0103 spa\u021biu suplimentar pentru iluminare eficient\u0103.<\/span><\/p>\n<hr \/>\n<\/div>\n<\/div>\n<div class=\"spec-tile span4 shuffle-item filtered\">\n<figure><\/figure>\n<div class=\"tile-content\">\n<h3 class=\"t6 tile-title\"><span style=\"color: #000000;\">Rezolu\u021bie G Master incredibil\u0103<\/span><\/h3>\n<p class=\"p3\"><span style=\"color: #000000;\">Dou\u0103 elemente XA (extrem asferic) \u0219i dou\u0103 elemente din sticl\u0103 ED (dispersie extrem de sc\u0103zut\u0103) elimin\u0103 abera\u021biile cromatice \u0219i de alt\u0103 natur\u0103 pentru o rezolu\u021bie superioar\u0103 p\u00e2n\u0103 la marginile imaginii. Structura mobil\u0103 de focalizare minimizeaz\u0103 varia\u021biile abera\u021biei pentru o rezolu\u021bie superb\u0103 la focalizare la distan\u021b\u0103 mic\u0103. Stratul Nano AR Coating II controleaz\u0103 petele albe \u0219i reflexiile parazite pentru contrast \u0219i claritate excelente.<\/span><\/p>\n<hr \/>\n<\/div>\n<\/div>\n<div class=\"spec-tile span4 shuffle-item filtered\">\n<figure><\/figure>\n<div class=\"tile-content\">\n<h3 class=\"t6 tile-title\"><span style=\"color: #000000;\">Efect bokeh rafinat, specific seriei G Master<\/span><\/h3>\n<p class=\"p3\"><span style=\"color: #000000;\">O diafragm\u0103 F2.8, dou\u0103 elemente XA (asferic extrem), dou\u0103 elemente de sticl\u0103 ED (dispersie extrem de sc\u0103zut\u0103) \u0219i o unitate de diafragm\u0103 cu 11 lamele contribuie la crearea unui efect bokeh G Master superb, cu efect minim de colora\u021bie. Efectul bokeh rafinat contribuie la imagini frumoase, impresionant de profunde.<\/span><\/p>\n<hr \/>\n<\/div>\n<\/div>\n<div class=\"spec-tile span4 shuffle-item filtered\">\n<figure><\/figure>\n<div class=\"tile-content\">\n<h3 class=\"t6 tile-title\"><span style=\"color: #000000;\">Stabilizare eficient\u0103 pentru fotografii macro<\/span><\/h3>\n<p class=\"p3\"><span style=\"color: #000000;\">Stabilizarea optic\u0103 avansat\u0103 a imaginii este optimizat\u0103 pentru fotografii macro, unde claritatea este esen\u021bial\u0103, iar un nou sistem de control \u00eembun\u0103t\u0103\u021be\u0219te unghiul, deplasarea \u0219i profunzimea pentru stabilizare precis\u0103 din m\u00e2n\u0103 \u00cen plus, corpurile \u03b1 compatibile permit comunicarea obiectiv-corp, ceea ce \u00eembun\u0103t\u0103\u021be\u0219te stabilizarea at\u00e2t pentru fotografii, c\u00e2t \u0219i pentru \u00eenregistrare video (modul Activ).<\/span><\/p>\n<hr \/>\n<\/div>\n<\/div>\n<div class=\"spec-tile span4 shuffle-item filtered\">\n<figure><\/figure>\n<div class=\"tile-content\">\n<h3 class=\"t6 tile-title\"><span style=\"color: #000000;\">Focalizarea automat\u0103 fiabil\u0103 men\u021bine creativitatea ne\u00eentrerupt\u0103<\/span><\/h3>\n<p class=\"p3\"><span style=\"color: #000000;\">Patru motoare liniare XD (extrem de dinamice) ac\u021bioneaz\u0103 grupul de focalizare mobil pentru o focalizare automat\u0103 de p\u00e2n\u0103 la 1,9x mai rapid\u0103 \u00eentr-un interval extins \u00een modul AF-S. Urm\u0103rirea este, de asemenea, rapid\u0103, ceea ce faciliteaz\u0103 fotografierea subiec\u021bilor macro activi. Acest sistem \u021bine pasul cu viteza maxim\u0103 de 120fps oferit\u0103 de \u03b19 III. Unitatea de ac\u021bionare a focaliz\u0103rii este, de asemenea, silen\u021bioas\u0103, fiind ideal\u0103 pentru \u00eenregistrarea video.<\/span><\/p>\n<hr \/>\n<\/div>\n<\/div>\n<div class=\"spec-tile span4 shuffle-item filtered\">\n<figure><\/figure>\n<div class=\"tile-content\">\n<h3 class=\"t6 tile-title\"><span style=\"color: #000000;\">Focalizare esen\u021bial\u0103 pentru imagini macro revelatoare<\/span><\/h3>\n<p class=\"p3\"><span style=\"color: #000000;\">Focalizarea precis\u0103 este esen\u021bial\u0103 atunci c\u00e2nd fotografia\u021bi cu o ad\u00e2ncime redus\u0103 a c\u00e2mpului, iar acest obiectiv remarcabil v\u0103 permite s\u0103 focaliza\u021bi precis. Dup\u0103 urm\u0103rirea unui subiect \u00een mi\u0219care \u00een modul AF-C, modul MF poate fi selectat rapid cu ajutorul comutatorului AF\/MF \u0219i poate fi utilizat \u00eempreun\u0103 cu m\u0103rirea focaliz\u0103rii pentru a rafina \u0219i finaliza focalizarea.<\/span><\/p>\n<hr \/>\n<\/div>\n<\/div>\n<div class=\"spec-tile span4 shuffle-item filtered\">\n<figure><\/figure>\n<div class=\"tile-content\">\n<h3 class=\"t6 tile-title\"><span style=\"color: #000000;\">Reglare rapid\u0103 \u0219i facil\u0103 a focaliz\u0103rii<\/span><\/h3>\n<p class=\"p3\"><span style=\"color: #000000;\">Dac\u0103 focalizarea este pe un subiect gre\u0219it, aceasta poate fi readus\u0103 la subiectul dorit prin simpla rotire a inelului de focalizare \u00een modul DMF de pe obiectiv. Glisarea inelului de focalizare comut\u0103 \u00eentre modurile AF\/MF \u0219i FULL MF, acesta din urm\u0103 oferind scale de distan\u021b\u0103 \u0219i m\u0103rire ideale pentru fotografierea macro.<\/span><\/p>\n<hr \/>\n<\/div>\n<\/div>\n<div class=\"spec-tile span4 shuffle-item filtered\">\n<figure><\/figure>\n<div class=\"tile-content\">\n<h3 class=\"t6 tile-title\"><span style=\"color: #000000;\">Butoane de men\u021binere a focaliz\u0103rii personalizabile<\/span><\/h3>\n<p class=\"p3\"><span style=\"color: #000000;\">C\u00e2nd utiliza\u021bi focalizarea automat\u0103, ap\u0103sarea unui buton de men\u021binere a focaliz\u0103rii men\u021bine focalizarea la setarea curent\u0103 at\u00e2t timp c\u00e2t butonul este \u021binut ap\u0103sat. Butoanelor de men\u021binere a focaliz\u0103rii li se pot atribui diferite func\u021bii pentru diferite situa\u021bii. M\u0103rirea focaliz\u0103rii poate fi atribuit\u0103, de exemplu, butoanelor de men\u021binere a focaliz\u0103rii, pentru a putea fi activat\u0103 rapid pentru confirmarea precis\u0103 a focaliz\u0103rii.<\/span><\/p>\n<hr \/>\n<\/div>\n<\/div>\n<div class=\"spec-tile span4 shuffle-item filtered\">\n<figure><\/figure>\n<div class=\"tile-content\">\n<h3 class=\"t6 tile-title\"><span style=\"color: #000000;\">R\u0103spuns liniar natural la focalizarea manual\u0103<\/span><\/h3>\n<p class=\"p3\"><span style=\"color: #000000;\">Cu focalizarea manual\u0103 cu r\u0103spuns liniar, inelul de focalizare r\u0103spunde direct \u0219i liniar la controlul subtil \u00een timpul focaliz\u0103rii manuale. Rotirea inelului de focalizare se traduce direct printr-o schimbare corespunz\u0103toare a focaliz\u0103rii, astfel \u00eenc\u00e2t controlul se simte imediat \u0219i cu precizie. \u00cen plus, focalizarea manual\u0103 cu r\u0103spuns liniar permite schimb\u0103ri manuale cursive \u0219i precise ale focaliz\u0103rii c\u00e2nd \u00eenregistra\u021bi video.<\/span><\/p>\n<hr \/>\n<\/div>\n<\/div>\n<div class=\"spec-tile span4 shuffle-item filtered\">\n<figure><\/figure>\n<div class=\"tile-content\">\n<h3 class=\"t6 tile-title\"><span style=\"color: #000000;\">Robust \u0219i fiabil pe teren<\/span><\/h3>\n<p class=\"p3\"><span style=\"color: #000000;\">Butoanele \u0219i comutatoarele etan\u0219ate cu garnituri de silicon, un inel de cauciuc pentru etan\u0219area monturii obiectivului \u0219i alte m\u0103suri previn p\u0103trunderea prafului \u0219i a umezelii chiar \u0219i \u00een condi\u021bii dificile \u00een aer liber. Elementul frontal este acoperit cu un strat de fluor ce respinge substan\u021bele contaminante, facilit\u00e2nd cur\u0103\u021barea.<\/span><\/p>\n<\/div>\n<\/div>\n","protected":false},"excerpt":{"rendered":"<ul>\n<li><span style=\"color: #000000;\">SONY FE 100mm F2.8 Macro GM OSS<\/span><\/li>\n<li><span style=\"color: #000000;\">Baioneta : SONY E-Mount<\/span><\/li>\n<li><span style=\"color: #000000;\">Format : Full Frame , 35 mm<\/span><\/li>\n<li><span style=\"color: #000000;\">Distan\u021b\u0103 focal\u0103 : f=100 mm<\/span><\/li>\n<li><span style=\"color: #000000;\">Valoarea maxim\u0103 a diafragmei : F2.8<\/span><\/li>\n<li><span style=\"color: #000000;\">Valoarea minim\u0103 a diafragmei : F22<\/span><\/li>\n<li><span style=\"color: #000000;\">Lamele diafragmei : 11<\/span><\/li>\n<li><span style=\"color: #000000;\">Stabilizare integrat\u0103 : Da<\/span><\/li>\n<li><span style=\"color: #000000;\">Distan\u021ba minim\u0103 de focalizare : 0,26 m<\/span><\/li>\n<li><span style=\"color: #000000;\">Diametru filtru : 67 mm<\/span><\/li>\n<li><span style=\"color: #000000;\">Dimensiuni : 81,4mm x 147,9 mm<\/span><\/li>\n<li><span style=\"color: #000000;\">Greutate : 646 g<\/span><\/li>\n<li><span style=\"color: #000000;\">Con\u021binului cutiei : parasolar, capacul din spate \u0219i din fa\u021b\u0103, hus\u0103<\/span><\/li>\n<li><span style=\"color: #000000;\">Garan\u021bie de firm\u0103 : 2 ani<\/span><\/li>\n<\/ul>\n","protected":false},"featured_media":33059,"comment_status":"open","ping_status":"closed","template":"","meta":[],"product_brand":[],"product_cat":[901],"product_tag":[],"class_list":{"0":"post-33060","1":"product","2":"type-product","3":"status-publish","4":"has-post-thumbnail","6":"product_cat-obiective-fixe","8":"first","9":"outofstock","10":"shipping-taxable","11":"purchasable","12":"product-type-simple"},"yoast_head":"<!-- This site is optimized with the Yoast SEO plugin v27.4 - https:\/\/yoast.com\/product\/yoast-seo-wordpress\/ -->\n<title>SEL100M28GM | SONY FE 100mm F2.8 Macro GM OSS<\/title>\n<meta name=\"description\" content=\"Cump\u0103r\u0103 noul obiectiv macro SONY FE 100mm F2.8 Macro GM OSS \u00een Moldova | SONY SEL100M28GM cu garan\u021bie 2 ani | Magazinul SONY \u00een Chi\u0219in\u0103u\" \/>\n<meta name=\"robots\" content=\"index, follow, max-snippet:-1, max-image-preview:large, max-video-preview:-1\" \/>\n<link rel=\"canonical\" href=\"https:\/\/sonycenter.md\/ro\/magazin\/sel100m28gm\/\" \/>\n<meta property=\"og:locale\" content=\"ro_RO\" \/>\n<meta property=\"og:type\" content=\"article\" \/>\n<meta property=\"og:title\" content=\"SEL100M28GM | SONY FE 100mm F2.8 Macro GM OSS\" \/>\n<meta property=\"og:description\" content=\"Cump\u0103r\u0103 noul obiectiv macro SONY FE 100mm F2.8 Macro GM OSS \u00een Moldova | SONY SEL100M28GM cu garan\u021bie 2 ani | Magazinul SONY \u00een Chi\u0219in\u0103u\" \/>\n<meta property=\"og:url\" content=\"https:\/\/sonycenter.md\/ro\/magazin\/sel100m28gm\/\" \/>\n<meta property=\"og:site_name\" content=\"SONY\" \/>\n<meta property=\"article:modified_time\" content=\"2025-11-27T10:48:14+00:00\" \/>\n<meta property=\"og:image\" content=\"https:\/\/sonycenter.md\/wp-content\/uploads\/2025\/11\/sel100m28gm-7.jpg\" \/>\n\t<meta property=\"og:image:width\" content=\"600\" \/>\n\t<meta property=\"og:image:height\" content=\"600\" \/>\n\t<meta property=\"og:image:type\" content=\"image\/jpeg\" \/>\n<meta name=\"twitter:card\" content=\"summary_large_image\" \/>\n<meta name=\"twitter:label1\" content=\"Est. reading time\" \/>\n\t<meta name=\"twitter:data1\" content=\"5 minutes\" \/>\n<script type=\"application\/ld+json\" class=\"yoast-schema-graph\">{\"@context\":\"https:\\\/\\\/schema.org\",\"@graph\":[{\"@type\":[\"WebPage\",\"ItemPage\"],\"@id\":\"https:\\\/\\\/sonycenter.md\\\/ro\\\/magazin\\\/sel100m28gm\\\/\",\"url\":\"https:\\\/\\\/sonycenter.md\\\/ro\\\/magazin\\\/sel100m28gm\\\/\",\"name\":\"SEL100M28GM | SONY FE 100mm F2.8 Macro GM OSS\",\"isPartOf\":{\"@id\":\"http:\\\/\\\/sonycenter.md\\\/ro\\\/#website\"},\"primaryImageOfPage\":{\"@id\":\"https:\\\/\\\/sonycenter.md\\\/ro\\\/magazin\\\/sel100m28gm\\\/#primaryimage\"},\"image\":{\"@id\":\"https:\\\/\\\/sonycenter.md\\\/ro\\\/magazin\\\/sel100m28gm\\\/#primaryimage\"},\"thumbnailUrl\":\"https:\\\/\\\/sonycenter.md\\\/wp-content\\\/uploads\\\/2025\\\/11\\\/sel100m28gm-7.jpg\",\"datePublished\":\"2025-11-13T11:30:16+00:00\",\"dateModified\":\"2025-11-27T10:48:14+00:00\",\"description\":\"Cump\u0103r\u0103 noul obiectiv macro SONY FE 100mm F2.8 Macro GM OSS \u00een Moldova | SONY SEL100M28GM cu garan\u021bie 2 ani | Magazinul SONY \u00een Chi\u0219in\u0103u\",\"breadcrumb\":{\"@id\":\"https:\\\/\\\/sonycenter.md\\\/ro\\\/magazin\\\/sel100m28gm\\\/#breadcrumb\"},\"inLanguage\":\"ro-RO\",\"potentialAction\":[{\"@type\":\"ReadAction\",\"target\":[\"https:\\\/\\\/sonycenter.md\\\/ro\\\/magazin\\\/sel100m28gm\\\/\"]}]},{\"@type\":\"ImageObject\",\"inLanguage\":\"ro-RO\",\"@id\":\"https:\\\/\\\/sonycenter.md\\\/ro\\\/magazin\\\/sel100m28gm\\\/#primaryimage\",\"url\":\"https:\\\/\\\/sonycenter.md\\\/wp-content\\\/uploads\\\/2025\\\/11\\\/sel100m28gm-7.jpg\",\"contentUrl\":\"https:\\\/\\\/sonycenter.md\\\/wp-content\\\/uploads\\\/2025\\\/11\\\/sel100m28gm-7.jpg\",\"width\":600,\"height\":600,\"caption\":\"SEL100M28GM\"},{\"@type\":\"BreadcrumbList\",\"@id\":\"https:\\\/\\\/sonycenter.md\\\/ro\\\/magazin\\\/sel100m28gm\\\/#breadcrumb\",\"itemListElement\":[{\"@type\":\"ListItem\",\"position\":1,\"name\":\"\u0413\u043b\u0430\u0432\u043d\u0430\u044f \u0441\u0442\u0440\u0430\u043d\u0438\u0446\u0430\",\"item\":\"https:\\\/\\\/sonycenter.md\\\/ro\\\/\"},{\"@type\":\"ListItem\",\"position\":2,\"name\":\"Magazin\",\"item\":\"https:\\\/\\\/sonycenter.md\\\/shop\\\/\"},{\"@type\":\"ListItem\",\"position\":3,\"name\":\"SEL100M28GM\"}]},{\"@type\":\"WebSite\",\"@id\":\"http:\\\/\\\/sonycenter.md\\\/ro\\\/#website\",\"url\":\"http:\\\/\\\/sonycenter.md\\\/ro\\\/\",\"name\":\"sonycenter.md\",\"description\":\"SONYCENTER \u00een Chi\u0219in\u0103u\",\"publisher\":{\"@id\":\"http:\\\/\\\/sonycenter.md\\\/ro\\\/#organization\"},\"potentialAction\":[{\"@type\":\"SearchAction\",\"target\":{\"@type\":\"EntryPoint\",\"urlTemplate\":\"http:\\\/\\\/sonycenter.md\\\/ro\\\/?s={search_term_string}\"},\"query-input\":{\"@type\":\"PropertyValueSpecification\",\"valueRequired\":true,\"valueName\":\"search_term_string\"}}],\"inLanguage\":\"ro-RO\"},{\"@type\":\"Organization\",\"@id\":\"http:\\\/\\\/sonycenter.md\\\/ro\\\/#organization\",\"name\":\"sonycenter.md\",\"url\":\"http:\\\/\\\/sonycenter.md\\\/ro\\\/\",\"logo\":{\"@type\":\"ImageObject\",\"inLanguage\":\"ro-RO\",\"@id\":\"http:\\\/\\\/sonycenter.md\\\/ro\\\/#\\\/schema\\\/logo\\\/image\\\/\",\"url\":\"\",\"contentUrl\":\"\",\"caption\":\"sonycenter.md\"},\"image\":{\"@id\":\"http:\\\/\\\/sonycenter.md\\\/ro\\\/#\\\/schema\\\/logo\\\/image\\\/\"}}]}<\/script>\n<!-- \/ Yoast SEO plugin. -->","yoast_head_json":{"title":"SEL100M28GM | SONY FE 100mm F2.8 Macro GM OSS","description":"Cump\u0103r\u0103 noul obiectiv macro SONY FE 100mm F2.8 Macro GM OSS \u00een Moldova | SONY SEL100M28GM cu garan\u021bie 2 ani | Magazinul SONY \u00een Chi\u0219in\u0103u","robots":{"index":"index","follow":"follow","max-snippet":"max-snippet:-1","max-image-preview":"max-image-preview:large","max-video-preview":"max-video-preview:-1"},"canonical":"https:\/\/sonycenter.md\/ro\/magazin\/sel100m28gm\/","og_locale":"ro_RO","og_type":"article","og_title":"SEL100M28GM | SONY FE 100mm F2.8 Macro GM OSS","og_description":"Cump\u0103r\u0103 noul obiectiv macro SONY FE 100mm F2.8 Macro GM OSS \u00een Moldova | SONY SEL100M28GM cu garan\u021bie 2 ani | Magazinul SONY \u00een Chi\u0219in\u0103u","og_url":"https:\/\/sonycenter.md\/ro\/magazin\/sel100m28gm\/","og_site_name":"SONY","article_modified_time":"2025-11-27T10:48:14+00:00","og_image":[{"width":600,"height":600,"url":"https:\/\/sonycenter.md\/wp-content\/uploads\/2025\/11\/sel100m28gm-7.jpg","type":"image\/jpeg"}],"twitter_card":"summary_large_image","twitter_misc":{"Est. reading time":"5 minutes"},"schema":{"@context":"https:\/\/schema.org","@graph":[{"@type":["WebPage","ItemPage"],"@id":"https:\/\/sonycenter.md\/ro\/magazin\/sel100m28gm\/","url":"https:\/\/sonycenter.md\/ro\/magazin\/sel100m28gm\/","name":"SEL100M28GM | SONY FE 100mm F2.8 Macro GM OSS","isPartOf":{"@id":"https:\/\/sonycenter.md\/ro\/#website"},"primaryImageOfPage":{"@id":"https:\/\/sonycenter.md\/ro\/magazin\/sel100m28gm\/#primaryimage"},"image":{"@id":"https:\/\/sonycenter.md\/ro\/magazin\/sel100m28gm\/#primaryimage"},"thumbnailUrl":"https:\/\/sonycenter.md\/wp-content\/uploads\/2025\/11\/sel100m28gm-7.jpg","datePublished":"2025-11-13T11:30:16+00:00","dateModified":"2025-11-27T10:48:14+00:00","description":"Cump\u0103r\u0103 noul obiectiv macro SONY FE 100mm F2.8 Macro GM OSS \u00een Moldova | SONY SEL100M28GM cu garan\u021bie 2 ani | Magazinul SONY \u00een Chi\u0219in\u0103u","breadcrumb":{"@id":"https:\/\/sonycenter.md\/ro\/magazin\/sel100m28gm\/#breadcrumb"},"inLanguage":"ro-RO","potentialAction":[{"@type":"ReadAction","target":["https:\/\/sonycenter.md\/ro\/magazin\/sel100m28gm\/"]}]},{"@type":"ImageObject","inLanguage":"ro-RO","@id":"https:\/\/sonycenter.md\/ro\/magazin\/sel100m28gm\/#primaryimage","url":"https:\/\/sonycenter.md\/wp-content\/uploads\/2025\/11\/sel100m28gm-7.jpg","contentUrl":"https:\/\/sonycenter.md\/wp-content\/uploads\/2025\/11\/sel100m28gm-7.jpg","width":600,"height":600,"caption":"SEL100M28GM"},{"@type":"BreadcrumbList","@id":"https:\/\/sonycenter.md\/ro\/magazin\/sel100m28gm\/#breadcrumb","itemListElement":[{"@type":"ListItem","position":1,"name":"\u0413\u043b\u0430\u0432\u043d\u0430\u044f \u0441\u0442\u0440\u0430\u043d\u0438\u0446\u0430","item":"https:\/\/sonycenter.md\/ro\/"},{"@type":"ListItem","position":2,"name":"Magazin","item":"https:\/\/sonycenter.md\/shop\/"},{"@type":"ListItem","position":3,"name":"SEL100M28GM"}]},{"@type":"WebSite","@id":"https:\/\/sonycenter.md\/ro\/#website","url":"https:\/\/sonycenter.md\/ro\/","name":"sonycenter.md","description":"SONYCENTER \u00een Chi\u0219in\u0103u","publisher":{"@id":"https:\/\/sonycenter.md\/ro\/#organization"},"potentialAction":[{"@type":"SearchAction","target":{"@type":"EntryPoint","urlTemplate":"https:\/\/sonycenter.md\/ro\/?s={search_term_string}"},"query-input":{"@type":"PropertyValueSpecification","valueRequired":true,"valueName":"search_term_string"}}],"inLanguage":"ro-RO"},{"@type":"Organization","@id":"https:\/\/sonycenter.md\/ro\/#organization","name":"sonycenter.md","url":"https:\/\/sonycenter.md\/ro\/","logo":{"@type":"ImageObject","inLanguage":"ro-RO","@id":"https:\/\/sonycenter.md\/ro\/#\/schema\/logo\/image\/","url":"","contentUrl":"","caption":"sonycenter.md"},"image":{"@id":"https:\/\/sonycenter.md\/ro\/#\/schema\/logo\/image\/"}}]}},"_links":{"self":[{"href":"https:\/\/sonycenter.md\/ro\/wp-json\/wp\/v2\/product\/33060","targetHints":{"allow":["GET"]}}],"collection":[{"href":"https:\/\/sonycenter.md\/ro\/wp-json\/wp\/v2\/product"}],"about":[{"href":"https:\/\/sonycenter.md\/ro\/wp-json\/wp\/v2\/types\/product"}],"replies":[{"embeddable":true,"href":"https:\/\/sonycenter.md\/ro\/wp-json\/wp\/v2\/comments?post=33060"}],"wp:featuredmedia":[{"embeddable":true,"href":"https:\/\/sonycenter.md\/ro\/wp-json\/wp\/v2\/media\/33059"}],"wp:attachment":[{"href":"https:\/\/sonycenter.md\/ro\/wp-json\/wp\/v2\/media?parent=33060"}],"wp:term":[{"taxonomy":"product_brand","embeddable":true,"href":"https:\/\/sonycenter.md\/ro\/wp-json\/wp\/v2\/product_brand?post=33060"},{"taxonomy":"product_cat","embeddable":true,"href":"https:\/\/sonycenter.md\/ro\/wp-json\/wp\/v2\/product_cat?post=33060"},{"taxonomy":"product_tag","embeddable":true,"href":"https:\/\/sonycenter.md\/ro\/wp-json\/wp\/v2\/product_tag?post=33060"}],"curies":[{"name":"wp","href":"https:\/\/api.w.org\/{rel}","templated":true}]}}