{"id":33184,"date":"2025-11-28T14:00:37","date_gmt":"2025-11-28T12:00:37","guid":{"rendered":"https:\/\/sonycenter.md\/?post_type=product&#038;p=33184"},"modified":"2025-11-28T14:01:12","modified_gmt":"2025-11-28T12:01:12","slug":"inzone-h9-ii-black-whg910nb","status":"publish","type":"product","link":"https:\/\/sonycenter.md\/ro\/magazin\/inzone-h9-ii-black-whg910nb\/","title":{"rendered":"Inzone H9 II Black (WHG910NB)"},"content":{"rendered":"<p style=\"text-align: center;\"><span style=\"color: #000000;\">Specifica\u021bii complete pentru <span style=\"color: #0000ff;\"><a style=\"color: #0000ff;\" href=\"https:\/\/sonycenter.md\/ro\/category\/casti\/casti-pentru-jocuri-inzone\/\">c\u0103\u0219ti g\u0103ming<\/a><\/span> SONY WH-G910N :<\/span><\/p>\n<hr \/>\n<h3 class=\"LargeStaticImageHotSpot__Headline -Normal\" style=\"text-align: center;\"><span style=\"color: #000000;\">Sunet care v\u0103 \u00eembun\u0103t\u0103\u021be\u0219te performan\u021ba<\/span><\/h3>\n<p style=\"text-align: center;\"><span style=\"color: #000000;\">Cu o diafragm\u0103 din compozit de carbon, H9 II asigur\u0103 sunet puternic \u0219i detaliat, care ajut\u0103 juc\u0103torii de FPS s\u0103 urm\u0103reasc\u0103 mi\u0219carea \u0219i s\u0103 anticipeze urm\u0103toarea lovitur\u0103.<\/span><\/p>\n<p><span style=\"color: #000000;\"><img decoding=\"async\" class=\"aligncenter\" src=\"https:\/\/sony.scene7.com\/is\/image\/sonyglobalsolutions\/GG25_WH-G910N_01_Accurate-sound_M?$largeImageMobile$&amp;fmt=png-alpha\" alt=\"Imagine explodat\u0103 cu difuzoarele din c\u0103\u0219ti.\" width=\"799\" height=\"485\" \/><\/span><\/p>\n<hr \/>\n<h3 class=\"LargeStaticImageHotSpot__Headline -Normal\" style=\"text-align: center;\"><span style=\"color: #000000;\">P\u0103stra\u021bi-v\u0103 concentrarea cu func\u021bia de anulare a zgomotului<\/span><\/h3>\n<p style=\"text-align: center;\"><span style=\"color: #000000;\">Indiferent dac\u0103 este vorba de ventilatorul computerului, huruitul aerului condi\u021bionat sau \u0219antierele din cartier, tehnologia cu senzor de zgomot dual blocheaz\u0103 \u00eentreruperile, pentru a v\u0103 concentra complet pe joc.<\/span><\/p>\n<p><span style=\"color: #000000;\"><img decoding=\"async\" class=\"aligncenter\" src=\"https:\/\/sony.scene7.com\/is\/image\/sonyglobalsolutions\/GG25_WH-G910N_01_Insta-lighting_M?$largeImageMobile$&amp;fmt=png-alpha\" alt=\"Prim-plan cu INZONE H9 II cu o lumin\u0103 str\u0103lucitoare ilustr\u00e2nd func\u021bia de anulare a zgomotului.\" width=\"801\" height=\"486\" \/><\/span><\/p>\n<hr \/>\n<h3 class=\"LargeStaticImageHotSpot__Headline -Normal\" style=\"text-align: center;\"><span style=\"color: #000000;\">Preset\u0103ri de egalizator create de Fnatic<\/span><\/h3>\n<p style=\"text-align: center;\"><span style=\"color: #000000;\">Dezvoltat cu echipele VALORANT \u0219i Apex Legends de la Fnatic, acest profil EQ personalizat este reglat pentru sunetele care conteaz\u0103, exploziile, pa\u0219ii \u0219i fiecare moment crucial.<\/span><\/p>\n<p><span style=\"color: #000000;\"><img decoding=\"async\" class=\"aligncenter\" src=\"https:\/\/sony.scene7.com\/is\/image\/sonyglobalsolutions\/GG25_WH-G910N_01_Fnatic_VALORANT_preset_M?$largeImageMobile$&amp;fmt=png-alpha\" alt=\"Ecran INZONE Hub afi\u0219\u00e2nd interfa\u021ba de presetare a sunetului Fnatic VALORANT.\" width=\"801\" height=\"486\" \/><\/span><\/p>\n<hr \/>\n<h3 class=\"MediumStaticImageHotSpot__Title\" style=\"text-align: center;\"><span style=\"color: #000000;\">Domina\u021bi toate direc\u021biile cu sunet pe 7.1 canale<\/span><\/h3>\n<p style=\"text-align: center;\"><span style=\"color: #000000;\">Sunetul surround virtual 7.1 proceseaz\u0103 audio pe mai multe canale pentru a oferi un c\u00e2mp acustic amplu \u0219i direc\u021bional prin ie\u0219irea stereo, permi\u021b\u00e2ndu-v\u0103 s\u0103 percepe\u021bi mi\u0219carea, direc\u021bia \u0219i profunzimea cu o claritate superioar\u0103.<\/span><\/p>\n<p><span style=\"color: #000000;\"><img decoding=\"async\" class=\"aligncenter\" src=\"https:\/\/sony.scene7.com\/is\/image\/sonyglobalsolutions\/GG25_WH-G910N_01_Virtual-7-1_SS_M?$mediumstaticimagehotspot$&amp;fmt=png-alpha\" alt=\"INZONE H9 II \u00eenconjurate de inele de sunet stilizate, care ilustreaz\u0103 sunetul surround 7.1.\" width=\"799\" height=\"485\" \/><\/span><\/p>\n<hr \/>\n<h3 class=\"LargeStaticImageHotSpot__Headline -Normal\" style=\"text-align: center;\"><span style=\"color: #000000;\">Mai mult\u0103 acoperire. Mai mult realism.<\/span><\/h3>\n<p style=\"text-align: center;\"><span style=\"color: #000000;\">Apeluri naturale, mai clare. Cu un spectru sonor mai extins, vocea este surprins\u0103 mai natural, pentru a v\u0103 auzi a\u0219a cum ar trebui.<\/span><\/p>\n<p><span style=\"color: #000000;\"><img decoding=\"async\" class=\"aligncenter\" src=\"https:\/\/sony.scene7.com\/is\/image\/sonyglobalsolutions\/GG25_WH-G910N_01_Full_frequencey_range_M?$largeImageMobile$&amp;fmt=png-alpha\" alt=\"Microfon negru l\u00e2ng\u0103 o diagram\u0103 cu spectrul sonor al INZONE H9 II.\" width=\"803\" height=\"487\" \/><\/span><\/p>\n<hr \/>\n<h3 class=\"LargeStaticImageHotSpot__Headline -Normal\" style=\"text-align: center;\"><span style=\"color: #000000;\">Voce clar\u0103 cu microfonul cardioid ajustabil<\/span><\/h3>\n<p style=\"text-align: center;\"><span style=\"color: #000000;\">Microfonul cardioid direc\u021bional se concentreaz\u0103 pe voce \u0219i poate fi \u00eendreptat spre gur\u0103 pentru a elimina zgomotul de fundal. Bra\u021bul lung \u0219i flexibil r\u0103m\u00e2ne exact \u00een pozi\u021bia \u00een care \u00eel a\u0219eza\u021bi.<\/span><\/p>\n<p><span style=\"color: #000000;\"><img decoding=\"async\" class=\"aligncenter\" src=\"https:\/\/sony.scene7.com\/is\/image\/sonyglobalsolutions\/GG25_WH-G910N_01_Cardioid-mic_M?$largeImageMobile$&amp;fmt=png-alpha\" alt=\"Prim-plan cu microfonul cardioid direc\u021bional.\" width=\"799\" height=\"485\" \/><\/span><\/p>\n<hr \/>\n<h3 class=\"LargeStaticImageHotSpot__Headline -Normal\" style=\"text-align: center;\"><span style=\"color: #000000;\">Microfonul optimizat de AI reduce zgomotul de fundal<\/span><\/h3>\n<p style=\"text-align: center;\"><span style=\"color: #000000;\">Zgomotul ambiental, precum huruitul unui ventilator, este eliminat cu precizia tehnologiei AI, astfel c\u0103 echipa v\u0103 va auzi mereu tare \u0219i clar.<\/span><\/p>\n<p><span style=\"color: #000000;\"><img decoding=\"async\" class=\"aligncenter\" src=\"https:\/\/sony.scene7.com\/is\/image\/sonyglobalsolutions\/GG25_WH-G910N_01_AI-noise-reduction_M?$largeImageMobile$&amp;fmt=png-alpha\" alt=\"Prim-plan cu microfonul cardioid direc\u021bional, cu unde sonore luminoase ilustr\u00e2nd tehnologia AI.\" width=\"799\" height=\"485\" \/><\/span><\/p>\n<hr \/>\n<h3 class=\"LargeStaticImageHotSpot__Headline -Normal\" style=\"text-align: center;\"><span style=\"color: #000000;\">U\u0219oare, pentru sesiuni prelungite<\/span><\/h3>\n<p style=\"text-align: center;\"><span style=\"color: #000000;\">La doar 273g cu microfonul (260g f\u0103r\u0103 microfon), H9 II sunt cu 17% mai u\u0219oare dec\u00e2t modelul anterior, reduc\u00e2nd oboseala \u0219i permi\u021b\u00e2ndu-v\u0103 s\u0103 v\u0103 p\u0103stra\u021bi concentrarea \u00een sesiuni de gaming prelungite.<\/span><\/p>\n<p><span style=\"color: #000000;\"><img decoding=\"async\" class=\"aligncenter\" src=\"https:\/\/sony.scene7.com\/is\/image\/sonyglobalsolutions\/GG25_WH-G910N_02_Lightweight-design_M?$largeImageMobile$&amp;fmt=png-alpha\" alt=\"Imagine de sus cu INZONE H9 II.\" width=\"801\" height=\"486\" \/><\/span><\/p>\n<hr \/>\n<h3 class=\"LargeStaticImageHotSpot__Headline -Normal\" style=\"text-align: center;\"><span style=\"color: #000000;\">Ajusta\u021bi banda de fixare pe cap reglabil\u0103 pentru potrivire perfect\u0103<\/span><\/h3>\n<p style=\"text-align: center;\"><span style=\"color: #000000;\">Structura unic\u0103 a benzii de fixare pe cap se adapteaz\u0103 la forma capului, asigur\u00e2nd echilibru \u0219i distribu\u021bie a presiunii optime pentru sesiuni de gaming prelungite.<\/span><\/p>\n<p><span style=\"color: #000000;\"><img decoding=\"async\" class=\"aligncenter\" src=\"https:\/\/sony.scene7.com\/is\/image\/sonyglobalsolutions\/GG25_WH-G910N_02_Perfect-fit_M?$largeImageMobile$&amp;fmt=png-alpha\" alt=\"Imagine de sus cu INZONE H9 II.\" width=\"799\" height=\"485\" \/><\/span><\/p>\n<hr \/>\n<h3 class=\"LargeStaticImageHotSpot__Headline -Normal\" style=\"text-align: center;\"><span style=\"color: #000000;\">Conexiune simultan\u0103 pentru chat \u0219i joc<\/span><\/h3>\n<p style=\"text-align: center;\"><span style=\"color: #000000;\">Conecta\u021bi-v\u0103 prin dongle USB-C\u00ae la 2,4GHz pentru gaming cu laten\u021b\u0103 sc\u0103zut\u0103 \u0219i folosi\u021bi conexiunea Bluetooth\u00ae pentru chat \u0219i alte nevoi. R\u0103m\u00e2ne\u021bi \u00een leg\u0103tur\u0103 cu echipa, indiferent de platforma folosit\u0103.<\/span><\/p>\n<p><span style=\"color: #000000;\"><img decoding=\"async\" class=\"aligncenter\" src=\"https:\/\/sony.scene7.com\/is\/image\/sonyglobalsolutions\/GG25_WH-G910N_02_Bluetooth-connection_M?$largeImageMobile$&amp;fmt=png-alpha\" alt=\"INZONE H9 II cu dongle wireless \u0219i raz\u0103 de semnal.\" width=\"801\" height=\"486\" \/><\/span><\/p>\n<hr \/>\n<h3 class=\"LargeStaticImageHotSpot__Headline -Normal\" style=\"text-align: center;\"><span style=\"color: #000000;\">Autonomie de 30 de ore \u0219i \u00eenc\u0103rcare \u00een timpul jocului<\/span><\/h3>\n<p style=\"text-align: center;\"><span style=\"color: #000000;\">Bucura\u021bi-v\u0103 de p\u00e2n\u0103 la 30 de ore de joc cu \u00eenc\u0103rcare complet\u0103. \u0218i, c\u00e2nd bateria se descarc\u0103, le pute\u021bi conecta \u0219i v\u0103 pute\u021bi juca \u00een continuare f\u0103r\u0103 a pierde niciun moment.<\/span><\/p>\n<p><span style=\"color: #000000;\"><img decoding=\"async\" class=\"aligncenter\" src=\"https:\/\/sony.scene7.com\/is\/image\/sonyglobalsolutions\/GG25_WH-G910N_02_Charging-option_M?$largeImageMobile$&amp;fmt=png-alpha\" alt=\"INZONE H9 II l\u00e2ng\u0103 o pictogram\u0103 baterie str\u0103lucitoare, cu textul \u201e30H\u201d.\" width=\"799\" height=\"485\" \/><\/span><\/p>\n<hr \/>\n<h3 class=\"LargeStaticImageHotSpot__Headline -Normal\" style=\"text-align: center;\"><span style=\"color: #000000;\">Men\u021bine\u021bi controlul asupra chatului \u0219i comunica\u021biilor<\/span><\/h3>\n<p style=\"text-align: center;\"><span style=\"color: #000000;\">Ajusta\u021bi cu u\u0219urin\u021b\u0103 echilibrul vocii sau opri\u021bi complet sonorului \u00een timp ce v\u0103 juca\u021bi pe PC. Comenzile sunt amplasate pentru accesare rapid\u0103, intuitiv\u0103, care nu v\u0103 \u00eentrerupe concentrarea.<\/span><\/p>\n<p><span style=\"color: #000000;\"><img decoding=\"async\" class=\"aligncenter\" src=\"https:\/\/sony.scene7.com\/is\/image\/sonyglobalsolutions\/GG25_WH-G910N_02_Controls_M?$largeImageMobile$&amp;fmt=png-alpha\" alt=\"Prim-plan cu butoanele \u0219i comenzile microfonului de pe INZONE H9 II.\" width=\"799\" height=\"485\" \/><\/span><\/p>\n<hr \/>\n<h3 class=\"LargeStaticImageHotSpot__Headline -Normal\" style=\"text-align: center;\"><span style=\"color: #000000;\">Mod cu fir, cu func\u021bie de anulare a zgomotului<\/span><\/h3>\n<p style=\"text-align: center;\"><span style=\"color: #000000;\">Func\u021bia de anulare a zgomotului de pe H9 II func\u021bioneaz\u0103 at\u00e2t wireless, c\u00e2t \u0219i la conexiune cu fir. Selecta\u021bi modalitatea de conectare care se potrive\u0219te cel mai bine cu nevoile privind laten\u021ba \u0219i mi\u0219carea, dispozitivele sau stilul.<\/span><\/p>\n<p><span style=\"color: #000000;\"><img decoding=\"async\" class=\"aligncenter\" src=\"https:\/\/sony.scene7.com\/is\/image\/sonyglobalsolutions\/GG25_WH-G910N_02_Wired-connection_M?$largeImageMobile$&amp;fmt=png-alpha\" alt=\"Prim-plan cu INZONE H9 II, ilustr\u00e2nd conexiunea cu fir.\" width=\"803\" height=\"487\" \/><\/span><\/p>\n","protected":false},"excerpt":{"rendered":"<ul>\n<li><span style=\"color: #000000;\">C\u0103\u0219ti wireless pentru jocuri<\/span><\/li>\n<li><span style=\"color: #000000;\">Compatibile cu PC \u0219i PS5 <\/span><\/li>\n<li><span style=\"color: #000000;\">Conectare la smartphone prin Bluetooth 5.3<\/span><\/li>\n<li><span style=\"color: #000000;\">Reducere activ\u0103 a zgomotului<\/span><\/li>\n<li><span style=\"color: #000000;\">Difuzoare din material compozit din carbon<\/span><\/li>\n<li><span style=\"color: #000000;\">Autonomie: p\u00e2n\u0103 la 30 de ore<\/span><\/li>\n<li><span style=\"color: #000000;\">Timp de \u00eenc\u0103rcare complet\u0103: aproximativ 3,5 ore<\/span><\/li>\n<li><span style=\"color: #000000;\">Configurare flexibil\u0103 prin intermediul software-ului special Inzone <\/span><\/li>\n<li><span style=\"color: #000000;\">Sistem de sunet surround virtual 7.1 canale<\/span><\/li>\n<li><span style=\"color: #000000;\">Garan\u021bie 2 ani<\/span><\/li>\n<li><span style=\"color: #000000;\">Con\u021binutul cutiei: cablu audio de 2 m, cablu USB, adaptor USB-C, hus\u0103 moale<\/span><\/li>\n<\/ul>\n","protected":false},"featured_media":32527,"comment_status":"open","ping_status":"closed","template":"","meta":[],"product_brand":[],"product_cat":[851,859],"product_tag":[],"class_list":{"0":"post-33184","1":"product","2":"type-product","3":"status-publish","4":"has-post-thumbnail","6":"product_cat-casti-pentru-jocuri-inzone","7":"product_cat-casti-gaming","8":"pa_color-black-ro","9":"pa_color-white-ro","11":"first","12":"instock","13":"shipping-taxable","14":"purchasable","15":"product-type-simple"},"yoast_head":"<!-- This site is optimized with the Yoast SEO plugin v27.4 - https:\/\/yoast.com\/product\/yoast-seo-wordpress\/ -->\n<title>SONY WH-G910N | Inzone H9 II | C\u0103\u0219ti gaming SONY<\/title>\n<meta name=\"description\" content=\"Cump\u0103r\u0103 noile c\u0103\u0219ti gaming SONY WH-G910N | SONY Inzone H9 II \u00een Chi\u0219in\u0103u | Garan\u021bie oficial\u0103 2 ani de la producator | Dealer SONY\" \/>\n<meta name=\"robots\" content=\"index, follow, max-snippet:-1, max-image-preview:large, max-video-preview:-1\" \/>\n<link rel=\"canonical\" href=\"https:\/\/sonycenter.md\/ro\/magazin\/inzone-h9-ii-black-whg910nb\/\" \/>\n<meta property=\"og:locale\" content=\"ro_RO\" \/>\n<meta property=\"og:type\" content=\"article\" \/>\n<meta property=\"og:title\" content=\"SONY WH-G910N | Inzone H9 II | C\u0103\u0219ti gaming SONY\" \/>\n<meta property=\"og:description\" content=\"Cump\u0103r\u0103 noile c\u0103\u0219ti gaming SONY WH-G910N | SONY Inzone H9 II \u00een Chi\u0219in\u0103u | Garan\u021bie oficial\u0103 2 ani de la producator | Dealer SONY\" \/>\n<meta property=\"og:url\" content=\"https:\/\/sonycenter.md\/ro\/magazin\/inzone-h9-ii-black-whg910nb\/\" \/>\n<meta property=\"og:site_name\" content=\"SONY\" \/>\n<meta property=\"article:modified_time\" content=\"2025-11-28T12:01:12+00:00\" \/>\n<meta property=\"og:image\" content=\"https:\/\/sonycenter.md\/wp-content\/uploads\/2025\/09\/wh-g910n-b.jpg\" \/>\n\t<meta property=\"og:image:width\" content=\"600\" \/>\n\t<meta property=\"og:image:height\" content=\"600\" \/>\n\t<meta property=\"og:image:type\" content=\"image\/jpeg\" \/>\n<meta name=\"twitter:card\" content=\"summary_large_image\" \/>\n<meta name=\"twitter:label1\" content=\"Est. reading time\" \/>\n\t<meta name=\"twitter:data1\" content=\"6 minutes\" \/>\n<script type=\"application\/ld+json\" class=\"yoast-schema-graph\">{\"@context\":\"https:\\\/\\\/schema.org\",\"@graph\":[{\"@type\":[\"WebPage\",\"ItemPage\"],\"@id\":\"https:\\\/\\\/sonycenter.md\\\/ro\\\/magazin\\\/inzone-h9-ii-black-whg910nb\\\/\",\"url\":\"https:\\\/\\\/sonycenter.md\\\/ro\\\/magazin\\\/inzone-h9-ii-black-whg910nb\\\/\",\"name\":\"SONY WH-G910N | Inzone H9 II | C\u0103\u0219ti gaming SONY\",\"isPartOf\":{\"@id\":\"http:\\\/\\\/sonycenter.md\\\/ro\\\/#website\"},\"primaryImageOfPage\":{\"@id\":\"https:\\\/\\\/sonycenter.md\\\/ro\\\/magazin\\\/inzone-h9-ii-black-whg910nb\\\/#primaryimage\"},\"image\":{\"@id\":\"https:\\\/\\\/sonycenter.md\\\/ro\\\/magazin\\\/inzone-h9-ii-black-whg910nb\\\/#primaryimage\"},\"thumbnailUrl\":\"https:\\\/\\\/sonycenter.md\\\/wp-content\\\/uploads\\\/2025\\\/09\\\/wh-g910n-b.jpg\",\"datePublished\":\"2025-11-28T12:00:37+00:00\",\"dateModified\":\"2025-11-28T12:01:12+00:00\",\"description\":\"Cump\u0103r\u0103 noile c\u0103\u0219ti gaming SONY WH-G910N | SONY Inzone H9 II \u00een Chi\u0219in\u0103u | Garan\u021bie oficial\u0103 2 ani de la producator | Dealer SONY\",\"breadcrumb\":{\"@id\":\"https:\\\/\\\/sonycenter.md\\\/ro\\\/magazin\\\/inzone-h9-ii-black-whg910nb\\\/#breadcrumb\"},\"inLanguage\":\"ro-RO\",\"potentialAction\":[{\"@type\":\"ReadAction\",\"target\":[\"https:\\\/\\\/sonycenter.md\\\/ro\\\/magazin\\\/inzone-h9-ii-black-whg910nb\\\/\"]}]},{\"@type\":\"ImageObject\",\"inLanguage\":\"ro-RO\",\"@id\":\"https:\\\/\\\/sonycenter.md\\\/ro\\\/magazin\\\/inzone-h9-ii-black-whg910nb\\\/#primaryimage\",\"url\":\"https:\\\/\\\/sonycenter.md\\\/wp-content\\\/uploads\\\/2025\\\/09\\\/wh-g910n-b.jpg\",\"contentUrl\":\"https:\\\/\\\/sonycenter.md\\\/wp-content\\\/uploads\\\/2025\\\/09\\\/wh-g910n-b.jpg\",\"width\":600,\"height\":600,\"caption\":\"Inzone H9 II Black (WHG910NB)\"},{\"@type\":\"BreadcrumbList\",\"@id\":\"https:\\\/\\\/sonycenter.md\\\/ro\\\/magazin\\\/inzone-h9-ii-black-whg910nb\\\/#breadcrumb\",\"itemListElement\":[{\"@type\":\"ListItem\",\"position\":1,\"name\":\"\u0413\u043b\u0430\u0432\u043d\u0430\u044f \u0441\u0442\u0440\u0430\u043d\u0438\u0446\u0430\",\"item\":\"https:\\\/\\\/sonycenter.md\\\/ro\\\/\"},{\"@type\":\"ListItem\",\"position\":2,\"name\":\"Magazin\",\"item\":\"https:\\\/\\\/sonycenter.md\\\/shop\\\/\"},{\"@type\":\"ListItem\",\"position\":3,\"name\":\"Inzone H9 II Black (WHG910NB)\"}]},{\"@type\":\"WebSite\",\"@id\":\"http:\\\/\\\/sonycenter.md\\\/ro\\\/#website\",\"url\":\"http:\\\/\\\/sonycenter.md\\\/ro\\\/\",\"name\":\"sonycenter.md\",\"description\":\"SONYCENTER \u00een Chi\u0219in\u0103u\",\"publisher\":{\"@id\":\"http:\\\/\\\/sonycenter.md\\\/ro\\\/#organization\"},\"potentialAction\":[{\"@type\":\"SearchAction\",\"target\":{\"@type\":\"EntryPoint\",\"urlTemplate\":\"http:\\\/\\\/sonycenter.md\\\/ro\\\/?s={search_term_string}\"},\"query-input\":{\"@type\":\"PropertyValueSpecification\",\"valueRequired\":true,\"valueName\":\"search_term_string\"}}],\"inLanguage\":\"ro-RO\"},{\"@type\":\"Organization\",\"@id\":\"http:\\\/\\\/sonycenter.md\\\/ro\\\/#organization\",\"name\":\"sonycenter.md\",\"url\":\"http:\\\/\\\/sonycenter.md\\\/ro\\\/\",\"logo\":{\"@type\":\"ImageObject\",\"inLanguage\":\"ro-RO\",\"@id\":\"http:\\\/\\\/sonycenter.md\\\/ro\\\/#\\\/schema\\\/logo\\\/image\\\/\",\"url\":\"\",\"contentUrl\":\"\",\"caption\":\"sonycenter.md\"},\"image\":{\"@id\":\"http:\\\/\\\/sonycenter.md\\\/ro\\\/#\\\/schema\\\/logo\\\/image\\\/\"}}]}<\/script>\n<!-- \/ Yoast SEO plugin. -->","yoast_head_json":{"title":"SONY WH-G910N | Inzone H9 II | C\u0103\u0219ti gaming SONY","description":"Cump\u0103r\u0103 noile c\u0103\u0219ti gaming SONY WH-G910N | SONY Inzone H9 II \u00een Chi\u0219in\u0103u | Garan\u021bie oficial\u0103 2 ani de la producator | Dealer SONY","robots":{"index":"index","follow":"follow","max-snippet":"max-snippet:-1","max-image-preview":"max-image-preview:large","max-video-preview":"max-video-preview:-1"},"canonical":"https:\/\/sonycenter.md\/ro\/magazin\/inzone-h9-ii-black-whg910nb\/","og_locale":"ro_RO","og_type":"article","og_title":"SONY WH-G910N | Inzone H9 II | C\u0103\u0219ti gaming SONY","og_description":"Cump\u0103r\u0103 noile c\u0103\u0219ti gaming SONY WH-G910N | SONY Inzone H9 II \u00een Chi\u0219in\u0103u | Garan\u021bie oficial\u0103 2 ani de la producator | Dealer SONY","og_url":"https:\/\/sonycenter.md\/ro\/magazin\/inzone-h9-ii-black-whg910nb\/","og_site_name":"SONY","article_modified_time":"2025-11-28T12:01:12+00:00","og_image":[{"width":600,"height":600,"url":"https:\/\/sonycenter.md\/wp-content\/uploads\/2025\/09\/wh-g910n-b.jpg","type":"image\/jpeg"}],"twitter_card":"summary_large_image","twitter_misc":{"Est. reading time":"6 minutes"},"schema":{"@context":"https:\/\/schema.org","@graph":[{"@type":["WebPage","ItemPage"],"@id":"https:\/\/sonycenter.md\/ro\/magazin\/inzone-h9-ii-black-whg910nb\/","url":"https:\/\/sonycenter.md\/ro\/magazin\/inzone-h9-ii-black-whg910nb\/","name":"SONY WH-G910N | Inzone H9 II | C\u0103\u0219ti gaming SONY","isPartOf":{"@id":"https:\/\/sonycenter.md\/ro\/#website"},"primaryImageOfPage":{"@id":"https:\/\/sonycenter.md\/ro\/magazin\/inzone-h9-ii-black-whg910nb\/#primaryimage"},"image":{"@id":"https:\/\/sonycenter.md\/ro\/magazin\/inzone-h9-ii-black-whg910nb\/#primaryimage"},"thumbnailUrl":"https:\/\/sonycenter.md\/wp-content\/uploads\/2025\/09\/wh-g910n-b.jpg","datePublished":"2025-11-28T12:00:37+00:00","dateModified":"2025-11-28T12:01:12+00:00","description":"Cump\u0103r\u0103 noile c\u0103\u0219ti gaming SONY WH-G910N | SONY Inzone H9 II \u00een Chi\u0219in\u0103u | Garan\u021bie oficial\u0103 2 ani de la producator | Dealer SONY","breadcrumb":{"@id":"https:\/\/sonycenter.md\/ro\/magazin\/inzone-h9-ii-black-whg910nb\/#breadcrumb"},"inLanguage":"ro-RO","potentialAction":[{"@type":"ReadAction","target":["https:\/\/sonycenter.md\/ro\/magazin\/inzone-h9-ii-black-whg910nb\/"]}]},{"@type":"ImageObject","inLanguage":"ro-RO","@id":"https:\/\/sonycenter.md\/ro\/magazin\/inzone-h9-ii-black-whg910nb\/#primaryimage","url":"https:\/\/sonycenter.md\/wp-content\/uploads\/2025\/09\/wh-g910n-b.jpg","contentUrl":"https:\/\/sonycenter.md\/wp-content\/uploads\/2025\/09\/wh-g910n-b.jpg","width":600,"height":600,"caption":"Inzone H9 II Black (WHG910NB)"},{"@type":"BreadcrumbList","@id":"https:\/\/sonycenter.md\/ro\/magazin\/inzone-h9-ii-black-whg910nb\/#breadcrumb","itemListElement":[{"@type":"ListItem","position":1,"name":"\u0413\u043b\u0430\u0432\u043d\u0430\u044f \u0441\u0442\u0440\u0430\u043d\u0438\u0446\u0430","item":"https:\/\/sonycenter.md\/ro\/"},{"@type":"ListItem","position":2,"name":"Magazin","item":"https:\/\/sonycenter.md\/shop\/"},{"@type":"ListItem","position":3,"name":"Inzone H9 II Black (WHG910NB)"}]},{"@type":"WebSite","@id":"https:\/\/sonycenter.md\/ro\/#website","url":"https:\/\/sonycenter.md\/ro\/","name":"sonycenter.md","description":"SONYCENTER \u00een Chi\u0219in\u0103u","publisher":{"@id":"https:\/\/sonycenter.md\/ro\/#organization"},"potentialAction":[{"@type":"SearchAction","target":{"@type":"EntryPoint","urlTemplate":"https:\/\/sonycenter.md\/ro\/?s={search_term_string}"},"query-input":{"@type":"PropertyValueSpecification","valueRequired":true,"valueName":"search_term_string"}}],"inLanguage":"ro-RO"},{"@type":"Organization","@id":"https:\/\/sonycenter.md\/ro\/#organization","name":"sonycenter.md","url":"https:\/\/sonycenter.md\/ro\/","logo":{"@type":"ImageObject","inLanguage":"ro-RO","@id":"https:\/\/sonycenter.md\/ro\/#\/schema\/logo\/image\/","url":"","contentUrl":"","caption":"sonycenter.md"},"image":{"@id":"https:\/\/sonycenter.md\/ro\/#\/schema\/logo\/image\/"}}]}},"_links":{"self":[{"href":"https:\/\/sonycenter.md\/ro\/wp-json\/wp\/v2\/product\/33184","targetHints":{"allow":["GET"]}}],"collection":[{"href":"https:\/\/sonycenter.md\/ro\/wp-json\/wp\/v2\/product"}],"about":[{"href":"https:\/\/sonycenter.md\/ro\/wp-json\/wp\/v2\/types\/product"}],"replies":[{"embeddable":true,"href":"https:\/\/sonycenter.md\/ro\/wp-json\/wp\/v2\/comments?post=33184"}],"wp:featuredmedia":[{"embeddable":true,"href":"https:\/\/sonycenter.md\/ro\/wp-json\/wp\/v2\/media\/32527"}],"wp:attachment":[{"href":"https:\/\/sonycenter.md\/ro\/wp-json\/wp\/v2\/media?parent=33184"}],"wp:term":[{"taxonomy":"product_brand","embeddable":true,"href":"https:\/\/sonycenter.md\/ro\/wp-json\/wp\/v2\/product_brand?post=33184"},{"taxonomy":"product_cat","embeddable":true,"href":"https:\/\/sonycenter.md\/ro\/wp-json\/wp\/v2\/product_cat?post=33184"},{"taxonomy":"product_tag","embeddable":true,"href":"https:\/\/sonycenter.md\/ro\/wp-json\/wp\/v2\/product_tag?post=33184"}],"curies":[{"name":"wp","href":"https:\/\/api.w.org\/{rel}","templated":true}]}}