{"id":33194,"date":"2025-11-28T14:51:14","date_gmt":"2025-11-28T12:51:14","guid":{"rendered":"https:\/\/sonycenter.md\/?post_type=product&#038;p=33194"},"modified":"2025-11-28T14:53:23","modified_gmt":"2025-11-28T12:53:23","slug":"inzone-h5-black-whg500b","status":"publish","type":"product","link":"https:\/\/sonycenter.md\/ro\/magazin\/inzone-h5-black-whg500b\/","title":{"rendered":"Inzone H5 Black (WHG500B)"},"content":{"rendered":"<p><iframe loading=\"lazy\" title=\"YouTube video player\" src=\"https:\/\/www.youtube.com\/embed\/Jm2EtEuvJTA?si=_ouuxQrpn7zaplm0\" width=\"900\" height=\"500\" frameborder=\"0\" allowfullscreen=\"allowfullscreen\"><span data-mce-type=\"bookmark\" style=\"display: inline-block; width: 0px; overflow: hidden; line-height: 0;\" class=\"mce_SELRES_start\">\ufeff<\/span><\/iframe><\/p>\n","protected":false},"excerpt":{"rendered":"<ul>\n<li>Tip de c\u0103\u0219ti : \u00cenchise, dinamice<\/li>\n<li>Optiunea de conectare prin cablu : Da (lungimea 1,5 m)<\/li>\n<li>Difuzor : 40 mm<\/li>\n<li>R\u0103spuns \u00een frecven\u021b\u0103 : 5\u201320.000 Hz<\/li>\n<li>Sensibilitate : 89 dB\/mW<\/li>\n<li>Tip de conec\u021biune :2,4 GHz (USB adaptor)<\/li>\n<li>Microfon bidirec\u021bional<\/li>\n<li>Tehnologie concentrat\u0103 pe voce<\/li>\n<li>Autonomia bateriei : p\u00e2n\u0103 la 28 de ore<\/li>\n<li>\u00cenc\u0103rcare rapid\u0103 : 10 min. = 3 ore de de joc<\/li>\n<li>Greutate : Aprox. 260 g<\/li>\n<\/ul>\n","protected":false},"featured_media":26087,"comment_status":"open","ping_status":"closed","template":"","meta":[],"product_brand":[],"product_cat":[851,859],"product_tag":[],"class_list":{"0":"post-33194","1":"product","2":"type-product","3":"status-publish","4":"has-post-thumbnail","6":"product_cat-casti-pentru-jocuri-inzone","7":"product_cat-casti-gaming","8":"pa_color-black-ro","9":"pa_color-white-ro","11":"first","12":"instock","13":"sale","14":"shipping-taxable","15":"purchasable","16":"product-type-simple"},"yoast_head":"<!-- This site is optimized with the Yoast SEO plugin v27.4 - https:\/\/yoast.com\/product\/yoast-seo-wordpress\/ -->\n<title>Inzone H5 Black (WHG500B) | sonycenter.md<\/title>\n<meta name=\"description\" content=\"Inzone H5 Black (WHG500B) - \u043a\u0443\u043f\u0438\u0442\u044c \u0432 \u041a\u0438\u0448\u0438\u043d\u0435\u0432\u0435. \u0428\u0438\u0440\u043e\u043a\u0438\u0439 \u0430\u0441\u0441\u043e\u0440\u0442\u0438\u043c\u0435\u043d\u0442 \u043f\u0440\u043e\u0434\u0443\u043a\u0446\u0438\u0438 SONY \u0432 \u0444\u0438\u0440\u043c\u0435\u043d\u043d\u043e\u043c \u043c\u0430\u0433\u0430\u0437\u0438\u043d\u0435 SONY\" \/>\n<meta name=\"robots\" content=\"index, follow, max-snippet:-1, max-image-preview:large, max-video-preview:-1\" \/>\n<link rel=\"canonical\" href=\"https:\/\/sonycenter.md\/ro\/magazin\/inzone-h5-black-whg500b\/\" \/>\n<meta property=\"og:locale\" content=\"ro_RO\" \/>\n<meta property=\"og:type\" content=\"article\" \/>\n<meta property=\"og:title\" content=\"Inzone H5 Black (WHG500B) | sonycenter.md\" \/>\n<meta property=\"og:description\" content=\"Inzone H5 Black (WHG500B) - \u043a\u0443\u043f\u0438\u0442\u044c \u0432 \u041a\u0438\u0448\u0438\u043d\u0435\u0432\u0435. \u0428\u0438\u0440\u043e\u043a\u0438\u0439 \u0430\u0441\u0441\u043e\u0440\u0442\u0438\u043c\u0435\u043d\u0442 \u043f\u0440\u043e\u0434\u0443\u043a\u0446\u0438\u0438 SONY \u0432 \u0444\u0438\u0440\u043c\u0435\u043d\u043d\u043e\u043c \u043c\u0430\u0433\u0430\u0437\u0438\u043d\u0435 SONY\" \/>\n<meta property=\"og:url\" content=\"https:\/\/sonycenter.md\/ro\/magazin\/inzone-h5-black-whg500b\/\" \/>\n<meta property=\"og:site_name\" content=\"SONY\" \/>\n<meta property=\"article:modified_time\" content=\"2025-11-28T12:53:23+00:00\" \/>\n<meta property=\"og:image\" content=\"https:\/\/sonycenter.md\/wp-content\/uploads\/2023\/10\/WHG500-2.jpg\" \/>\n\t<meta property=\"og:image:width\" content=\"600\" \/>\n\t<meta property=\"og:image:height\" content=\"600\" \/>\n\t<meta property=\"og:image:type\" content=\"image\/jpeg\" \/>\n<meta name=\"twitter:card\" content=\"summary_large_image\" \/>\n<meta name=\"twitter:label1\" content=\"Est. reading time\" \/>\n\t<meta name=\"twitter:data1\" content=\"1 minute\" \/>\n<script type=\"application\/ld+json\" class=\"yoast-schema-graph\">{\"@context\":\"https:\\\/\\\/schema.org\",\"@graph\":[{\"@type\":[\"WebPage\",\"ItemPage\"],\"@id\":\"https:\\\/\\\/sonycenter.md\\\/ro\\\/magazin\\\/inzone-h5-black-whg500b\\\/\",\"url\":\"https:\\\/\\\/sonycenter.md\\\/ro\\\/magazin\\\/inzone-h5-black-whg500b\\\/\",\"name\":\"Inzone H5 Black (WHG500B) | sonycenter.md\",\"isPartOf\":{\"@id\":\"http:\\\/\\\/sonycenter.md\\\/ro\\\/#website\"},\"primaryImageOfPage\":{\"@id\":\"https:\\\/\\\/sonycenter.md\\\/ro\\\/magazin\\\/inzone-h5-black-whg500b\\\/#primaryimage\"},\"image\":{\"@id\":\"https:\\\/\\\/sonycenter.md\\\/ro\\\/magazin\\\/inzone-h5-black-whg500b\\\/#primaryimage\"},\"thumbnailUrl\":\"https:\\\/\\\/sonycenter.md\\\/wp-content\\\/uploads\\\/2023\\\/10\\\/WHG500-2.jpg\",\"datePublished\":\"2025-11-28T12:51:14+00:00\",\"dateModified\":\"2025-11-28T12:53:23+00:00\",\"description\":\"Inzone H5 Black (WHG500B) - \u043a\u0443\u043f\u0438\u0442\u044c \u0432 \u041a\u0438\u0448\u0438\u043d\u0435\u0432\u0435. \u0428\u0438\u0440\u043e\u043a\u0438\u0439 \u0430\u0441\u0441\u043e\u0440\u0442\u0438\u043c\u0435\u043d\u0442 \u043f\u0440\u043e\u0434\u0443\u043a\u0446\u0438\u0438 SONY \u0432 \u0444\u0438\u0440\u043c\u0435\u043d\u043d\u043e\u043c \u043c\u0430\u0433\u0430\u0437\u0438\u043d\u0435 SONY\",\"breadcrumb\":{\"@id\":\"https:\\\/\\\/sonycenter.md\\\/ro\\\/magazin\\\/inzone-h5-black-whg500b\\\/#breadcrumb\"},\"inLanguage\":\"ro-RO\",\"potentialAction\":[{\"@type\":\"ReadAction\",\"target\":[\"https:\\\/\\\/sonycenter.md\\\/ro\\\/magazin\\\/inzone-h5-black-whg500b\\\/\"]}]},{\"@type\":\"ImageObject\",\"inLanguage\":\"ro-RO\",\"@id\":\"https:\\\/\\\/sonycenter.md\\\/ro\\\/magazin\\\/inzone-h5-black-whg500b\\\/#primaryimage\",\"url\":\"https:\\\/\\\/sonycenter.md\\\/wp-content\\\/uploads\\\/2023\\\/10\\\/WHG500-2.jpg\",\"contentUrl\":\"https:\\\/\\\/sonycenter.md\\\/wp-content\\\/uploads\\\/2023\\\/10\\\/WHG500-2.jpg\",\"width\":600,\"height\":600,\"caption\":\"Inzone H5 Black (WHG500B)\"},{\"@type\":\"BreadcrumbList\",\"@id\":\"https:\\\/\\\/sonycenter.md\\\/ro\\\/magazin\\\/inzone-h5-black-whg500b\\\/#breadcrumb\",\"itemListElement\":[{\"@type\":\"ListItem\",\"position\":1,\"name\":\"\u0413\u043b\u0430\u0432\u043d\u0430\u044f \u0441\u0442\u0440\u0430\u043d\u0438\u0446\u0430\",\"item\":\"https:\\\/\\\/sonycenter.md\\\/ro\\\/\"},{\"@type\":\"ListItem\",\"position\":2,\"name\":\"Magazin\",\"item\":\"https:\\\/\\\/sonycenter.md\\\/shop\\\/\"},{\"@type\":\"ListItem\",\"position\":3,\"name\":\"Inzone H5 Black (WHG500B)\"}]},{\"@type\":\"WebSite\",\"@id\":\"http:\\\/\\\/sonycenter.md\\\/ro\\\/#website\",\"url\":\"http:\\\/\\\/sonycenter.md\\\/ro\\\/\",\"name\":\"sonycenter.md\",\"description\":\"SONYCENTER \u00een Chi\u0219in\u0103u\",\"publisher\":{\"@id\":\"http:\\\/\\\/sonycenter.md\\\/ro\\\/#organization\"},\"potentialAction\":[{\"@type\":\"SearchAction\",\"target\":{\"@type\":\"EntryPoint\",\"urlTemplate\":\"http:\\\/\\\/sonycenter.md\\\/ro\\\/?s={search_term_string}\"},\"query-input\":{\"@type\":\"PropertyValueSpecification\",\"valueRequired\":true,\"valueName\":\"search_term_string\"}}],\"inLanguage\":\"ro-RO\"},{\"@type\":\"Organization\",\"@id\":\"http:\\\/\\\/sonycenter.md\\\/ro\\\/#organization\",\"name\":\"sonycenter.md\",\"url\":\"http:\\\/\\\/sonycenter.md\\\/ro\\\/\",\"logo\":{\"@type\":\"ImageObject\",\"inLanguage\":\"ro-RO\",\"@id\":\"http:\\\/\\\/sonycenter.md\\\/ro\\\/#\\\/schema\\\/logo\\\/image\\\/\",\"url\":\"\",\"contentUrl\":\"\",\"caption\":\"sonycenter.md\"},\"image\":{\"@id\":\"http:\\\/\\\/sonycenter.md\\\/ro\\\/#\\\/schema\\\/logo\\\/image\\\/\"}}]}<\/script>\n<!-- \/ Yoast SEO plugin. -->","yoast_head_json":{"title":"Inzone H5 Black (WHG500B) | sonycenter.md","description":"Inzone H5 Black (WHG500B) - \u043a\u0443\u043f\u0438\u0442\u044c \u0432 \u041a\u0438\u0448\u0438\u043d\u0435\u0432\u0435. \u0428\u0438\u0440\u043e\u043a\u0438\u0439 \u0430\u0441\u0441\u043e\u0440\u0442\u0438\u043c\u0435\u043d\u0442 \u043f\u0440\u043e\u0434\u0443\u043a\u0446\u0438\u0438 SONY \u0432 \u0444\u0438\u0440\u043c\u0435\u043d\u043d\u043e\u043c \u043c\u0430\u0433\u0430\u0437\u0438\u043d\u0435 SONY","robots":{"index":"index","follow":"follow","max-snippet":"max-snippet:-1","max-image-preview":"max-image-preview:large","max-video-preview":"max-video-preview:-1"},"canonical":"https:\/\/sonycenter.md\/ro\/magazin\/inzone-h5-black-whg500b\/","og_locale":"ro_RO","og_type":"article","og_title":"Inzone H5 Black (WHG500B) | sonycenter.md","og_description":"Inzone H5 Black (WHG500B) - \u043a\u0443\u043f\u0438\u0442\u044c \u0432 \u041a\u0438\u0448\u0438\u043d\u0435\u0432\u0435. \u0428\u0438\u0440\u043e\u043a\u0438\u0439 \u0430\u0441\u0441\u043e\u0440\u0442\u0438\u043c\u0435\u043d\u0442 \u043f\u0440\u043e\u0434\u0443\u043a\u0446\u0438\u0438 SONY \u0432 \u0444\u0438\u0440\u043c\u0435\u043d\u043d\u043e\u043c \u043c\u0430\u0433\u0430\u0437\u0438\u043d\u0435 SONY","og_url":"https:\/\/sonycenter.md\/ro\/magazin\/inzone-h5-black-whg500b\/","og_site_name":"SONY","article_modified_time":"2025-11-28T12:53:23+00:00","og_image":[{"width":600,"height":600,"url":"https:\/\/sonycenter.md\/wp-content\/uploads\/2023\/10\/WHG500-2.jpg","type":"image\/jpeg"}],"twitter_card":"summary_large_image","twitter_misc":{"Est. reading time":"1 minute"},"schema":{"@context":"https:\/\/schema.org","@graph":[{"@type":["WebPage","ItemPage"],"@id":"https:\/\/sonycenter.md\/ro\/magazin\/inzone-h5-black-whg500b\/","url":"https:\/\/sonycenter.md\/ro\/magazin\/inzone-h5-black-whg500b\/","name":"Inzone H5 Black (WHG500B) | sonycenter.md","isPartOf":{"@id":"https:\/\/sonycenter.md\/ro\/#website"},"primaryImageOfPage":{"@id":"https:\/\/sonycenter.md\/ro\/magazin\/inzone-h5-black-whg500b\/#primaryimage"},"image":{"@id":"https:\/\/sonycenter.md\/ro\/magazin\/inzone-h5-black-whg500b\/#primaryimage"},"thumbnailUrl":"https:\/\/sonycenter.md\/wp-content\/uploads\/2023\/10\/WHG500-2.jpg","datePublished":"2025-11-28T12:51:14+00:00","dateModified":"2025-11-28T12:53:23+00:00","description":"Inzone H5 Black (WHG500B) - \u043a\u0443\u043f\u0438\u0442\u044c \u0432 \u041a\u0438\u0448\u0438\u043d\u0435\u0432\u0435. \u0428\u0438\u0440\u043e\u043a\u0438\u0439 \u0430\u0441\u0441\u043e\u0440\u0442\u0438\u043c\u0435\u043d\u0442 \u043f\u0440\u043e\u0434\u0443\u043a\u0446\u0438\u0438 SONY \u0432 \u0444\u0438\u0440\u043c\u0435\u043d\u043d\u043e\u043c \u043c\u0430\u0433\u0430\u0437\u0438\u043d\u0435 SONY","breadcrumb":{"@id":"https:\/\/sonycenter.md\/ro\/magazin\/inzone-h5-black-whg500b\/#breadcrumb"},"inLanguage":"ro-RO","potentialAction":[{"@type":"ReadAction","target":["https:\/\/sonycenter.md\/ro\/magazin\/inzone-h5-black-whg500b\/"]}]},{"@type":"ImageObject","inLanguage":"ro-RO","@id":"https:\/\/sonycenter.md\/ro\/magazin\/inzone-h5-black-whg500b\/#primaryimage","url":"https:\/\/sonycenter.md\/wp-content\/uploads\/2023\/10\/WHG500-2.jpg","contentUrl":"https:\/\/sonycenter.md\/wp-content\/uploads\/2023\/10\/WHG500-2.jpg","width":600,"height":600,"caption":"Inzone H5 Black (WHG500B)"},{"@type":"BreadcrumbList","@id":"https:\/\/sonycenter.md\/ro\/magazin\/inzone-h5-black-whg500b\/#breadcrumb","itemListElement":[{"@type":"ListItem","position":1,"name":"\u0413\u043b\u0430\u0432\u043d\u0430\u044f \u0441\u0442\u0440\u0430\u043d\u0438\u0446\u0430","item":"https:\/\/sonycenter.md\/ro\/"},{"@type":"ListItem","position":2,"name":"Magazin","item":"https:\/\/sonycenter.md\/shop\/"},{"@type":"ListItem","position":3,"name":"Inzone H5 Black (WHG500B)"}]},{"@type":"WebSite","@id":"https:\/\/sonycenter.md\/ro\/#website","url":"https:\/\/sonycenter.md\/ro\/","name":"sonycenter.md","description":"SONYCENTER \u00een Chi\u0219in\u0103u","publisher":{"@id":"https:\/\/sonycenter.md\/ro\/#organization"},"potentialAction":[{"@type":"SearchAction","target":{"@type":"EntryPoint","urlTemplate":"https:\/\/sonycenter.md\/ro\/?s={search_term_string}"},"query-input":{"@type":"PropertyValueSpecification","valueRequired":true,"valueName":"search_term_string"}}],"inLanguage":"ro-RO"},{"@type":"Organization","@id":"https:\/\/sonycenter.md\/ro\/#organization","name":"sonycenter.md","url":"https:\/\/sonycenter.md\/ro\/","logo":{"@type":"ImageObject","inLanguage":"ro-RO","@id":"https:\/\/sonycenter.md\/ro\/#\/schema\/logo\/image\/","url":"","contentUrl":"","caption":"sonycenter.md"},"image":{"@id":"https:\/\/sonycenter.md\/ro\/#\/schema\/logo\/image\/"}}]}},"_links":{"self":[{"href":"https:\/\/sonycenter.md\/ro\/wp-json\/wp\/v2\/product\/33194","targetHints":{"allow":["GET"]}}],"collection":[{"href":"https:\/\/sonycenter.md\/ro\/wp-json\/wp\/v2\/product"}],"about":[{"href":"https:\/\/sonycenter.md\/ro\/wp-json\/wp\/v2\/types\/product"}],"replies":[{"embeddable":true,"href":"https:\/\/sonycenter.md\/ro\/wp-json\/wp\/v2\/comments?post=33194"}],"wp:featuredmedia":[{"embeddable":true,"href":"https:\/\/sonycenter.md\/ro\/wp-json\/wp\/v2\/media\/26087"}],"wp:attachment":[{"href":"https:\/\/sonycenter.md\/ro\/wp-json\/wp\/v2\/media?parent=33194"}],"wp:term":[{"taxonomy":"product_brand","embeddable":true,"href":"https:\/\/sonycenter.md\/ro\/wp-json\/wp\/v2\/product_brand?post=33194"},{"taxonomy":"product_cat","embeddable":true,"href":"https:\/\/sonycenter.md\/ro\/wp-json\/wp\/v2\/product_cat?post=33194"},{"taxonomy":"product_tag","embeddable":true,"href":"https:\/\/sonycenter.md\/ro\/wp-json\/wp\/v2\/product_tag?post=33194"}],"curies":[{"name":"wp","href":"https:\/\/api.w.org\/{rel}","templated":true}]}}