{"id":33680,"date":"2026-01-24T12:14:04","date_gmt":"2026-01-24T10:14:04","guid":{"rendered":"https:\/\/sonycenter.md\/?post_type=product&#038;p=33680"},"modified":"2026-03-04T11:29:16","modified_gmt":"2026-03-04T09:29:16","slug":"pslx3bt","status":"publish","type":"product","link":"https:\/\/sonycenter.md\/ro\/magazin\/pslx3bt\/","title":{"rendered":"PSLX3BT"},"content":{"rendered":"<p><span style=\"color: #000000;\">Caracteristici complete ale noului<span style=\"color: #0000ff;\"><a style=\"color: #0000ff;\" href=\"https:\/\/sonycenter.md\/ro\/category\/sisteme-audio\/pickup\/\"> pick-up vinil<\/a><\/span> SONY PSLX3BT:<\/span><\/p>\n<p><span style=\"color: #000000;\"><a style=\"color: #000000;\" href=\"https:\/\/sonycenter.md\/wp-content\/uploads\/2026\/01\/pslx3-igla.jpg\"><img decoding=\"async\" class=\"alignnone wp-image-33654\" src=\"https:\/\/sonycenter.md\/wp-content\/uploads\/2026\/01\/pslx3-igla.jpg\" alt=\"\" width=\"450\" height=\"300\" \/><\/a><\/span><\/p>\n<h3><span style=\"color: #000000;\">Sunet cald pentru pl\u0103cerea de zi cu zi<\/span><\/h3>\n<p><span style=\"color: #000000;\">PSLX3BT este echipat cu un cartu\u0219 de tip MM cu o presiune a acului de 3,5 g \u00b1 0,5 g, care ofer\u0103 un sunet analogic cald cu o urm\u0103rire lin\u0103, ideal pentru ascultarea de zi cu zi.<\/span><\/p>\n<hr \/>\n<p><span style=\"color: #000000;\"><a style=\"color: #000000;\" href=\"https:\/\/sonycenter.md\/wp-content\/uploads\/2026\/01\/pslx3-prozrachnaja-kryshka-ot-pyli.jpg\"><img decoding=\"async\" class=\"alignnone wp-image-33656\" src=\"https:\/\/sonycenter.md\/wp-content\/uploads\/2026\/01\/pslx3-prozrachnaja-kryshka-ot-pyli.jpg\" alt=\"\" width=\"450\" height=\"300\" \/><\/a><\/span><\/p>\n<h3><span style=\"color: #000000;\">Capac transparent. Protec\u021bie elegant\u0103.<\/span><\/h3>\n<p><span style=\"color: #000000;\">Capacul antipraf transparent cu balama p\u0103streaz\u0103 pick-upul curat, prezent\u00e2ndu-i, \u00een acela\u0219i timp, designul elegant, chiar \u0219i c\u00e2nd este \u00eenchis. Protejeaz\u0103 at\u00e2t pick-upul, c\u00e2t \u0219i discurile \u00een timpul red\u0103rii sau c\u00e2nd este doar expus, f\u0103r\u0103 a compromite elegan\u021ba.<\/span><\/p>\n<hr \/>\n<p><span style=\"color: #000000;\"><a style=\"color: #000000;\" href=\"https:\/\/sonycenter.md\/wp-content\/uploads\/2026\/01\/pslx3-start-v-odno-nazhatie.jpg\"><img decoding=\"async\" class=\"alignnone wp-image-33650\" src=\"https:\/\/sonycenter.md\/wp-content\/uploads\/2026\/01\/pslx3-start-v-odno-nazhatie.jpg\" alt=\"\" width=\"452\" height=\"301\" \/><\/a><\/span><\/p>\n<h3 class=\"MediumStaticImageHotSpot__Title\"><span style=\"color: #000000;\">Ap\u0103sa\u021bi o dat\u0103. Reda\u021bi complet.<\/span><\/h3>\n<p><span style=\"color: #000000;\">Ap\u0103sa\u021bi pur \u0219i simplu pe butonul de redare, iar pick-upul se ocup\u0103 de tot restul, de la a\u0219ezarea acului pe disc p\u00e2n\u0103 la revenirea bra\u021bului la finalul discului.<\/span><\/p>\n<hr \/>\n<p><span style=\"color: #000000;\"><a style=\"color: #000000;\" href=\"https:\/\/sonycenter.md\/wp-content\/uploads\/2026\/01\/pslx3-stol-iz-alljum.jpg\"><img decoding=\"async\" class=\"alignnone wp-image-33652\" src=\"https:\/\/sonycenter.md\/wp-content\/uploads\/2026\/01\/pslx3-stol-iz-alljum.jpg\" alt=\"\" width=\"450\" height=\"300\" \/><\/a><\/span><\/p>\n<h3 class=\"MediumStaticImageHotSpot__Title\"><span style=\"color: #000000;\">Rotire lin\u0103, constant\u0103<\/span><\/h3>\n<p><span style=\"color: #000000;\">Un platan solid din aluminiu turnat sub presiune \u0219i un sistem de ac\u021bionare prin curea lucreaz\u0103 \u00eempreun\u0103 pentru a reduce vibra\u021biile \u0219i a men\u021bine discurile \u00een rota\u021bie uniform\u0103, asigur\u00e2nd un sunet lin \u0219i constant de fiecare dat\u0103.<\/span><\/p>\n<hr \/>\n<p><span style=\"color: #000000;\"><a style=\"color: #000000;\" href=\"https:\/\/sonycenter.md\/wp-content\/uploads\/2026\/01\/pslx5-bluetooth-v-odno-nazhatie.jpg\"><img decoding=\"async\" class=\"alignnone wp-image-33668\" src=\"https:\/\/sonycenter.md\/wp-content\/uploads\/2026\/01\/pslx5-bluetooth-v-odno-nazhatie.jpg\" alt=\"\" width=\"449\" height=\"299\" \/><\/a><\/span><\/p>\n<h3 class=\"MediumStaticImageHotSpot__Title\"><span style=\"color: #000000;\">Audi\u0163ie wireless<\/span><\/h3>\n<p><span style=\"color: #000000;\">Conexiunea Bluetooth\u00ae faciliteaz\u0103 audi\u021bia wireless. Configurarea este facil\u0103: asocia\u021bi o dat\u0103, ap\u0103sa\u021bi butonul de redare \u0219i bucura\u021bi-v\u0103 de discuri f\u0103r\u0103 cabluri.<\/span><\/p>\n","protected":false},"excerpt":{"rendered":"<ul>\n<li><span style=\"color: #000000;\">Player vinil SONY PSLX3BT<\/span><\/li>\n<li><span style=\"color: #000000;\">Conexiune wireless prin Bluetooth<\/span><\/li>\n<li><span style=\"color: #000000;\">Conexiune cu fir prin cablu RCA \u00eencorporat<\/span><\/li>\n<li><span style=\"color: #000000;\">Redare complet automat\u0103 <\/span><\/li>\n<li><span style=\"color: #000000;\">Transmisie cu curea<\/span><\/li>\n<li><span style=\"color: #000000;\">Cartu\u0219 cu ac deta\u0219abil rapid<\/span><\/li>\n<li><span style=\"color: #000000;\">Preamplificator \u00eencorporat\u00a0<\/span><\/li>\n<li><span style=\"color: #000000;\">Selectare amplificare: Sc\u0103zut\u0103 (-4 dB)\/Medie (0 dB)\/\u00cenalt\u0103 (+6 dB)<\/span><\/li>\n<li><span style=\"color: #000000;\">Viteze acceptate: 33-1\/3, 45 RPM<\/span><\/li>\n<li><span style=\"color: #000000;\">Diametru acceptat al discurilor: 7 \u0219i 12 inci<\/span><\/li>\n<li><span style=\"color: #000000;\">Presiune ac: 3,5 g \u00b1 0,5 g<\/span><\/li>\n<li><span style=\"color: #000000;\">Dimensiuni: 43 cm * 11,7 cm * 36,6 cm<\/span><\/li>\n<li><span style=\"color: #000000;\">Greutate: aprox. 3,5 kg<\/span><\/li>\n<li><span style=\"color: #000000;\">Garan\u021bie : 2 ani\u00a0<\/span><\/li>\n<\/ul>\n","protected":false},"featured_media":33671,"comment_status":"open","ping_status":"closed","template":"","meta":[],"product_brand":[],"product_cat":[647],"product_tag":[],"class_list":{"0":"post-33680","1":"product","2":"type-product","3":"status-publish","4":"has-post-thumbnail","6":"product_cat-pickup","8":"first","9":"instock","10":"shipping-taxable","11":"purchasable","12":"product-type-simple"},"yoast_head":"<!-- This site is optimized with the Yoast SEO plugin v27.4 - https:\/\/yoast.com\/product\/yoast-seo-wordpress\/ -->\n<title>Pick-up SONY PSLX3BT<\/title>\n<meta name=\"description\" content=\"Turntable SONY PSLX3BT | Cump\u0103r\u0103 \u00een Chi\u0219in\u0103u sau online pe sonycenter.md | Player de vinil SONY PS-LX3BT cu Bluetooth | Garan\u021bie 2 ani\" \/>\n<meta name=\"robots\" content=\"index, follow, max-snippet:-1, max-image-preview:large, max-video-preview:-1\" \/>\n<link rel=\"canonical\" href=\"https:\/\/sonycenter.md\/ro\/magazin\/pslx3bt\/\" \/>\n<meta property=\"og:locale\" content=\"ro_RO\" \/>\n<meta property=\"og:type\" content=\"article\" \/>\n<meta property=\"og:title\" content=\"Pick-up SONY PSLX3BT\" \/>\n<meta property=\"og:description\" content=\"Turntable SONY PSLX3BT | Cump\u0103r\u0103 \u00een Chi\u0219in\u0103u sau online pe sonycenter.md | Player de vinil SONY PS-LX3BT cu Bluetooth | Garan\u021bie 2 ani\" \/>\n<meta property=\"og:url\" content=\"https:\/\/sonycenter.md\/ro\/magazin\/pslx3bt\/\" \/>\n<meta property=\"og:site_name\" content=\"SONY\" \/>\n<meta property=\"article:modified_time\" content=\"2026-03-04T09:29:16+00:00\" \/>\n<meta property=\"og:image\" content=\"https:\/\/sonycenter.md\/wp-content\/uploads\/2026\/01\/pslx3-sajt-.jpg\" \/>\n\t<meta property=\"og:image:width\" content=\"600\" \/>\n\t<meta property=\"og:image:height\" content=\"600\" \/>\n\t<meta property=\"og:image:type\" content=\"image\/jpeg\" \/>\n<meta name=\"twitter:card\" content=\"summary_large_image\" \/>\n<meta name=\"twitter:label1\" content=\"Est. reading time\" \/>\n\t<meta name=\"twitter:data1\" content=\"3 minutes\" \/>\n<script type=\"application\/ld+json\" class=\"yoast-schema-graph\">{\"@context\":\"https:\\\/\\\/schema.org\",\"@graph\":[{\"@type\":[\"WebPage\",\"ItemPage\"],\"@id\":\"https:\\\/\\\/sonycenter.md\\\/ro\\\/magazin\\\/pslx3bt\\\/\",\"url\":\"https:\\\/\\\/sonycenter.md\\\/ro\\\/magazin\\\/pslx3bt\\\/\",\"name\":\"Pick-up SONY PSLX3BT\",\"isPartOf\":{\"@id\":\"http:\\\/\\\/sonycenter.md\\\/ro\\\/#website\"},\"primaryImageOfPage\":{\"@id\":\"https:\\\/\\\/sonycenter.md\\\/ro\\\/magazin\\\/pslx3bt\\\/#primaryimage\"},\"image\":{\"@id\":\"https:\\\/\\\/sonycenter.md\\\/ro\\\/magazin\\\/pslx3bt\\\/#primaryimage\"},\"thumbnailUrl\":\"https:\\\/\\\/sonycenter.md\\\/wp-content\\\/uploads\\\/2026\\\/01\\\/pslx3-sajt-.jpg\",\"datePublished\":\"2026-01-24T10:14:04+00:00\",\"dateModified\":\"2026-03-04T09:29:16+00:00\",\"description\":\"Turntable SONY PSLX3BT | Cump\u0103r\u0103 \u00een Chi\u0219in\u0103u sau online pe sonycenter.md | Player de vinil SONY PS-LX3BT cu Bluetooth | Garan\u021bie 2 ani\",\"breadcrumb\":{\"@id\":\"https:\\\/\\\/sonycenter.md\\\/ro\\\/magazin\\\/pslx3bt\\\/#breadcrumb\"},\"inLanguage\":\"ro-RO\",\"potentialAction\":[{\"@type\":\"ReadAction\",\"target\":[\"https:\\\/\\\/sonycenter.md\\\/ro\\\/magazin\\\/pslx3bt\\\/\"]}]},{\"@type\":\"ImageObject\",\"inLanguage\":\"ro-RO\",\"@id\":\"https:\\\/\\\/sonycenter.md\\\/ro\\\/magazin\\\/pslx3bt\\\/#primaryimage\",\"url\":\"https:\\\/\\\/sonycenter.md\\\/wp-content\\\/uploads\\\/2026\\\/01\\\/pslx3-sajt-.jpg\",\"contentUrl\":\"https:\\\/\\\/sonycenter.md\\\/wp-content\\\/uploads\\\/2026\\\/01\\\/pslx3-sajt-.jpg\",\"width\":600,\"height\":600,\"caption\":\"PSLX3BT\"},{\"@type\":\"BreadcrumbList\",\"@id\":\"https:\\\/\\\/sonycenter.md\\\/ro\\\/magazin\\\/pslx3bt\\\/#breadcrumb\",\"itemListElement\":[{\"@type\":\"ListItem\",\"position\":1,\"name\":\"\u0413\u043b\u0430\u0432\u043d\u0430\u044f \u0441\u0442\u0440\u0430\u043d\u0438\u0446\u0430\",\"item\":\"https:\\\/\\\/sonycenter.md\\\/ro\\\/\"},{\"@type\":\"ListItem\",\"position\":2,\"name\":\"Magazin\",\"item\":\"https:\\\/\\\/sonycenter.md\\\/shop\\\/\"},{\"@type\":\"ListItem\",\"position\":3,\"name\":\"PSLX3BT\"}]},{\"@type\":\"WebSite\",\"@id\":\"http:\\\/\\\/sonycenter.md\\\/ro\\\/#website\",\"url\":\"http:\\\/\\\/sonycenter.md\\\/ro\\\/\",\"name\":\"sonycenter.md\",\"description\":\"SONYCENTER \u00een Chi\u0219in\u0103u\",\"publisher\":{\"@id\":\"http:\\\/\\\/sonycenter.md\\\/ro\\\/#organization\"},\"potentialAction\":[{\"@type\":\"SearchAction\",\"target\":{\"@type\":\"EntryPoint\",\"urlTemplate\":\"http:\\\/\\\/sonycenter.md\\\/ro\\\/?s={search_term_string}\"},\"query-input\":{\"@type\":\"PropertyValueSpecification\",\"valueRequired\":true,\"valueName\":\"search_term_string\"}}],\"inLanguage\":\"ro-RO\"},{\"@type\":\"Organization\",\"@id\":\"http:\\\/\\\/sonycenter.md\\\/ro\\\/#organization\",\"name\":\"sonycenter.md\",\"url\":\"http:\\\/\\\/sonycenter.md\\\/ro\\\/\",\"logo\":{\"@type\":\"ImageObject\",\"inLanguage\":\"ro-RO\",\"@id\":\"http:\\\/\\\/sonycenter.md\\\/ro\\\/#\\\/schema\\\/logo\\\/image\\\/\",\"url\":\"\",\"contentUrl\":\"\",\"caption\":\"sonycenter.md\"},\"image\":{\"@id\":\"http:\\\/\\\/sonycenter.md\\\/ro\\\/#\\\/schema\\\/logo\\\/image\\\/\"}}]}<\/script>\n<!-- \/ Yoast SEO plugin. -->","yoast_head_json":{"title":"Pick-up SONY PSLX3BT","description":"Turntable SONY PSLX3BT | Cump\u0103r\u0103 \u00een Chi\u0219in\u0103u sau online pe sonycenter.md | Player de vinil SONY PS-LX3BT cu Bluetooth | Garan\u021bie 2 ani","robots":{"index":"index","follow":"follow","max-snippet":"max-snippet:-1","max-image-preview":"max-image-preview:large","max-video-preview":"max-video-preview:-1"},"canonical":"https:\/\/sonycenter.md\/ro\/magazin\/pslx3bt\/","og_locale":"ro_RO","og_type":"article","og_title":"Pick-up SONY PSLX3BT","og_description":"Turntable SONY PSLX3BT | Cump\u0103r\u0103 \u00een Chi\u0219in\u0103u sau online pe sonycenter.md | Player de vinil SONY PS-LX3BT cu Bluetooth | Garan\u021bie 2 ani","og_url":"https:\/\/sonycenter.md\/ro\/magazin\/pslx3bt\/","og_site_name":"SONY","article_modified_time":"2026-03-04T09:29:16+00:00","og_image":[{"width":600,"height":600,"url":"https:\/\/sonycenter.md\/wp-content\/uploads\/2026\/01\/pslx3-sajt-.jpg","type":"image\/jpeg"}],"twitter_card":"summary_large_image","twitter_misc":{"Est. reading time":"3 minutes"},"schema":{"@context":"https:\/\/schema.org","@graph":[{"@type":["WebPage","ItemPage"],"@id":"https:\/\/sonycenter.md\/ro\/magazin\/pslx3bt\/","url":"https:\/\/sonycenter.md\/ro\/magazin\/pslx3bt\/","name":"Pick-up SONY PSLX3BT","isPartOf":{"@id":"https:\/\/sonycenter.md\/ro\/#website"},"primaryImageOfPage":{"@id":"https:\/\/sonycenter.md\/ro\/magazin\/pslx3bt\/#primaryimage"},"image":{"@id":"https:\/\/sonycenter.md\/ro\/magazin\/pslx3bt\/#primaryimage"},"thumbnailUrl":"https:\/\/sonycenter.md\/wp-content\/uploads\/2026\/01\/pslx3-sajt-.jpg","datePublished":"2026-01-24T10:14:04+00:00","dateModified":"2026-03-04T09:29:16+00:00","description":"Turntable SONY PSLX3BT | Cump\u0103r\u0103 \u00een Chi\u0219in\u0103u sau online pe sonycenter.md | Player de vinil SONY PS-LX3BT cu Bluetooth | Garan\u021bie 2 ani","breadcrumb":{"@id":"https:\/\/sonycenter.md\/ro\/magazin\/pslx3bt\/#breadcrumb"},"inLanguage":"ro-RO","potentialAction":[{"@type":"ReadAction","target":["https:\/\/sonycenter.md\/ro\/magazin\/pslx3bt\/"]}]},{"@type":"ImageObject","inLanguage":"ro-RO","@id":"https:\/\/sonycenter.md\/ro\/magazin\/pslx3bt\/#primaryimage","url":"https:\/\/sonycenter.md\/wp-content\/uploads\/2026\/01\/pslx3-sajt-.jpg","contentUrl":"https:\/\/sonycenter.md\/wp-content\/uploads\/2026\/01\/pslx3-sajt-.jpg","width":600,"height":600,"caption":"PSLX3BT"},{"@type":"BreadcrumbList","@id":"https:\/\/sonycenter.md\/ro\/magazin\/pslx3bt\/#breadcrumb","itemListElement":[{"@type":"ListItem","position":1,"name":"\u0413\u043b\u0430\u0432\u043d\u0430\u044f \u0441\u0442\u0440\u0430\u043d\u0438\u0446\u0430","item":"https:\/\/sonycenter.md\/ro\/"},{"@type":"ListItem","position":2,"name":"Magazin","item":"https:\/\/sonycenter.md\/shop\/"},{"@type":"ListItem","position":3,"name":"PSLX3BT"}]},{"@type":"WebSite","@id":"https:\/\/sonycenter.md\/ro\/#website","url":"https:\/\/sonycenter.md\/ro\/","name":"sonycenter.md","description":"SONYCENTER \u00een Chi\u0219in\u0103u","publisher":{"@id":"https:\/\/sonycenter.md\/ro\/#organization"},"potentialAction":[{"@type":"SearchAction","target":{"@type":"EntryPoint","urlTemplate":"https:\/\/sonycenter.md\/ro\/?s={search_term_string}"},"query-input":{"@type":"PropertyValueSpecification","valueRequired":true,"valueName":"search_term_string"}}],"inLanguage":"ro-RO"},{"@type":"Organization","@id":"https:\/\/sonycenter.md\/ro\/#organization","name":"sonycenter.md","url":"https:\/\/sonycenter.md\/ro\/","logo":{"@type":"ImageObject","inLanguage":"ro-RO","@id":"https:\/\/sonycenter.md\/ro\/#\/schema\/logo\/image\/","url":"","contentUrl":"","caption":"sonycenter.md"},"image":{"@id":"https:\/\/sonycenter.md\/ro\/#\/schema\/logo\/image\/"}}]}},"_links":{"self":[{"href":"https:\/\/sonycenter.md\/ro\/wp-json\/wp\/v2\/product\/33680","targetHints":{"allow":["GET"]}}],"collection":[{"href":"https:\/\/sonycenter.md\/ro\/wp-json\/wp\/v2\/product"}],"about":[{"href":"https:\/\/sonycenter.md\/ro\/wp-json\/wp\/v2\/types\/product"}],"replies":[{"embeddable":true,"href":"https:\/\/sonycenter.md\/ro\/wp-json\/wp\/v2\/comments?post=33680"}],"wp:featuredmedia":[{"embeddable":true,"href":"https:\/\/sonycenter.md\/ro\/wp-json\/wp\/v2\/media\/33671"}],"wp:attachment":[{"href":"https:\/\/sonycenter.md\/ro\/wp-json\/wp\/v2\/media?parent=33680"}],"wp:term":[{"taxonomy":"product_brand","embeddable":true,"href":"https:\/\/sonycenter.md\/ro\/wp-json\/wp\/v2\/product_brand?post=33680"},{"taxonomy":"product_cat","embeddable":true,"href":"https:\/\/sonycenter.md\/ro\/wp-json\/wp\/v2\/product_cat?post=33680"},{"taxonomy":"product_tag","embeddable":true,"href":"https:\/\/sonycenter.md\/ro\/wp-json\/wp\/v2\/product_tag?post=33680"}],"curies":[{"name":"wp","href":"https:\/\/api.w.org\/{rel}","templated":true}]}}