{"id":33712,"date":"2026-01-24T13:40:03","date_gmt":"2026-01-24T11:40:03","guid":{"rendered":"https:\/\/sonycenter.md\/?post_type=product&#038;p=33712"},"modified":"2026-03-17T16:09:33","modified_gmt":"2026-03-17T14:09:33","slug":"pslx5bt","status":"publish","type":"product","link":"https:\/\/sonycenter.md\/ro\/magazin\/pslx5bt\/","title":{"rendered":"PSLX5BT"},"content":{"rendered":"<p><span style=\"color: #000000;\">Caracteristici complete ale noului<a style=\"color: #000000;\" href=\"https:\/\/sonycenter.md\/ro\/category\/sisteme-audio\/pickup\/\">\u00a0<span style=\"color: #0000ff;\">pick-up vinil<\/span><\/a><span style=\"color: #0000ff;\">\u00a0<\/span>SONY PSLX5BT:<\/span><\/p>\n<p><span style=\"color: #000000;\"><a style=\"color: #000000;\" href=\"https:\/\/sonycenter.md\/wp-content\/uploads\/2026\/01\/pslx5-igla-.jpg\"><img decoding=\"async\" class=\"alignnone wp-image-33702\" src=\"https:\/\/sonycenter.md\/wp-content\/uploads\/2026\/01\/pslx5-igla-.jpg\" alt=\"\" width=\"450\" height=\"300\" \/><\/a><\/span><\/p>\n<h3><span style=\"color: #000000;\">Sunet cald pentru pl\u0103cerea de zi cu zi<\/span><\/h3>\n<p><span style=\"color: #000000;\">PSLX5BT este echipat cu un cartu\u0219 de tip MM cu o presiune a acului de 2 g \u00b1 0,5 g, care ofer\u0103 un sunet analogic cald cu o urm\u0103rire lin\u0103, ideal pentru ascultarea de zi cu zi.<\/span><\/p>\n<hr \/>\n<p><span style=\"color: #000000;\"><a style=\"color: #000000;\" href=\"https:\/\/sonycenter.md\/wp-content\/uploads\/2026\/01\/pslx5-odno-nazhatie.jpg\"><img decoding=\"async\" class=\"alignnone wp-image-33700\" src=\"https:\/\/sonycenter.md\/wp-content\/uploads\/2026\/01\/pslx5-odno-nazhatie.jpg\" alt=\"\" width=\"449\" height=\"299\" \/><\/a><\/span><\/p>\n<h3 class=\"MediumStaticImageHotSpot__Title\"><span style=\"color: #000000;\">Ap\u0103sa\u021bi o dat\u0103. Reda\u021bi complet.<\/span><\/h3>\n<p><span style=\"color: #000000;\">Ap\u0103sa\u021bi pur \u0219i simplu pe butonul de redare, iar pick-upul se ocup\u0103 de tot restul, de la a\u0219ezarea acului pe disc p\u00e2n\u0103 la revenirea bra\u021bului la finalul discului.<\/span><\/p>\n<hr \/>\n<p><span style=\"color: #000000;\"><a style=\"color: #000000;\" href=\"https:\/\/sonycenter.md\/wp-content\/uploads\/2026\/01\/pslx5-tonarm-iz-alljum.jpg\"><img decoding=\"async\" class=\"alignnone wp-image-33694\" src=\"https:\/\/sonycenter.md\/wp-content\/uploads\/2026\/01\/pslx5-tonarm-iz-alljum.jpg\" alt=\"\" width=\"449\" height=\"299\" \/><\/a><\/span><\/p>\n<h3><span style=\"color: #000000;\">Bra\u021b de aluminiu. Urm\u0103rire precis\u0103.<\/span><\/h3>\n<p><span style=\"color: #000000;\">Bra\u021bul rigid din aluminiu, cu un port-doz\u0103 ranforsat\u0103 \u0219i rulment pivotant de precizie, asigur\u0103 o urm\u0103rire stabil\u0103, oferind medii clare, \u00eenalte cristaline, bas profund \u0219i texturi subtile care v\u0103 ofer\u0103 o experien\u021b\u0103 captivant\u0103 a vinilului.<\/span><\/p>\n<hr \/>\n<p><span style=\"color: #000000;\"><a style=\"color: #000000;\" href=\"https:\/\/sonycenter.md\/wp-content\/uploads\/2026\/01\/pslx5-bluetooth-v-odno-nazhatie-1.jpg\"><img decoding=\"async\" class=\"alignnone wp-image-33692\" src=\"https:\/\/sonycenter.md\/wp-content\/uploads\/2026\/01\/pslx5-bluetooth-v-odno-nazhatie-1.jpg\" alt=\"\" width=\"449\" height=\"299\" \/><\/a><\/span><\/p>\n<h3 class=\"MediumStaticImageHotSpot__Title\"><span style=\"color: #000000;\">Audi\u0163ie wireless<\/span><\/h3>\n<p><span style=\"color: #000000;\">Conexiunea Bluetooth\u00ae faciliteaz\u0103 audi\u021bia wireless. Configurarea este facil\u0103: asocia\u021bi o dat\u0103, ap\u0103sa\u021bi butonul de redare \u0219i bucura\u021bi-v\u0103 de discuri f\u0103r\u0103 cabluri.<\/span><\/p>\n<hr \/>\n<p><span style=\"color: #000000;\"><a style=\"color: #000000;\" href=\"https:\/\/sonycenter.md\/wp-content\/uploads\/2026\/01\/pslx5-stol-iz-alljum.jpg\"><img decoding=\"async\" class=\"alignnone wp-image-33696\" src=\"https:\/\/sonycenter.md\/wp-content\/uploads\/2026\/01\/pslx5-stol-iz-alljum.jpg\" alt=\"\" width=\"449\" height=\"299\" \/><\/a><\/span><\/p>\n<h3 class=\"MediumStaticImageHotSpot__Title\"><span style=\"color: #000000;\">Rotire lin\u0103, constant\u0103<\/span><\/h3>\n<p><span style=\"color: #000000;\">Platanul negru din aluminiu turnat sub presiune echilibreaz\u0103 rezisten\u021ba \u0219i greutatea pentru o redare lin\u0103 \u0219i stabil\u0103. Cu un sistem de ac\u021bionare prin curea, asigur\u0103 sunet de \u00eenalt\u0103 calitate \u00een mod consistent.<\/span><\/p>\n<hr \/>\n<p><span style=\"color: #000000;\"><a style=\"color: #000000;\" href=\"https:\/\/sonycenter.md\/wp-content\/uploads\/2026\/01\/pslx5-mat-iz-tolstogo-kauchuka.jpg\"><img decoding=\"async\" class=\"alignnone wp-image-33698\" src=\"https:\/\/sonycenter.md\/wp-content\/uploads\/2026\/01\/pslx5-mat-iz-tolstogo-kauchuka.jpg\" alt=\"\" width=\"449\" height=\"299\" \/><\/a><\/span><\/p>\n<h3><span style=\"color: #000000;\">Covora\u0219 din cauciuc gros<\/span><\/h3>\n<p><span style=\"color: #000000;\">Covora\u0219ul din cauciuc ajut\u0103 la absorb\u021bia vibra\u021biilor nedorite \u0219i asigur\u0103 o priz\u0103 stabil\u0103 pentru discuri. Func\u021bioneaz\u0103 \u00eempreun\u0103 cu platanul pentru a asigura rotirea lin\u0103 \u0219i a minimiza interferen\u021bele.<\/span><\/p>\n<hr \/>\n<p><span style=\"color: #000000;\"><a style=\"color: #000000;\" href=\"https:\/\/sonycenter.md\/wp-content\/uploads\/2026\/01\/pslx5-komponenty.jpg\"><img decoding=\"async\" class=\"alignnone wp-image-33704\" src=\"https:\/\/sonycenter.md\/wp-content\/uploads\/2026\/01\/pslx5-komponenty.jpg\" alt=\"\" width=\"450\" height=\"300\" \/><\/a><\/span><\/p>\n<h3><span style=\"color: #000000;\">Sunet f\u0103r\u0103 interferen\u021be<\/span><\/h3>\n<p><span style=\"color: #000000;\">Echipat cu piese electronice de \u00eenalt\u0103 calitate, inclusiv rezisten\u021be cilindrice \u0219i condensatoare electrolitice, circuitul intern al PS-LX5BT este proiectat pentru a oferi o performan\u021b\u0103 sonor\u0103 mai clar\u0103 \u0219i mai stabil\u0103, cu zgomot \u0219i distorsiuni reduse.<\/span><\/p>\n","protected":false},"excerpt":{"rendered":"<ul>\n<li><span style=\"color: #000000;\">Pickup pentru discuri de vinil SONY PSLX5BT<\/span><\/li>\n<li><span style=\"color: #000000;\">Conexiune wireless prin Bluetooth<\/span><\/li>\n<li><span style=\"color: #000000;\">Conexiune cu fir prin cablu RCA (\u00een cutie)<\/span><\/li>\n<li><span style=\"color: #000000;\">Redare complet automat\u0103<\/span><\/li>\n<li><span style=\"color: #000000;\">Cartu\u0219 cu ac deta\u0219abil rapid<\/span><\/li>\n<li><span style=\"color: #000000;\">Transmisie cu curea<\/span><\/li>\n<li><span style=\"color: #000000;\">Preamplificator \u00eencorporat\u00a0<\/span><\/li>\n<li><span style=\"color: #000000;\">Selectare amplificare: Sc\u0103zut\u0103 (-4 dB)\/Medie (0 dB)\/\u00cenalt\u0103 (+6 dB)<\/span><\/li>\n<li><span style=\"color: #000000;\">Viteze acceptate: 33-1\/3, 45 RPM<\/span><\/li>\n<li><span style=\"color: #000000;\">Diametru acceptat al discurilor: 7 \u0219i 12 inci<\/span><\/li>\n<li><span style=\"color: #000000;\">Presiune ac: 2 g \u00b1 0,5 g<\/span><\/li>\n<li><span style=\"color: #000000;\">Dimensiuni: 43 cm * 11,7 cm * 36,6 cm<\/span><\/li>\n<li><span style=\"color: #000000;\">Greutate: aprox. 3,6 kg<\/span><\/li>\n<li><span style=\"color: #000000;\">Garan\u021bie : 2 ani\u00a0<\/span><\/li>\n<\/ul>\n","protected":false},"featured_media":33709,"comment_status":"open","ping_status":"closed","template":"","meta":[],"product_brand":[],"product_cat":[647],"product_tag":[],"class_list":{"0":"post-33712","1":"product","2":"type-product","3":"status-publish","4":"has-post-thumbnail","6":"product_cat-pickup","8":"first","9":"instock","10":"shipping-taxable","11":"purchasable","12":"product-type-simple"},"yoast_head":"<!-- This site is optimized with the Yoast SEO plugin v27.4 - https:\/\/yoast.com\/product\/yoast-seo-wordpress\/ -->\n<title>Player vinil SONY PSLX5BT<\/title>\n<meta name=\"description\" content=\"Cump\u0103r\u0103 player vinil SONY PSLX5BT \u00een Chi\u0219in\u0103u | Turntable SONY PS-LX5BT \u00een Moldova | Garan\u021bie oficial\u0103 2 ani de la producator\" \/>\n<meta name=\"robots\" content=\"index, follow, max-snippet:-1, max-image-preview:large, max-video-preview:-1\" \/>\n<link rel=\"canonical\" href=\"https:\/\/sonycenter.md\/ro\/magazin\/pslx5bt\/\" \/>\n<meta property=\"og:locale\" content=\"ro_RO\" \/>\n<meta property=\"og:type\" content=\"article\" \/>\n<meta property=\"og:title\" content=\"Player vinil SONY PSLX5BT\" \/>\n<meta property=\"og:description\" content=\"Cump\u0103r\u0103 player vinil SONY PSLX5BT \u00een Chi\u0219in\u0103u | Turntable SONY PS-LX5BT \u00een Moldova | Garan\u021bie oficial\u0103 2 ani de la producator\" \/>\n<meta property=\"og:url\" content=\"https:\/\/sonycenter.md\/ro\/magazin\/pslx5bt\/\" \/>\n<meta property=\"og:site_name\" content=\"SONY\" \/>\n<meta property=\"article:modified_time\" content=\"2026-03-17T14:09:33+00:00\" \/>\n<meta property=\"og:image\" content=\"https:\/\/sonycenter.md\/wp-content\/uploads\/2026\/01\/pslx5-site.jpg\" \/>\n\t<meta property=\"og:image:width\" content=\"600\" \/>\n\t<meta property=\"og:image:height\" content=\"600\" \/>\n\t<meta property=\"og:image:type\" content=\"image\/jpeg\" \/>\n<meta name=\"twitter:card\" content=\"summary_large_image\" \/>\n<meta name=\"twitter:label1\" content=\"Est. reading time\" \/>\n\t<meta name=\"twitter:data1\" content=\"3 minutes\" \/>\n<script type=\"application\/ld+json\" class=\"yoast-schema-graph\">{\"@context\":\"https:\\\/\\\/schema.org\",\"@graph\":[{\"@type\":[\"WebPage\",\"ItemPage\"],\"@id\":\"https:\\\/\\\/sonycenter.md\\\/ro\\\/magazin\\\/pslx5bt\\\/\",\"url\":\"https:\\\/\\\/sonycenter.md\\\/ro\\\/magazin\\\/pslx5bt\\\/\",\"name\":\"Player vinil SONY PSLX5BT\",\"isPartOf\":{\"@id\":\"http:\\\/\\\/sonycenter.md\\\/ro\\\/#website\"},\"primaryImageOfPage\":{\"@id\":\"https:\\\/\\\/sonycenter.md\\\/ro\\\/magazin\\\/pslx5bt\\\/#primaryimage\"},\"image\":{\"@id\":\"https:\\\/\\\/sonycenter.md\\\/ro\\\/magazin\\\/pslx5bt\\\/#primaryimage\"},\"thumbnailUrl\":\"https:\\\/\\\/sonycenter.md\\\/wp-content\\\/uploads\\\/2026\\\/01\\\/pslx5-site.jpg\",\"datePublished\":\"2026-01-24T11:40:03+00:00\",\"dateModified\":\"2026-03-17T14:09:33+00:00\",\"description\":\"Cump\u0103r\u0103 player vinil SONY PSLX5BT \u00een Chi\u0219in\u0103u | Turntable SONY PS-LX5BT \u00een Moldova | Garan\u021bie oficial\u0103 2 ani de la producator\",\"breadcrumb\":{\"@id\":\"https:\\\/\\\/sonycenter.md\\\/ro\\\/magazin\\\/pslx5bt\\\/#breadcrumb\"},\"inLanguage\":\"ro-RO\",\"potentialAction\":[{\"@type\":\"ReadAction\",\"target\":[\"https:\\\/\\\/sonycenter.md\\\/ro\\\/magazin\\\/pslx5bt\\\/\"]}]},{\"@type\":\"ImageObject\",\"inLanguage\":\"ro-RO\",\"@id\":\"https:\\\/\\\/sonycenter.md\\\/ro\\\/magazin\\\/pslx5bt\\\/#primaryimage\",\"url\":\"https:\\\/\\\/sonycenter.md\\\/wp-content\\\/uploads\\\/2026\\\/01\\\/pslx5-site.jpg\",\"contentUrl\":\"https:\\\/\\\/sonycenter.md\\\/wp-content\\\/uploads\\\/2026\\\/01\\\/pslx5-site.jpg\",\"width\":600,\"height\":600,\"caption\":\"PSLX5BT\"},{\"@type\":\"BreadcrumbList\",\"@id\":\"https:\\\/\\\/sonycenter.md\\\/ro\\\/magazin\\\/pslx5bt\\\/#breadcrumb\",\"itemListElement\":[{\"@type\":\"ListItem\",\"position\":1,\"name\":\"\u0413\u043b\u0430\u0432\u043d\u0430\u044f \u0441\u0442\u0440\u0430\u043d\u0438\u0446\u0430\",\"item\":\"https:\\\/\\\/sonycenter.md\\\/ro\\\/\"},{\"@type\":\"ListItem\",\"position\":2,\"name\":\"Magazin\",\"item\":\"https:\\\/\\\/sonycenter.md\\\/shop\\\/\"},{\"@type\":\"ListItem\",\"position\":3,\"name\":\"PSLX5BT\"}]},{\"@type\":\"WebSite\",\"@id\":\"http:\\\/\\\/sonycenter.md\\\/ro\\\/#website\",\"url\":\"http:\\\/\\\/sonycenter.md\\\/ro\\\/\",\"name\":\"sonycenter.md\",\"description\":\"SONYCENTER \u00een Chi\u0219in\u0103u\",\"publisher\":{\"@id\":\"http:\\\/\\\/sonycenter.md\\\/ro\\\/#organization\"},\"potentialAction\":[{\"@type\":\"SearchAction\",\"target\":{\"@type\":\"EntryPoint\",\"urlTemplate\":\"http:\\\/\\\/sonycenter.md\\\/ro\\\/?s={search_term_string}\"},\"query-input\":{\"@type\":\"PropertyValueSpecification\",\"valueRequired\":true,\"valueName\":\"search_term_string\"}}],\"inLanguage\":\"ro-RO\"},{\"@type\":\"Organization\",\"@id\":\"http:\\\/\\\/sonycenter.md\\\/ro\\\/#organization\",\"name\":\"sonycenter.md\",\"url\":\"http:\\\/\\\/sonycenter.md\\\/ro\\\/\",\"logo\":{\"@type\":\"ImageObject\",\"inLanguage\":\"ro-RO\",\"@id\":\"http:\\\/\\\/sonycenter.md\\\/ro\\\/#\\\/schema\\\/logo\\\/image\\\/\",\"url\":\"\",\"contentUrl\":\"\",\"caption\":\"sonycenter.md\"},\"image\":{\"@id\":\"http:\\\/\\\/sonycenter.md\\\/ro\\\/#\\\/schema\\\/logo\\\/image\\\/\"}}]}<\/script>\n<!-- \/ Yoast SEO plugin. -->","yoast_head_json":{"title":"Player vinil SONY PSLX5BT","description":"Cump\u0103r\u0103 player vinil SONY PSLX5BT \u00een Chi\u0219in\u0103u | Turntable SONY PS-LX5BT \u00een Moldova | Garan\u021bie oficial\u0103 2 ani de la producator","robots":{"index":"index","follow":"follow","max-snippet":"max-snippet:-1","max-image-preview":"max-image-preview:large","max-video-preview":"max-video-preview:-1"},"canonical":"https:\/\/sonycenter.md\/ro\/magazin\/pslx5bt\/","og_locale":"ro_RO","og_type":"article","og_title":"Player vinil SONY PSLX5BT","og_description":"Cump\u0103r\u0103 player vinil SONY PSLX5BT \u00een Chi\u0219in\u0103u | Turntable SONY PS-LX5BT \u00een Moldova | Garan\u021bie oficial\u0103 2 ani de la producator","og_url":"https:\/\/sonycenter.md\/ro\/magazin\/pslx5bt\/","og_site_name":"SONY","article_modified_time":"2026-03-17T14:09:33+00:00","og_image":[{"width":600,"height":600,"url":"https:\/\/sonycenter.md\/wp-content\/uploads\/2026\/01\/pslx5-site.jpg","type":"image\/jpeg"}],"twitter_card":"summary_large_image","twitter_misc":{"Est. reading time":"3 minutes"},"schema":{"@context":"https:\/\/schema.org","@graph":[{"@type":["WebPage","ItemPage"],"@id":"https:\/\/sonycenter.md\/ro\/magazin\/pslx5bt\/","url":"https:\/\/sonycenter.md\/ro\/magazin\/pslx5bt\/","name":"Player vinil SONY PSLX5BT","isPartOf":{"@id":"https:\/\/sonycenter.md\/ro\/#website"},"primaryImageOfPage":{"@id":"https:\/\/sonycenter.md\/ro\/magazin\/pslx5bt\/#primaryimage"},"image":{"@id":"https:\/\/sonycenter.md\/ro\/magazin\/pslx5bt\/#primaryimage"},"thumbnailUrl":"https:\/\/sonycenter.md\/wp-content\/uploads\/2026\/01\/pslx5-site.jpg","datePublished":"2026-01-24T11:40:03+00:00","dateModified":"2026-03-17T14:09:33+00:00","description":"Cump\u0103r\u0103 player vinil SONY PSLX5BT \u00een Chi\u0219in\u0103u | Turntable SONY PS-LX5BT \u00een Moldova | Garan\u021bie oficial\u0103 2 ani de la producator","breadcrumb":{"@id":"https:\/\/sonycenter.md\/ro\/magazin\/pslx5bt\/#breadcrumb"},"inLanguage":"ro-RO","potentialAction":[{"@type":"ReadAction","target":["https:\/\/sonycenter.md\/ro\/magazin\/pslx5bt\/"]}]},{"@type":"ImageObject","inLanguage":"ro-RO","@id":"https:\/\/sonycenter.md\/ro\/magazin\/pslx5bt\/#primaryimage","url":"https:\/\/sonycenter.md\/wp-content\/uploads\/2026\/01\/pslx5-site.jpg","contentUrl":"https:\/\/sonycenter.md\/wp-content\/uploads\/2026\/01\/pslx5-site.jpg","width":600,"height":600,"caption":"PSLX5BT"},{"@type":"BreadcrumbList","@id":"https:\/\/sonycenter.md\/ro\/magazin\/pslx5bt\/#breadcrumb","itemListElement":[{"@type":"ListItem","position":1,"name":"\u0413\u043b\u0430\u0432\u043d\u0430\u044f \u0441\u0442\u0440\u0430\u043d\u0438\u0446\u0430","item":"https:\/\/sonycenter.md\/ro\/"},{"@type":"ListItem","position":2,"name":"Magazin","item":"https:\/\/sonycenter.md\/shop\/"},{"@type":"ListItem","position":3,"name":"PSLX5BT"}]},{"@type":"WebSite","@id":"https:\/\/sonycenter.md\/ro\/#website","url":"https:\/\/sonycenter.md\/ro\/","name":"sonycenter.md","description":"SONYCENTER \u00een Chi\u0219in\u0103u","publisher":{"@id":"https:\/\/sonycenter.md\/ro\/#organization"},"potentialAction":[{"@type":"SearchAction","target":{"@type":"EntryPoint","urlTemplate":"https:\/\/sonycenter.md\/ro\/?s={search_term_string}"},"query-input":{"@type":"PropertyValueSpecification","valueRequired":true,"valueName":"search_term_string"}}],"inLanguage":"ro-RO"},{"@type":"Organization","@id":"https:\/\/sonycenter.md\/ro\/#organization","name":"sonycenter.md","url":"https:\/\/sonycenter.md\/ro\/","logo":{"@type":"ImageObject","inLanguage":"ro-RO","@id":"https:\/\/sonycenter.md\/ro\/#\/schema\/logo\/image\/","url":"","contentUrl":"","caption":"sonycenter.md"},"image":{"@id":"https:\/\/sonycenter.md\/ro\/#\/schema\/logo\/image\/"}}]}},"_links":{"self":[{"href":"https:\/\/sonycenter.md\/ro\/wp-json\/wp\/v2\/product\/33712","targetHints":{"allow":["GET"]}}],"collection":[{"href":"https:\/\/sonycenter.md\/ro\/wp-json\/wp\/v2\/product"}],"about":[{"href":"https:\/\/sonycenter.md\/ro\/wp-json\/wp\/v2\/types\/product"}],"replies":[{"embeddable":true,"href":"https:\/\/sonycenter.md\/ro\/wp-json\/wp\/v2\/comments?post=33712"}],"wp:featuredmedia":[{"embeddable":true,"href":"https:\/\/sonycenter.md\/ro\/wp-json\/wp\/v2\/media\/33709"}],"wp:attachment":[{"href":"https:\/\/sonycenter.md\/ro\/wp-json\/wp\/v2\/media?parent=33712"}],"wp:term":[{"taxonomy":"product_brand","embeddable":true,"href":"https:\/\/sonycenter.md\/ro\/wp-json\/wp\/v2\/product_brand?post=33712"},{"taxonomy":"product_cat","embeddable":true,"href":"https:\/\/sonycenter.md\/ro\/wp-json\/wp\/v2\/product_cat?post=33712"},{"taxonomy":"product_tag","embeddable":true,"href":"https:\/\/sonycenter.md\/ro\/wp-json\/wp\/v2\/product_tag?post=33712"}],"curies":[{"name":"wp","href":"https:\/\/api.w.org\/{rel}","templated":true}]}}