{"id":33757,"date":"2026-01-31T13:51:22","date_gmt":"2026-01-31T11:51:22","guid":{"rendered":"https:\/\/sonycenter.md\/?post_type=product&#038;p=33757"},"modified":"2026-05-14T16:51:48","modified_gmt":"2026-05-14T13:51:48","slug":"ceag240t","status":"publish","type":"product","link":"https:\/\/sonycenter.md\/ro\/magazin\/ceag240t\/","title":{"rendered":"CEAG240T"},"content":{"rendered":"","protected":false},"excerpt":{"rendered":"<ul>\n<li><span style=\"color: #000000;\">Tip: CFexpress tip A<\/span><\/li>\n<li><span style=\"color: #000000;\">Noul standard CFexpress Gen 4<\/span><\/li>\n<li><span style=\"color: #000000;\">Capacitate de stocare: 240 GB<\/span><\/li>\n<li><span style=\"color: #000000;\">Vitez\u0103 de \u00eenregistrare: p\u00e2n\u0103 la 1700 MB\/s<\/span><\/li>\n<li><span style=\"color: #000000;\">Vitez\u0103 de citire: p\u00e2n\u0103 la 1800 MB\/s<\/span><\/li>\n<li><span style=\"color: #000000;\">VPG (Video Performance Guarantee): VPG400<\/span><\/li>\n<li><span style=\"color: #000000;\">Clas\u0103 de protec\u021bie \u00eempotriva umidit\u0103\u021bii \u0219i prafului: IP57 (TOUGH)<\/span><\/li>\n<\/ul>\n","protected":false},"featured_media":33756,"comment_status":"open","ping_status":"closed","template":"","meta":[],"product_brand":[],"product_cat":[632],"product_tag":[],"class_list":{"0":"post-33757","1":"product","2":"type-product","3":"status-publish","4":"has-post-thumbnail","6":"product_cat-cartele-de-memorie","8":"first","9":"outofstock","10":"shipping-taxable","11":"purchasable","12":"product-type-simple"},"yoast_head":"<!-- This site is optimized with the Yoast SEO plugin v27.4 - https:\/\/yoast.com\/product\/yoast-seo-wordpress\/ -->\n<title>SONY CFexpress 240 Gb | SONY CEAG240T<\/title>\n<meta name=\"description\" content=\"SONY CFexpress 240 FB | Clas\u0103 de protec\u021bie \u00eempotriva umidit\u0103\u021bii \u0219i prafului: IP57 (TOUGH)\" \/>\n<meta name=\"robots\" content=\"index, follow, max-snippet:-1, max-image-preview:large, max-video-preview:-1\" \/>\n<link rel=\"canonical\" href=\"https:\/\/sonycenter.md\/ro\/magazin\/ceag240t\/\" \/>\n<meta property=\"og:locale\" content=\"ro_RO\" \/>\n<meta property=\"og:type\" content=\"article\" \/>\n<meta property=\"og:title\" content=\"SONY CFexpress 240 Gb | SONY CEAG240T\" \/>\n<meta property=\"og:description\" content=\"SONY CFexpress 240 FB | Clas\u0103 de protec\u021bie \u00eempotriva umidit\u0103\u021bii \u0219i prafului: IP57 (TOUGH)\" \/>\n<meta property=\"og:url\" content=\"https:\/\/sonycenter.md\/ro\/magazin\/ceag240t\/\" \/>\n<meta property=\"og:site_name\" content=\"SONY\" \/>\n<meta property=\"article:modified_time\" content=\"2026-05-14T13:51:48+00:00\" \/>\n<meta property=\"og:image\" content=\"https:\/\/sonycenter.md\/wp-content\/uploads\/2026\/01\/ceag240t.jpg\" \/>\n\t<meta property=\"og:image:width\" content=\"600\" \/>\n\t<meta property=\"og:image:height\" content=\"600\" \/>\n\t<meta property=\"og:image:type\" content=\"image\/jpeg\" \/>\n<meta name=\"twitter:card\" content=\"summary_large_image\" \/>\n<meta name=\"twitter:label1\" content=\"Est. reading time\" \/>\n\t<meta name=\"twitter:data1\" content=\"1 minute\" \/>\n<script type=\"application\/ld+json\" class=\"yoast-schema-graph\">{\"@context\":\"https:\\\/\\\/schema.org\",\"@graph\":[{\"@type\":[\"WebPage\",\"ItemPage\"],\"@id\":\"https:\\\/\\\/sonycenter.md\\\/ro\\\/magazin\\\/ceag240t\\\/\",\"url\":\"https:\\\/\\\/sonycenter.md\\\/ro\\\/magazin\\\/ceag240t\\\/\",\"name\":\"SONY CFexpress 240 Gb | SONY CEAG240T\",\"isPartOf\":{\"@id\":\"http:\\\/\\\/sonycenter.md\\\/ro\\\/#website\"},\"primaryImageOfPage\":{\"@id\":\"https:\\\/\\\/sonycenter.md\\\/ro\\\/magazin\\\/ceag240t\\\/#primaryimage\"},\"image\":{\"@id\":\"https:\\\/\\\/sonycenter.md\\\/ro\\\/magazin\\\/ceag240t\\\/#primaryimage\"},\"thumbnailUrl\":\"https:\\\/\\\/sonycenter.md\\\/wp-content\\\/uploads\\\/2026\\\/01\\\/ceag240t.jpg\",\"datePublished\":\"2026-01-31T11:51:22+00:00\",\"dateModified\":\"2026-05-14T13:51:48+00:00\",\"description\":\"SONY CFexpress 240 FB | Clas\u0103 de protec\u021bie \u00eempotriva umidit\u0103\u021bii \u0219i prafului: IP57 (TOUGH)\",\"breadcrumb\":{\"@id\":\"https:\\\/\\\/sonycenter.md\\\/ro\\\/magazin\\\/ceag240t\\\/#breadcrumb\"},\"inLanguage\":\"ro-RO\",\"potentialAction\":[{\"@type\":\"ReadAction\",\"target\":[\"https:\\\/\\\/sonycenter.md\\\/ro\\\/magazin\\\/ceag240t\\\/\"]}]},{\"@type\":\"ImageObject\",\"inLanguage\":\"ro-RO\",\"@id\":\"https:\\\/\\\/sonycenter.md\\\/ro\\\/magazin\\\/ceag240t\\\/#primaryimage\",\"url\":\"https:\\\/\\\/sonycenter.md\\\/wp-content\\\/uploads\\\/2026\\\/01\\\/ceag240t.jpg\",\"contentUrl\":\"https:\\\/\\\/sonycenter.md\\\/wp-content\\\/uploads\\\/2026\\\/01\\\/ceag240t.jpg\",\"width\":600,\"height\":600,\"caption\":\"CEAG240T\"},{\"@type\":\"BreadcrumbList\",\"@id\":\"https:\\\/\\\/sonycenter.md\\\/ro\\\/magazin\\\/ceag240t\\\/#breadcrumb\",\"itemListElement\":[{\"@type\":\"ListItem\",\"position\":1,\"name\":\"\u0413\u043b\u0430\u0432\u043d\u0430\u044f \u0441\u0442\u0440\u0430\u043d\u0438\u0446\u0430\",\"item\":\"https:\\\/\\\/sonycenter.md\\\/ro\\\/\"},{\"@type\":\"ListItem\",\"position\":2,\"name\":\"Magazin\",\"item\":\"https:\\\/\\\/sonycenter.md\\\/shop\\\/\"},{\"@type\":\"ListItem\",\"position\":3,\"name\":\"CEAG240T\"}]},{\"@type\":\"WebSite\",\"@id\":\"http:\\\/\\\/sonycenter.md\\\/ro\\\/#website\",\"url\":\"http:\\\/\\\/sonycenter.md\\\/ro\\\/\",\"name\":\"sonycenter.md\",\"description\":\"SONYCENTER \u00een Chi\u0219in\u0103u\",\"publisher\":{\"@id\":\"http:\\\/\\\/sonycenter.md\\\/ro\\\/#organization\"},\"potentialAction\":[{\"@type\":\"SearchAction\",\"target\":{\"@type\":\"EntryPoint\",\"urlTemplate\":\"http:\\\/\\\/sonycenter.md\\\/ro\\\/?s={search_term_string}\"},\"query-input\":{\"@type\":\"PropertyValueSpecification\",\"valueRequired\":true,\"valueName\":\"search_term_string\"}}],\"inLanguage\":\"ro-RO\"},{\"@type\":\"Organization\",\"@id\":\"http:\\\/\\\/sonycenter.md\\\/ro\\\/#organization\",\"name\":\"sonycenter.md\",\"url\":\"http:\\\/\\\/sonycenter.md\\\/ro\\\/\",\"logo\":{\"@type\":\"ImageObject\",\"inLanguage\":\"ro-RO\",\"@id\":\"http:\\\/\\\/sonycenter.md\\\/ro\\\/#\\\/schema\\\/logo\\\/image\\\/\",\"url\":\"\",\"contentUrl\":\"\",\"caption\":\"sonycenter.md\"},\"image\":{\"@id\":\"http:\\\/\\\/sonycenter.md\\\/ro\\\/#\\\/schema\\\/logo\\\/image\\\/\"}}]}<\/script>\n<!-- \/ Yoast SEO plugin. -->","yoast_head_json":{"title":"SONY CFexpress 240 Gb | SONY CEAG240T","description":"SONY CFexpress 240 FB | Clas\u0103 de protec\u021bie \u00eempotriva umidit\u0103\u021bii \u0219i prafului: IP57 (TOUGH)","robots":{"index":"index","follow":"follow","max-snippet":"max-snippet:-1","max-image-preview":"max-image-preview:large","max-video-preview":"max-video-preview:-1"},"canonical":"https:\/\/sonycenter.md\/ro\/magazin\/ceag240t\/","og_locale":"ro_RO","og_type":"article","og_title":"SONY CFexpress 240 Gb | SONY CEAG240T","og_description":"SONY CFexpress 240 FB | Clas\u0103 de protec\u021bie \u00eempotriva umidit\u0103\u021bii \u0219i prafului: IP57 (TOUGH)","og_url":"https:\/\/sonycenter.md\/ro\/magazin\/ceag240t\/","og_site_name":"SONY","article_modified_time":"2026-05-14T13:51:48+00:00","og_image":[{"width":600,"height":600,"url":"https:\/\/sonycenter.md\/wp-content\/uploads\/2026\/01\/ceag240t.jpg","type":"image\/jpeg"}],"twitter_card":"summary_large_image","twitter_misc":{"Est. reading time":"1 minute"},"schema":{"@context":"https:\/\/schema.org","@graph":[{"@type":["WebPage","ItemPage"],"@id":"https:\/\/sonycenter.md\/ro\/magazin\/ceag240t\/","url":"https:\/\/sonycenter.md\/ro\/magazin\/ceag240t\/","name":"SONY CFexpress 240 Gb | SONY CEAG240T","isPartOf":{"@id":"https:\/\/sonycenter.md\/ro\/#website"},"primaryImageOfPage":{"@id":"https:\/\/sonycenter.md\/ro\/magazin\/ceag240t\/#primaryimage"},"image":{"@id":"https:\/\/sonycenter.md\/ro\/magazin\/ceag240t\/#primaryimage"},"thumbnailUrl":"https:\/\/sonycenter.md\/wp-content\/uploads\/2026\/01\/ceag240t.jpg","datePublished":"2026-01-31T11:51:22+00:00","dateModified":"2026-05-14T13:51:48+00:00","description":"SONY CFexpress 240 FB | Clas\u0103 de protec\u021bie \u00eempotriva umidit\u0103\u021bii \u0219i prafului: IP57 (TOUGH)","breadcrumb":{"@id":"https:\/\/sonycenter.md\/ro\/magazin\/ceag240t\/#breadcrumb"},"inLanguage":"ro-RO","potentialAction":[{"@type":"ReadAction","target":["https:\/\/sonycenter.md\/ro\/magazin\/ceag240t\/"]}]},{"@type":"ImageObject","inLanguage":"ro-RO","@id":"https:\/\/sonycenter.md\/ro\/magazin\/ceag240t\/#primaryimage","url":"https:\/\/sonycenter.md\/wp-content\/uploads\/2026\/01\/ceag240t.jpg","contentUrl":"https:\/\/sonycenter.md\/wp-content\/uploads\/2026\/01\/ceag240t.jpg","width":600,"height":600,"caption":"CEAG240T"},{"@type":"BreadcrumbList","@id":"https:\/\/sonycenter.md\/ro\/magazin\/ceag240t\/#breadcrumb","itemListElement":[{"@type":"ListItem","position":1,"name":"\u0413\u043b\u0430\u0432\u043d\u0430\u044f \u0441\u0442\u0440\u0430\u043d\u0438\u0446\u0430","item":"https:\/\/sonycenter.md\/ro\/"},{"@type":"ListItem","position":2,"name":"Magazin","item":"https:\/\/sonycenter.md\/shop\/"},{"@type":"ListItem","position":3,"name":"CEAG240T"}]},{"@type":"WebSite","@id":"https:\/\/sonycenter.md\/ro\/#website","url":"https:\/\/sonycenter.md\/ro\/","name":"sonycenter.md","description":"SONYCENTER \u00een Chi\u0219in\u0103u","publisher":{"@id":"https:\/\/sonycenter.md\/ro\/#organization"},"potentialAction":[{"@type":"SearchAction","target":{"@type":"EntryPoint","urlTemplate":"https:\/\/sonycenter.md\/ro\/?s={search_term_string}"},"query-input":{"@type":"PropertyValueSpecification","valueRequired":true,"valueName":"search_term_string"}}],"inLanguage":"ro-RO"},{"@type":"Organization","@id":"https:\/\/sonycenter.md\/ro\/#organization","name":"sonycenter.md","url":"https:\/\/sonycenter.md\/ro\/","logo":{"@type":"ImageObject","inLanguage":"ro-RO","@id":"https:\/\/sonycenter.md\/ro\/#\/schema\/logo\/image\/","url":"","contentUrl":"","caption":"sonycenter.md"},"image":{"@id":"https:\/\/sonycenter.md\/ro\/#\/schema\/logo\/image\/"}}]}},"_links":{"self":[{"href":"https:\/\/sonycenter.md\/ro\/wp-json\/wp\/v2\/product\/33757","targetHints":{"allow":["GET"]}}],"collection":[{"href":"https:\/\/sonycenter.md\/ro\/wp-json\/wp\/v2\/product"}],"about":[{"href":"https:\/\/sonycenter.md\/ro\/wp-json\/wp\/v2\/types\/product"}],"replies":[{"embeddable":true,"href":"https:\/\/sonycenter.md\/ro\/wp-json\/wp\/v2\/comments?post=33757"}],"wp:featuredmedia":[{"embeddable":true,"href":"https:\/\/sonycenter.md\/ro\/wp-json\/wp\/v2\/media\/33756"}],"wp:attachment":[{"href":"https:\/\/sonycenter.md\/ro\/wp-json\/wp\/v2\/media?parent=33757"}],"wp:term":[{"taxonomy":"product_brand","embeddable":true,"href":"https:\/\/sonycenter.md\/ro\/wp-json\/wp\/v2\/product_brand?post=33757"},{"taxonomy":"product_cat","embeddable":true,"href":"https:\/\/sonycenter.md\/ro\/wp-json\/wp\/v2\/product_cat?post=33757"},{"taxonomy":"product_tag","embeddable":true,"href":"https:\/\/sonycenter.md\/ro\/wp-json\/wp\/v2\/product_tag?post=33757"}],"curies":[{"name":"wp","href":"https:\/\/api.w.org\/{rel}","templated":true}]}}