{"id":33846,"date":"2026-02-13T12:35:02","date_gmt":"2026-02-13T10:35:02","guid":{"rendered":"https:\/\/sonycenter.md\/?post_type=product&#038;p=33846"},"modified":"2026-04-30T10:10:17","modified_gmt":"2026-04-30T07:10:17","slug":"wf1000xm6","status":"publish","type":"product","link":"https:\/\/sonycenter.md\/ro\/magazin\/wf1000xm6\/","title":{"rendered":"WF1000XM6"},"content":{"rendered":"<p><span style=\"color: #000000;\">Specifica\u021bii complete pentru<span style=\"color: #0000ff;\">\u00a0<a style=\"color: #0000ff;\" href=\"https:\/\/sonycenter.md\/ro\/category\/casti\/casti-wireless\/\">c\u0103\u0219ti wireless<\/a> <\/span>SONY WF-1000X M6 :<\/span><\/p>\n<div class=\"responsivegrid aem-GridColumn aem-GridColumn--default--12\">\n<div class=\"aem-Grid aem-Grid--12 aem-Grid--default--12 \">\n<div class=\"specificationsTable aem-GridColumn aem-GridColumn--default--12\">\n<div class=\"SpecificationsTable js-footnotes-nearby-tooltips -SpacingTopSmall-10 -SpacingTopLarge-10 -SpacingBottomSmall-10 -SpacingBottomLarge-10\" data-componenttype=\"specifications_table\" data-componentid=\"specifications_table--ro_RO-responsivegrid_structure_middle_specificationstable\">\n<div class=\"component-content js-datalayer-product-category js-datalayer-product-details\" data-componenttype=\"specifications_table\" data-componentid=\"specifications_table--ro_RO-responsivegrid_structure_middle_specificationstable\" data-model-info=\"WF-1000XM5\" data-sku-info=\"WF1000XM5S.CE7,WF1000XM5B.CE7\" data-category1-info=\"gwx-audio\" data-category2-info=\"gwx-headphones\" data-category3-info=\"gwx-truly-wireless\" data-marketingvariable-product-model=\"WF-1000XM5\" data-marketingvariable-product-sku=\"WF1000XM5S.CE7,WF1000XM5B.CE7\">\n<div class=\"SpecificationsTable__TableContainer -isFixed\">\n<table width=\"903\">\n<tbody>\n<tr>\n<td width=\"268\"><span style=\"color: #000000;\"><strong>Con\u021binutul cutiei<\/strong><\/span><\/td>\n<td width=\"268\"><span style=\"color: #000000;\">Adaptoare pentru elemente intraauriculare cu izolare fonic\u0103<\/span><br \/>\n<span style=\"color: #000000;\">Cablu USB<\/span><br \/>\n<span style=\"color: #000000;\">Card de garan\u0163ie<\/span><br \/>\n<span style=\"color: #000000;\">Caset\u0103 cu func\u021bie de \u00eenc\u0103rcare<\/span><br \/>\n<span style=\"color: #000000;\">Ghid de referin\u021b\u0103 (Nou)<\/span><\/td>\n<\/tr>\n<tr>\n<td style=\"text-align: center;\" colspan=\"2\"><span style=\"color: #000000;\"><strong>Greutate<\/strong><\/span><\/td>\n<\/tr>\n<tr>\n<td><span style=\"color: #000000;\"><strong>Greutate<\/strong><\/span><\/td>\n<td><span style=\"color: #000000;\">Aprox. 6,5 g x 2<\/span><\/td>\n<\/tr>\n<tr>\n<td style=\"text-align: center;\" colspan=\"2\"><span style=\"color: #000000;\"><strong>Caracteristici generale<\/strong><\/span><\/td>\n<\/tr>\n<tr>\n<td><span style=\"color: #000000;\"><strong>Tip c\u0103\u0219ti<\/strong><\/span><\/td>\n<td><span style=\"color: #000000;\">\u00cenchise, dinamice<\/span><\/td>\n<\/tr>\n<tr>\n<td><span style=\"color: #000000;\"><strong>Difuzor<\/strong><\/span><\/td>\n<td><span style=\"color: #000000;\">8,4 mm<\/span><\/td>\n<\/tr>\n<tr>\n<td><span style=\"color: #000000;\"><strong>R\u0103spuns \u00een frecven\u021b\u0103 (comunica\u021bii Bluetooth\u00ae)<\/strong><\/span><\/td>\n<td><span style=\"color: #000000;\">20 Hz\u201320.000 Hz (e\u0219antionare 44,1 kHz)\/20 Hz\u201340.000 Hz (e\u0219antionare LDAC 96 kHz 990 kbps)<\/span><\/td>\n<\/tr>\n<tr>\n<td><strong><span style=\"color: #000000;\">Func\u021bionare cu o singur\u0103 casc\u0103<\/span><\/strong><\/td>\n<td><span style=\"color: #000000;\">Da<\/span><\/td>\n<\/tr>\n<tr>\n<td><span style=\"color: #000000;\"><strong>Rezisten\u021b\u0103 la ap\u0103<\/strong><\/span><\/td>\n<td><span style=\"color: #000000;\">Da (echivalent IPX4)<\/span><\/td>\n<\/tr>\n<tr>\n<td><span style=\"color: #000000;\"><strong>Dsee extreme<\/strong><\/span><\/td>\n<td><span style=\"color: #000000;\">Da<\/span><\/td>\n<\/tr>\n<tr>\n<td><span style=\"color: #000000;\"><strong>Mod de sunet ambiental<\/strong><\/span><\/td>\n<td><span style=\"color: #000000;\">Da<\/span><\/td>\n<\/tr>\n<tr>\n<td style=\"text-align: center;\" colspan=\"2\"><span style=\"color: #000000;\"><strong>Acumulator<\/strong><\/span><\/td>\n<\/tr>\n<tr>\n<td><span style=\"color: #000000;\"><strong>Durat\u0103 de \u00eenc\u0103rcare baterie<\/strong><\/span><\/td>\n<td><span style=\"color: #000000;\">Aprox. 1,5 ore<\/span><\/td>\n<\/tr>\n<tr>\n<td><span style=\"color: #000000;\"><strong>Metod\u0103 de \u00eenc\u0103rcare baterie<\/strong><\/span><\/td>\n<td><span style=\"color: #000000;\">\u00cenc\u0103rcare USB\/\u00cenc\u0103rcare wireless (cu caseta)<\/span><\/td>\n<\/tr>\n<tr>\n<td><span style=\"color: #000000;\"><strong>Autonomie bateriei (durat\u0103 redare continu\u0103 muzic\u0103)<\/strong><\/span><\/td>\n<td><span style=\"color: #000000;\">Max. 8 ore (anulare zgomot activat\u0103)\/Max. 12 ore (anulare zgomot dezactivat\u0103)<\/span><\/td>\n<\/tr>\n<tr>\n<td><span style=\"color: #000000;\"><strong>Autonomia bateriei (durat\u0103 comunicare continu\u0103)<\/strong><\/span><\/td>\n<td><span style=\"color: #000000;\">Max. 6 ore (anulare zgomot activat\u0103)\/Max. 7 ore (anulare zgomot dezactivat\u0103)<\/span><\/td>\n<\/tr>\n<tr>\n<td style=\"text-align: center;\" colspan=\"2\"><span style=\"color: #000000;\"><strong>Specifica\u0163ie Bluetooth\u00ae<\/strong><\/span><\/td>\n<\/tr>\n<tr>\n<td><span style=\"color: #000000;\"><strong>Versiune Bluetooth\u00ae<\/strong><\/span><\/td>\n<td><span style=\"color: #000000;\">Bluetooth versiunea 5.3<\/span><\/td>\n<\/tr>\n<tr>\n<td><span style=\"color: #000000;\"><strong>Raz\u0103 de ac\u021biune efectiv\u0103<\/strong><\/span><\/td>\n<td><span style=\"color: #000000;\">10 m<\/span><\/td>\n<\/tr>\n<tr>\n<td><span style=\"color: #000000;\"><strong>Gam\u0103 de frecven\u021be<\/strong><\/span><\/td>\n<td><span style=\"color: #000000;\">Band\u0103 de 2,4 GHz (2,4000 \u2013 2,4835 GHz)<\/span><\/td>\n<\/tr>\n<tr>\n<td><span style=\"color: #000000;\"><strong>Profil<\/strong><\/span><\/td>\n<td><span style=\"color: #000000;\">A2DP, AVRCP, HFP, HSP, TMAP, CSIP, MCP, VCP, CCP<\/span><\/td>\n<\/tr>\n<tr>\n<td><span style=\"color: #000000;\"><strong>Format(e) audio acceptat(e)<\/strong><\/span><\/td>\n<td><span style=\"color: #000000;\">SBC, AAC, LDAC, LC3<\/span><\/td>\n<\/tr>\n<tr>\n<td><span style=\"color: #000000;\"><strong>Protec\u021bie con\u021binut acceptat\u0103<\/strong><\/span><\/td>\n<td><span style=\"color: #000000;\">SCMS-T<\/span><\/td>\n<\/tr>\n<tr>\n<td style=\"text-align: center;\" colspan=\"2\"><span style=\"color: #000000;\"><strong>Anulare a zgomotului<\/strong><\/span><\/td>\n<\/tr>\n<tr>\n<td><span style=\"color: #000000;\"><strong>Reducere a zgomotului (ANC)<\/strong><\/span><\/td>\n<td><span style=\"color: #000000;\">Da<\/span><\/td>\n<\/tr>\n<tr>\n<td><strong><span style=\"color: #000000;\">Modul de func\u021bionare ANC<\/span><\/strong><\/td>\n<td><span style=\"color: #000000;\">Activat \/ Dezactivat<\/span><\/td>\n<\/tr>\n<tr>\n<td style=\"text-align: center;\" colspan=\"2\"><span style=\"color: #000000;\"><strong>Carcas\u0103 cu func\u021bie de \u00eenc\u0103rcare<\/strong><\/span><\/td>\n<\/tr>\n<tr>\n<td><span style=\"color: #000000;\"><strong>Greutate<\/strong><\/span><\/td>\n<td><span style=\"color: #000000;\">Aprox. 47 g<\/span><\/td>\n<\/tr>\n<tr>\n<td><span style=\"color: #000000;\"><strong>Dimensiune<\/strong><\/span><\/td>\n<td><span style=\"color: #000000;\">Aprox. 61,6 x 41,1 x 26,5 mm<\/span><\/td>\n<\/tr>\n<tr>\n<td><span style=\"color: #000000;\"><strong>Durat\u0103 de \u00eenc\u0103rcare baterie<\/strong><\/span><\/td>\n<td><span style=\"color: #000000;\">Aprox. 2 ore (\u00eenc\u0103rcare USB)<\/span><\/td>\n<\/tr>\n<\/tbody>\n<\/table>\n<\/div>\n<\/div>\n<\/div>\n<\/div>\n<\/div>\n<\/div>\n","protected":false},"excerpt":{"rendered":"<ul>\n<li><span style=\"color: #000000;\">Cele mai noi c\u0103\u0219ti TWS SONY WF-1000X M6<\/span><\/li>\n<li><span style=\"color: #000000;\">Difuzor : 8,4 mm<\/span><\/li>\n<li><span style=\"color: #000000;\">Bluetooth : Versiunea 5.3<\/span><\/li>\n<li><span style=\"color: #000000;\">Codecuri audio acceptate : SBC , AAC,LDAC,LC3<\/span><\/li>\n<li><span style=\"color: #000000;\">Autonomie: 8 ore (NC activat) \/ 12 ore (NC dezactivat)<\/span><\/li>\n<li><span style=\"color: #000000;\">Autonomie cu hus\u0103: 24 ore (8 ore + 16 ore)<\/span><\/li>\n<li><span style=\"color: #000000;\">Timp de \u00eenc\u0103rcare complet\u0103: aprox. 1,5 ore (c\u0103\u0219ti)<\/span><\/li>\n<li><span style=\"color: #000000;\">\u00cenc\u0103rcare rapid\u0103: primele 5 min. ~ 1 or\u0103 de func\u021bionare<\/span><\/li>\n<li><span style=\"color: #000000;\">\u00cenc\u0103rcare wireless a husei<\/span><\/li>\n<li><span style=\"color: #000000;\">8 microfoane \u00eencorporate<\/span><\/li>\n<li><span style=\"color: #000000;\">Reducere a zgomotului \u00eembun\u0103t\u0103\u021bit\u0103\u00a0<\/span><\/li>\n<li><span style=\"color: #000000;\">Control tactil (ambele c\u0103\u0219ti)<\/span><\/li>\n<li><span style=\"color: #000000;\">4 dimensiuni de pernu\u021be din material spongios<\/span><\/li>\n<li><span style=\"color: #000000;\">Aplica\u021bie pentru configurare: SONY | Sound Connect<\/span><\/li>\n<li><span style=\"color: #000000;\">Protec\u021bie \u00eempotriva apei: IPX4<\/span><\/li>\n<li><span style=\"color: #000000;\">Greutate: 6,5 g x 2 (c\u0103\u0219ti), 47 g (hus\u0103)<\/span><\/li>\n<li><span style=\"color: #000000;\">Garan\u021bie 2 ani<\/span><\/li>\n<\/ul>\n","protected":false},"featured_media":33836,"comment_status":"open","ping_status":"closed","template":"","meta":[],"product_brand":[],"product_cat":[629],"product_tag":[],"class_list":{"0":"post-33846","1":"product","2":"type-product","3":"status-publish","4":"has-post-thumbnail","6":"product_cat-casti-wireless","7":"pa_color-840-ro","8":"pa_color-black-ro","10":"first","11":"outofstock","12":"sale","13":"shipping-taxable","14":"purchasable","15":"product-type-variable"},"yoast_head":"<!-- This site is optimized with the Yoast SEO plugin v27.4 - https:\/\/yoast.com\/product\/yoast-seo-wordpress\/ -->\n<title>SONY WF-1000X M6 | Noile casti SONY TWS cu 8 microfoane<\/title>\n<meta name=\"description\" content=\"SONY WF-1000X M6 cu 8 microfoane incorporate si ANC | Cele mai bune casti SONY cu garantie oficiala | Dealer autorizat SONY in Moldova\" \/>\n<meta name=\"robots\" content=\"index, follow, max-snippet:-1, max-image-preview:large, max-video-preview:-1\" \/>\n<link rel=\"canonical\" href=\"https:\/\/sonycenter.md\/ro\/magazin\/wf1000xm6\/\" \/>\n<meta property=\"og:locale\" content=\"ro_RO\" \/>\n<meta property=\"og:type\" content=\"article\" \/>\n<meta property=\"og:title\" content=\"SONY WF-1000X M6 | Noile casti SONY TWS cu 8 microfoane\" \/>\n<meta property=\"og:description\" content=\"SONY WF-1000X M6 cu 8 microfoane incorporate si ANC | Cele mai bune casti SONY cu garantie oficiala | Dealer autorizat SONY in Moldova\" \/>\n<meta property=\"og:url\" content=\"https:\/\/sonycenter.md\/ro\/magazin\/wf1000xm6\/\" \/>\n<meta property=\"og:site_name\" content=\"SONY\" \/>\n<meta property=\"article:modified_time\" content=\"2026-04-30T07:10:17+00:00\" \/>\n<meta property=\"og:image\" content=\"https:\/\/sonycenter.md\/wp-content\/uploads\/2026\/02\/wf1000xm6-3-.jpg\" \/>\n\t<meta property=\"og:image:width\" content=\"600\" \/>\n\t<meta property=\"og:image:height\" content=\"600\" \/>\n\t<meta property=\"og:image:type\" content=\"image\/jpeg\" \/>\n<meta name=\"twitter:card\" content=\"summary_large_image\" \/>\n<meta name=\"twitter:label1\" content=\"Est. reading time\" \/>\n\t<meta name=\"twitter:data1\" content=\"2 minutes\" \/>\n<script type=\"application\/ld+json\" class=\"yoast-schema-graph\">{\"@context\":\"https:\\\/\\\/schema.org\",\"@graph\":[{\"@type\":[\"WebPage\",\"ItemPage\"],\"@id\":\"https:\\\/\\\/sonycenter.md\\\/ro\\\/magazin\\\/wf1000xm6\\\/\",\"url\":\"https:\\\/\\\/sonycenter.md\\\/ro\\\/magazin\\\/wf1000xm6\\\/\",\"name\":\"SONY WF-1000X M6 | Noile casti SONY TWS cu 8 microfoane\",\"isPartOf\":{\"@id\":\"http:\\\/\\\/sonycenter.md\\\/ro\\\/#website\"},\"primaryImageOfPage\":{\"@id\":\"https:\\\/\\\/sonycenter.md\\\/ro\\\/magazin\\\/wf1000xm6\\\/#primaryimage\"},\"image\":{\"@id\":\"https:\\\/\\\/sonycenter.md\\\/ro\\\/magazin\\\/wf1000xm6\\\/#primaryimage\"},\"thumbnailUrl\":\"https:\\\/\\\/sonycenter.md\\\/wp-content\\\/uploads\\\/2026\\\/02\\\/wf1000xm6-3-.jpg\",\"datePublished\":\"2026-02-13T10:35:02+00:00\",\"dateModified\":\"2026-04-30T07:10:17+00:00\",\"description\":\"SONY WF-1000X M6 cu 8 microfoane incorporate si ANC | Cele mai bune casti SONY cu garantie oficiala | Dealer autorizat SONY in Moldova\",\"breadcrumb\":{\"@id\":\"https:\\\/\\\/sonycenter.md\\\/ro\\\/magazin\\\/wf1000xm6\\\/#breadcrumb\"},\"inLanguage\":\"ro-RO\",\"potentialAction\":[{\"@type\":\"ReadAction\",\"target\":[\"https:\\\/\\\/sonycenter.md\\\/ro\\\/magazin\\\/wf1000xm6\\\/\"]}]},{\"@type\":\"ImageObject\",\"inLanguage\":\"ro-RO\",\"@id\":\"https:\\\/\\\/sonycenter.md\\\/ro\\\/magazin\\\/wf1000xm6\\\/#primaryimage\",\"url\":\"https:\\\/\\\/sonycenter.md\\\/wp-content\\\/uploads\\\/2026\\\/02\\\/wf1000xm6-3-.jpg\",\"contentUrl\":\"https:\\\/\\\/sonycenter.md\\\/wp-content\\\/uploads\\\/2026\\\/02\\\/wf1000xm6-3-.jpg\",\"width\":600,\"height\":600,\"caption\":\"WF1000XM6\"},{\"@type\":\"BreadcrumbList\",\"@id\":\"https:\\\/\\\/sonycenter.md\\\/ro\\\/magazin\\\/wf1000xm6\\\/#breadcrumb\",\"itemListElement\":[{\"@type\":\"ListItem\",\"position\":1,\"name\":\"\u0413\u043b\u0430\u0432\u043d\u0430\u044f \u0441\u0442\u0440\u0430\u043d\u0438\u0446\u0430\",\"item\":\"https:\\\/\\\/sonycenter.md\\\/ro\\\/\"},{\"@type\":\"ListItem\",\"position\":2,\"name\":\"Magazin\",\"item\":\"https:\\\/\\\/sonycenter.md\\\/shop\\\/\"},{\"@type\":\"ListItem\",\"position\":3,\"name\":\"WF1000XM6\"}]},{\"@type\":\"WebSite\",\"@id\":\"http:\\\/\\\/sonycenter.md\\\/ro\\\/#website\",\"url\":\"http:\\\/\\\/sonycenter.md\\\/ro\\\/\",\"name\":\"sonycenter.md\",\"description\":\"SONYCENTER \u00een Chi\u0219in\u0103u\",\"publisher\":{\"@id\":\"http:\\\/\\\/sonycenter.md\\\/ro\\\/#organization\"},\"potentialAction\":[{\"@type\":\"SearchAction\",\"target\":{\"@type\":\"EntryPoint\",\"urlTemplate\":\"http:\\\/\\\/sonycenter.md\\\/ro\\\/?s={search_term_string}\"},\"query-input\":{\"@type\":\"PropertyValueSpecification\",\"valueRequired\":true,\"valueName\":\"search_term_string\"}}],\"inLanguage\":\"ro-RO\"},{\"@type\":\"Organization\",\"@id\":\"http:\\\/\\\/sonycenter.md\\\/ro\\\/#organization\",\"name\":\"sonycenter.md\",\"url\":\"http:\\\/\\\/sonycenter.md\\\/ro\\\/\",\"logo\":{\"@type\":\"ImageObject\",\"inLanguage\":\"ro-RO\",\"@id\":\"http:\\\/\\\/sonycenter.md\\\/ro\\\/#\\\/schema\\\/logo\\\/image\\\/\",\"url\":\"\",\"contentUrl\":\"\",\"caption\":\"sonycenter.md\"},\"image\":{\"@id\":\"http:\\\/\\\/sonycenter.md\\\/ro\\\/#\\\/schema\\\/logo\\\/image\\\/\"}}]}<\/script>\n<!-- \/ Yoast SEO plugin. -->","yoast_head_json":{"title":"SONY WF-1000X M6 | Noile casti SONY TWS cu 8 microfoane","description":"SONY WF-1000X M6 cu 8 microfoane incorporate si ANC | Cele mai bune casti SONY cu garantie oficiala | Dealer autorizat SONY in Moldova","robots":{"index":"index","follow":"follow","max-snippet":"max-snippet:-1","max-image-preview":"max-image-preview:large","max-video-preview":"max-video-preview:-1"},"canonical":"https:\/\/sonycenter.md\/ro\/magazin\/wf1000xm6\/","og_locale":"ro_RO","og_type":"article","og_title":"SONY WF-1000X M6 | Noile casti SONY TWS cu 8 microfoane","og_description":"SONY WF-1000X M6 cu 8 microfoane incorporate si ANC | Cele mai bune casti SONY cu garantie oficiala | Dealer autorizat SONY in Moldova","og_url":"https:\/\/sonycenter.md\/ro\/magazin\/wf1000xm6\/","og_site_name":"SONY","article_modified_time":"2026-04-30T07:10:17+00:00","og_image":[{"width":600,"height":600,"url":"https:\/\/sonycenter.md\/wp-content\/uploads\/2026\/02\/wf1000xm6-3-.jpg","type":"image\/jpeg"}],"twitter_card":"summary_large_image","twitter_misc":{"Est. reading time":"2 minutes"},"schema":{"@context":"https:\/\/schema.org","@graph":[{"@type":["WebPage","ItemPage"],"@id":"https:\/\/sonycenter.md\/ro\/magazin\/wf1000xm6\/","url":"https:\/\/sonycenter.md\/ro\/magazin\/wf1000xm6\/","name":"SONY WF-1000X M6 | Noile casti SONY TWS cu 8 microfoane","isPartOf":{"@id":"https:\/\/sonycenter.md\/ro\/#website"},"primaryImageOfPage":{"@id":"https:\/\/sonycenter.md\/ro\/magazin\/wf1000xm6\/#primaryimage"},"image":{"@id":"https:\/\/sonycenter.md\/ro\/magazin\/wf1000xm6\/#primaryimage"},"thumbnailUrl":"https:\/\/sonycenter.md\/wp-content\/uploads\/2026\/02\/wf1000xm6-3-.jpg","datePublished":"2026-02-13T10:35:02+00:00","dateModified":"2026-04-30T07:10:17+00:00","description":"SONY WF-1000X M6 cu 8 microfoane incorporate si ANC | Cele mai bune casti SONY cu garantie oficiala | Dealer autorizat SONY in Moldova","breadcrumb":{"@id":"https:\/\/sonycenter.md\/ro\/magazin\/wf1000xm6\/#breadcrumb"},"inLanguage":"ro-RO","potentialAction":[{"@type":"ReadAction","target":["https:\/\/sonycenter.md\/ro\/magazin\/wf1000xm6\/"]}]},{"@type":"ImageObject","inLanguage":"ro-RO","@id":"https:\/\/sonycenter.md\/ro\/magazin\/wf1000xm6\/#primaryimage","url":"https:\/\/sonycenter.md\/wp-content\/uploads\/2026\/02\/wf1000xm6-3-.jpg","contentUrl":"https:\/\/sonycenter.md\/wp-content\/uploads\/2026\/02\/wf1000xm6-3-.jpg","width":600,"height":600,"caption":"WF1000XM6"},{"@type":"BreadcrumbList","@id":"https:\/\/sonycenter.md\/ro\/magazin\/wf1000xm6\/#breadcrumb","itemListElement":[{"@type":"ListItem","position":1,"name":"\u0413\u043b\u0430\u0432\u043d\u0430\u044f \u0441\u0442\u0440\u0430\u043d\u0438\u0446\u0430","item":"https:\/\/sonycenter.md\/ro\/"},{"@type":"ListItem","position":2,"name":"Magazin","item":"https:\/\/sonycenter.md\/shop\/"},{"@type":"ListItem","position":3,"name":"WF1000XM6"}]},{"@type":"WebSite","@id":"https:\/\/sonycenter.md\/ro\/#website","url":"https:\/\/sonycenter.md\/ro\/","name":"sonycenter.md","description":"SONYCENTER \u00een Chi\u0219in\u0103u","publisher":{"@id":"https:\/\/sonycenter.md\/ro\/#organization"},"potentialAction":[{"@type":"SearchAction","target":{"@type":"EntryPoint","urlTemplate":"https:\/\/sonycenter.md\/ro\/?s={search_term_string}"},"query-input":{"@type":"PropertyValueSpecification","valueRequired":true,"valueName":"search_term_string"}}],"inLanguage":"ro-RO"},{"@type":"Organization","@id":"https:\/\/sonycenter.md\/ro\/#organization","name":"sonycenter.md","url":"https:\/\/sonycenter.md\/ro\/","logo":{"@type":"ImageObject","inLanguage":"ro-RO","@id":"https:\/\/sonycenter.md\/ro\/#\/schema\/logo\/image\/","url":"","contentUrl":"","caption":"sonycenter.md"},"image":{"@id":"https:\/\/sonycenter.md\/ro\/#\/schema\/logo\/image\/"}}]}},"_links":{"self":[{"href":"https:\/\/sonycenter.md\/ro\/wp-json\/wp\/v2\/product\/33846","targetHints":{"allow":["GET"]}}],"collection":[{"href":"https:\/\/sonycenter.md\/ro\/wp-json\/wp\/v2\/product"}],"about":[{"href":"https:\/\/sonycenter.md\/ro\/wp-json\/wp\/v2\/types\/product"}],"replies":[{"embeddable":true,"href":"https:\/\/sonycenter.md\/ro\/wp-json\/wp\/v2\/comments?post=33846"}],"wp:featuredmedia":[{"embeddable":true,"href":"https:\/\/sonycenter.md\/ro\/wp-json\/wp\/v2\/media\/33836"}],"wp:attachment":[{"href":"https:\/\/sonycenter.md\/ro\/wp-json\/wp\/v2\/media?parent=33846"}],"wp:term":[{"taxonomy":"product_brand","embeddable":true,"href":"https:\/\/sonycenter.md\/ro\/wp-json\/wp\/v2\/product_brand?post=33846"},{"taxonomy":"product_cat","embeddable":true,"href":"https:\/\/sonycenter.md\/ro\/wp-json\/wp\/v2\/product_cat?post=33846"},{"taxonomy":"product_tag","embeddable":true,"href":"https:\/\/sonycenter.md\/ro\/wp-json\/wp\/v2\/product_tag?post=33846"}],"curies":[{"name":"wp","href":"https:\/\/api.w.org\/{rel}","templated":true}]}}