{"id":8754,"date":"2016-05-26T11:11:02","date_gmt":"2016-05-26T08:11:02","guid":{"rendered":"https:\/\/sonycenter.md\/shop\/sal18250\/"},"modified":"2026-02-27T11:01:46","modified_gmt":"2026-02-27T09:01:46","slug":"sal18250","status":"publish","type":"product","link":"https:\/\/sonycenter.md\/ro\/magazin\/sal18250\/","title":{"rendered":"SAL18250"},"content":{"rendered":"<table>\n<tbody>\n<tr>\n<td width=\"123\">Specifica\u0163ii obiectiv<\/td>\n<td width=\"123\"><\/td>\n<td width=\"123\"><\/td>\n<\/tr>\n<tr>\n<td><\/td>\n<td><strong>MONTUR\u0102<\/strong><\/td>\n<td>Montur\u0103 A Sony<\/td>\n<\/tr>\n<tr>\n<td><\/td>\n<td><strong>FORMAT<\/strong><\/td>\n<td>APS-C<\/td>\n<\/tr>\n<tr>\n<td><\/td>\n<td><strong>DISTAN\u0162\u0102 FOCAL\u0102<\/strong><\/td>\n<td>18-250 mm<\/td>\n<\/tr>\n<tr>\n<td><\/td>\n<td><strong>DISTAN\u0162\u0102 FOCAL\u0102 ECHIVALENT\u0102 CU 35 MM (APS-C)<\/strong><\/td>\n<td>27-375 mm<\/td>\n<\/tr>\n<tr>\n<td><\/td>\n<td><strong>UNGHI DE VIZUALIZARE (APS-C)<\/strong><\/td>\n<td>76\u00b0-6\u00b030&#8242;<\/td>\n<\/tr>\n<tr>\n<td><\/td>\n<td><strong>DIAFRAGM\u0102 MAXIM\u0102 (F)<\/strong><\/td>\n<td>3,5-6,3<\/td>\n<\/tr>\n<tr>\n<td><\/td>\n<td><strong>DIAFRAGM\u0102 MINIM\u0102 (F)<\/strong><\/td>\n<td>22-40<\/td>\n<\/tr>\n<tr>\n<td><\/td>\n<td><strong>DISCURI DIAFRAGM\u0102<\/strong><\/td>\n<td>7<\/td>\n<\/tr>\n<tr>\n<td><\/td>\n<td><strong>DIAFRAGM\u0102 CIRCULAR\u0102<\/strong><\/td>\n<td>Da<\/td>\n<\/tr>\n<tr>\n<td><\/td>\n<td><strong>DISTAN\u0162\u0102 MINIM\u0102 DE FOCALIZARE<\/strong><\/td>\n<td>0,45m<\/td>\n<\/tr>\n<tr>\n<td><\/td>\n<td><strong>RAPORT DE M\u0102RIRE MAXIM<\/strong><\/td>\n<td>0,29x<\/td>\n<\/tr>\n<tr>\n<td><\/td>\n<td><strong>DIAMETRU FILTRU<\/strong><\/td>\n<td>62 mm<\/td>\n<\/tr>\n<tr>\n<td><\/td>\n<td><strong>STABILIZARE A IMAGINII (STEADYSHOT\u2122)<\/strong><\/td>\n<td>&#8211; (integrat \u00een corp)<\/td>\n<\/tr>\n<tr>\n<td><\/td>\n<td><strong>SISTEM ZOOM<\/strong><\/td>\n<td>Zoom manual<\/td>\n<\/tr>\n<tr>\n<td>Dimensiune \u015fi greutate<\/td>\n<td><\/td>\n<td><\/td>\n<\/tr>\n<tr>\n<td><\/td>\n<td><strong>DIMENSIUNI (L X H X A)<\/strong><\/td>\n<td>75 x 86 mm (3 x 3-3\/8 in.)<\/td>\n<\/tr>\n<tr>\n<td><\/td>\n<td><strong>GREUTATE<\/strong><\/td>\n<td>440 g (15,6 oz.)<\/td>\n<\/tr>\n<tr>\n<td>Ce este \u00een cutie<\/td>\n<td><\/td>\n<td><\/td>\n<\/tr>\n<tr>\n<td><\/td>\n<td><\/td>\n<td>Parasolar pentru obiectiv (ALC-SH104: \u00een form\u0103 de petal\u0103, de tip baionet\u0103)<\/td>\n<\/tr>\n<tr>\n<td><\/td>\n<td><\/td>\n<td>Capac fa\u0163\u0103 pentru obiectiv<\/td>\n<\/tr>\n<tr>\n<td><\/td>\n<td><\/td>\n<td>Capac spate pentru obiectiv<\/td>\n<\/tr>\n<\/tbody>\n<\/table>\n","protected":false},"excerpt":{"rendered":"<ul>\n<li><span style=\"color: #000000;\">SONY DT 18-250mm F3.5-6.3\u00a0<\/span><\/li>\n<li><span style=\"color: #000000;\">Baioneta : SONY A-Mount<\/span><\/li>\n<li><span style=\"color: #000000;\">Format : APS-C, crop 1.5<\/span><\/li>\n<li><span style=\"color: #000000;\">Distan\u021b\u0103 focal\u0103 : f=18-250 mm<\/span><\/li>\n<li><span style=\"color: #000000;\">Valoarea maxim\u0103 a diafragmei : F3.5-6.3\u00a0<\/span><\/li>\n<li><span style=\"color: #000000;\">Valoarea minim\u0103 a diafragmei : F22-40<\/span><\/li>\n<li><span style=\"color: #000000;\">Lamele diafragmei : 7<\/span><\/li>\n<li><span style=\"color: #000000;\">Stabilizare integrat\u0103 : Da<\/span><\/li>\n<li><span style=\"color: #000000;\">Distan\u021ba minim\u0103 de focalizare : 0,45 m<\/span><\/li>\n<li><span style=\"color: #000000;\">Diametru filtru : 62 mm<\/span><\/li>\n<li><span style=\"color: #000000;\">Dimensiuni : 75 x 86 mm<\/span><\/li>\n<li><span style=\"color: #000000;\">Greutate : 440 g<\/span><\/li>\n<li><span style=\"color: #000000;\">Con\u021binului cutiei : parasolar, capacul din spate \u0219i din fa\u021b\u0103<\/span><\/li>\n<li><span style=\"color: #000000;\">Garan\u021bie de firm\u0103 : 2 ani<\/span><\/li>\n<\/ul>\n","protected":false},"featured_media":8755,"comment_status":"open","ping_status":"closed","template":"","meta":[],"product_brand":[],"product_cat":[899],"product_tag":[],"class_list":{"0":"post-8754","1":"product","2":"type-product","3":"status-publish","4":"has-post-thumbnail","6":"product_cat-obiective-zoom","8":"first","9":"instock","10":"sale","11":"shipping-taxable","12":"purchasable","13":"product-type-simple"},"yoast_head":"<!-- This site is optimized with the Yoast SEO plugin v27.4 - https:\/\/yoast.com\/product\/yoast-seo-wordpress\/ -->\n<title>SONY SAL18250 | SONY DT 18-250mm F3.5-6.3\u00a0<\/title>\n<meta name=\"description\" content=\"SONY SAL18250 | Chi\u0219in\u0103u | SONY DT 18-250mm F3.5-6.3\u00a0\" \/>\n<meta name=\"robots\" content=\"index, follow, max-snippet:-1, max-image-preview:large, max-video-preview:-1\" \/>\n<link rel=\"canonical\" href=\"https:\/\/sonycenter.md\/ro\/magazin\/sal18250\/\" \/>\n<meta property=\"og:locale\" content=\"ro_RO\" \/>\n<meta property=\"og:type\" content=\"article\" \/>\n<meta property=\"og:title\" content=\"SONY SAL18250 | SONY DT 18-250mm F3.5-6.3\u00a0\" \/>\n<meta property=\"og:description\" content=\"SONY SAL18250 | Chi\u0219in\u0103u | SONY DT 18-250mm F3.5-6.3\u00a0\" \/>\n<meta property=\"og:url\" content=\"https:\/\/sonycenter.md\/ro\/magazin\/sal18250\/\" \/>\n<meta property=\"og:site_name\" content=\"SONY\" \/>\n<meta property=\"article:modified_time\" content=\"2026-02-27T09:01:46+00:00\" \/>\n<meta property=\"og:image\" content=\"https:\/\/sonycenter.md\/wp-content\/uploads\/2016\/05\/sal18250.jpg\" \/>\n\t<meta property=\"og:image:width\" content=\"600\" \/>\n\t<meta property=\"og:image:height\" content=\"600\" \/>\n\t<meta property=\"og:image:type\" content=\"image\/jpeg\" \/>\n<meta name=\"twitter:card\" content=\"summary_large_image\" \/>\n<meta name=\"twitter:label1\" content=\"Est. reading time\" \/>\n\t<meta name=\"twitter:data1\" content=\"1 minute\" \/>\n<script type=\"application\/ld+json\" class=\"yoast-schema-graph\">{\"@context\":\"https:\\\/\\\/schema.org\",\"@graph\":[{\"@type\":[\"WebPage\",\"ItemPage\"],\"@id\":\"https:\\\/\\\/sonycenter.md\\\/ro\\\/magazin\\\/sal18250\\\/\",\"url\":\"https:\\\/\\\/sonycenter.md\\\/ro\\\/magazin\\\/sal18250\\\/\",\"name\":\"SONY SAL18250 | SONY DT 18-250mm F3.5-6.3\u00a0\",\"isPartOf\":{\"@id\":\"http:\\\/\\\/sonycenter.md\\\/ro\\\/#website\"},\"primaryImageOfPage\":{\"@id\":\"https:\\\/\\\/sonycenter.md\\\/ro\\\/magazin\\\/sal18250\\\/#primaryimage\"},\"image\":{\"@id\":\"https:\\\/\\\/sonycenter.md\\\/ro\\\/magazin\\\/sal18250\\\/#primaryimage\"},\"thumbnailUrl\":\"https:\\\/\\\/sonycenter.md\\\/wp-content\\\/uploads\\\/2016\\\/05\\\/sal18250.jpg\",\"datePublished\":\"2016-05-26T08:11:02+00:00\",\"dateModified\":\"2026-02-27T09:01:46+00:00\",\"description\":\"SONY SAL18250 | Chi\u0219in\u0103u | SONY DT 18-250mm F3.5-6.3\u00a0\",\"breadcrumb\":{\"@id\":\"https:\\\/\\\/sonycenter.md\\\/ro\\\/magazin\\\/sal18250\\\/#breadcrumb\"},\"inLanguage\":\"ro-RO\",\"potentialAction\":[{\"@type\":\"ReadAction\",\"target\":[\"https:\\\/\\\/sonycenter.md\\\/ro\\\/magazin\\\/sal18250\\\/\"]}]},{\"@type\":\"ImageObject\",\"inLanguage\":\"ro-RO\",\"@id\":\"https:\\\/\\\/sonycenter.md\\\/ro\\\/magazin\\\/sal18250\\\/#primaryimage\",\"url\":\"https:\\\/\\\/sonycenter.md\\\/wp-content\\\/uploads\\\/2016\\\/05\\\/sal18250.jpg\",\"contentUrl\":\"https:\\\/\\\/sonycenter.md\\\/wp-content\\\/uploads\\\/2016\\\/05\\\/sal18250.jpg\",\"width\":600,\"height\":600,\"caption\":\"SAL18250\"},{\"@type\":\"BreadcrumbList\",\"@id\":\"https:\\\/\\\/sonycenter.md\\\/ro\\\/magazin\\\/sal18250\\\/#breadcrumb\",\"itemListElement\":[{\"@type\":\"ListItem\",\"position\":1,\"name\":\"\u0413\u043b\u0430\u0432\u043d\u0430\u044f \u0441\u0442\u0440\u0430\u043d\u0438\u0446\u0430\",\"item\":\"https:\\\/\\\/sonycenter.md\\\/ro\\\/\"},{\"@type\":\"ListItem\",\"position\":2,\"name\":\"Magazin\",\"item\":\"https:\\\/\\\/sonycenter.md\\\/shop\\\/\"},{\"@type\":\"ListItem\",\"position\":3,\"name\":\"SAL18250\"}]},{\"@type\":\"WebSite\",\"@id\":\"http:\\\/\\\/sonycenter.md\\\/ro\\\/#website\",\"url\":\"http:\\\/\\\/sonycenter.md\\\/ro\\\/\",\"name\":\"sonycenter.md\",\"description\":\"SONYCENTER \u00een Chi\u0219in\u0103u\",\"publisher\":{\"@id\":\"http:\\\/\\\/sonycenter.md\\\/ro\\\/#organization\"},\"potentialAction\":[{\"@type\":\"SearchAction\",\"target\":{\"@type\":\"EntryPoint\",\"urlTemplate\":\"http:\\\/\\\/sonycenter.md\\\/ro\\\/?s={search_term_string}\"},\"query-input\":{\"@type\":\"PropertyValueSpecification\",\"valueRequired\":true,\"valueName\":\"search_term_string\"}}],\"inLanguage\":\"ro-RO\"},{\"@type\":\"Organization\",\"@id\":\"http:\\\/\\\/sonycenter.md\\\/ro\\\/#organization\",\"name\":\"sonycenter.md\",\"url\":\"http:\\\/\\\/sonycenter.md\\\/ro\\\/\",\"logo\":{\"@type\":\"ImageObject\",\"inLanguage\":\"ro-RO\",\"@id\":\"http:\\\/\\\/sonycenter.md\\\/ro\\\/#\\\/schema\\\/logo\\\/image\\\/\",\"url\":\"\",\"contentUrl\":\"\",\"caption\":\"sonycenter.md\"},\"image\":{\"@id\":\"http:\\\/\\\/sonycenter.md\\\/ro\\\/#\\\/schema\\\/logo\\\/image\\\/\"}}]}<\/script>\n<!-- \/ Yoast SEO plugin. -->","yoast_head_json":{"title":"SONY SAL18250 | SONY DT 18-250mm F3.5-6.3\u00a0","description":"SONY SAL18250 | Chi\u0219in\u0103u | SONY DT 18-250mm F3.5-6.3\u00a0","robots":{"index":"index","follow":"follow","max-snippet":"max-snippet:-1","max-image-preview":"max-image-preview:large","max-video-preview":"max-video-preview:-1"},"canonical":"https:\/\/sonycenter.md\/ro\/magazin\/sal18250\/","og_locale":"ro_RO","og_type":"article","og_title":"SONY SAL18250 | SONY DT 18-250mm F3.5-6.3\u00a0","og_description":"SONY SAL18250 | Chi\u0219in\u0103u | SONY DT 18-250mm F3.5-6.3\u00a0","og_url":"https:\/\/sonycenter.md\/ro\/magazin\/sal18250\/","og_site_name":"SONY","article_modified_time":"2026-02-27T09:01:46+00:00","og_image":[{"width":600,"height":600,"url":"https:\/\/sonycenter.md\/wp-content\/uploads\/2016\/05\/sal18250.jpg","type":"image\/jpeg"}],"twitter_card":"summary_large_image","twitter_misc":{"Est. reading time":"1 minute"},"schema":{"@context":"https:\/\/schema.org","@graph":[{"@type":["WebPage","ItemPage"],"@id":"https:\/\/sonycenter.md\/ro\/magazin\/sal18250\/","url":"https:\/\/sonycenter.md\/ro\/magazin\/sal18250\/","name":"SONY SAL18250 | SONY DT 18-250mm F3.5-6.3\u00a0","isPartOf":{"@id":"https:\/\/sonycenter.md\/ro\/#website"},"primaryImageOfPage":{"@id":"https:\/\/sonycenter.md\/ro\/magazin\/sal18250\/#primaryimage"},"image":{"@id":"https:\/\/sonycenter.md\/ro\/magazin\/sal18250\/#primaryimage"},"thumbnailUrl":"https:\/\/sonycenter.md\/wp-content\/uploads\/2016\/05\/sal18250.jpg","datePublished":"2016-05-26T08:11:02+00:00","dateModified":"2026-02-27T09:01:46+00:00","description":"SONY SAL18250 | Chi\u0219in\u0103u | SONY DT 18-250mm F3.5-6.3\u00a0","breadcrumb":{"@id":"https:\/\/sonycenter.md\/ro\/magazin\/sal18250\/#breadcrumb"},"inLanguage":"ro-RO","potentialAction":[{"@type":"ReadAction","target":["https:\/\/sonycenter.md\/ro\/magazin\/sal18250\/"]}]},{"@type":"ImageObject","inLanguage":"ro-RO","@id":"https:\/\/sonycenter.md\/ro\/magazin\/sal18250\/#primaryimage","url":"https:\/\/sonycenter.md\/wp-content\/uploads\/2016\/05\/sal18250.jpg","contentUrl":"https:\/\/sonycenter.md\/wp-content\/uploads\/2016\/05\/sal18250.jpg","width":600,"height":600,"caption":"SAL18250"},{"@type":"BreadcrumbList","@id":"https:\/\/sonycenter.md\/ro\/magazin\/sal18250\/#breadcrumb","itemListElement":[{"@type":"ListItem","position":1,"name":"\u0413\u043b\u0430\u0432\u043d\u0430\u044f \u0441\u0442\u0440\u0430\u043d\u0438\u0446\u0430","item":"https:\/\/sonycenter.md\/ro\/"},{"@type":"ListItem","position":2,"name":"Magazin","item":"https:\/\/sonycenter.md\/shop\/"},{"@type":"ListItem","position":3,"name":"SAL18250"}]},{"@type":"WebSite","@id":"https:\/\/sonycenter.md\/ro\/#website","url":"https:\/\/sonycenter.md\/ro\/","name":"sonycenter.md","description":"SONYCENTER \u00een Chi\u0219in\u0103u","publisher":{"@id":"https:\/\/sonycenter.md\/ro\/#organization"},"potentialAction":[{"@type":"SearchAction","target":{"@type":"EntryPoint","urlTemplate":"https:\/\/sonycenter.md\/ro\/?s={search_term_string}"},"query-input":{"@type":"PropertyValueSpecification","valueRequired":true,"valueName":"search_term_string"}}],"inLanguage":"ro-RO"},{"@type":"Organization","@id":"https:\/\/sonycenter.md\/ro\/#organization","name":"sonycenter.md","url":"https:\/\/sonycenter.md\/ro\/","logo":{"@type":"ImageObject","inLanguage":"ro-RO","@id":"https:\/\/sonycenter.md\/ro\/#\/schema\/logo\/image\/","url":"","contentUrl":"","caption":"sonycenter.md"},"image":{"@id":"https:\/\/sonycenter.md\/ro\/#\/schema\/logo\/image\/"}}]}},"_links":{"self":[{"href":"https:\/\/sonycenter.md\/ro\/wp-json\/wp\/v2\/product\/8754","targetHints":{"allow":["GET"]}}],"collection":[{"href":"https:\/\/sonycenter.md\/ro\/wp-json\/wp\/v2\/product"}],"about":[{"href":"https:\/\/sonycenter.md\/ro\/wp-json\/wp\/v2\/types\/product"}],"replies":[{"embeddable":true,"href":"https:\/\/sonycenter.md\/ro\/wp-json\/wp\/v2\/comments?post=8754"}],"wp:featuredmedia":[{"embeddable":true,"href":"https:\/\/sonycenter.md\/ro\/wp-json\/wp\/v2\/media\/8755"}],"wp:attachment":[{"href":"https:\/\/sonycenter.md\/ro\/wp-json\/wp\/v2\/media?parent=8754"}],"wp:term":[{"taxonomy":"product_brand","embeddable":true,"href":"https:\/\/sonycenter.md\/ro\/wp-json\/wp\/v2\/product_brand?post=8754"},{"taxonomy":"product_cat","embeddable":true,"href":"https:\/\/sonycenter.md\/ro\/wp-json\/wp\/v2\/product_cat?post=8754"},{"taxonomy":"product_tag","embeddable":true,"href":"https:\/\/sonycenter.md\/ro\/wp-json\/wp\/v2\/product_tag?post=8754"}],"curies":[{"name":"wp","href":"https:\/\/api.w.org\/{rel}","templated":true}]}}