{"id":8794,"date":"2016-08-12T14:12:39","date_gmt":"2016-08-12T11:12:39","guid":{"rendered":"https:\/\/sonycenter.md\/shop\/sf64m\/"},"modified":"2026-04-10T15:44:20","modified_gmt":"2026-04-10T12:44:20","slug":"sf64m","status":"publish","type":"product","link":"https:\/\/sonycenter.md\/ro\/magazin\/sf64m\/","title":{"rendered":"SFM64T"},"content":{"rendered":"<table>\n<tbody>\n<tr>\n<td width=\"159\"><span style=\"color: #000000;\"><strong>Dimensiune \u015fi greutate<\/strong><\/span><\/td>\n<td width=\"159\"><span style=\"color: #000000;\"><strong>\u00a0<\/strong><\/span><\/td>\n<td width=\"177\"><\/td>\n<\/tr>\n<tr>\n<td><span style=\"color: #000000;\"><strong>\u00a0<\/strong><\/span><\/td>\n<td><span style=\"color: #000000;\"><strong>DIMENSIUNI\u00a0<\/strong><\/span><\/td>\n<td><span style=\"color: #000000;\">24 x 32 x 2,1 mm<\/span><\/td>\n<\/tr>\n<tr>\n<td><span style=\"color: #000000;\"><strong>\u00a0<\/strong><\/span><\/td>\n<td><span style=\"color: #000000;\"><strong>GREUTATE<\/strong><\/span><\/td>\n<td><span style=\"color: #000000;\">2 g<\/span><\/td>\n<\/tr>\n<tr>\n<td><span style=\"color: #000000;\"><strong>Caracteristici generale<\/strong><\/span><\/td>\n<td><span style=\"color: #000000;\"><strong>\u00a0<\/strong><\/span><\/td>\n<td><\/td>\n<\/tr>\n<tr>\n<td><span style=\"color: #000000;\"><strong>\u00a0<\/strong><\/span><\/td>\n<td><span style=\"color: #000000;\"><strong>CAPACITATE\u00a0<\/strong><\/span><\/td>\n<td><span style=\"color: #000000;\">64 GB<\/span><\/td>\n<\/tr>\n<tr>\n<td><span style=\"color: #000000;\"><strong>\u00a0<\/strong><\/span><\/td>\n<td><span style=\"color: #000000;\"><strong>CAPACITATE UTIL\u0102<\/strong><\/span><\/td>\n<td><span style=\"color: #000000;\">57,6 GB<\/span><\/td>\n<\/tr>\n<tr>\n<td><span style=\"color: #000000;\"><strong>\u00a0<\/strong><\/span><\/td>\n<td><span style=\"color: #000000;\"><strong>INTERFA\u0162\u0102 <\/strong><\/span><\/td>\n<td><span style=\"color: #000000;\">UHS-II<\/span><\/td>\n<\/tr>\n<tr>\n<td><span style=\"color: #000000;\"><strong>\u00a0<\/strong><\/span><\/td>\n<td><span style=\"color: #000000;\"><strong>VITEZ\u0102 DE TRANSFER (CITIRE)<\/strong><\/span><\/td>\n<td><span style=\"color: #000000;\">P\u00e2n\u0103 la 277MB\/s<\/span><\/td>\n<\/tr>\n<tr>\n<td><span style=\"color: #000000;\"><strong>\u00a0<\/strong><\/span><\/td>\n<td><span style=\"color: #000000;\"><strong>VITEZ\u0102 DE TRANSFER (SCRIERE)<\/strong><\/span><\/td>\n<td><span style=\"color: #000000;\">P\u00e2n\u0103 la 150 Mb\/s<\/span><\/td>\n<\/tr>\n<tr>\n<td><span style=\"color: #000000;\"><strong>\u00a0<\/strong><\/span><\/td>\n<td><span style=\"color: #000000;\"><strong>CLAS\u0102 DE VITEZ\u0102<\/strong><\/span><\/td>\n<td><span style=\"color: #000000;\">Clasa 10 (clas\u0103 de vitez\u0103 SD) Clasa 3 (clas\u0103 de vitez\u0103 UHS)<\/span><\/td>\n<\/tr>\n<\/tbody>\n<\/table>\n","protected":false},"excerpt":{"rendered":"<ul>\n<li><span style=\"color: #000000;\">Cartela de memorie SONY din serie TOUGH<\/span><\/li>\n<li><span style=\"color: #000000;\">Capacitate de stocare : 64 Gb<\/span><\/li>\n<li><span style=\"color: #000000;\">Vitez\u0103 de citire : P\u00e2n\u0103 la 277 Mb\/s<\/span><\/li>\n<li><span style=\"color: #000000;\">Vitez\u0103 de scriere : P\u00e2n\u0103 la 150 Mb\/s<\/span><\/li>\n<li><span style=\"color: #000000;\">Clasa de vitez\u0103 : V60<\/span><\/li>\n<li><span style=\"color: #000000;\">Rezisten\u021ba la ap\u0103 \u0219i praf<\/span><\/li>\n<\/ul>\n","protected":false},"featured_media":34434,"comment_status":"open","ping_status":"closed","template":"","meta":[],"product_brand":[],"product_cat":[632],"product_tag":[],"class_list":{"0":"post-8794","1":"product","2":"type-product","3":"status-publish","4":"has-post-thumbnail","6":"product_cat-cartele-de-memorie","8":"first","9":"outofstock","10":"sale","11":"shipping-taxable","12":"purchasable","13":"product-type-simple"},"yoast_head":"<!-- This site is optimized with the Yoast SEO plugin v26.3 - https:\/\/yoast.com\/wordpress\/plugins\/seo\/ -->\n<title>SFM64T | sonycenter.md<\/title>\n<meta name=\"description\" content=\"SFM64T - \u043a\u0443\u043f\u0438\u0442\u044c \u0432 \u041a\u0438\u0448\u0438\u043d\u0435\u0432\u0435. \u0428\u0438\u0440\u043e\u043a\u0438\u0439 \u0430\u0441\u0441\u043e\u0440\u0442\u0438\u043c\u0435\u043d\u0442 \u043f\u0440\u043e\u0434\u0443\u043a\u0446\u0438\u0438 SONY \u0432 \u0444\u0438\u0440\u043c\u0435\u043d\u043d\u043e\u043c \u043c\u0430\u0433\u0430\u0437\u0438\u043d\u0435 SONY\" \/>\n<meta name=\"robots\" content=\"index, follow, max-snippet:-1, max-image-preview:large, max-video-preview:-1\" \/>\n<link rel=\"canonical\" href=\"https:\/\/sonycenter.md\/ro\/magazin\/sf64m\/\" \/>\n<meta property=\"og:locale\" content=\"ro_RO\" \/>\n<meta property=\"og:type\" content=\"article\" \/>\n<meta property=\"og:title\" content=\"SFM64T | sonycenter.md\" \/>\n<meta property=\"og:description\" content=\"SFM64T - \u043a\u0443\u043f\u0438\u0442\u044c \u0432 \u041a\u0438\u0448\u0438\u043d\u0435\u0432\u0435. \u0428\u0438\u0440\u043e\u043a\u0438\u0439 \u0430\u0441\u0441\u043e\u0440\u0442\u0438\u043c\u0435\u043d\u0442 \u043f\u0440\u043e\u0434\u0443\u043a\u0446\u0438\u0438 SONY \u0432 \u0444\u0438\u0440\u043c\u0435\u043d\u043d\u043e\u043c \u043c\u0430\u0433\u0430\u0437\u0438\u043d\u0435 SONY\" \/>\n<meta property=\"og:url\" content=\"https:\/\/sonycenter.md\/ro\/magazin\/sf64m\/\" \/>\n<meta property=\"og:site_name\" content=\"SONY\" \/>\n<meta property=\"article:modified_time\" content=\"2026-04-10T12:44:20+00:00\" \/>\n<meta property=\"og:image\" content=\"https:\/\/sonycenter.md\/wp-content\/uploads\/2020\/09\/SFM64T2.jpg\" \/>\n\t<meta property=\"og:image:width\" content=\"600\" \/>\n\t<meta property=\"og:image:height\" content=\"600\" \/>\n\t<meta property=\"og:image:type\" content=\"image\/jpeg\" \/>\n<meta name=\"twitter:card\" content=\"summary_large_image\" \/>\n<meta name=\"twitter:label1\" content=\"Est. reading time\" \/>\n\t<meta name=\"twitter:data1\" content=\"1 minute\" \/>\n<script type=\"application\/ld+json\" class=\"yoast-schema-graph\">{\"@context\":\"https:\/\/schema.org\",\"@graph\":[{\"@type\":[\"WebPage\",\"ItemPage\"],\"@id\":\"https:\/\/sonycenter.md\/ro\/magazin\/sf64m\/\",\"url\":\"https:\/\/sonycenter.md\/ro\/magazin\/sf64m\/\",\"name\":\"SFM64T | sonycenter.md\",\"isPartOf\":{\"@id\":\"https:\/\/sonycenter.md\/#website\"},\"primaryImageOfPage\":{\"@id\":\"https:\/\/sonycenter.md\/ro\/magazin\/sf64m\/#primaryimage\"},\"image\":{\"@id\":\"https:\/\/sonycenter.md\/ro\/magazin\/sf64m\/#primaryimage\"},\"thumbnailUrl\":\"https:\/\/sonycenter.md\/wp-content\/uploads\/2016\/08\/sfm64t.jpg\",\"datePublished\":\"2016-08-12T11:12:39+00:00\",\"dateModified\":\"2026-04-10T12:44:20+00:00\",\"description\":\"SFM64T - \u043a\u0443\u043f\u0438\u0442\u044c \u0432 \u041a\u0438\u0448\u0438\u043d\u0435\u0432\u0435. \u0428\u0438\u0440\u043e\u043a\u0438\u0439 \u0430\u0441\u0441\u043e\u0440\u0442\u0438\u043c\u0435\u043d\u0442 \u043f\u0440\u043e\u0434\u0443\u043a\u0446\u0438\u0438 SONY \u0432 \u0444\u0438\u0440\u043c\u0435\u043d\u043d\u043e\u043c \u043c\u0430\u0433\u0430\u0437\u0438\u043d\u0435 SONY\",\"breadcrumb\":{\"@id\":\"https:\/\/sonycenter.md\/ro\/magazin\/sf64m\/#breadcrumb\"},\"inLanguage\":\"ro-RO\",\"potentialAction\":[{\"@type\":\"ReadAction\",\"target\":[\"https:\/\/sonycenter.md\/ro\/magazin\/sf64m\/\"]}]},{\"@type\":\"ImageObject\",\"inLanguage\":\"ro-RO\",\"@id\":\"https:\/\/sonycenter.md\/ro\/magazin\/sf64m\/#primaryimage\",\"url\":\"https:\/\/sonycenter.md\/wp-content\/uploads\/2016\/08\/sfm64t.jpg\",\"contentUrl\":\"https:\/\/sonycenter.md\/wp-content\/uploads\/2016\/08\/sfm64t.jpg\",\"width\":600,\"height\":600,\"caption\":\"SFM64T\"},{\"@type\":\"BreadcrumbList\",\"@id\":\"https:\/\/sonycenter.md\/ro\/magazin\/sf64m\/#breadcrumb\",\"itemListElement\":[{\"@type\":\"ListItem\",\"position\":1,\"name\":\"\u0413\u043b\u0430\u0432\u043d\u0430\u044f \u0441\u0442\u0440\u0430\u043d\u0438\u0446\u0430\",\"item\":\"https:\/\/sonycenter.md\/ro\/\"},{\"@type\":\"ListItem\",\"position\":2,\"name\":\"Magazin\",\"item\":\"https:\/\/sonycenter.md\/shop\/\"},{\"@type\":\"ListItem\",\"position\":3,\"name\":\"SFM64T\"}]},{\"@type\":\"WebSite\",\"@id\":\"https:\/\/sonycenter.md\/#website\",\"url\":\"https:\/\/sonycenter.md\/\",\"name\":\"sonycenter.md\",\"description\":\"SONYCENTER \u00een Chi\u0219in\u0103u\",\"publisher\":{\"@id\":\"https:\/\/sonycenter.md\/#organization\"},\"potentialAction\":[{\"@type\":\"SearchAction\",\"target\":{\"@type\":\"EntryPoint\",\"urlTemplate\":\"https:\/\/sonycenter.md\/?s={search_term_string}\"},\"query-input\":{\"@type\":\"PropertyValueSpecification\",\"valueRequired\":true,\"valueName\":\"search_term_string\"}}],\"inLanguage\":\"ro-RO\"},{\"@type\":\"Organization\",\"@id\":\"https:\/\/sonycenter.md\/#organization\",\"name\":\"sonycenter.md\",\"url\":\"https:\/\/sonycenter.md\/\",\"logo\":{\"@type\":\"ImageObject\",\"inLanguage\":\"ro-RO\",\"@id\":\"https:\/\/sonycenter.md\/#\/schema\/logo\/image\/\",\"url\":\"\",\"contentUrl\":\"\",\"caption\":\"sonycenter.md\"},\"image\":{\"@id\":\"https:\/\/sonycenter.md\/#\/schema\/logo\/image\/\"}}]}<\/script>\n<!-- \/ Yoast SEO plugin. -->","yoast_head_json":{"title":"SFM64T | sonycenter.md","description":"SFM64T - \u043a\u0443\u043f\u0438\u0442\u044c \u0432 \u041a\u0438\u0448\u0438\u043d\u0435\u0432\u0435. \u0428\u0438\u0440\u043e\u043a\u0438\u0439 \u0430\u0441\u0441\u043e\u0440\u0442\u0438\u043c\u0435\u043d\u0442 \u043f\u0440\u043e\u0434\u0443\u043a\u0446\u0438\u0438 SONY \u0432 \u0444\u0438\u0440\u043c\u0435\u043d\u043d\u043e\u043c \u043c\u0430\u0433\u0430\u0437\u0438\u043d\u0435 SONY","robots":{"index":"index","follow":"follow","max-snippet":"max-snippet:-1","max-image-preview":"max-image-preview:large","max-video-preview":"max-video-preview:-1"},"canonical":"https:\/\/sonycenter.md\/ro\/magazin\/sf64m\/","og_locale":"ro_RO","og_type":"article","og_title":"SFM64T | sonycenter.md","og_description":"SFM64T - \u043a\u0443\u043f\u0438\u0442\u044c \u0432 \u041a\u0438\u0448\u0438\u043d\u0435\u0432\u0435. \u0428\u0438\u0440\u043e\u043a\u0438\u0439 \u0430\u0441\u0441\u043e\u0440\u0442\u0438\u043c\u0435\u043d\u0442 \u043f\u0440\u043e\u0434\u0443\u043a\u0446\u0438\u0438 SONY \u0432 \u0444\u0438\u0440\u043c\u0435\u043d\u043d\u043e\u043c \u043c\u0430\u0433\u0430\u0437\u0438\u043d\u0435 SONY","og_url":"https:\/\/sonycenter.md\/ro\/magazin\/sf64m\/","og_site_name":"SONY","article_modified_time":"2026-04-10T12:44:20+00:00","og_image":[{"width":600,"height":600,"url":"https:\/\/sonycenter.md\/wp-content\/uploads\/2020\/09\/SFM64T2.jpg","type":"image\/jpeg"}],"twitter_card":"summary_large_image","twitter_misc":{"Est. reading time":"1 minute"},"schema":{"@context":"https:\/\/schema.org","@graph":[{"@type":["WebPage","ItemPage"],"@id":"https:\/\/sonycenter.md\/ro\/magazin\/sf64m\/","url":"https:\/\/sonycenter.md\/ro\/magazin\/sf64m\/","name":"SFM64T | sonycenter.md","isPartOf":{"@id":"https:\/\/sonycenter.md\/#website"},"primaryImageOfPage":{"@id":"https:\/\/sonycenter.md\/ro\/magazin\/sf64m\/#primaryimage"},"image":{"@id":"https:\/\/sonycenter.md\/ro\/magazin\/sf64m\/#primaryimage"},"thumbnailUrl":"https:\/\/sonycenter.md\/wp-content\/uploads\/2016\/08\/sfm64t.jpg","datePublished":"2016-08-12T11:12:39+00:00","dateModified":"2026-04-10T12:44:20+00:00","description":"SFM64T - \u043a\u0443\u043f\u0438\u0442\u044c \u0432 \u041a\u0438\u0448\u0438\u043d\u0435\u0432\u0435. \u0428\u0438\u0440\u043e\u043a\u0438\u0439 \u0430\u0441\u0441\u043e\u0440\u0442\u0438\u043c\u0435\u043d\u0442 \u043f\u0440\u043e\u0434\u0443\u043a\u0446\u0438\u0438 SONY \u0432 \u0444\u0438\u0440\u043c\u0435\u043d\u043d\u043e\u043c \u043c\u0430\u0433\u0430\u0437\u0438\u043d\u0435 SONY","breadcrumb":{"@id":"https:\/\/sonycenter.md\/ro\/magazin\/sf64m\/#breadcrumb"},"inLanguage":"ro-RO","potentialAction":[{"@type":"ReadAction","target":["https:\/\/sonycenter.md\/ro\/magazin\/sf64m\/"]}]},{"@type":"ImageObject","inLanguage":"ro-RO","@id":"https:\/\/sonycenter.md\/ro\/magazin\/sf64m\/#primaryimage","url":"https:\/\/sonycenter.md\/wp-content\/uploads\/2016\/08\/sfm64t.jpg","contentUrl":"https:\/\/sonycenter.md\/wp-content\/uploads\/2016\/08\/sfm64t.jpg","width":600,"height":600,"caption":"SFM64T"},{"@type":"BreadcrumbList","@id":"https:\/\/sonycenter.md\/ro\/magazin\/sf64m\/#breadcrumb","itemListElement":[{"@type":"ListItem","position":1,"name":"\u0413\u043b\u0430\u0432\u043d\u0430\u044f \u0441\u0442\u0440\u0430\u043d\u0438\u0446\u0430","item":"https:\/\/sonycenter.md\/ro\/"},{"@type":"ListItem","position":2,"name":"Magazin","item":"https:\/\/sonycenter.md\/shop\/"},{"@type":"ListItem","position":3,"name":"SFM64T"}]},{"@type":"WebSite","@id":"https:\/\/sonycenter.md\/#website","url":"https:\/\/sonycenter.md\/","name":"sonycenter.md","description":"SONYCENTER \u00een Chi\u0219in\u0103u","publisher":{"@id":"https:\/\/sonycenter.md\/#organization"},"potentialAction":[{"@type":"SearchAction","target":{"@type":"EntryPoint","urlTemplate":"https:\/\/sonycenter.md\/?s={search_term_string}"},"query-input":{"@type":"PropertyValueSpecification","valueRequired":true,"valueName":"search_term_string"}}],"inLanguage":"ro-RO"},{"@type":"Organization","@id":"https:\/\/sonycenter.md\/#organization","name":"sonycenter.md","url":"https:\/\/sonycenter.md\/","logo":{"@type":"ImageObject","inLanguage":"ro-RO","@id":"https:\/\/sonycenter.md\/#\/schema\/logo\/image\/","url":"","contentUrl":"","caption":"sonycenter.md"},"image":{"@id":"https:\/\/sonycenter.md\/#\/schema\/logo\/image\/"}}]}},"_links":{"self":[{"href":"https:\/\/sonycenter.md\/ro\/wp-json\/wp\/v2\/product\/8794","targetHints":{"allow":["GET"]}}],"collection":[{"href":"https:\/\/sonycenter.md\/ro\/wp-json\/wp\/v2\/product"}],"about":[{"href":"https:\/\/sonycenter.md\/ro\/wp-json\/wp\/v2\/types\/product"}],"replies":[{"embeddable":true,"href":"https:\/\/sonycenter.md\/ro\/wp-json\/wp\/v2\/comments?post=8794"}],"wp:featuredmedia":[{"embeddable":true,"href":"https:\/\/sonycenter.md\/ro\/wp-json\/wp\/v2\/media\/34434"}],"wp:attachment":[{"href":"https:\/\/sonycenter.md\/ro\/wp-json\/wp\/v2\/media?parent=8794"}],"wp:term":[{"taxonomy":"product_brand","embeddable":true,"href":"https:\/\/sonycenter.md\/ro\/wp-json\/wp\/v2\/product_brand?post=8794"},{"taxonomy":"product_cat","embeddable":true,"href":"https:\/\/sonycenter.md\/ro\/wp-json\/wp\/v2\/product_cat?post=8794"},{"taxonomy":"product_tag","embeddable":true,"href":"https:\/\/sonycenter.md\/ro\/wp-json\/wp\/v2\/product_tag?post=8794"}],"curies":[{"name":"wp","href":"https:\/\/api.w.org\/{rel}","templated":true}]}}