{"id":8796,"date":"2016-08-31T13:38:31","date_gmt":"2016-08-31T10:38:31","guid":{"rendered":"https:\/\/sonycenter.md\/shop\/sel50f18b\/"},"modified":"2025-08-12T15:26:29","modified_gmt":"2025-08-12T12:26:29","slug":"sel50f18b","status":"publish","type":"product","link":"https:\/\/sonycenter.md\/ro\/magazin\/sel50f18b\/","title":{"rendered":"SEL50F18B"},"content":{"rendered":"<p><span style=\"color: #000000;\">Specifica\u021bii adi\u021bionale pentru <span style=\"color: #0000ff;\"><a style=\"color: #0000ff;\" href=\"https:\/\/sonycenter.md\/ro\/category\/accesorii-foto-video\/obiective\/obiective-fixe\/\">obiectivul fix<\/a><\/span> SONY E 50mm F1.8 OSS :<\/span><\/p>\n<div class=\"spec-tile span4 shuffle-item filtered\">\n<figure><span style=\"color: #000000;\"><img decoding=\"async\" class=\"iq-img\" src=\"https:\/\/www.sony.ro\/image\/282f5f711e6ca6d6cb07d54cf86d9ffe?fmt=jpeg&amp;wid=378&amp;qlt=85\" alt=\"Imagine cu OSS F1,8 E de 50 mm\" data-src-phone-highres=\"\/\/www.sony.ro\/image\/282f5f711e6ca6d6cb07d54cf86d9ffe?fmt=jpeg&amp;wid=756\" data-src-desktop=\"\/\/www.sony.ro\/image\/282f5f711e6ca6d6cb07d54cf86d9ffe?fmt=jpeg&amp;wid=378\" data-src-tablet-highres=\"\/\/www.sony.ro\/image\/282f5f711e6ca6d6cb07d54cf86d9ffe?fmt=jpeg&amp;wid=756\" data-id=\"img_282f5f711e6ca6d6cb07d54cf86d9ffe\" data-src-phone=\"\/\/www.sony.ro\/image\/282f5f711e6ca6d6cb07d54cf86d9ffe?fmt=jpeg&amp;wid=378\" data-src-tablet=\"\/\/www.sony.ro\/image\/282f5f711e6ca6d6cb07d54cf86d9ffe?fmt=jpeg&amp;wid=378\" data-src-desktop-highres=\"\/\/www.sony.ro\/image\/282f5f711e6ca6d6cb07d54cf86d9ffe?fmt=jpeg&amp;wid=756\" data-pushed=\"true\" data-current=\"\/\/www.sony.ro\/image\/282f5f711e6ca6d6cb07d54cf86d9ffe?fmt=jpeg&amp;wid=378\" data-hasloaded=\"true\" data-fadeonce=\"true\" \/><\/span><\/figure>\n<div class=\"tile-content\">\n<p class=\"p3\"><span style=\"color: #000000;\">Obiectiv cu diafragm\u0103 larg\u0103, luminos, cu distan\u0163\u0103 focal\u0103 fix\u0103 de 50 mm, ideal pentru portrete \u015fi fotografie general\u0103<\/span><\/p>\n<hr \/>\n<\/div>\n<\/div>\n<div class=\"spec-tile span4 shuffle-item filtered\">\n<figure><span style=\"color: #000000;\"><img decoding=\"async\" class=\"iq-img\" src=\"https:\/\/www.sony.ro\/image\/2275ed040fdd4e850799c5a8d0d2091a?fmt=jpeg&amp;wid=378&amp;qlt=85\" alt=\"Imagine cu OSS F1,8 E de 50 mm\" data-src-phone-highres=\"\/\/www.sony.ro\/image\/2275ed040fdd4e850799c5a8d0d2091a?fmt=jpeg&amp;wid=756\" data-src-desktop=\"\/\/www.sony.ro\/image\/2275ed040fdd4e850799c5a8d0d2091a?fmt=jpeg&amp;wid=378\" data-src-tablet-highres=\"\/\/www.sony.ro\/image\/2275ed040fdd4e850799c5a8d0d2091a?fmt=jpeg&amp;wid=756\" data-id=\"img_2275ed040fdd4e850799c5a8d0d2091a\" data-src-phone=\"\/\/www.sony.ro\/image\/2275ed040fdd4e850799c5a8d0d2091a?fmt=jpeg&amp;wid=378\" data-src-tablet=\"\/\/www.sony.ro\/image\/2275ed040fdd4e850799c5a8d0d2091a?fmt=jpeg&amp;wid=378\" data-src-desktop-highres=\"\/\/www.sony.ro\/image\/2275ed040fdd4e850799c5a8d0d2091a?fmt=jpeg&amp;wid=756\" data-pushed=\"true\" data-current=\"\/\/www.sony.ro\/image\/2275ed040fdd4e850799c5a8d0d2091a?fmt=jpeg&amp;wid=378\" data-hasloaded=\"true\" data-fadeonce=\"true\" \/><\/span><\/figure>\n<div class=\"tile-content\">\n<p class=\"p3\"><span style=\"color: #000000;\">Diafragma maxim\u0103 F1,8 permite crearea de efecte line de defocalizare a fundalului (bokeh) &#8211; ideal pentru a v\u0103 m\u0103guli subiectul portretului<\/span><\/p>\n<hr \/>\n<\/div>\n<\/div>\n<div class=\"spec-tile span4 shuffle-item filtered\">\n<figure><span style=\"color: #000000;\"><img decoding=\"async\" class=\"iq-img\" src=\"https:\/\/www.sony.ro\/image\/f9d9b4f7335e615942ceb5c75184f690?fmt=jpeg&amp;wid=378&amp;qlt=85\" alt=\"Imagine cu OSS F1,8 E de 50 mm\" data-src-phone-highres=\"\/\/www.sony.ro\/image\/f9d9b4f7335e615942ceb5c75184f690?fmt=jpeg&amp;wid=756\" data-src-desktop=\"\/\/www.sony.ro\/image\/f9d9b4f7335e615942ceb5c75184f690?fmt=jpeg&amp;wid=378\" data-src-tablet-highres=\"\/\/www.sony.ro\/image\/f9d9b4f7335e615942ceb5c75184f690?fmt=jpeg&amp;wid=756\" data-id=\"img_f9d9b4f7335e615942ceb5c75184f690\" data-src-phone=\"\/\/www.sony.ro\/image\/f9d9b4f7335e615942ceb5c75184f690?fmt=jpeg&amp;wid=378\" data-src-tablet=\"\/\/www.sony.ro\/image\/f9d9b4f7335e615942ceb5c75184f690?fmt=jpeg&amp;wid=378\" data-src-desktop-highres=\"\/\/www.sony.ro\/image\/f9d9b4f7335e615942ceb5c75184f690?fmt=jpeg&amp;wid=756\" data-pushed=\"true\" data-current=\"\/\/www.sony.ro\/image\/f9d9b4f7335e615942ceb5c75184f690?fmt=jpeg&amp;wid=378\" data-hasloaded=\"true\" data-fadeonce=\"true\" \/><\/span><\/figure>\n<div class=\"tile-content\">\n<p class=\"p3\"><span style=\"color: #000000;\">Elegant, cu greutate redus\u0103 \u015fi u\u015for de transportat, cu finisaj din aliaj de aluminiu de \u00eenalt\u0103 calitate pe montur\u0103<\/span><\/p>\n<hr \/>\n<\/div>\n<\/div>\n<div class=\"spec-tile span4 shuffle-item filtered\">\n<figure><span style=\"color: #000000;\"><img decoding=\"async\" class=\"iq-img\" src=\"https:\/\/www.sony.ro\/image\/b69eb26c83b8681c22ca6b9cefa5b529?fmt=jpeg&amp;wid=378&amp;qlt=85\" alt=\"Imagine cu OSS F1,8 E de 50 mm\" data-src-phone-highres=\"\/\/www.sony.ro\/image\/b69eb26c83b8681c22ca6b9cefa5b529?fmt=jpeg&amp;wid=756\" data-src-desktop=\"\/\/www.sony.ro\/image\/b69eb26c83b8681c22ca6b9cefa5b529?fmt=jpeg&amp;wid=378\" data-src-tablet-highres=\"\/\/www.sony.ro\/image\/b69eb26c83b8681c22ca6b9cefa5b529?fmt=jpeg&amp;wid=756\" data-id=\"img_b69eb26c83b8681c22ca6b9cefa5b529\" data-src-phone=\"\/\/www.sony.ro\/image\/b69eb26c83b8681c22ca6b9cefa5b529?fmt=jpeg&amp;wid=378\" data-src-tablet=\"\/\/www.sony.ro\/image\/b69eb26c83b8681c22ca6b9cefa5b529?fmt=jpeg&amp;wid=378\" data-src-desktop-highres=\"\/\/www.sony.ro\/image\/b69eb26c83b8681c22ca6b9cefa5b529?fmt=jpeg&amp;wid=756\" data-pushed=\"true\" data-current=\"\/\/www.sony.ro\/image\/b69eb26c83b8681c22ca6b9cefa5b529?fmt=jpeg&amp;wid=378\" data-hasloaded=\"true\" data-fadeonce=\"true\" \/><\/span><\/figure>\n<div class=\"tile-content\">\n<p class=\"p3\"><span style=\"color: #000000;\">Stabilizare optic\u0103 a imaginilor SteadyShot \u00een obiectiv pentru portrete clare, stabile realizate cu camera \u00een m\u00e2n\u0103. Mecanism silen\u0163ios \u00een timpul \u00eenregistr\u0103rii filmelor<\/span><\/p>\n<hr \/>\n<\/div>\n<\/div>\n<div class=\"spec-tile span4 shuffle-item filtered\">\n<figure><span style=\"color: #000000;\"><img decoding=\"async\" class=\"iq-img\" src=\"https:\/\/www.sony.ro\/image\/4862c4f3ab3b7e3bf0b2dd4e1e6d3f10?fmt=png-alpha&amp;wid=378\" alt=\"Imagine cu OSS F1,8 E de 50 mm\" data-src-phone-highres=\"\/\/www.sony.ro\/image\/4862c4f3ab3b7e3bf0b2dd4e1e6d3f10?fmt=png-alpha&amp;wid=756\" data-src-desktop=\"\/\/www.sony.ro\/image\/4862c4f3ab3b7e3bf0b2dd4e1e6d3f10?fmt=png-alpha&amp;wid=378\" data-src-tablet-highres=\"\/\/www.sony.ro\/image\/4862c4f3ab3b7e3bf0b2dd4e1e6d3f10?fmt=png-alpha&amp;wid=756\" data-id=\"img_4862c4f3ab3b7e3bf0b2dd4e1e6d3f10\" data-src-phone=\"\/\/www.sony.ro\/image\/4862c4f3ab3b7e3bf0b2dd4e1e6d3f10?fmt=png-alpha&amp;wid=378\" data-src-tablet=\"\/\/www.sony.ro\/image\/4862c4f3ab3b7e3bf0b2dd4e1e6d3f10?fmt=png-alpha&amp;wid=378\" data-src-desktop-highres=\"\/\/www.sony.ro\/image\/4862c4f3ab3b7e3bf0b2dd4e1e6d3f10?fmt=png-alpha&amp;wid=756\" data-pushed=\"true\" data-current=\"\/\/www.sony.ro\/image\/4862c4f3ab3b7e3bf0b2dd4e1e6d3f10?fmt=png-alpha&amp;wid=378\" data-hasloaded=\"true\" data-fadeonce=\"true\" \/><\/span><\/figure>\n<div class=\"tile-content\">\n<p class=\"p3\"><span style=\"color: #000000;\">Diafragma larg\u0103 \u015fi stabilizarea optic\u0103 SteadyShot fac obiectivul foarte adecvat pentru portrete pline de atmosfer\u0103, realizate cu camera \u00een m\u00e2n\u0103, f\u0103r\u0103 bli\u0163, la lumin\u0103 slab\u0103<\/span><\/p>\n<hr \/>\n<\/div>\n<\/div>\n<div class=\"spec-tile span4 shuffle-item filtered\">\n<figure><span style=\"color: #000000;\"><img decoding=\"async\" class=\"iq-img\" src=\"https:\/\/www.sony.ro\/image\/600333d4296e99efc7381274b5d2ed00?fmt=jpeg&amp;wid=378&amp;qlt=85\" alt=\"Imagine cu OSS F1,8 E de 50 mm\" data-src-phone-highres=\"\/\/www.sony.ro\/image\/600333d4296e99efc7381274b5d2ed00?fmt=jpeg&amp;wid=756\" data-src-desktop=\"\/\/www.sony.ro\/image\/600333d4296e99efc7381274b5d2ed00?fmt=jpeg&amp;wid=378\" data-src-tablet-highres=\"\/\/www.sony.ro\/image\/600333d4296e99efc7381274b5d2ed00?fmt=jpeg&amp;wid=756\" data-id=\"img_600333d4296e99efc7381274b5d2ed00\" data-src-phone=\"\/\/www.sony.ro\/image\/600333d4296e99efc7381274b5d2ed00?fmt=jpeg&amp;wid=378\" data-src-tablet=\"\/\/www.sony.ro\/image\/600333d4296e99efc7381274b5d2ed00?fmt=jpeg&amp;wid=378\" data-src-desktop-highres=\"\/\/www.sony.ro\/image\/600333d4296e99efc7381274b5d2ed00?fmt=jpeg&amp;wid=756\" data-pushed=\"true\" data-current=\"\/\/www.sony.ro\/image\/600333d4296e99efc7381274b5d2ed00?fmt=jpeg&amp;wid=378\" data-hasloaded=\"true\" data-fadeonce=\"true\" \/><\/span><\/figure>\n<div class=\"tile-content\">\n<p class=\"p3\"><span style=\"color: #000000;\">Designul optic inovator asigur\u0103 imagini clare, de \u00eenalt\u0103 calitate, cu distorsiuni \u015fi abera\u0163ie cromatic\u0103 minimizate<\/span><\/p>\n<\/div>\n<\/div>\n<div class=\"spec-tile span4 shuffle-item filtered\">\n<div class=\"tile-content\"><\/div>\n<\/div>\n<div class=\"spec-tile span4 shuffle-item filtered\"><\/div>\n","protected":false},"excerpt":{"rendered":"<ul>\n<li><span style=\"color: #000000;\">SONY E 50mm F1.8 OSS<\/span><\/li>\n<li><span style=\"color: #000000;\">Baioneta : SONY E-Mount<\/span><\/li>\n<li><span style=\"color: #000000;\">Format : APS-C , crop 1.5<\/span><\/li>\n<li><span style=\"color: #000000;\">Distan\u021b\u0103 focal\u0103 : f=50 mm<\/span><\/li>\n<li><span style=\"color: #000000;\">Valoarea maxim\u0103 a diafragmei : F1.8<\/span><\/li>\n<li><span style=\"color: #000000;\">Valoarea minim\u0103 a diafragmei : F22<\/span><\/li>\n<li><span style=\"color: #000000;\">Lamele diafragmei : 7<\/span><\/li>\n<li><span style=\"color: #000000;\">Stabilizare integrat\u0103 : Da<\/span><\/li>\n<li><span style=\"color: #000000;\">Distan\u021ba minim\u0103 de focalizare : 0,39 m<\/span><\/li>\n<li><span style=\"color: #000000;\">Diametru filtru : 49 mm<\/span><\/li>\n<li><span style=\"color: #000000;\">Dimensiuni : 62 x 62 mm <\/span><\/li>\n<li><span style=\"color: #000000;\">Greutate : 202 g<\/span><\/li>\n<li><span style=\"color: #000000;\">Con\u021binului cutiei : parasolar, capacul din spate \u0219i din fa\u021b\u0103\u00a0<\/span><\/li>\n<li><span style=\"color: #000000;\">Garan\u021bie de firm\u0103 : 2 ani<\/span><\/li>\n<\/ul>\n","protected":false},"featured_media":8798,"comment_status":"open","ping_status":"closed","template":"","meta":[],"product_brand":[],"product_cat":[901],"product_tag":[],"class_list":{"0":"post-8796","1":"product","2":"type-product","3":"status-publish","4":"has-post-thumbnail","6":"product_cat-obiective-fixe","8":"first","9":"instock","10":"sale","11":"shipping-taxable","12":"purchasable","13":"product-type-simple"},"yoast_head":"<!-- This site is optimized with the Yoast SEO plugin v27.4 - https:\/\/yoast.com\/product\/yoast-seo-wordpress\/ -->\n<title>SONY E 50mm F1.8 OSS | Obiectivele SONY \u00een Chi\u0219in\u0103u<\/title>\n<meta name=\"description\" content=\"Cump\u0103r\u0103 obiectivul fix SONY E 50mm F1.8 OSS pentru portrete | Garan\u021bie de firm\u0103 2 ani | Magazinul SonyCenter \u00een Chi\u0219in\u0103u !\" \/>\n<meta name=\"robots\" content=\"index, follow, max-snippet:-1, max-image-preview:large, max-video-preview:-1\" \/>\n<link rel=\"canonical\" href=\"https:\/\/sonycenter.md\/ro\/magazin\/sel50f18b\/\" \/>\n<meta property=\"og:locale\" content=\"ro_RO\" \/>\n<meta property=\"og:type\" content=\"article\" \/>\n<meta property=\"og:title\" content=\"SONY E 50mm F1.8 OSS | Obiectivele SONY \u00een Chi\u0219in\u0103u\" \/>\n<meta property=\"og:description\" content=\"Cump\u0103r\u0103 obiectivul fix SONY E 50mm F1.8 OSS pentru portrete | Garan\u021bie de firm\u0103 2 ani | Magazinul SonyCenter \u00een Chi\u0219in\u0103u !\" \/>\n<meta property=\"og:url\" content=\"https:\/\/sonycenter.md\/ro\/magazin\/sel50f18b\/\" \/>\n<meta property=\"og:site_name\" content=\"SONY\" \/>\n<meta property=\"article:modified_time\" content=\"2025-08-12T12:26:29+00:00\" \/>\n<meta property=\"og:image\" content=\"https:\/\/sonycenter.md\/wp-content\/uploads\/2018\/04\/sel50f18.jpeg\" \/>\n\t<meta property=\"og:image:width\" content=\"600\" \/>\n\t<meta property=\"og:image:height\" content=\"600\" \/>\n\t<meta property=\"og:image:type\" content=\"image\/jpeg\" \/>\n<meta name=\"twitter:card\" content=\"summary_large_image\" \/>\n<meta name=\"twitter:label1\" content=\"Est. reading time\" \/>\n\t<meta name=\"twitter:data1\" content=\"3 minutes\" \/>\n<script type=\"application\/ld+json\" class=\"yoast-schema-graph\">{\"@context\":\"https:\\\/\\\/schema.org\",\"@graph\":[{\"@type\":[\"WebPage\",\"ItemPage\"],\"@id\":\"https:\\\/\\\/sonycenter.md\\\/ro\\\/magazin\\\/sel50f18b\\\/\",\"url\":\"https:\\\/\\\/sonycenter.md\\\/ro\\\/magazin\\\/sel50f18b\\\/\",\"name\":\"SONY E 50mm F1.8 OSS | Obiectivele SONY \u00een Chi\u0219in\u0103u\",\"isPartOf\":{\"@id\":\"http:\\\/\\\/sonycenter.md\\\/ro\\\/#website\"},\"primaryImageOfPage\":{\"@id\":\"https:\\\/\\\/sonycenter.md\\\/ro\\\/magazin\\\/sel50f18b\\\/#primaryimage\"},\"image\":{\"@id\":\"https:\\\/\\\/sonycenter.md\\\/ro\\\/magazin\\\/sel50f18b\\\/#primaryimage\"},\"thumbnailUrl\":\"https:\\\/\\\/sonycenter.md\\\/wp-content\\\/uploads\\\/2018\\\/04\\\/sel50f18.jpeg\",\"datePublished\":\"2016-08-31T10:38:31+00:00\",\"dateModified\":\"2025-08-12T12:26:29+00:00\",\"description\":\"Cump\u0103r\u0103 obiectivul fix SONY E 50mm F1.8 OSS pentru portrete | Garan\u021bie de firm\u0103 2 ani | Magazinul SonyCenter \u00een Chi\u0219in\u0103u !\",\"breadcrumb\":{\"@id\":\"https:\\\/\\\/sonycenter.md\\\/ro\\\/magazin\\\/sel50f18b\\\/#breadcrumb\"},\"inLanguage\":\"ro-RO\",\"potentialAction\":[{\"@type\":\"ReadAction\",\"target\":[\"https:\\\/\\\/sonycenter.md\\\/ro\\\/magazin\\\/sel50f18b\\\/\"]}]},{\"@type\":\"ImageObject\",\"inLanguage\":\"ro-RO\",\"@id\":\"https:\\\/\\\/sonycenter.md\\\/ro\\\/magazin\\\/sel50f18b\\\/#primaryimage\",\"url\":\"https:\\\/\\\/sonycenter.md\\\/wp-content\\\/uploads\\\/2018\\\/04\\\/sel50f18.jpeg\",\"contentUrl\":\"https:\\\/\\\/sonycenter.md\\\/wp-content\\\/uploads\\\/2018\\\/04\\\/sel50f18.jpeg\",\"width\":600,\"height\":600,\"caption\":\"SEL50F18B\"},{\"@type\":\"BreadcrumbList\",\"@id\":\"https:\\\/\\\/sonycenter.md\\\/ro\\\/magazin\\\/sel50f18b\\\/#breadcrumb\",\"itemListElement\":[{\"@type\":\"ListItem\",\"position\":1,\"name\":\"\u0413\u043b\u0430\u0432\u043d\u0430\u044f \u0441\u0442\u0440\u0430\u043d\u0438\u0446\u0430\",\"item\":\"https:\\\/\\\/sonycenter.md\\\/ro\\\/\"},{\"@type\":\"ListItem\",\"position\":2,\"name\":\"Magazin\",\"item\":\"https:\\\/\\\/sonycenter.md\\\/shop\\\/\"},{\"@type\":\"ListItem\",\"position\":3,\"name\":\"SEL50F18B\"}]},{\"@type\":\"WebSite\",\"@id\":\"http:\\\/\\\/sonycenter.md\\\/ro\\\/#website\",\"url\":\"http:\\\/\\\/sonycenter.md\\\/ro\\\/\",\"name\":\"sonycenter.md\",\"description\":\"SONYCENTER \u00een Chi\u0219in\u0103u\",\"publisher\":{\"@id\":\"http:\\\/\\\/sonycenter.md\\\/ro\\\/#organization\"},\"potentialAction\":[{\"@type\":\"SearchAction\",\"target\":{\"@type\":\"EntryPoint\",\"urlTemplate\":\"http:\\\/\\\/sonycenter.md\\\/ro\\\/?s={search_term_string}\"},\"query-input\":{\"@type\":\"PropertyValueSpecification\",\"valueRequired\":true,\"valueName\":\"search_term_string\"}}],\"inLanguage\":\"ro-RO\"},{\"@type\":\"Organization\",\"@id\":\"http:\\\/\\\/sonycenter.md\\\/ro\\\/#organization\",\"name\":\"sonycenter.md\",\"url\":\"http:\\\/\\\/sonycenter.md\\\/ro\\\/\",\"logo\":{\"@type\":\"ImageObject\",\"inLanguage\":\"ro-RO\",\"@id\":\"http:\\\/\\\/sonycenter.md\\\/ro\\\/#\\\/schema\\\/logo\\\/image\\\/\",\"url\":\"\",\"contentUrl\":\"\",\"caption\":\"sonycenter.md\"},\"image\":{\"@id\":\"http:\\\/\\\/sonycenter.md\\\/ro\\\/#\\\/schema\\\/logo\\\/image\\\/\"}}]}<\/script>\n<!-- \/ Yoast SEO plugin. -->","yoast_head_json":{"title":"SONY E 50mm F1.8 OSS | Obiectivele SONY \u00een Chi\u0219in\u0103u","description":"Cump\u0103r\u0103 obiectivul fix SONY E 50mm F1.8 OSS pentru portrete | Garan\u021bie de firm\u0103 2 ani | Magazinul SonyCenter \u00een Chi\u0219in\u0103u !","robots":{"index":"index","follow":"follow","max-snippet":"max-snippet:-1","max-image-preview":"max-image-preview:large","max-video-preview":"max-video-preview:-1"},"canonical":"https:\/\/sonycenter.md\/ro\/magazin\/sel50f18b\/","og_locale":"ro_RO","og_type":"article","og_title":"SONY E 50mm F1.8 OSS | Obiectivele SONY \u00een Chi\u0219in\u0103u","og_description":"Cump\u0103r\u0103 obiectivul fix SONY E 50mm F1.8 OSS pentru portrete | Garan\u021bie de firm\u0103 2 ani | Magazinul SonyCenter \u00een Chi\u0219in\u0103u !","og_url":"https:\/\/sonycenter.md\/ro\/magazin\/sel50f18b\/","og_site_name":"SONY","article_modified_time":"2025-08-12T12:26:29+00:00","og_image":[{"width":600,"height":600,"url":"https:\/\/sonycenter.md\/wp-content\/uploads\/2018\/04\/sel50f18.jpeg","type":"image\/jpeg"}],"twitter_card":"summary_large_image","twitter_misc":{"Est. reading time":"3 minutes"},"schema":{"@context":"https:\/\/schema.org","@graph":[{"@type":["WebPage","ItemPage"],"@id":"https:\/\/sonycenter.md\/ro\/magazin\/sel50f18b\/","url":"https:\/\/sonycenter.md\/ro\/magazin\/sel50f18b\/","name":"SONY E 50mm F1.8 OSS | Obiectivele SONY \u00een Chi\u0219in\u0103u","isPartOf":{"@id":"https:\/\/sonycenter.md\/ro\/#website"},"primaryImageOfPage":{"@id":"https:\/\/sonycenter.md\/ro\/magazin\/sel50f18b\/#primaryimage"},"image":{"@id":"https:\/\/sonycenter.md\/ro\/magazin\/sel50f18b\/#primaryimage"},"thumbnailUrl":"https:\/\/sonycenter.md\/wp-content\/uploads\/2018\/04\/sel50f18.jpeg","datePublished":"2016-08-31T10:38:31+00:00","dateModified":"2025-08-12T12:26:29+00:00","description":"Cump\u0103r\u0103 obiectivul fix SONY E 50mm F1.8 OSS pentru portrete | Garan\u021bie de firm\u0103 2 ani | Magazinul SonyCenter \u00een Chi\u0219in\u0103u !","breadcrumb":{"@id":"https:\/\/sonycenter.md\/ro\/magazin\/sel50f18b\/#breadcrumb"},"inLanguage":"ro-RO","potentialAction":[{"@type":"ReadAction","target":["https:\/\/sonycenter.md\/ro\/magazin\/sel50f18b\/"]}]},{"@type":"ImageObject","inLanguage":"ro-RO","@id":"https:\/\/sonycenter.md\/ro\/magazin\/sel50f18b\/#primaryimage","url":"https:\/\/sonycenter.md\/wp-content\/uploads\/2018\/04\/sel50f18.jpeg","contentUrl":"https:\/\/sonycenter.md\/wp-content\/uploads\/2018\/04\/sel50f18.jpeg","width":600,"height":600,"caption":"SEL50F18B"},{"@type":"BreadcrumbList","@id":"https:\/\/sonycenter.md\/ro\/magazin\/sel50f18b\/#breadcrumb","itemListElement":[{"@type":"ListItem","position":1,"name":"\u0413\u043b\u0430\u0432\u043d\u0430\u044f \u0441\u0442\u0440\u0430\u043d\u0438\u0446\u0430","item":"https:\/\/sonycenter.md\/ro\/"},{"@type":"ListItem","position":2,"name":"Magazin","item":"https:\/\/sonycenter.md\/shop\/"},{"@type":"ListItem","position":3,"name":"SEL50F18B"}]},{"@type":"WebSite","@id":"https:\/\/sonycenter.md\/ro\/#website","url":"https:\/\/sonycenter.md\/ro\/","name":"sonycenter.md","description":"SONYCENTER \u00een Chi\u0219in\u0103u","publisher":{"@id":"https:\/\/sonycenter.md\/ro\/#organization"},"potentialAction":[{"@type":"SearchAction","target":{"@type":"EntryPoint","urlTemplate":"https:\/\/sonycenter.md\/ro\/?s={search_term_string}"},"query-input":{"@type":"PropertyValueSpecification","valueRequired":true,"valueName":"search_term_string"}}],"inLanguage":"ro-RO"},{"@type":"Organization","@id":"https:\/\/sonycenter.md\/ro\/#organization","name":"sonycenter.md","url":"https:\/\/sonycenter.md\/ro\/","logo":{"@type":"ImageObject","inLanguage":"ro-RO","@id":"https:\/\/sonycenter.md\/ro\/#\/schema\/logo\/image\/","url":"","contentUrl":"","caption":"sonycenter.md"},"image":{"@id":"https:\/\/sonycenter.md\/ro\/#\/schema\/logo\/image\/"}}]}},"_links":{"self":[{"href":"https:\/\/sonycenter.md\/ro\/wp-json\/wp\/v2\/product\/8796","targetHints":{"allow":["GET"]}}],"collection":[{"href":"https:\/\/sonycenter.md\/ro\/wp-json\/wp\/v2\/product"}],"about":[{"href":"https:\/\/sonycenter.md\/ro\/wp-json\/wp\/v2\/types\/product"}],"replies":[{"embeddable":true,"href":"https:\/\/sonycenter.md\/ro\/wp-json\/wp\/v2\/comments?post=8796"}],"wp:featuredmedia":[{"embeddable":true,"href":"https:\/\/sonycenter.md\/ro\/wp-json\/wp\/v2\/media\/8798"}],"wp:attachment":[{"href":"https:\/\/sonycenter.md\/ro\/wp-json\/wp\/v2\/media?parent=8796"}],"wp:term":[{"taxonomy":"product_brand","embeddable":true,"href":"https:\/\/sonycenter.md\/ro\/wp-json\/wp\/v2\/product_brand?post=8796"},{"taxonomy":"product_cat","embeddable":true,"href":"https:\/\/sonycenter.md\/ro\/wp-json\/wp\/v2\/product_cat?post=8796"},{"taxonomy":"product_tag","embeddable":true,"href":"https:\/\/sonycenter.md\/ro\/wp-json\/wp\/v2\/product_tag?post=8796"}],"curies":[{"name":"wp","href":"https:\/\/api.w.org\/{rel}","templated":true}]}}