{"id":8799,"date":"2016-09-01T11:02:50","date_gmt":"2016-09-01T08:02:50","guid":{"rendered":"https:\/\/sonycenter.md\/shop\/selp18105g\/"},"modified":"2025-10-06T18:36:03","modified_gmt":"2025-10-06T15:36:03","slug":"selp18105g","status":"publish","type":"product","link":"https:\/\/sonycenter.md\/ro\/magazin\/selp18105g\/","title":{"rendered":"SELP18105G"},"content":{"rendered":"<p><span style=\"color: #000000;\">Specifica\u021bii suplimentare pentru <span style=\"color: #0000ff;\"><a style=\"color: #0000ff;\" href=\"https:\/\/sonycenter.md\/ro\/category\/accesorii-foto-video\/obiective\/obiective-zoom\/\">obiectiv zoom<\/a><\/span> SONY SELP18105G :<\/span><\/p>\n<div class=\"spec-tile span4 shuffle-item filtered\">\n<figure><span style=\"color: #000000;\"><img decoding=\"async\" class=\"iq-img\" src=\"https:\/\/www.sony.ro\/image\/2f92952a681a2a55456bb0e80b7380ce?fmt=jpeg&amp;wid=378&amp;qlt=85\" alt=\"Imagine cu G OSS F4 E PZ de 18 - 105 mm\" data-src-phone-highres=\"\/\/www.sony.ro\/image\/2f92952a681a2a55456bb0e80b7380ce?fmt=jpeg&amp;wid=756\" data-src-desktop=\"\/\/www.sony.ro\/image\/2f92952a681a2a55456bb0e80b7380ce?fmt=jpeg&amp;wid=378\" data-src-tablet-highres=\"\/\/www.sony.ro\/image\/2f92952a681a2a55456bb0e80b7380ce?fmt=jpeg&amp;wid=756\" data-id=\"img_2f92952a681a2a55456bb0e80b7380ce\" data-src-phone=\"\/\/www.sony.ro\/image\/2f92952a681a2a55456bb0e80b7380ce?fmt=jpeg&amp;wid=378\" data-src-tablet=\"\/\/www.sony.ro\/image\/2f92952a681a2a55456bb0e80b7380ce?fmt=jpeg&amp;wid=378\" data-src-desktop-highres=\"\/\/www.sony.ro\/image\/2f92952a681a2a55456bb0e80b7380ce?fmt=jpeg&amp;wid=756\" data-pushed=\"true\" data-current=\"\/\/www.sony.ro\/image\/2f92952a681a2a55456bb0e80b7380ce?fmt=jpeg&amp;wid=378\" data-hasloaded=\"true\" data-fadeonce=\"true\" \/><\/span><\/figure>\n<div class=\"tile-content\">\n<h3 class=\"t6 tile-title\"><span style=\"color: #000000;\">Un singur obiectiv pentru diverse nevoi de fotografiere<\/span><\/h3>\n<p class=\"p3\"><span style=\"color: #000000;\">Necesitatea schimb\u0103rii obiectivelor \u00een timp ce filma\u0163i poate s\u0103 v\u0103 \u00eencetineasc\u0103 \u015fi s\u0103 aduc\u0103 modific\u0103ri nedorite \u00een ceea ce prive\u015fte calitatea imaginii. Indiferent dac\u0103 realiza\u0163i fotografii sau filme, intervalul de zoom de 18-105 mm (echivalent Full Frame = 27-157,5 mm) \u015fi calitatea acestui obiectiv G vor fi mai mult dec\u00e2t suficiente pentru majoritatea situa\u0163iilor de fotografiere \u015fi \u00een plus, ave\u0163i avantajul unui zoom motorizat \u015fi lin.<\/span><\/p>\n<hr \/>\n<\/div>\n<\/div>\n<div class=\"spec-tile span4 shuffle-item filtered\">\n<figure><span style=\"color: #000000;\"><img decoding=\"async\" class=\"iq-img\" src=\"https:\/\/www.sony.ro\/image\/658cca585e79fd5bbd14a6095b4d89d3?fmt=png-alpha&amp;wid=378\" alt=\"Imagine cu G OSS F4 E PZ de 18 - 105 mm\" data-src-phone-highres=\"\/\/www.sony.ro\/image\/658cca585e79fd5bbd14a6095b4d89d3?fmt=png-alpha&amp;wid=756\" data-src-desktop=\"\/\/www.sony.ro\/image\/658cca585e79fd5bbd14a6095b4d89d3?fmt=png-alpha&amp;wid=378\" data-src-tablet-highres=\"\/\/www.sony.ro\/image\/658cca585e79fd5bbd14a6095b4d89d3?fmt=png-alpha&amp;wid=756\" data-id=\"img_658cca585e79fd5bbd14a6095b4d89d3\" data-src-phone=\"\/\/www.sony.ro\/image\/658cca585e79fd5bbd14a6095b4d89d3?fmt=png-alpha&amp;wid=378\" data-src-tablet=\"\/\/www.sony.ro\/image\/658cca585e79fd5bbd14a6095b4d89d3?fmt=png-alpha&amp;wid=378\" data-src-desktop-highres=\"\/\/www.sony.ro\/image\/658cca585e79fd5bbd14a6095b4d89d3?fmt=png-alpha&amp;wid=756\" data-pushed=\"true\" data-current=\"\/\/www.sony.ro\/image\/658cca585e79fd5bbd14a6095b4d89d3?fmt=png-alpha&amp;wid=378\" data-hasloaded=\"true\" data-fadeonce=\"true\" \/><\/span><\/figure>\n<div class=\"tile-content\">\n<h3 class=\"t6 tile-title\"><span style=\"color: #000000;\">Randare superb\u0103 la orice distan\u0163\u0103 focal\u0103<\/span><\/h3>\n<p class=\"p3\"><span style=\"color: #000000;\">Un design optic avansat, care \u00eencorporeaz\u0103 dou\u0103 elemente din sticl\u0103 ED (dispersie extrem de sc\u0103zut\u0103) \u015fi trei elemente asferice, ofer\u0103 o calitate de invidiat a imaginii, pe \u00eentregul interval de zoom. Claritatea \u015fi contrastul excelent sunt men\u0163inute pe \u00eentreaga suprafa\u0163\u0103 a imaginii, fiind compatibile cu o randare natural\u0103 \u015fi realist\u0103 care capteaz\u0103 chiar \u015fi cele mai subtile nuan\u0163e vizuale.<\/span><\/p>\n<hr \/>\n<\/div>\n<\/div>\n<div class=\"spec-tile span4 shuffle-item filtered\">\n<figure><span style=\"color: #000000;\"><img decoding=\"async\" class=\"iq-img\" src=\"https:\/\/www.sony.ro\/image\/7f981c665e1a3ad74ee7029a262e009c?fmt=jpeg&amp;wid=378&amp;qlt=85\" alt=\"Imagine cu G OSS F4 E PZ de 18 - 105 mm\" data-src-phone-highres=\"\/\/www.sony.ro\/image\/7f981c665e1a3ad74ee7029a262e009c?fmt=jpeg&amp;wid=756\" data-src-desktop=\"\/\/www.sony.ro\/image\/7f981c665e1a3ad74ee7029a262e009c?fmt=jpeg&amp;wid=378\" data-src-tablet-highres=\"\/\/www.sony.ro\/image\/7f981c665e1a3ad74ee7029a262e009c?fmt=jpeg&amp;wid=756\" data-id=\"img_7f981c665e1a3ad74ee7029a262e009c\" data-src-phone=\"\/\/www.sony.ro\/image\/7f981c665e1a3ad74ee7029a262e009c?fmt=jpeg&amp;wid=378\" data-src-tablet=\"\/\/www.sony.ro\/image\/7f981c665e1a3ad74ee7029a262e009c?fmt=jpeg&amp;wid=378\" data-src-desktop-highres=\"\/\/www.sony.ro\/image\/7f981c665e1a3ad74ee7029a262e009c?fmt=jpeg&amp;wid=756\" data-pushed=\"true\" data-current=\"\/\/www.sony.ro\/image\/7f981c665e1a3ad74ee7029a262e009c?fmt=jpeg&amp;wid=378\" data-hasloaded=\"true\" data-fadeonce=\"true\" \/><\/span><\/figure>\n<div class=\"tile-content\">\n<h3 class=\"t6 tile-title\"><span style=\"color: #000000;\">Tehnologie de focalizare mo\u015ftenit\u0103 de la echipamentele profesionale<\/span><\/h3>\n<p class=\"p3\"><span style=\"color: #000000;\">Tehnologia Handycam\u00ae de la Sony a fost implementat\u0103 pe SELP18105G pentru a asigura un zoom lin \u015fi silen\u0163ios, care este ideal pentru efectuarea de film\u0103ri. Beneficii pentru focalizare provenite de la acela\u015fi tip de tehnologie de nivel profesional, care ofer\u0103 o func\u0163ionare lin\u0103, silen\u0163ioas\u0103 \u015fi sensibil\u0103. Distan\u0163a focal\u0103 a obiectivului r\u0103m\u00e2ne constant\u0103 \u00een timp ce face\u0163i zoom sau focaliza\u0163i.<\/span><\/p>\n<hr \/>\n<\/div>\n<\/div>\n<div class=\"spec-tile span4 shuffle-item filtered\">\n<figure><span style=\"color: #000000;\"><img decoding=\"async\" class=\"iq-img\" src=\"https:\/\/www.sony.ro\/image\/f49e773c41a5c69f39e2990ba2bac36c?fmt=jpeg&amp;wid=378&amp;qlt=85\" alt=\"Imagine cu G OSS F4 E PZ de 18 - 105 mm\" data-src-phone-highres=\"\/\/www.sony.ro\/image\/f49e773c41a5c69f39e2990ba2bac36c?fmt=jpeg&amp;wid=756\" data-src-desktop=\"\/\/www.sony.ro\/image\/f49e773c41a5c69f39e2990ba2bac36c?fmt=jpeg&amp;wid=378\" data-src-tablet-highres=\"\/\/www.sony.ro\/image\/f49e773c41a5c69f39e2990ba2bac36c?fmt=jpeg&amp;wid=756\" data-id=\"img_f49e773c41a5c69f39e2990ba2bac36c\" data-src-phone=\"\/\/www.sony.ro\/image\/f49e773c41a5c69f39e2990ba2bac36c?fmt=jpeg&amp;wid=378\" data-src-tablet=\"\/\/www.sony.ro\/image\/f49e773c41a5c69f39e2990ba2bac36c?fmt=jpeg&amp;wid=378\" data-src-desktop-highres=\"\/\/www.sony.ro\/image\/f49e773c41a5c69f39e2990ba2bac36c?fmt=jpeg&amp;wid=756\" data-pushed=\"true\" data-current=\"\/\/www.sony.ro\/image\/f49e773c41a5c69f39e2990ba2bac36c?fmt=jpeg&amp;wid=378\" data-hasloaded=\"true\" data-fadeonce=\"true\" \/><\/span><\/figure>\n<div class=\"tile-content\">\n<h3 class=\"t6 tile-title\"><span style=\"color: #000000;\">Control variabil continuu al vitezei de zoom<\/span><\/h3>\n<p class=\"p3\"><span style=\"color: #000000;\">Controlul facil al vitezei de zoom prin intermediul manetei de pe montura obiectivului sau inelului de zoom permite un zoom uniform, men\u0163in\u00e2nd totodat\u0103 o priz\u0103 sigur\u0103 \u015fi stabil\u0103 a camerei. Acest lucru poate constitui un avantaj semnificativ pentru o manevrare stabil\u0103 \u015fi constant\u0103, \u00een special atunci c\u00e2nd filma\u0163i.<\/span><\/p>\n<hr \/>\n<\/div>\n<\/div>\n<div class=\"spec-tile span4 shuffle-item filtered\">\n<figure><span style=\"color: #000000;\"><img decoding=\"async\" class=\"iq-img\" src=\"https:\/\/www.sony.ro\/image\/5beff164f22a299c44599351576e89e7?fmt=jpeg&amp;wid=378&amp;qlt=85\" alt=\"Imagine cu G OSS F4 E PZ de 18 - 105 mm\" data-src-phone-highres=\"\/\/www.sony.ro\/image\/5beff164f22a299c44599351576e89e7?fmt=jpeg&amp;wid=756\" data-src-desktop=\"\/\/www.sony.ro\/image\/5beff164f22a299c44599351576e89e7?fmt=jpeg&amp;wid=378\" data-src-tablet-highres=\"\/\/www.sony.ro\/image\/5beff164f22a299c44599351576e89e7?fmt=jpeg&amp;wid=756\" data-id=\"img_5beff164f22a299c44599351576e89e7\" data-src-phone=\"\/\/www.sony.ro\/image\/5beff164f22a299c44599351576e89e7?fmt=jpeg&amp;wid=378\" data-src-tablet=\"\/\/www.sony.ro\/image\/5beff164f22a299c44599351576e89e7?fmt=jpeg&amp;wid=378\" data-src-desktop-highres=\"\/\/www.sony.ro\/image\/5beff164f22a299c44599351576e89e7?fmt=jpeg&amp;wid=756\" data-pushed=\"true\" data-current=\"\/\/www.sony.ro\/image\/5beff164f22a299c44599351576e89e7?fmt=jpeg&amp;wid=378\" data-hasloaded=\"true\" data-fadeonce=\"true\" \/><\/span><\/figure>\n<div class=\"tile-content\">\n<h3 class=\"t6 tile-title\"><span style=\"color: #000000;\">Diafragm\u0103 maxim\u0103 F4 constant\u0103<\/span><\/h3>\n<p class=\"p3\"><span style=\"color: #000000;\">Deschiderea constant\u0103 F4 pe \u00eentregul interval de 18-105 mm v\u0103 permite s\u0103 m\u0103ri\u0163i imaginea \u015fi s\u0103 schimba\u0163i cadrul dup\u0103 cum este necesar, f\u0103r\u0103 s\u0103 fi\u0163i nevoit s\u0103 schimba\u0163i set\u0103rile de expunere. Chiar \u015fi la focalizare maxim\u0103 a teleobiectivului pute\u0163i fotografia f\u0103r\u0103 a fi necesar\u0103 m\u0103rirea sensibilit\u0103\u0163ii ISO \u015fi posibil cre\u015fterea zgomotului de imagine.<\/span><\/p>\n<hr \/>\n<\/div>\n<\/div>\n<div class=\"spec-tile span4 shuffle-item filtered\">\n<figure><span style=\"color: #000000;\"><img decoding=\"async\" class=\"iq-img\" src=\"https:\/\/www.sony.ro\/image\/0dd28edeefda2c5b3486051ce544419c?fmt=jpeg&amp;wid=378&amp;qlt=85\" alt=\"Imagine cu G OSS F4 E PZ de 18 - 105 mm\" data-src-phone-highres=\"\/\/www.sony.ro\/image\/0dd28edeefda2c5b3486051ce544419c?fmt=jpeg&amp;wid=756\" data-src-desktop=\"\/\/www.sony.ro\/image\/0dd28edeefda2c5b3486051ce544419c?fmt=jpeg&amp;wid=378\" data-src-tablet-highres=\"\/\/www.sony.ro\/image\/0dd28edeefda2c5b3486051ce544419c?fmt=jpeg&amp;wid=756\" data-id=\"img_0dd28edeefda2c5b3486051ce544419c\" data-src-phone=\"\/\/www.sony.ro\/image\/0dd28edeefda2c5b3486051ce544419c?fmt=jpeg&amp;wid=378\" data-src-tablet=\"\/\/www.sony.ro\/image\/0dd28edeefda2c5b3486051ce544419c?fmt=jpeg&amp;wid=378\" data-src-desktop-highres=\"\/\/www.sony.ro\/image\/0dd28edeefda2c5b3486051ce544419c?fmt=jpeg&amp;wid=756\" data-pushed=\"true\" data-current=\"\/\/www.sony.ro\/image\/0dd28edeefda2c5b3486051ce544419c?fmt=jpeg&amp;wid=378\" data-hasloaded=\"true\" data-fadeonce=\"true\" \/><\/span><\/figure>\n<div class=\"tile-content\">\n<h3 class=\"t6 tile-title\"><span style=\"color: #000000;\">Obiectiv G pentru un efect superb de defocalizare<\/span><\/h3>\n<p class=\"p3\"><span style=\"color: #000000;\">Obiectivele G sunt renumite pentru efectul lin de defocalizare a fundalului. Unul dintre motive este diafragma circular\u0103 cu 7 lame, care \u00eembun\u0103t\u0103\u0163e\u015fte fluiditatea \u015fi produce zone luminoase naturale. Defocalizarea lin\u0103 a fundalului poate face ca subiec\u0163ii focaliza\u0163i s\u0103 ias\u0103 cu adev\u0103rat \u00een eviden\u0163\u0103 \u00een imagini, cu o ad\u00e2ncime aproape tridimensional\u0103.<\/span><\/p>\n<hr \/>\n<\/div>\n<\/div>\n<div class=\"spec-tile span4 shuffle-item filtered\">\n<figure><span style=\"color: #000000;\"><img decoding=\"async\" class=\"iq-img\" src=\"https:\/\/www.sony.ro\/image\/d5f9618644d4fefc673749afefa34766?fmt=png-alpha&amp;wid=378\" alt=\"Imagine cu G OSS F4 E PZ de 18 - 105 mm\" data-src-phone-highres=\"\/\/www.sony.ro\/image\/d5f9618644d4fefc673749afefa34766?fmt=png-alpha&amp;wid=756\" data-src-desktop=\"\/\/www.sony.ro\/image\/d5f9618644d4fefc673749afefa34766?fmt=png-alpha&amp;wid=378\" data-src-tablet-highres=\"\/\/www.sony.ro\/image\/d5f9618644d4fefc673749afefa34766?fmt=png-alpha&amp;wid=756\" data-id=\"img_d5f9618644d4fefc673749afefa34766\" data-src-phone=\"\/\/www.sony.ro\/image\/d5f9618644d4fefc673749afefa34766?fmt=png-alpha&amp;wid=378\" data-src-tablet=\"\/\/www.sony.ro\/image\/d5f9618644d4fefc673749afefa34766?fmt=png-alpha&amp;wid=378\" data-src-desktop-highres=\"\/\/www.sony.ro\/image\/d5f9618644d4fefc673749afefa34766?fmt=png-alpha&amp;wid=756\" data-pushed=\"true\" data-current=\"\/\/www.sony.ro\/image\/d5f9618644d4fefc673749afefa34766?fmt=png-alpha&amp;wid=378\" data-hasloaded=\"true\" data-fadeonce=\"true\" \/><\/span><\/figure>\n<div class=\"tile-content\">\n<h3 class=\"t6 tile-title\"><span style=\"color: #000000;\">Claritate \u015fi precizie \u00een orice situa\u0163ie<\/span><\/h3>\n<p class=\"p3\"><span style=\"color: #000000;\">Sistemul de stabilizare optic\u0103 a imaginii SteadyShot\u2122 compenseaz\u0103 efectele tremurului camerei care pot produce neclarit\u0103\u0163i \u00een imagini la fotografierea cu camera \u00een m\u00e2n\u0103. Scenele nocturne clare \u015fi precise sau scenele de interior \u00een condi\u0163ii de iluminare redus\u0103 pot fi capturate f\u0103r\u0103 a fi nevoie s\u0103 cre\u015fte\u0163i sensibilitatea ISO, risc\u00e2nd astfel un zgomot de imagine crescut.<\/span><\/p>\n<\/div>\n<\/div>\n","protected":false},"excerpt":{"rendered":"<ul>\n<li><span style=\"color: #000000;\">SONY E PZ 18-105mm F4 G OSS\u00a0<\/span><\/li>\n<li><span style=\"color: #000000;\">Baioneta : SONY E-Mount<\/span><\/li>\n<li><span style=\"color: #000000;\">Format : APS-C, crop 1.5<\/span><\/li>\n<li><span style=\"color: #000000;\">Distan\u021b\u0103 focal\u0103 : f=18-105 mm<\/span><\/li>\n<li><span style=\"color: #000000;\">Valoarea maxim\u0103 a diafragmei : F4<\/span><\/li>\n<li><span style=\"color: #000000;\">Valoarea minim\u0103 a diafragmei : F22<\/span><\/li>\n<li><span style=\"color: #000000;\">Lamele diafragmei : 7<\/span><\/li>\n<li><span style=\"color: #000000;\">Stabilizare integrat\u0103 : Da<\/span><\/li>\n<li><span style=\"color: #000000;\">Distan\u021ba minim\u0103 de focalizare : 0,45 m<\/span><\/li>\n<li><span style=\"color: #000000;\">Diametru filtru : 72 mm<\/span><\/li>\n<li><span style=\"color: #000000;\">Dimensiuni : 78 x 110 mm<\/span><\/li>\n<li><span style=\"color: #000000;\">Greutate : 427 g<\/span><\/li>\n<li><span style=\"color: #000000;\">Con\u021binului cutiei : parasolar, capacul din spate \u0219i din fa\u021b\u0103<\/span><\/li>\n<li><span style=\"color: #000000;\">Garan\u021bie de firm\u0103 : 2 ani<\/span><\/li>\n<\/ul>\n","protected":false},"featured_media":8800,"comment_status":"open","ping_status":"closed","template":"","meta":[],"product_brand":[],"product_cat":[899],"product_tag":[],"class_list":{"0":"post-8799","1":"product","2":"type-product","3":"status-publish","4":"has-post-thumbnail","6":"product_cat-obiective-zoom","8":"first","9":"instock","10":"sale","11":"shipping-taxable","12":"purchasable","13":"product-type-simple"},"yoast_head":"<!-- This site is optimized with the Yoast SEO plugin v27.4 - https:\/\/yoast.com\/product\/yoast-seo-wordpress\/ -->\n<title>SONY SELP18105G | sonycenter.md<\/title>\n<meta name=\"description\" content=\"SONY SELP18105G - \u043a\u0443\u043f\u0438\u0442\u044c \u0432 \u041a\u0438\u0448\u0438\u043d\u0435\u0432\u0435. \u0428\u0438\u0440\u043e\u043a\u0438\u0439 \u0430\u0441\u0441\u043e\u0440\u0442\u0438\u043c\u0435\u043d\u0442 \u0442\u043e\u0432\u0430\u0440\u043e\u0432 \u0432 \u0444\u0438\u0440\u043c\u0435\u043d\u043d\u043e\u043c \u043c\u0430\u0433\u0430\u0437\u0438\u043d\u0435 SONY SONY E PZ 18-105mm F4 G OSS\u00a0\u0441 \u0433\u0430\u0440\u0430\u043d\u0442\u0438\u0435\u0439 2 \u0433\u043e\u0434\u0430\" \/>\n<meta name=\"robots\" content=\"index, follow, max-snippet:-1, max-image-preview:large, max-video-preview:-1\" \/>\n<link rel=\"canonical\" href=\"https:\/\/sonycenter.md\/ro\/magazin\/selp18105g\/\" \/>\n<meta property=\"og:locale\" content=\"ro_RO\" \/>\n<meta property=\"og:type\" content=\"article\" \/>\n<meta property=\"og:title\" content=\"SONY SELP18105G | sonycenter.md\" \/>\n<meta property=\"og:description\" content=\"SONY SELP18105G - \u043a\u0443\u043f\u0438\u0442\u044c \u0432 \u041a\u0438\u0448\u0438\u043d\u0435\u0432\u0435. \u0428\u0438\u0440\u043e\u043a\u0438\u0439 \u0430\u0441\u0441\u043e\u0440\u0442\u0438\u043c\u0435\u043d\u0442 \u0442\u043e\u0432\u0430\u0440\u043e\u0432 \u0432 \u0444\u0438\u0440\u043c\u0435\u043d\u043d\u043e\u043c \u043c\u0430\u0433\u0430\u0437\u0438\u043d\u0435 SONY SONY E PZ 18-105mm F4 G OSS\u00a0\u0441 \u0433\u0430\u0440\u0430\u043d\u0442\u0438\u0435\u0439 2 \u0433\u043e\u0434\u0430\" \/>\n<meta property=\"og:url\" content=\"https:\/\/sonycenter.md\/ro\/magazin\/selp18105g\/\" \/>\n<meta property=\"og:site_name\" content=\"SONY\" \/>\n<meta property=\"article:modified_time\" content=\"2025-10-06T15:36:03+00:00\" \/>\n<meta property=\"og:image\" content=\"https:\/\/sonycenter.md\/wp-content\/uploads\/2016\/03\/SELP18105Gc.jpg\" \/>\n\t<meta property=\"og:image:width\" content=\"600\" \/>\n\t<meta property=\"og:image:height\" content=\"600\" \/>\n\t<meta property=\"og:image:type\" content=\"image\/jpeg\" \/>\n<meta name=\"twitter:card\" content=\"summary_large_image\" \/>\n<meta name=\"twitter:label1\" content=\"Est. reading time\" \/>\n\t<meta name=\"twitter:data1\" content=\"5 minutes\" \/>\n<script type=\"application\/ld+json\" class=\"yoast-schema-graph\">{\"@context\":\"https:\\\/\\\/schema.org\",\"@graph\":[{\"@type\":[\"WebPage\",\"ItemPage\"],\"@id\":\"https:\\\/\\\/sonycenter.md\\\/ro\\\/magazin\\\/selp18105g\\\/\",\"url\":\"https:\\\/\\\/sonycenter.md\\\/ro\\\/magazin\\\/selp18105g\\\/\",\"name\":\"SONY SELP18105G | sonycenter.md\",\"isPartOf\":{\"@id\":\"http:\\\/\\\/sonycenter.md\\\/ro\\\/#website\"},\"primaryImageOfPage\":{\"@id\":\"https:\\\/\\\/sonycenter.md\\\/ro\\\/magazin\\\/selp18105g\\\/#primaryimage\"},\"image\":{\"@id\":\"https:\\\/\\\/sonycenter.md\\\/ro\\\/magazin\\\/selp18105g\\\/#primaryimage\"},\"thumbnailUrl\":\"https:\\\/\\\/sonycenter.md\\\/wp-content\\\/uploads\\\/2016\\\/03\\\/SELP18105Gc.jpg\",\"datePublished\":\"2016-09-01T08:02:50+00:00\",\"dateModified\":\"2025-10-06T15:36:03+00:00\",\"description\":\"SONY SELP18105G - \u043a\u0443\u043f\u0438\u0442\u044c \u0432 \u041a\u0438\u0448\u0438\u043d\u0435\u0432\u0435. \u0428\u0438\u0440\u043e\u043a\u0438\u0439 \u0430\u0441\u0441\u043e\u0440\u0442\u0438\u043c\u0435\u043d\u0442 \u0442\u043e\u0432\u0430\u0440\u043e\u0432 \u0432 \u0444\u0438\u0440\u043c\u0435\u043d\u043d\u043e\u043c \u043c\u0430\u0433\u0430\u0437\u0438\u043d\u0435 SONY SONY E PZ 18-105mm F4 G OSS\u00a0\u0441 \u0433\u0430\u0440\u0430\u043d\u0442\u0438\u0435\u0439 2 \u0433\u043e\u0434\u0430\",\"breadcrumb\":{\"@id\":\"https:\\\/\\\/sonycenter.md\\\/ro\\\/magazin\\\/selp18105g\\\/#breadcrumb\"},\"inLanguage\":\"ro-RO\",\"potentialAction\":[{\"@type\":\"ReadAction\",\"target\":[\"https:\\\/\\\/sonycenter.md\\\/ro\\\/magazin\\\/selp18105g\\\/\"]}]},{\"@type\":\"ImageObject\",\"inLanguage\":\"ro-RO\",\"@id\":\"https:\\\/\\\/sonycenter.md\\\/ro\\\/magazin\\\/selp18105g\\\/#primaryimage\",\"url\":\"https:\\\/\\\/sonycenter.md\\\/wp-content\\\/uploads\\\/2016\\\/03\\\/SELP18105Gc.jpg\",\"contentUrl\":\"https:\\\/\\\/sonycenter.md\\\/wp-content\\\/uploads\\\/2016\\\/03\\\/SELP18105Gc.jpg\",\"width\":600,\"height\":600,\"caption\":\"SELP18105G\"},{\"@type\":\"BreadcrumbList\",\"@id\":\"https:\\\/\\\/sonycenter.md\\\/ro\\\/magazin\\\/selp18105g\\\/#breadcrumb\",\"itemListElement\":[{\"@type\":\"ListItem\",\"position\":1,\"name\":\"\u0413\u043b\u0430\u0432\u043d\u0430\u044f \u0441\u0442\u0440\u0430\u043d\u0438\u0446\u0430\",\"item\":\"https:\\\/\\\/sonycenter.md\\\/ro\\\/\"},{\"@type\":\"ListItem\",\"position\":2,\"name\":\"Magazin\",\"item\":\"https:\\\/\\\/sonycenter.md\\\/shop\\\/\"},{\"@type\":\"ListItem\",\"position\":3,\"name\":\"SELP18105G\"}]},{\"@type\":\"WebSite\",\"@id\":\"http:\\\/\\\/sonycenter.md\\\/ro\\\/#website\",\"url\":\"http:\\\/\\\/sonycenter.md\\\/ro\\\/\",\"name\":\"sonycenter.md\",\"description\":\"SONYCENTER \u00een Chi\u0219in\u0103u\",\"publisher\":{\"@id\":\"http:\\\/\\\/sonycenter.md\\\/ro\\\/#organization\"},\"potentialAction\":[{\"@type\":\"SearchAction\",\"target\":{\"@type\":\"EntryPoint\",\"urlTemplate\":\"http:\\\/\\\/sonycenter.md\\\/ro\\\/?s={search_term_string}\"},\"query-input\":{\"@type\":\"PropertyValueSpecification\",\"valueRequired\":true,\"valueName\":\"search_term_string\"}}],\"inLanguage\":\"ro-RO\"},{\"@type\":\"Organization\",\"@id\":\"http:\\\/\\\/sonycenter.md\\\/ro\\\/#organization\",\"name\":\"sonycenter.md\",\"url\":\"http:\\\/\\\/sonycenter.md\\\/ro\\\/\",\"logo\":{\"@type\":\"ImageObject\",\"inLanguage\":\"ro-RO\",\"@id\":\"http:\\\/\\\/sonycenter.md\\\/ro\\\/#\\\/schema\\\/logo\\\/image\\\/\",\"url\":\"\",\"contentUrl\":\"\",\"caption\":\"sonycenter.md\"},\"image\":{\"@id\":\"http:\\\/\\\/sonycenter.md\\\/ro\\\/#\\\/schema\\\/logo\\\/image\\\/\"}}]}<\/script>\n<!-- \/ Yoast SEO plugin. -->","yoast_head_json":{"title":"SONY SELP18105G | sonycenter.md","description":"SONY SELP18105G - \u043a\u0443\u043f\u0438\u0442\u044c \u0432 \u041a\u0438\u0448\u0438\u043d\u0435\u0432\u0435. \u0428\u0438\u0440\u043e\u043a\u0438\u0439 \u0430\u0441\u0441\u043e\u0440\u0442\u0438\u043c\u0435\u043d\u0442 \u0442\u043e\u0432\u0430\u0440\u043e\u0432 \u0432 \u0444\u0438\u0440\u043c\u0435\u043d\u043d\u043e\u043c \u043c\u0430\u0433\u0430\u0437\u0438\u043d\u0435 SONY SONY E PZ 18-105mm F4 G OSS\u00a0\u0441 \u0433\u0430\u0440\u0430\u043d\u0442\u0438\u0435\u0439 2 \u0433\u043e\u0434\u0430","robots":{"index":"index","follow":"follow","max-snippet":"max-snippet:-1","max-image-preview":"max-image-preview:large","max-video-preview":"max-video-preview:-1"},"canonical":"https:\/\/sonycenter.md\/ro\/magazin\/selp18105g\/","og_locale":"ro_RO","og_type":"article","og_title":"SONY SELP18105G | sonycenter.md","og_description":"SONY SELP18105G - \u043a\u0443\u043f\u0438\u0442\u044c \u0432 \u041a\u0438\u0448\u0438\u043d\u0435\u0432\u0435. \u0428\u0438\u0440\u043e\u043a\u0438\u0439 \u0430\u0441\u0441\u043e\u0440\u0442\u0438\u043c\u0435\u043d\u0442 \u0442\u043e\u0432\u0430\u0440\u043e\u0432 \u0432 \u0444\u0438\u0440\u043c\u0435\u043d\u043d\u043e\u043c \u043c\u0430\u0433\u0430\u0437\u0438\u043d\u0435 SONY SONY E PZ 18-105mm F4 G OSS\u00a0\u0441 \u0433\u0430\u0440\u0430\u043d\u0442\u0438\u0435\u0439 2 \u0433\u043e\u0434\u0430","og_url":"https:\/\/sonycenter.md\/ro\/magazin\/selp18105g\/","og_site_name":"SONY","article_modified_time":"2025-10-06T15:36:03+00:00","og_image":[{"width":600,"height":600,"url":"https:\/\/sonycenter.md\/wp-content\/uploads\/2016\/03\/SELP18105Gc.jpg","type":"image\/jpeg"}],"twitter_card":"summary_large_image","twitter_misc":{"Est. reading time":"5 minutes"},"schema":{"@context":"https:\/\/schema.org","@graph":[{"@type":["WebPage","ItemPage"],"@id":"https:\/\/sonycenter.md\/ro\/magazin\/selp18105g\/","url":"https:\/\/sonycenter.md\/ro\/magazin\/selp18105g\/","name":"SONY SELP18105G | sonycenter.md","isPartOf":{"@id":"https:\/\/sonycenter.md\/ro\/#website"},"primaryImageOfPage":{"@id":"https:\/\/sonycenter.md\/ro\/magazin\/selp18105g\/#primaryimage"},"image":{"@id":"https:\/\/sonycenter.md\/ro\/magazin\/selp18105g\/#primaryimage"},"thumbnailUrl":"https:\/\/sonycenter.md\/wp-content\/uploads\/2016\/03\/SELP18105Gc.jpg","datePublished":"2016-09-01T08:02:50+00:00","dateModified":"2025-10-06T15:36:03+00:00","description":"SONY SELP18105G - \u043a\u0443\u043f\u0438\u0442\u044c \u0432 \u041a\u0438\u0448\u0438\u043d\u0435\u0432\u0435. \u0428\u0438\u0440\u043e\u043a\u0438\u0439 \u0430\u0441\u0441\u043e\u0440\u0442\u0438\u043c\u0435\u043d\u0442 \u0442\u043e\u0432\u0430\u0440\u043e\u0432 \u0432 \u0444\u0438\u0440\u043c\u0435\u043d\u043d\u043e\u043c \u043c\u0430\u0433\u0430\u0437\u0438\u043d\u0435 SONY SONY E PZ 18-105mm F4 G OSS\u00a0\u0441 \u0433\u0430\u0440\u0430\u043d\u0442\u0438\u0435\u0439 2 \u0433\u043e\u0434\u0430","breadcrumb":{"@id":"https:\/\/sonycenter.md\/ro\/magazin\/selp18105g\/#breadcrumb"},"inLanguage":"ro-RO","potentialAction":[{"@type":"ReadAction","target":["https:\/\/sonycenter.md\/ro\/magazin\/selp18105g\/"]}]},{"@type":"ImageObject","inLanguage":"ro-RO","@id":"https:\/\/sonycenter.md\/ro\/magazin\/selp18105g\/#primaryimage","url":"https:\/\/sonycenter.md\/wp-content\/uploads\/2016\/03\/SELP18105Gc.jpg","contentUrl":"https:\/\/sonycenter.md\/wp-content\/uploads\/2016\/03\/SELP18105Gc.jpg","width":600,"height":600,"caption":"SELP18105G"},{"@type":"BreadcrumbList","@id":"https:\/\/sonycenter.md\/ro\/magazin\/selp18105g\/#breadcrumb","itemListElement":[{"@type":"ListItem","position":1,"name":"\u0413\u043b\u0430\u0432\u043d\u0430\u044f \u0441\u0442\u0440\u0430\u043d\u0438\u0446\u0430","item":"https:\/\/sonycenter.md\/ro\/"},{"@type":"ListItem","position":2,"name":"Magazin","item":"https:\/\/sonycenter.md\/shop\/"},{"@type":"ListItem","position":3,"name":"SELP18105G"}]},{"@type":"WebSite","@id":"https:\/\/sonycenter.md\/ro\/#website","url":"https:\/\/sonycenter.md\/ro\/","name":"sonycenter.md","description":"SONYCENTER \u00een Chi\u0219in\u0103u","publisher":{"@id":"https:\/\/sonycenter.md\/ro\/#organization"},"potentialAction":[{"@type":"SearchAction","target":{"@type":"EntryPoint","urlTemplate":"https:\/\/sonycenter.md\/ro\/?s={search_term_string}"},"query-input":{"@type":"PropertyValueSpecification","valueRequired":true,"valueName":"search_term_string"}}],"inLanguage":"ro-RO"},{"@type":"Organization","@id":"https:\/\/sonycenter.md\/ro\/#organization","name":"sonycenter.md","url":"https:\/\/sonycenter.md\/ro\/","logo":{"@type":"ImageObject","inLanguage":"ro-RO","@id":"https:\/\/sonycenter.md\/ro\/#\/schema\/logo\/image\/","url":"","contentUrl":"","caption":"sonycenter.md"},"image":{"@id":"https:\/\/sonycenter.md\/ro\/#\/schema\/logo\/image\/"}}]}},"_links":{"self":[{"href":"https:\/\/sonycenter.md\/ro\/wp-json\/wp\/v2\/product\/8799","targetHints":{"allow":["GET"]}}],"collection":[{"href":"https:\/\/sonycenter.md\/ro\/wp-json\/wp\/v2\/product"}],"about":[{"href":"https:\/\/sonycenter.md\/ro\/wp-json\/wp\/v2\/types\/product"}],"replies":[{"embeddable":true,"href":"https:\/\/sonycenter.md\/ro\/wp-json\/wp\/v2\/comments?post=8799"}],"wp:featuredmedia":[{"embeddable":true,"href":"https:\/\/sonycenter.md\/ro\/wp-json\/wp\/v2\/media\/8800"}],"wp:attachment":[{"href":"https:\/\/sonycenter.md\/ro\/wp-json\/wp\/v2\/media?parent=8799"}],"wp:term":[{"taxonomy":"product_brand","embeddable":true,"href":"https:\/\/sonycenter.md\/ro\/wp-json\/wp\/v2\/product_brand?post=8799"},{"taxonomy":"product_cat","embeddable":true,"href":"https:\/\/sonycenter.md\/ro\/wp-json\/wp\/v2\/product_cat?post=8799"},{"taxonomy":"product_tag","embeddable":true,"href":"https:\/\/sonycenter.md\/ro\/wp-json\/wp\/v2\/product_tag?post=8799"}],"curies":[{"name":"wp","href":"https:\/\/api.w.org\/{rel}","templated":true}]}}