{"id":8851,"date":"2017-04-18T11:11:40","date_gmt":"2017-04-18T08:11:40","guid":{"rendered":"https:\/\/sonycenter.md\/shop\/sel20f28\/"},"modified":"2025-08-12T14:07:05","modified_gmt":"2025-08-12T11:07:05","slug":"sel20f28","status":"publish","type":"product","link":"https:\/\/sonycenter.md\/ro\/magazin\/sel20f28\/","title":{"rendered":"SEL20F28"},"content":{"rendered":"<div class=\"spec-tile span4 shuffle-item filtered\">\n<div class=\"tile-content\">\n<h3 class=\"t6 tile-title\"><span style=\"color: #000000;\">L\u0103rgi\u0163i-v\u0103 perspectiva cu un obiectiv superangular<\/span><\/h3>\n<p class=\"p3\"><span style=\"color: #000000;\">De la o st\u00e2nc\u0103 de mari dimensiuni la o plaj\u0103 \u00eentins\u0103 de nisip, \u00eencadra\u0163i totul cu un obiectiv superangular de 20 mm (30 mm la o distan\u0163\u0103 focal\u0103 echivalent\u0103 de 35 mm2) 2 &#8211; cu camere foto cu obiective interschimbabile care \u00eencorporeaz\u0103 un senzor de imagine de tip APS-C<\/span><\/p>\n<hr \/>\n<\/div>\n<\/div>\n<div class=\"spec-tile span4 shuffle-item filtered\">\n<div class=\"tile-content\">\n<h3 class=\"t6 tile-title\"><span style=\"color: #000000;\">Detalii bogate dintr-un col\u0163 \u00een cel\u0103lalt<\/span><\/h3>\n<p class=\"p3\"><span style=\"color: #000000;\">Trei piese din interiorul obiectivului func\u0163ioneaz\u0103 \u00eempreun\u0103 pentru a elimina neclaritatea \u015fi distorsiunile; chiar \u015fi marginile fotografiei vor fi clare \u015fi precise<\/span><\/p>\n<hr \/>\n<\/div>\n<\/div>\n<div class=\"spec-tile span4 shuffle-item filtered\">\n<div class=\"tile-content\">\n<h3 class=\"t6 tile-title\"><span style=\"color: #000000;\">Men\u0163ine\u0163i volumul la minimum<\/span><\/h3>\n<p class=\"p3\"><span style=\"color: #000000;\">V\u0103 preg\u0103ti\u0163i pentru o zi de filmare? Lua\u0163i acest obiectiv plat \u00een geanta camerei &#8211; o distan\u0163\u0103 focal\u0103 de doar 20 mm nu va ocupa mult spa\u0163iu<\/span><\/p>\n<hr \/>\n<\/div>\n<\/div>\n<div class=\"spec-tile span4 shuffle-item filtered\">\n<div class=\"tile-content\">\n<h3 class=\"t6 tile-title\"><span style=\"color: #000000;\">Iluminare redus\u0103? Nicio problem\u0103<\/span><\/h3>\n<p class=\"p3\"><span style=\"color: #000000;\">Acest obiectiv fix are o diafragm\u0103 larg\u0103, luminoas\u0103, de F2,8, astfel \u00eenc\u00e2t pute\u0163i captura imagini pline de atmosfer\u0103 chiar \u015fi pe \u00eenserate<\/span><\/p>\n<hr \/>\n<\/div>\n<\/div>\n<div class=\"spec-tile span4 shuffle-item filtered\">\n<div class=\"tile-content\">\n<h3 class=\"t6 tile-title\"><span style=\"color: #000000;\">Aspect frumos \u00een timpul film\u0103rii<\/span><\/h3>\n<p class=\"p3\"><span style=\"color: #000000;\">Designul modern din aluminiu adaug\u0103 o not\u0103 de elegan\u0163\u0103 oriunde filma\u0163i<\/span><\/p>\n<hr \/>\n<\/div>\n<\/div>\n<div class=\"spec-tile span4 shuffle-item filtered\">\n<div class=\"tile-content\">\n<h3 class=\"t6 tile-title\"><span style=\"color: #000000;\">Implica\u0163i-v\u0103 cu focalizarea manual\u0103<\/span><\/h3>\n<p class=\"p3\"><span style=\"color: #000000;\">Un inel u\u015for de manevrat de pe montura obiectivului v\u0103 ajut\u0103 s\u0103 controla\u0163i rezultatele ob\u0163inute, pentru a ob\u0163ine un subiect focalizat clar sau estompat pe fundal<\/span><\/p>\n<\/div>\n<\/div>\n","protected":false},"excerpt":{"rendered":"<ul>\n<li><span style=\"color: #000000;\">SONY E 20mm F2.8\u00a0<\/span><\/li>\n<li><span style=\"color: #000000;\">Baioneta : SONY E-Mount<\/span><\/li>\n<li><span style=\"color: #000000;\">Format : APS-C , crop 1.5<\/span><\/li>\n<li><span style=\"color: #000000;\">Distan\u021b\u0103 focal\u0103 : f=20 mm<\/span><\/li>\n<li><span style=\"color: #000000;\">Valoarea maxim\u0103 a diafragmei : F2.8<\/span><\/li>\n<li><span style=\"color: #000000;\">Valoarea minim\u0103 a diafragmei : F16<\/span><\/li>\n<li><span style=\"color: #000000;\">Lamele diafragmei : 7<\/span><\/li>\n<li><span style=\"color: #000000;\">Stabilizare integrat\u0103 : Nu<\/span><\/li>\n<li><span style=\"color: #000000;\">Distan\u021ba minim\u0103 de focalizare : 0,2 m<\/span><\/li>\n<li><span style=\"color: #000000;\">Diametru filtru : 49 mm<\/span><\/li>\n<li><span style=\"color: #000000;\">Dimensiuni : 62,6 x 20,4 mm<\/span><\/li>\n<li><span style=\"color: #000000;\">Greutate : 69 g<\/span><\/li>\n<li><span style=\"color: #000000;\">Con\u021binului cutiei : parasolar, capacul din spate \u0219i din fa\u021b\u0103\u00a0<\/span><\/li>\n<li><span style=\"color: #000000;\">Garan\u021bie de firm\u0103 : 2 ani<\/span><\/li>\n<\/ul>\n","protected":false},"featured_media":32043,"comment_status":"open","ping_status":"closed","template":"","meta":[],"product_brand":[],"product_cat":[901],"product_tag":[],"class_list":{"0":"post-8851","1":"product","2":"type-product","3":"status-publish","4":"has-post-thumbnail","6":"product_cat-obiective-fixe","8":"first","9":"instock","10":"sale","11":"virtual","12":"purchasable","13":"product-type-simple"},"yoast_head":"<!-- This site is optimized with the Yoast SEO plugin v27.4 - https:\/\/yoast.com\/product\/yoast-seo-wordpress\/ -->\n<title>SONY FE 20mm F2.8\u00a0| Obiectivul fix SONY SEL20F28<\/title>\n<meta name=\"description\" content=\"Cump\u0103r\u0103 \u00een Chi\u0219in\u0103u obiectivul fix SONY FE 20mm F2.8\u00a0 cu garan\u021bie de firm\u0103 2 ani\" \/>\n<meta name=\"robots\" content=\"index, follow, max-snippet:-1, max-image-preview:large, max-video-preview:-1\" \/>\n<link rel=\"canonical\" href=\"https:\/\/sonycenter.md\/ro\/magazin\/sel20f28\/\" \/>\n<meta property=\"og:locale\" content=\"ro_RO\" \/>\n<meta property=\"og:type\" content=\"article\" \/>\n<meta property=\"og:title\" content=\"SONY FE 20mm F2.8\u00a0| Obiectivul fix SONY SEL20F28\" \/>\n<meta property=\"og:description\" content=\"Cump\u0103r\u0103 \u00een Chi\u0219in\u0103u obiectivul fix SONY FE 20mm F2.8\u00a0 cu garan\u021bie de firm\u0103 2 ani\" \/>\n<meta property=\"og:url\" content=\"https:\/\/sonycenter.md\/ro\/magazin\/sel20f28\/\" \/>\n<meta property=\"og:site_name\" content=\"SONY\" \/>\n<meta property=\"article:modified_time\" content=\"2025-08-12T11:07:05+00:00\" \/>\n<meta property=\"og:image\" content=\"https:\/\/sonycenter.md\/wp-content\/uploads\/2017\/04\/sel20f18-1.jpg\" \/>\n\t<meta property=\"og:image:width\" content=\"600\" \/>\n\t<meta property=\"og:image:height\" content=\"600\" \/>\n\t<meta property=\"og:image:type\" content=\"image\/jpeg\" \/>\n<meta name=\"twitter:card\" content=\"summary_large_image\" \/>\n<meta name=\"twitter:label1\" content=\"Est. reading time\" \/>\n\t<meta name=\"twitter:data1\" content=\"2 minutes\" \/>\n<script type=\"application\/ld+json\" class=\"yoast-schema-graph\">{\"@context\":\"https:\\\/\\\/schema.org\",\"@graph\":[{\"@type\":[\"WebPage\",\"ItemPage\"],\"@id\":\"https:\\\/\\\/sonycenter.md\\\/ro\\\/magazin\\\/sel20f28\\\/\",\"url\":\"https:\\\/\\\/sonycenter.md\\\/ro\\\/magazin\\\/sel20f28\\\/\",\"name\":\"SONY FE 20mm F2.8\u00a0| Obiectivul fix SONY SEL20F28\",\"isPartOf\":{\"@id\":\"http:\\\/\\\/sonycenter.md\\\/ro\\\/#website\"},\"primaryImageOfPage\":{\"@id\":\"https:\\\/\\\/sonycenter.md\\\/ro\\\/magazin\\\/sel20f28\\\/#primaryimage\"},\"image\":{\"@id\":\"https:\\\/\\\/sonycenter.md\\\/ro\\\/magazin\\\/sel20f28\\\/#primaryimage\"},\"thumbnailUrl\":\"https:\\\/\\\/sonycenter.md\\\/wp-content\\\/uploads\\\/2017\\\/04\\\/sel20f18-1.jpg\",\"datePublished\":\"2017-04-18T08:11:40+00:00\",\"dateModified\":\"2025-08-12T11:07:05+00:00\",\"description\":\"Cump\u0103r\u0103 \u00een Chi\u0219in\u0103u obiectivul fix SONY FE 20mm F2.8\u00a0 cu garan\u021bie de firm\u0103 2 ani\",\"breadcrumb\":{\"@id\":\"https:\\\/\\\/sonycenter.md\\\/ro\\\/magazin\\\/sel20f28\\\/#breadcrumb\"},\"inLanguage\":\"ro-RO\",\"potentialAction\":[{\"@type\":\"ReadAction\",\"target\":[\"https:\\\/\\\/sonycenter.md\\\/ro\\\/magazin\\\/sel20f28\\\/\"]}]},{\"@type\":\"ImageObject\",\"inLanguage\":\"ro-RO\",\"@id\":\"https:\\\/\\\/sonycenter.md\\\/ro\\\/magazin\\\/sel20f28\\\/#primaryimage\",\"url\":\"https:\\\/\\\/sonycenter.md\\\/wp-content\\\/uploads\\\/2017\\\/04\\\/sel20f18-1.jpg\",\"contentUrl\":\"https:\\\/\\\/sonycenter.md\\\/wp-content\\\/uploads\\\/2017\\\/04\\\/sel20f18-1.jpg\",\"width\":600,\"height\":600,\"caption\":\"SEL20F28\"},{\"@type\":\"BreadcrumbList\",\"@id\":\"https:\\\/\\\/sonycenter.md\\\/ro\\\/magazin\\\/sel20f28\\\/#breadcrumb\",\"itemListElement\":[{\"@type\":\"ListItem\",\"position\":1,\"name\":\"\u0413\u043b\u0430\u0432\u043d\u0430\u044f \u0441\u0442\u0440\u0430\u043d\u0438\u0446\u0430\",\"item\":\"https:\\\/\\\/sonycenter.md\\\/ro\\\/\"},{\"@type\":\"ListItem\",\"position\":2,\"name\":\"Magazin\",\"item\":\"https:\\\/\\\/sonycenter.md\\\/shop\\\/\"},{\"@type\":\"ListItem\",\"position\":3,\"name\":\"SEL20F28\"}]},{\"@type\":\"WebSite\",\"@id\":\"http:\\\/\\\/sonycenter.md\\\/ro\\\/#website\",\"url\":\"http:\\\/\\\/sonycenter.md\\\/ro\\\/\",\"name\":\"sonycenter.md\",\"description\":\"SONYCENTER \u00een Chi\u0219in\u0103u\",\"publisher\":{\"@id\":\"http:\\\/\\\/sonycenter.md\\\/ro\\\/#organization\"},\"potentialAction\":[{\"@type\":\"SearchAction\",\"target\":{\"@type\":\"EntryPoint\",\"urlTemplate\":\"http:\\\/\\\/sonycenter.md\\\/ro\\\/?s={search_term_string}\"},\"query-input\":{\"@type\":\"PropertyValueSpecification\",\"valueRequired\":true,\"valueName\":\"search_term_string\"}}],\"inLanguage\":\"ro-RO\"},{\"@type\":\"Organization\",\"@id\":\"http:\\\/\\\/sonycenter.md\\\/ro\\\/#organization\",\"name\":\"sonycenter.md\",\"url\":\"http:\\\/\\\/sonycenter.md\\\/ro\\\/\",\"logo\":{\"@type\":\"ImageObject\",\"inLanguage\":\"ro-RO\",\"@id\":\"http:\\\/\\\/sonycenter.md\\\/ro\\\/#\\\/schema\\\/logo\\\/image\\\/\",\"url\":\"\",\"contentUrl\":\"\",\"caption\":\"sonycenter.md\"},\"image\":{\"@id\":\"http:\\\/\\\/sonycenter.md\\\/ro\\\/#\\\/schema\\\/logo\\\/image\\\/\"}}]}<\/script>\n<!-- \/ Yoast SEO plugin. -->","yoast_head_json":{"title":"SONY FE 20mm F2.8\u00a0| Obiectivul fix SONY SEL20F28","description":"Cump\u0103r\u0103 \u00een Chi\u0219in\u0103u obiectivul fix SONY FE 20mm F2.8\u00a0 cu garan\u021bie de firm\u0103 2 ani","robots":{"index":"index","follow":"follow","max-snippet":"max-snippet:-1","max-image-preview":"max-image-preview:large","max-video-preview":"max-video-preview:-1"},"canonical":"https:\/\/sonycenter.md\/ro\/magazin\/sel20f28\/","og_locale":"ro_RO","og_type":"article","og_title":"SONY FE 20mm F2.8\u00a0| Obiectivul fix SONY SEL20F28","og_description":"Cump\u0103r\u0103 \u00een Chi\u0219in\u0103u obiectivul fix SONY FE 20mm F2.8\u00a0 cu garan\u021bie de firm\u0103 2 ani","og_url":"https:\/\/sonycenter.md\/ro\/magazin\/sel20f28\/","og_site_name":"SONY","article_modified_time":"2025-08-12T11:07:05+00:00","og_image":[{"width":600,"height":600,"url":"https:\/\/sonycenter.md\/wp-content\/uploads\/2017\/04\/sel20f18-1.jpg","type":"image\/jpeg"}],"twitter_card":"summary_large_image","twitter_misc":{"Est. reading time":"2 minutes"},"schema":{"@context":"https:\/\/schema.org","@graph":[{"@type":["WebPage","ItemPage"],"@id":"https:\/\/sonycenter.md\/ro\/magazin\/sel20f28\/","url":"https:\/\/sonycenter.md\/ro\/magazin\/sel20f28\/","name":"SONY FE 20mm F2.8\u00a0| Obiectivul fix SONY SEL20F28","isPartOf":{"@id":"https:\/\/sonycenter.md\/ro\/#website"},"primaryImageOfPage":{"@id":"https:\/\/sonycenter.md\/ro\/magazin\/sel20f28\/#primaryimage"},"image":{"@id":"https:\/\/sonycenter.md\/ro\/magazin\/sel20f28\/#primaryimage"},"thumbnailUrl":"https:\/\/sonycenter.md\/wp-content\/uploads\/2017\/04\/sel20f18-1.jpg","datePublished":"2017-04-18T08:11:40+00:00","dateModified":"2025-08-12T11:07:05+00:00","description":"Cump\u0103r\u0103 \u00een Chi\u0219in\u0103u obiectivul fix SONY FE 20mm F2.8\u00a0 cu garan\u021bie de firm\u0103 2 ani","breadcrumb":{"@id":"https:\/\/sonycenter.md\/ro\/magazin\/sel20f28\/#breadcrumb"},"inLanguage":"ro-RO","potentialAction":[{"@type":"ReadAction","target":["https:\/\/sonycenter.md\/ro\/magazin\/sel20f28\/"]}]},{"@type":"ImageObject","inLanguage":"ro-RO","@id":"https:\/\/sonycenter.md\/ro\/magazin\/sel20f28\/#primaryimage","url":"https:\/\/sonycenter.md\/wp-content\/uploads\/2017\/04\/sel20f18-1.jpg","contentUrl":"https:\/\/sonycenter.md\/wp-content\/uploads\/2017\/04\/sel20f18-1.jpg","width":600,"height":600,"caption":"SEL20F28"},{"@type":"BreadcrumbList","@id":"https:\/\/sonycenter.md\/ro\/magazin\/sel20f28\/#breadcrumb","itemListElement":[{"@type":"ListItem","position":1,"name":"\u0413\u043b\u0430\u0432\u043d\u0430\u044f \u0441\u0442\u0440\u0430\u043d\u0438\u0446\u0430","item":"https:\/\/sonycenter.md\/ro\/"},{"@type":"ListItem","position":2,"name":"Magazin","item":"https:\/\/sonycenter.md\/shop\/"},{"@type":"ListItem","position":3,"name":"SEL20F28"}]},{"@type":"WebSite","@id":"https:\/\/sonycenter.md\/ro\/#website","url":"https:\/\/sonycenter.md\/ro\/","name":"sonycenter.md","description":"SONYCENTER \u00een Chi\u0219in\u0103u","publisher":{"@id":"https:\/\/sonycenter.md\/ro\/#organization"},"potentialAction":[{"@type":"SearchAction","target":{"@type":"EntryPoint","urlTemplate":"https:\/\/sonycenter.md\/ro\/?s={search_term_string}"},"query-input":{"@type":"PropertyValueSpecification","valueRequired":true,"valueName":"search_term_string"}}],"inLanguage":"ro-RO"},{"@type":"Organization","@id":"https:\/\/sonycenter.md\/ro\/#organization","name":"sonycenter.md","url":"https:\/\/sonycenter.md\/ro\/","logo":{"@type":"ImageObject","inLanguage":"ro-RO","@id":"https:\/\/sonycenter.md\/ro\/#\/schema\/logo\/image\/","url":"","contentUrl":"","caption":"sonycenter.md"},"image":{"@id":"https:\/\/sonycenter.md\/ro\/#\/schema\/logo\/image\/"}}]}},"_links":{"self":[{"href":"https:\/\/sonycenter.md\/ro\/wp-json\/wp\/v2\/product\/8851","targetHints":{"allow":["GET"]}}],"collection":[{"href":"https:\/\/sonycenter.md\/ro\/wp-json\/wp\/v2\/product"}],"about":[{"href":"https:\/\/sonycenter.md\/ro\/wp-json\/wp\/v2\/types\/product"}],"replies":[{"embeddable":true,"href":"https:\/\/sonycenter.md\/ro\/wp-json\/wp\/v2\/comments?post=8851"}],"wp:featuredmedia":[{"embeddable":true,"href":"https:\/\/sonycenter.md\/ro\/wp-json\/wp\/v2\/media\/32043"}],"wp:attachment":[{"href":"https:\/\/sonycenter.md\/ro\/wp-json\/wp\/v2\/media?parent=8851"}],"wp:term":[{"taxonomy":"product_brand","embeddable":true,"href":"https:\/\/sonycenter.md\/ro\/wp-json\/wp\/v2\/product_brand?post=8851"},{"taxonomy":"product_cat","embeddable":true,"href":"https:\/\/sonycenter.md\/ro\/wp-json\/wp\/v2\/product_cat?post=8851"},{"taxonomy":"product_tag","embeddable":true,"href":"https:\/\/sonycenter.md\/ro\/wp-json\/wp\/v2\/product_tag?post=8851"}],"curies":[{"name":"wp","href":"https:\/\/api.w.org\/{rel}","templated":true}]}}