{"id":8853,"date":"2017-04-18T12:07:54","date_gmt":"2017-04-18T09:07:54","guid":{"rendered":"https:\/\/sonycenter.md\/shop\/selp1650\/"},"modified":"2025-10-06T13:30:56","modified_gmt":"2025-10-06T10:30:56","slug":"selp1650","status":"publish","type":"product","link":"https:\/\/sonycenter.md\/ro\/magazin\/selp1650\/","title":{"rendered":"SELP1650M2 (SELP16502)"},"content":{"rendered":"<p><span style=\"color: #000000;\">Specifica\u021bii suplimentare pentru obiectiv zoom SONY SELP16502 :<\/span><\/p>\n<div class=\"spec-tile span4 shuffle-item filtered\">\n<figure><img decoding=\"async\" class=\"iq-img\" src=\"https:\/\/www.sony.ro\/image\/751c7eccd207f51d362d28b541b048d5?fmt=png-alpha&amp;wid=378\" alt=\"Imagine de exemplificare cu un stand dintr-o pia\u021b\u0103 marocan\u0103, cu o varietate de gen\u021bi \u0219i materiale colorate, ilustr\u00e2nd rezolu\u021bia\" data-src-phone-highres=\"\/\/www.sony.ro\/image\/751c7eccd207f51d362d28b541b048d5?fmt=png-alpha&amp;wid=756\" data-src-desktop=\"\/\/www.sony.ro\/image\/751c7eccd207f51d362d28b541b048d5?fmt=png-alpha&amp;wid=378\" data-src-tablet-highres=\"\/\/www.sony.ro\/image\/751c7eccd207f51d362d28b541b048d5?fmt=png-alpha&amp;wid=756\" data-id=\"img_751c7eccd207f51d362d28b541b048d5\" data-src-phone=\"\/\/www.sony.ro\/image\/751c7eccd207f51d362d28b541b048d5?fmt=png-alpha&amp;wid=378\" data-src-tablet=\"\/\/www.sony.ro\/image\/751c7eccd207f51d362d28b541b048d5?fmt=png-alpha&amp;wid=378\" data-src-desktop-highres=\"\/\/www.sony.ro\/image\/751c7eccd207f51d362d28b541b048d5?fmt=png-alpha&amp;wid=756\" data-pushed=\"true\" data-current=\"\/\/www.sony.ro\/image\/751c7eccd207f51d362d28b541b048d5?fmt=png-alpha&amp;wid=378\" data-hasloaded=\"true\" data-fadeonce=\"true\" \/><\/figure>\n<div class=\"tile-content\">\n<h3 class=\"t6 tile-title\"><span style=\"color: #000000;\">Obiectiv APS-C excelent pentru imagini \u0219i filme<\/span><\/h3>\n<p class=\"p3\"><span style=\"color: #000000;\">Acest obiectiv cu zoom motorizat cu distan\u021b\u0103 focal\u0103 de 16\u201350mm (echivalent full frame 35mm: 24\u201375 mm) este ideal pentru imagini statice \u0219i filme de zi cu zi. Are o greutate de doar 107g\u00a0 \u0219i se str\u00e2nge la 31,3mm\u00a0 c\u00e2nd este oprit. FA rafinat\u0103 permite focalizare \u00een timpul zoomului, iar stabilizarea \u00eencorporat\u0103 minimizeaz\u0103 neclaritatea. Compensarea deplas\u0103rii la focalizare este acceptat\u0103 cu modele compatibile de corpuri.<\/span><\/p>\n<hr \/>\n<\/div>\n<\/div>\n<div class=\"spec-tile span4 shuffle-item filtered\">\n<figure><span style=\"color: #000000;\"><img decoding=\"async\" class=\"iq-img\" src=\"https:\/\/www.sony.ro\/image\/69219da3931333bc16a213fa3d2bba8b?fmt=png-alpha&amp;wid=378\" alt=\"Imagine de exemplificare cu mai multe b\u0103rci albastre ancorate \u00een port, ilustr\u00e2nd rezolu\u021bia\" data-src-phone-highres=\"\/\/www.sony.ro\/image\/69219da3931333bc16a213fa3d2bba8b?fmt=png-alpha&amp;wid=756\" data-src-desktop=\"\/\/www.sony.ro\/image\/69219da3931333bc16a213fa3d2bba8b?fmt=png-alpha&amp;wid=378\" data-src-tablet-highres=\"\/\/www.sony.ro\/image\/69219da3931333bc16a213fa3d2bba8b?fmt=png-alpha&amp;wid=756\" data-id=\"img_69219da3931333bc16a213fa3d2bba8b\" data-src-phone=\"\/\/www.sony.ro\/image\/69219da3931333bc16a213fa3d2bba8b?fmt=png-alpha&amp;wid=378\" data-src-tablet=\"\/\/www.sony.ro\/image\/69219da3931333bc16a213fa3d2bba8b?fmt=png-alpha&amp;wid=378\" data-src-desktop-highres=\"\/\/www.sony.ro\/image\/69219da3931333bc16a213fa3d2bba8b?fmt=png-alpha&amp;wid=756\" data-pushed=\"true\" data-current=\"\/\/www.sony.ro\/image\/69219da3931333bc16a213fa3d2bba8b?fmt=png-alpha&amp;wid=378\" data-hasloaded=\"true\" data-fadeonce=\"true\" \/><\/span><\/figure>\n<div class=\"tile-content\">\n<h3 class=\"t6 tile-title\"><span style=\"color: #000000;\">Performan\u021b\u0103 optic\u0103 excelent\u0103<\/span><\/h3>\n<p class=\"p3\"><span style=\"color: #000000;\">Patru elemente asferice \u0219i un element ED (Dispersie extrem de sc\u0103zut\u0103) \u00eentr-un design optic cu 9 elemente \u00een 8 grupuri contribuie la rezolu\u021bie ridicat\u0103 \u00een \u00eentregul interval de zoom 16-50mm (echivalent full frame 35 mm: 24\u201375mm). Dispersia culorii este minimizat\u0103, claritatea este excelent\u0103 \u0219i efectul bokeh delicat este disponibil oric\u00e2nd ave\u021bi nevoie.<\/span><\/p>\n<hr \/>\n<\/div>\n<\/div>\n<div class=\"spec-tile span4 shuffle-item filtered\">\n<figure><span style=\"color: #000000;\"><img decoding=\"async\" class=\"iq-img\" src=\"https:\/\/www.sony.ro\/image\/8d00dfa4b8ee04b716b78c322ceef3d3?fmt=png-alpha&amp;wid=378\" alt=\"Imagine de exemplificare cu o decora\u021biune, ilustr\u00e2nd efectul bokeh din fundal\" data-src-phone-highres=\"\/\/www.sony.ro\/image\/8d00dfa4b8ee04b716b78c322ceef3d3?fmt=png-alpha&amp;wid=756\" data-src-desktop=\"\/\/www.sony.ro\/image\/8d00dfa4b8ee04b716b78c322ceef3d3?fmt=png-alpha&amp;wid=378\" data-src-tablet-highres=\"\/\/www.sony.ro\/image\/8d00dfa4b8ee04b716b78c322ceef3d3?fmt=png-alpha&amp;wid=756\" data-id=\"img_8d00dfa4b8ee04b716b78c322ceef3d3\" data-src-phone=\"\/\/www.sony.ro\/image\/8d00dfa4b8ee04b716b78c322ceef3d3?fmt=png-alpha&amp;wid=378\" data-src-tablet=\"\/\/www.sony.ro\/image\/8d00dfa4b8ee04b716b78c322ceef3d3?fmt=png-alpha&amp;wid=378\" data-src-desktop-highres=\"\/\/www.sony.ro\/image\/8d00dfa4b8ee04b716b78c322ceef3d3?fmt=png-alpha&amp;wid=756\" data-pushed=\"true\" data-current=\"\/\/www.sony.ro\/image\/8d00dfa4b8ee04b716b78c322ceef3d3?fmt=png-alpha&amp;wid=378\" data-hasloaded=\"true\" data-fadeonce=\"true\" \/><\/span><\/figure>\n<div class=\"tile-content\">\n<h3 class=\"t6 tile-title\"><span style=\"color: #000000;\">Efectul bokeh natural scoate \u00een eviden\u021b\u0103 subiectul<\/span><\/h3>\n<p class=\"p3\"><span style=\"color: #000000;\">E PZ 16-50mm F3.5-5.6 OSS II are o diafragm\u0103 circular\u0103 cu 7 lamele care creeaz\u0103 un efect bokeh ce scoate \u00een eviden\u021b\u0103 subiec\u021bii, f\u0103r\u0103 a distrage aten\u021bia.<\/span><\/p>\n<hr \/>\n<\/div>\n<\/div>\n<div class=\"spec-tile span4 shuffle-item filtered\">\n<figure><span style=\"color: #000000;\"><img decoding=\"async\" class=\"iq-img\" src=\"https:\/\/www.sony.ro\/image\/5d5770ddfc9f0c2eee8856a825369af7?fmt=png-alpha&amp;wid=378\" alt=\"Imagine de utilizare cu un utilizator fotografiind un preparat marocan la distan\u021ba minim\u0103 de focalizare a obiectivului\" data-src-phone-highres=\"\/\/www.sony.ro\/image\/5d5770ddfc9f0c2eee8856a825369af7?fmt=png-alpha&amp;wid=756\" data-src-desktop=\"\/\/www.sony.ro\/image\/5d5770ddfc9f0c2eee8856a825369af7?fmt=png-alpha&amp;wid=378\" data-src-tablet-highres=\"\/\/www.sony.ro\/image\/5d5770ddfc9f0c2eee8856a825369af7?fmt=png-alpha&amp;wid=756\" data-id=\"img_5d5770ddfc9f0c2eee8856a825369af7\" data-src-phone=\"\/\/www.sony.ro\/image\/5d5770ddfc9f0c2eee8856a825369af7?fmt=png-alpha&amp;wid=378\" data-src-tablet=\"\/\/www.sony.ro\/image\/5d5770ddfc9f0c2eee8856a825369af7?fmt=png-alpha&amp;wid=378\" data-src-desktop-highres=\"\/\/www.sony.ro\/image\/5d5770ddfc9f0c2eee8856a825369af7?fmt=png-alpha&amp;wid=756\" data-pushed=\"true\" data-current=\"\/\/www.sony.ro\/image\/5d5770ddfc9f0c2eee8856a825369af7?fmt=png-alpha&amp;wid=378\" data-hasloaded=\"true\" data-fadeonce=\"true\" \/><\/span><\/figure>\n<div class=\"tile-content\">\n<h3 class=\"t6 tile-title\"><span style=\"color: #000000;\">Apropia\u021bi-v\u0103 pentru a surprinde detalii<\/span><\/h3>\n<p class=\"p3\"><span style=\"color: #000000;\">Cu o distan\u021b\u0103 minim\u0103 de focalizare de 0,25m (unghi larg ) \/ 0,30m (tele) \u0219i m\u0103rire maxim\u0103 de 0,215x, E PZ 16-50mm F3.5-5.6 OSS II ofer\u0103 performan\u021b\u0103 versatil\u0103 la prim-plan, care v\u0103 permite s\u0103 v\u0103 apropia\u021bi \u0219i s\u0103 focaliza\u021bi pe detalii, de exemplu c\u00e2nd fotografia\u021bi obiecte pe mas\u0103.<\/span><\/p>\n<hr \/>\n<\/div>\n<\/div>\n<div class=\"spec-tile span4 shuffle-item filtered\">\n<figure><span style=\"color: #000000;\"><img decoding=\"async\" class=\"iq-img\" src=\"https:\/\/www.sony.ro\/image\/f427038346b3e85237cc3fbed930b627?fmt=png-alpha&amp;wid=378\" alt=\"Diagram\u0103 ilustr\u00e2nd pozi\u021bionarea intern\u0103 a actuatoarelor folosite \u00een obiectivul E PZ 16-50mm F3.5-5.6 OSS II\" data-src-phone-highres=\"\/\/www.sony.ro\/image\/f427038346b3e85237cc3fbed930b627?fmt=png-alpha&amp;wid=756\" data-src-desktop=\"\/\/www.sony.ro\/image\/f427038346b3e85237cc3fbed930b627?fmt=png-alpha&amp;wid=378\" data-src-tablet-highres=\"\/\/www.sony.ro\/image\/f427038346b3e85237cc3fbed930b627?fmt=png-alpha&amp;wid=756\" data-id=\"img_f427038346b3e85237cc3fbed930b627\" data-src-phone=\"\/\/www.sony.ro\/image\/f427038346b3e85237cc3fbed930b627?fmt=png-alpha&amp;wid=378\" data-src-tablet=\"\/\/www.sony.ro\/image\/f427038346b3e85237cc3fbed930b627?fmt=png-alpha&amp;wid=378\" data-src-desktop-highres=\"\/\/www.sony.ro\/image\/f427038346b3e85237cc3fbed930b627?fmt=png-alpha&amp;wid=756\" data-pushed=\"true\" data-current=\"\/\/www.sony.ro\/image\/f427038346b3e85237cc3fbed930b627?fmt=png-alpha&amp;wid=378\" data-hasloaded=\"true\" data-fadeonce=\"true\" \/><\/span><\/figure>\n<div class=\"tile-content\">\n<h3 class=\"t6 tile-title\"><span style=\"color: #000000;\">Performan\u021b\u0103 FA maxim\u0103 de la corpurile \u03b1<\/span><\/h3>\n<p class=\"p3\"><span style=\"color: #000000;\">Cu un motor liniar avansat \u0219i control la vitez\u0103 ridicat\u0103, E PZ 16-50mm F3.5-5.6 OSS II v\u0103 permite s\u0103 surprinde\u021bi u\u0219or copii sau animale \u00een mi\u0219care \u00een momente fotogenice. Focalizarea este lin\u0103, precis\u0103 \u0219i silen\u021bioas\u0103.<\/span><\/p>\n<hr \/>\n<\/div>\n<\/div>\n<div class=\"spec-tile span4 shuffle-item filtered\">\n<figure><span style=\"color: #000000;\"><img decoding=\"async\" class=\"iq-img\" src=\"https:\/\/www.sony.ro\/image\/a7b48b6e585e4a26958674c064911116?fmt=png-alpha&amp;wid=378\" alt=\"Imagine de utilizare cu un utilizator \u00eenregistr\u00e2nd video cu maneta pentru zoom\" data-src-phone-highres=\"\/\/www.sony.ro\/image\/a7b48b6e585e4a26958674c064911116?fmt=png-alpha&amp;wid=756\" data-src-desktop=\"\/\/www.sony.ro\/image\/a7b48b6e585e4a26958674c064911116?fmt=png-alpha&amp;wid=378\" data-src-tablet-highres=\"\/\/www.sony.ro\/image\/a7b48b6e585e4a26958674c064911116?fmt=png-alpha&amp;wid=756\" data-id=\"img_a7b48b6e585e4a26958674c064911116\" data-src-phone=\"\/\/www.sony.ro\/image\/a7b48b6e585e4a26958674c064911116?fmt=png-alpha&amp;wid=378\" data-src-tablet=\"\/\/www.sony.ro\/image\/a7b48b6e585e4a26958674c064911116?fmt=png-alpha&amp;wid=378\" data-src-desktop-highres=\"\/\/www.sony.ro\/image\/a7b48b6e585e4a26958674c064911116?fmt=png-alpha&amp;wid=756\" data-pushed=\"true\" data-current=\"\/\/www.sony.ro\/image\/a7b48b6e585e4a26958674c064911116?fmt=png-alpha&amp;wid=378\" data-hasloaded=\"true\" data-fadeonce=\"true\" \/><\/span><\/figure>\n<div class=\"tile-content\">\n<h3 class=\"t6 tile-title\"><span style=\"color: #000000;\">Caracteristici avansate pentru filme<\/span><\/h3>\n<p class=\"p3\"><span style=\"color: #000000;\">Zoomul motorizat lin, silen\u021bios este ideal pentru filme, cu focalizare automat\u0103 fiabil\u0103 la zoom. Func\u021bia de stabilizare \u00eencorporat\u0103 func\u021bioneaz\u0103 cu stabilizarea din camer\u0103, inclusiv modul Activ, pentru a minimiza neclaritatea \u00een filme. Deplasarea unghiului la focalizare este controlat\u0103 pentru a minimiza modificarea nepl\u0103cut\u0103 a unghiului de vizualizare \u00een timpul focaliz\u0103rii pentru imagini excep\u021bional de line, stabile.<\/span><\/p>\n<hr \/>\n<\/div>\n<\/div>\n<div class=\"spec-tile span4 shuffle-item filtered\">\n<figure><span style=\"color: #000000;\"><img decoding=\"async\" class=\"iq-img\" src=\"https:\/\/www.sony.ro\/image\/4b3320ba5a052655f4b461e9787dd914?fmt=png-alpha&amp;wid=378\" alt=\"Imagine de produs ilustr\u00e2nd caracterul compact\" data-src-phone-highres=\"\/\/www.sony.ro\/image\/4b3320ba5a052655f4b461e9787dd914?fmt=png-alpha&amp;wid=756\" data-src-desktop=\"\/\/www.sony.ro\/image\/4b3320ba5a052655f4b461e9787dd914?fmt=png-alpha&amp;wid=378\" data-src-tablet-highres=\"\/\/www.sony.ro\/image\/4b3320ba5a052655f4b461e9787dd914?fmt=png-alpha&amp;wid=756\" data-id=\"img_4b3320ba5a052655f4b461e9787dd914\" data-src-phone=\"\/\/www.sony.ro\/image\/4b3320ba5a052655f4b461e9787dd914?fmt=png-alpha&amp;wid=378\" data-src-tablet=\"\/\/www.sony.ro\/image\/4b3320ba5a052655f4b461e9787dd914?fmt=png-alpha&amp;wid=378\" data-src-desktop-highres=\"\/\/www.sony.ro\/image\/4b3320ba5a052655f4b461e9787dd914?fmt=png-alpha&amp;wid=756\" data-pushed=\"true\" data-current=\"\/\/www.sony.ro\/image\/4b3320ba5a052655f4b461e9787dd914?fmt=png-alpha&amp;wid=378\" data-hasloaded=\"true\" data-fadeonce=\"true\" \/><\/span><\/figure>\n<div class=\"tile-content\">\n<h3 class=\"t6 tile-title\"><span style=\"color: #000000;\">Agilitate \u0219i mobilitate pentru orice aventur\u0103<\/span><\/h3>\n<p class=\"p3\"><span style=\"color: #000000;\">Complet retras, obiectivul E PZ 16-50mm F3.5-5.6 OSS II are o lungime total\u0103 de doar 31,3mm\u00a0 c\u00e2nd camera este oprit\u0103. \u00cen plus fa\u021b\u0103 de dimensiunile reduse \u0219i greutatea sc\u0103zut\u0103, de doar 107g , este un obiectiv durabil, care poate face fa\u021b\u0103 proiectelor de zi cu zi.<\/span><\/p>\n<hr \/>\n<\/div>\n<\/div>\n<div class=\"spec-tile span4 shuffle-item filtered\">\n<figure><span style=\"color: #000000;\"><img decoding=\"async\" class=\"iq-img\" src=\"https:\/\/www.sony.ro\/image\/f4f810fb4ad7921ab5b0078518f6cb9f?fmt=png-alpha&amp;wid=378\" alt=\"Imagine din st\u00e2nga cu cilindrul obiectivul cu inelul Zoom\/Focalizare \u0219i maneta pentru zoom eviden\u021biate\" data-src-phone-highres=\"\/\/www.sony.ro\/image\/f4f810fb4ad7921ab5b0078518f6cb9f?fmt=png-alpha&amp;wid=756\" data-src-desktop=\"\/\/www.sony.ro\/image\/f4f810fb4ad7921ab5b0078518f6cb9f?fmt=png-alpha&amp;wid=378\" data-src-tablet-highres=\"\/\/www.sony.ro\/image\/f4f810fb4ad7921ab5b0078518f6cb9f?fmt=png-alpha&amp;wid=756\" data-id=\"img_f4f810fb4ad7921ab5b0078518f6cb9f\" data-src-phone=\"\/\/www.sony.ro\/image\/f4f810fb4ad7921ab5b0078518f6cb9f?fmt=png-alpha&amp;wid=378\" data-src-tablet=\"\/\/www.sony.ro\/image\/f4f810fb4ad7921ab5b0078518f6cb9f?fmt=png-alpha&amp;wid=378\" data-src-desktop-highres=\"\/\/www.sony.ro\/image\/f4f810fb4ad7921ab5b0078518f6cb9f?fmt=png-alpha&amp;wid=756\" data-pushed=\"true\" data-current=\"\/\/www.sony.ro\/image\/f4f810fb4ad7921ab5b0078518f6cb9f?fmt=png-alpha&amp;wid=378\" data-hasloaded=\"true\" data-fadeonce=\"true\" \/><\/span><\/figure>\n<div class=\"tile-content\">\n<h3 class=\"t6 tile-title\"><span style=\"color: #000000;\">Control flexibil \u00eentr-un obiectiv compact<\/span><\/h3>\n<p class=\"p3\"><span style=\"color: #000000;\">Un inel integrat de zoom \u0219i focalizare permite zoom sau focalizare rapide, precise, \u00een func\u021bie de nevoile momentului. Zoomul motorizat poate fi controlat cu maneta pentru zoom, care permite control lin al zoomului, la vitez\u0103 constant\u0103. E PZ 16-50mm F3.5-5.6 OSS II accept\u0103 filtre cu filet de 40,5mm.\u00a0 [1] Inel zoom\/focalizare\u00a0 [2] Manet\u0103 zoom<\/span><\/p>\n<\/div>\n<\/div>\n","protected":false},"excerpt":{"rendered":"<ul>\n<li><span style=\"color: #000000;\">SONY E PZ 16-50mm F3.5-5.6 OSS II<\/span><\/li>\n<li><span style=\"color: #000000;\">Baioneta : SONY E-Mount<\/span><\/li>\n<li><span style=\"color: #000000;\">Format : APS-C, crop 1.5<\/span><\/li>\n<li><span style=\"color: #000000;\">Distan\u021b\u0103 focal\u0103 : f=16-50 mm<\/span><\/li>\n<li><span style=\"color: #000000;\">Valoarea maxim\u0103 a diafragmei : F3.5-5.6<\/span><\/li>\n<li><span style=\"color: #000000;\">Valoarea minim\u0103 a diafragmei : F22-36<\/span><\/li>\n<li><span style=\"color: #000000;\">Lamele diafragmei : 7<\/span><\/li>\n<li><span style=\"color: #000000;\">Stabilizare integrat\u0103 : Da<\/span><\/li>\n<li><span style=\"color: #000000;\">Distan\u021ba minim\u0103 de focalizare : 0,25 m<\/span><\/li>\n<li><span style=\"color: #000000;\">Diametru filtru : 40.5 mm<\/span><\/li>\n<li><span style=\"color: #000000;\">Dimensiuni : 66 x 31 mm<\/span><\/li>\n<li><span style=\"color: #000000;\">Greutate : 107 g<\/span><\/li>\n<li><span style=\"color: #000000;\">Con\u021binului cutiei : parasolar, capacul din spate \u0219i din fa\u021b\u0103<\/span><\/li>\n<li><span style=\"color: #000000;\">Garan\u021bie de firm\u0103 : 2 ani<\/span><\/li>\n<\/ul>\n","protected":false},"featured_media":27701,"comment_status":"open","ping_status":"closed","template":"","meta":[],"product_brand":[],"product_cat":[899],"product_tag":[],"class_list":{"0":"post-8853","1":"product","2":"type-product","3":"status-publish","4":"has-post-thumbnail","6":"product_cat-obiective-zoom","8":"first","9":"outofstock","10":"sale","11":"shipping-taxable","12":"purchasable","13":"product-type-simple"},"yoast_head":"<!-- This site is optimized with the Yoast SEO plugin v26.3 - https:\/\/yoast.com\/wordpress\/plugins\/seo\/ -->\n<title>SONY SELP1650 II | SONY E PZ 16-50mm F3.5-5.6 OSS II<\/title>\n<meta name=\"description\" content=\"Cumpara obiectiv SONY SELP16502 in Chisinau | Comanda online obiective SONY cu livrare gratuita in Moldova | SONY E PZ 16-50mm F3.5-5.6 OSS II\" \/>\n<meta name=\"robots\" content=\"index, follow, max-snippet:-1, max-image-preview:large, max-video-preview:-1\" \/>\n<link rel=\"canonical\" href=\"https:\/\/sonycenter.md\/ro\/magazin\/selp1650\/\" \/>\n<meta property=\"og:locale\" content=\"ro_RO\" \/>\n<meta property=\"og:type\" content=\"article\" \/>\n<meta property=\"og:title\" content=\"SONY SELP1650 II | SONY E PZ 16-50mm F3.5-5.6 OSS II\" \/>\n<meta property=\"og:description\" content=\"Cumpara obiectiv SONY SELP16502 in Chisinau | Comanda online obiective SONY cu livrare gratuita in Moldova | SONY E PZ 16-50mm F3.5-5.6 OSS II\" \/>\n<meta property=\"og:url\" content=\"https:\/\/sonycenter.md\/ro\/magazin\/selp1650\/\" \/>\n<meta property=\"og:site_name\" content=\"SONY\" \/>\n<meta property=\"article:modified_time\" content=\"2025-10-06T10:30:56+00:00\" \/>\n<meta property=\"og:image\" content=\"https:\/\/sonycenter.md\/wp-content\/uploads\/2024\/08\/SELP16502.jpg\" \/>\n\t<meta property=\"og:image:width\" content=\"600\" \/>\n\t<meta property=\"og:image:height\" content=\"600\" \/>\n\t<meta property=\"og:image:type\" content=\"image\/jpeg\" \/>\n<meta name=\"twitter:card\" content=\"summary_large_image\" \/>\n<meta name=\"twitter:label1\" content=\"Est. reading time\" \/>\n\t<meta name=\"twitter:data1\" content=\"5 minutes\" \/>\n<script type=\"application\/ld+json\" class=\"yoast-schema-graph\">{\"@context\":\"https:\/\/schema.org\",\"@graph\":[{\"@type\":[\"WebPage\",\"ItemPage\"],\"@id\":\"https:\/\/sonycenter.md\/ro\/magazin\/selp1650\/\",\"url\":\"https:\/\/sonycenter.md\/ro\/magazin\/selp1650\/\",\"name\":\"SONY SELP1650 II | SONY E PZ 16-50mm F3.5-5.6 OSS II\",\"isPartOf\":{\"@id\":\"https:\/\/sonycenter.md\/ro\/#website\"},\"primaryImageOfPage\":{\"@id\":\"https:\/\/sonycenter.md\/ro\/magazin\/selp1650\/#primaryimage\"},\"image\":{\"@id\":\"https:\/\/sonycenter.md\/ro\/magazin\/selp1650\/#primaryimage\"},\"thumbnailUrl\":\"https:\/\/sonycenter.md\/wp-content\/uploads\/2024\/08\/SELP16502.jpg\",\"datePublished\":\"2017-04-18T09:07:54+00:00\",\"dateModified\":\"2025-10-06T10:30:56+00:00\",\"description\":\"Cumpara obiectiv SONY SELP16502 in Chisinau | Comanda online obiective SONY cu livrare gratuita in Moldova | SONY E PZ 16-50mm F3.5-5.6 OSS II\",\"breadcrumb\":{\"@id\":\"https:\/\/sonycenter.md\/ro\/magazin\/selp1650\/#breadcrumb\"},\"inLanguage\":\"ro-RO\",\"potentialAction\":[{\"@type\":\"ReadAction\",\"target\":[\"https:\/\/sonycenter.md\/ro\/magazin\/selp1650\/\"]}]},{\"@type\":\"ImageObject\",\"inLanguage\":\"ro-RO\",\"@id\":\"https:\/\/sonycenter.md\/ro\/magazin\/selp1650\/#primaryimage\",\"url\":\"https:\/\/sonycenter.md\/wp-content\/uploads\/2024\/08\/SELP16502.jpg\",\"contentUrl\":\"https:\/\/sonycenter.md\/wp-content\/uploads\/2024\/08\/SELP16502.jpg\",\"width\":600,\"height\":600,\"caption\":\"SELP1650M2 (SELP16502)\"},{\"@type\":\"BreadcrumbList\",\"@id\":\"https:\/\/sonycenter.md\/ro\/magazin\/selp1650\/#breadcrumb\",\"itemListElement\":[{\"@type\":\"ListItem\",\"position\":1,\"name\":\"\u0413\u043b\u0430\u0432\u043d\u0430\u044f \u0441\u0442\u0440\u0430\u043d\u0438\u0446\u0430\",\"item\":\"https:\/\/sonycenter.md\/ro\/\"},{\"@type\":\"ListItem\",\"position\":2,\"name\":\"Magazin\",\"item\":\"https:\/\/sonycenter.md\/shop\/\"},{\"@type\":\"ListItem\",\"position\":3,\"name\":\"SELP1650M2 (SELP16502)\"}]},{\"@type\":\"WebSite\",\"@id\":\"https:\/\/sonycenter.md\/ro\/#website\",\"url\":\"https:\/\/sonycenter.md\/ro\/\",\"name\":\"sonycenter.md\",\"description\":\"SONYCENTER \u00een Chi\u0219in\u0103u\",\"publisher\":{\"@id\":\"https:\/\/sonycenter.md\/ro\/#organization\"},\"potentialAction\":[{\"@type\":\"SearchAction\",\"target\":{\"@type\":\"EntryPoint\",\"urlTemplate\":\"https:\/\/sonycenter.md\/ro\/?s={search_term_string}\"},\"query-input\":{\"@type\":\"PropertyValueSpecification\",\"valueRequired\":true,\"valueName\":\"search_term_string\"}}],\"inLanguage\":\"ro-RO\"},{\"@type\":\"Organization\",\"@id\":\"https:\/\/sonycenter.md\/ro\/#organization\",\"name\":\"sonycenter.md\",\"url\":\"https:\/\/sonycenter.md\/ro\/\",\"logo\":{\"@type\":\"ImageObject\",\"inLanguage\":\"ro-RO\",\"@id\":\"https:\/\/sonycenter.md\/ro\/#\/schema\/logo\/image\/\",\"url\":\"\",\"contentUrl\":\"\",\"caption\":\"sonycenter.md\"},\"image\":{\"@id\":\"https:\/\/sonycenter.md\/ro\/#\/schema\/logo\/image\/\"}}]}<\/script>\n<!-- \/ Yoast SEO plugin. -->","yoast_head_json":{"title":"SONY SELP1650 II | SONY E PZ 16-50mm F3.5-5.6 OSS II","description":"Cumpara obiectiv SONY SELP16502 in Chisinau | Comanda online obiective SONY cu livrare gratuita in Moldova | SONY E PZ 16-50mm F3.5-5.6 OSS II","robots":{"index":"index","follow":"follow","max-snippet":"max-snippet:-1","max-image-preview":"max-image-preview:large","max-video-preview":"max-video-preview:-1"},"canonical":"https:\/\/sonycenter.md\/ro\/magazin\/selp1650\/","og_locale":"ro_RO","og_type":"article","og_title":"SONY SELP1650 II | SONY E PZ 16-50mm F3.5-5.6 OSS II","og_description":"Cumpara obiectiv SONY SELP16502 in Chisinau | Comanda online obiective SONY cu livrare gratuita in Moldova | SONY E PZ 16-50mm F3.5-5.6 OSS II","og_url":"https:\/\/sonycenter.md\/ro\/magazin\/selp1650\/","og_site_name":"SONY","article_modified_time":"2025-10-06T10:30:56+00:00","og_image":[{"width":600,"height":600,"url":"https:\/\/sonycenter.md\/wp-content\/uploads\/2024\/08\/SELP16502.jpg","type":"image\/jpeg"}],"twitter_card":"summary_large_image","twitter_misc":{"Est. reading time":"5 minutes"},"schema":{"@context":"https:\/\/schema.org","@graph":[{"@type":["WebPage","ItemPage"],"@id":"https:\/\/sonycenter.md\/ro\/magazin\/selp1650\/","url":"https:\/\/sonycenter.md\/ro\/magazin\/selp1650\/","name":"SONY SELP1650 II | SONY E PZ 16-50mm F3.5-5.6 OSS II","isPartOf":{"@id":"https:\/\/sonycenter.md\/ro\/#website"},"primaryImageOfPage":{"@id":"https:\/\/sonycenter.md\/ro\/magazin\/selp1650\/#primaryimage"},"image":{"@id":"https:\/\/sonycenter.md\/ro\/magazin\/selp1650\/#primaryimage"},"thumbnailUrl":"https:\/\/sonycenter.md\/wp-content\/uploads\/2024\/08\/SELP16502.jpg","datePublished":"2017-04-18T09:07:54+00:00","dateModified":"2025-10-06T10:30:56+00:00","description":"Cumpara obiectiv SONY SELP16502 in Chisinau | Comanda online obiective SONY cu livrare gratuita in Moldova | SONY E PZ 16-50mm F3.5-5.6 OSS II","breadcrumb":{"@id":"https:\/\/sonycenter.md\/ro\/magazin\/selp1650\/#breadcrumb"},"inLanguage":"ro-RO","potentialAction":[{"@type":"ReadAction","target":["https:\/\/sonycenter.md\/ro\/magazin\/selp1650\/"]}]},{"@type":"ImageObject","inLanguage":"ro-RO","@id":"https:\/\/sonycenter.md\/ro\/magazin\/selp1650\/#primaryimage","url":"https:\/\/sonycenter.md\/wp-content\/uploads\/2024\/08\/SELP16502.jpg","contentUrl":"https:\/\/sonycenter.md\/wp-content\/uploads\/2024\/08\/SELP16502.jpg","width":600,"height":600,"caption":"SELP1650M2 (SELP16502)"},{"@type":"BreadcrumbList","@id":"https:\/\/sonycenter.md\/ro\/magazin\/selp1650\/#breadcrumb","itemListElement":[{"@type":"ListItem","position":1,"name":"\u0413\u043b\u0430\u0432\u043d\u0430\u044f \u0441\u0442\u0440\u0430\u043d\u0438\u0446\u0430","item":"https:\/\/sonycenter.md\/ro\/"},{"@type":"ListItem","position":2,"name":"Magazin","item":"https:\/\/sonycenter.md\/shop\/"},{"@type":"ListItem","position":3,"name":"SELP1650M2 (SELP16502)"}]},{"@type":"WebSite","@id":"https:\/\/sonycenter.md\/ro\/#website","url":"https:\/\/sonycenter.md\/ro\/","name":"sonycenter.md","description":"SONYCENTER \u00een Chi\u0219in\u0103u","publisher":{"@id":"https:\/\/sonycenter.md\/ro\/#organization"},"potentialAction":[{"@type":"SearchAction","target":{"@type":"EntryPoint","urlTemplate":"https:\/\/sonycenter.md\/ro\/?s={search_term_string}"},"query-input":{"@type":"PropertyValueSpecification","valueRequired":true,"valueName":"search_term_string"}}],"inLanguage":"ro-RO"},{"@type":"Organization","@id":"https:\/\/sonycenter.md\/ro\/#organization","name":"sonycenter.md","url":"https:\/\/sonycenter.md\/ro\/","logo":{"@type":"ImageObject","inLanguage":"ro-RO","@id":"https:\/\/sonycenter.md\/ro\/#\/schema\/logo\/image\/","url":"","contentUrl":"","caption":"sonycenter.md"},"image":{"@id":"https:\/\/sonycenter.md\/ro\/#\/schema\/logo\/image\/"}}]}},"_links":{"self":[{"href":"https:\/\/sonycenter.md\/ro\/wp-json\/wp\/v2\/product\/8853","targetHints":{"allow":["GET"]}}],"collection":[{"href":"https:\/\/sonycenter.md\/ro\/wp-json\/wp\/v2\/product"}],"about":[{"href":"https:\/\/sonycenter.md\/ro\/wp-json\/wp\/v2\/types\/product"}],"replies":[{"embeddable":true,"href":"https:\/\/sonycenter.md\/ro\/wp-json\/wp\/v2\/comments?post=8853"}],"wp:featuredmedia":[{"embeddable":true,"href":"https:\/\/sonycenter.md\/ro\/wp-json\/wp\/v2\/media\/27701"}],"wp:attachment":[{"href":"https:\/\/sonycenter.md\/ro\/wp-json\/wp\/v2\/media?parent=8853"}],"wp:term":[{"taxonomy":"product_brand","embeddable":true,"href":"https:\/\/sonycenter.md\/ro\/wp-json\/wp\/v2\/product_brand?post=8853"},{"taxonomy":"product_cat","embeddable":true,"href":"https:\/\/sonycenter.md\/ro\/wp-json\/wp\/v2\/product_cat?post=8853"},{"taxonomy":"product_tag","embeddable":true,"href":"https:\/\/sonycenter.md\/ro\/wp-json\/wp\/v2\/product_tag?post=8853"}],"curies":[{"name":"wp","href":"https:\/\/api.w.org\/{rel}","templated":true}]}}