{"id":8861,"date":"2017-04-18T12:37:53","date_gmt":"2017-04-18T09:37:53","guid":{"rendered":"https:\/\/sonycenter.md\/shop\/sel2870\/"},"modified":"2026-04-03T10:51:28","modified_gmt":"2026-04-03T07:51:28","slug":"sel2870","status":"publish","type":"product","link":"https:\/\/sonycenter.md\/ro\/magazin\/sel2870\/","title":{"rendered":"SEL2870 II"},"content":{"rendered":"<p><span style=\"color: #000000;\">Specifica\u021bii complete pentru obiectiv zoom SONY SEL28702 :<\/span><\/p>\n<div class=\"spec-tile span4 shuffle-item filtered\">\n<div class=\"tile-content\">\n<h3 class=\"t6 tile-title\"><span style=\"color: #000000;\">Imagini Full Frame de 35 mm<\/span><\/h3>\n<p class=\"p3\"><span style=\"color: #000000;\">Acest obiectiv cu zoom mediu Full Frame de 35 mm este proiectat s\u0103 func\u0163ioneze cu toate camerele cu montur\u0103 E de la Sony, asigur\u00e2nd un contrast \u015fi o rezolu\u0163ie uimitoare, p\u00e2n\u0103 la marginile imaginii.<\/span><\/p>\n<hr \/>\n<\/div>\n<\/div>\n<div class=\"spec-tile span4 shuffle-item filtered\">\n<div class=\"tile-content\">\n<h3 class=\"t6 tile-title\"><span style=\"color: #000000;\">Tehnologie avansat\u0103 cu lentile asferice<\/span><\/h3>\n<p class=\"p3\"><span style=\"color: #000000;\">Tehnologia elementelor asferice maximizeaz\u0103 portabilitatea f\u0103r\u0103 a sacrifica puterea de captur\u0103 a imaginilor. Obiectivul combin\u0103 trei elemente asferice cu un element de sticl\u0103 ED (cu dispersie extrem) de sc\u0103zut\u0103 pentru a oferi imagini de \u00eenalt\u0103 precizie, cu un nivel uimitor de redare, fiind lipsit de designul voluminos asociat obiectivelor DSLR similare.<\/span><\/p>\n<hr \/>\n<\/div>\n<\/div>\n<div class=\"spec-tile span4 shuffle-item filtered\">\n<div class=\"tile-content\">\n<h3 class=\"t6 tile-title\"><span style=\"color: #000000;\">Element de sticl\u0103 cu dispersie foarte sc\u0103zut\u0103<\/span><\/h3>\n<p class=\"p3\"><span style=\"color: #000000;\">Obiectivele din sticl\u0103 optic\u0103 conven\u0163ional\u0103 pot provoca dificult\u0103\u0163i legate de abera\u0163ia cromatic\u0103 atunci c\u00e2nd distan\u0163a focal\u0103 cre\u015fte. Tehnologia cu sticl\u0103 cu dispersie foarte sc\u0103zut\u0103 (ED) a fost dezvoltat\u0103 pentru a rezolva aceste probleme, oferind un contrast superior \u015fi o calitate mai bun\u0103 a culorilor pe \u00eentreaga distan\u0163\u0103 focal\u0103, chiar \u015fi la set\u0103ri mari ale deschiderii diafragmei.<\/span><\/p>\n<hr \/>\n<\/div>\n<\/div>\n<div class=\"spec-tile span4 shuffle-item filtered\">\n<div class=\"tile-content\">\n<h3 class=\"t6 tile-title\"><span style=\"color: #000000;\">Stabilizare optic\u0103 a imaginilor SteadyShot<\/span><\/h3>\n<p class=\"p3\"><span style=\"color: #000000;\">Stabilizarea optic\u0103 SteadyShot\u2122 men\u0163ine imaginea stabil\u0103 chiar \u015fi atunci c\u00e2nd m\u00e2inile dvs. nu sunt. Compens\u00e2nd mi\u015fc\u0103rile u\u015foare ale m\u00e2inilor care pot cauza neclarit\u0103\u0163i \u015fi distorsiuni, stabilizarea optic\u0103 SteadyShot\u2122 asigur\u0103 fotografii excelente, chiar \u015fi la zoom ridicat.<\/span><\/p>\n<hr \/>\n<\/div>\n<\/div>\n<div class=\"spec-tile span4 shuffle-item filtered\">\n<div class=\"tile-content\">\n<h3 class=\"t6 tile-title\"><span style=\"color: #000000;\">Diafragm\u0103 circular\u0103 cu 7 lame<\/span><\/h3>\n<p class=\"p3\"><span style=\"color: #000000;\">Designul circular cu 7 lame men\u0163ine diafragma aproape perfect circular\u0103 pe \u00eentregul interval de valori F-stop. Astfel, este posibil\u0103 o defocalizare mai lin\u0103, mai natural\u0103 a imaginilor, inclusiv estomparea artistic\u0103 sau efecte \u201ebookeh\u201d \u015fi un control mai bun asupra ad\u00e2ncimii c\u00e2mpului.<\/span><\/p>\n<\/div>\n<\/div>\n","protected":false},"excerpt":{"rendered":"<ul>\n<li lang=\"ru-RU\"><span style=\"color: #000000;\">SONY FE 28-70mm F3.5-5.6 OSS II<\/span><\/li>\n<li lang=\"ru-RU\"><span style=\"color: #000000;\">Obiectivul actualizat (SEL28702)<\/span><\/li>\n<li><span style=\"color: #000000;\">Baioneta : SONY E-Mount<\/span><\/li>\n<li><span style=\"color: #000000;\">Format : Full Frame , 35 mm<\/span><\/li>\n<li><span style=\"color: #000000;\">Distan\u021b\u0103 focal\u0103 : f=28-70 mm<\/span><\/li>\n<li><span style=\"color: #000000;\">Valoarea maxim\u0103 a diafragmei : F3.5-5.6<\/span><\/li>\n<li><span style=\"color: #000000;\">Valoarea minim\u0103 a diafragmei : F22-36<\/span><\/li>\n<li><span style=\"color: #000000;\">Lamele diafragmei : 7<\/span><\/li>\n<li><span style=\"color: #000000;\">Stabilizare integrat\u0103 : Da<\/span><\/li>\n<li><span style=\"color: #000000;\">Distan\u021ba minim\u0103 de focalizare : 0,3 m<\/span><\/li>\n<li><span style=\"color: #000000;\">Diametru filtru : 55 mm<\/span><\/li>\n<li><span style=\"color: #000000;\">Dimensiuni : 72,5 x 83 mm<\/span><\/li>\n<li><span style=\"color: #000000;\">Greutate : 295 g<\/span><\/li>\n<li><span style=\"color: #000000;\">Con\u021binului cutiei : parasolar, capacul din spate \u0219i din fa\u021b\u0103<\/span><\/li>\n<li><span style=\"color: #000000;\">Garan\u021bie de firm\u0103 : 2 ani<\/span><\/li>\n<\/ul>\n","protected":false},"featured_media":32039,"comment_status":"open","ping_status":"closed","template":"","meta":[],"product_brand":[],"product_cat":[899],"product_tag":[],"class_list":{"0":"post-8861","1":"product","2":"type-product","3":"status-publish","4":"has-post-thumbnail","6":"product_cat-obiective-zoom","8":"first","9":"outofstock","10":"sale","11":"shipping-taxable","12":"purchasable","13":"product-type-simple"},"yoast_head":"<!-- This site is optimized with the Yoast SEO plugin v26.3 - https:\/\/yoast.com\/wordpress\/plugins\/seo\/ -->\n<title>SONY SEL28702 | SONY FE 28-70mm F3.5-5.6 OSS II<\/title>\n<meta name=\"description\" content=\"SONY SEL28702 | Chi\u0219in\u0103u | SONY FE 28-70mm F3.5-5.6 OSS II\" \/>\n<meta name=\"robots\" content=\"index, follow, max-snippet:-1, max-image-preview:large, max-video-preview:-1\" \/>\n<link rel=\"canonical\" href=\"https:\/\/sonycenter.md\/ro\/magazin\/sel2870\/\" \/>\n<meta property=\"og:locale\" content=\"ro_RO\" \/>\n<meta property=\"og:type\" content=\"article\" \/>\n<meta property=\"og:title\" content=\"SONY SEL28702 | SONY FE 28-70mm F3.5-5.6 OSS II\" \/>\n<meta property=\"og:description\" content=\"SONY SEL28702 | Chi\u0219in\u0103u | SONY FE 28-70mm F3.5-5.6 OSS II\" \/>\n<meta property=\"og:url\" content=\"https:\/\/sonycenter.md\/ro\/magazin\/sel2870\/\" \/>\n<meta property=\"og:site_name\" content=\"SONY\" \/>\n<meta property=\"article:modified_time\" content=\"2026-04-03T07:51:28+00:00\" \/>\n<meta property=\"og:image\" content=\"https:\/\/sonycenter.md\/wp-content\/uploads\/2025\/08\/sel2870-2.jpg\" \/>\n\t<meta property=\"og:image:width\" content=\"600\" \/>\n\t<meta property=\"og:image:height\" content=\"600\" \/>\n\t<meta property=\"og:image:type\" content=\"image\/jpeg\" \/>\n<meta name=\"twitter:card\" content=\"summary_large_image\" \/>\n<meta name=\"twitter:label1\" content=\"Est. reading time\" \/>\n\t<meta name=\"twitter:data1\" content=\"2 minutes\" \/>\n<script type=\"application\/ld+json\" class=\"yoast-schema-graph\">{\"@context\":\"https:\/\/schema.org\",\"@graph\":[{\"@type\":[\"WebPage\",\"ItemPage\"],\"@id\":\"https:\/\/sonycenter.md\/ro\/magazin\/sel2870\/\",\"url\":\"https:\/\/sonycenter.md\/ro\/magazin\/sel2870\/\",\"name\":\"SONY SEL28702 | SONY FE 28-70mm F3.5-5.6 OSS II\",\"isPartOf\":{\"@id\":\"https:\/\/sonycenter.md\/ro\/#website\"},\"primaryImageOfPage\":{\"@id\":\"https:\/\/sonycenter.md\/ro\/magazin\/sel2870\/#primaryimage\"},\"image\":{\"@id\":\"https:\/\/sonycenter.md\/ro\/magazin\/sel2870\/#primaryimage\"},\"thumbnailUrl\":\"https:\/\/sonycenter.md\/wp-content\/uploads\/2025\/08\/sel2870-2.jpg\",\"datePublished\":\"2017-04-18T09:37:53+00:00\",\"dateModified\":\"2026-04-03T07:51:28+00:00\",\"description\":\"SONY SEL28702 | Chi\u0219in\u0103u | SONY FE 28-70mm F3.5-5.6 OSS II\",\"breadcrumb\":{\"@id\":\"https:\/\/sonycenter.md\/ro\/magazin\/sel2870\/#breadcrumb\"},\"inLanguage\":\"ro-RO\",\"potentialAction\":[{\"@type\":\"ReadAction\",\"target\":[\"https:\/\/sonycenter.md\/ro\/magazin\/sel2870\/\"]}]},{\"@type\":\"ImageObject\",\"inLanguage\":\"ro-RO\",\"@id\":\"https:\/\/sonycenter.md\/ro\/magazin\/sel2870\/#primaryimage\",\"url\":\"https:\/\/sonycenter.md\/wp-content\/uploads\/2025\/08\/sel2870-2.jpg\",\"contentUrl\":\"https:\/\/sonycenter.md\/wp-content\/uploads\/2025\/08\/sel2870-2.jpg\",\"width\":600,\"height\":600,\"caption\":\"SEL2870 II\"},{\"@type\":\"BreadcrumbList\",\"@id\":\"https:\/\/sonycenter.md\/ro\/magazin\/sel2870\/#breadcrumb\",\"itemListElement\":[{\"@type\":\"ListItem\",\"position\":1,\"name\":\"\u0413\u043b\u0430\u0432\u043d\u0430\u044f \u0441\u0442\u0440\u0430\u043d\u0438\u0446\u0430\",\"item\":\"https:\/\/sonycenter.md\/ro\/\"},{\"@type\":\"ListItem\",\"position\":2,\"name\":\"Magazin\",\"item\":\"https:\/\/sonycenter.md\/shop\/\"},{\"@type\":\"ListItem\",\"position\":3,\"name\":\"SEL2870 II\"}]},{\"@type\":\"WebSite\",\"@id\":\"https:\/\/sonycenter.md\/ro\/#website\",\"url\":\"https:\/\/sonycenter.md\/ro\/\",\"name\":\"sonycenter.md\",\"description\":\"SONYCENTER \u00een Chi\u0219in\u0103u\",\"publisher\":{\"@id\":\"https:\/\/sonycenter.md\/ro\/#organization\"},\"potentialAction\":[{\"@type\":\"SearchAction\",\"target\":{\"@type\":\"EntryPoint\",\"urlTemplate\":\"https:\/\/sonycenter.md\/ro\/?s={search_term_string}\"},\"query-input\":{\"@type\":\"PropertyValueSpecification\",\"valueRequired\":true,\"valueName\":\"search_term_string\"}}],\"inLanguage\":\"ro-RO\"},{\"@type\":\"Organization\",\"@id\":\"https:\/\/sonycenter.md\/ro\/#organization\",\"name\":\"sonycenter.md\",\"url\":\"https:\/\/sonycenter.md\/ro\/\",\"logo\":{\"@type\":\"ImageObject\",\"inLanguage\":\"ro-RO\",\"@id\":\"https:\/\/sonycenter.md\/ro\/#\/schema\/logo\/image\/\",\"url\":\"\",\"contentUrl\":\"\",\"caption\":\"sonycenter.md\"},\"image\":{\"@id\":\"https:\/\/sonycenter.md\/ro\/#\/schema\/logo\/image\/\"}}]}<\/script>\n<!-- \/ Yoast SEO plugin. -->","yoast_head_json":{"title":"SONY SEL28702 | SONY FE 28-70mm F3.5-5.6 OSS II","description":"SONY SEL28702 | Chi\u0219in\u0103u | SONY FE 28-70mm F3.5-5.6 OSS II","robots":{"index":"index","follow":"follow","max-snippet":"max-snippet:-1","max-image-preview":"max-image-preview:large","max-video-preview":"max-video-preview:-1"},"canonical":"https:\/\/sonycenter.md\/ro\/magazin\/sel2870\/","og_locale":"ro_RO","og_type":"article","og_title":"SONY SEL28702 | SONY FE 28-70mm F3.5-5.6 OSS II","og_description":"SONY SEL28702 | Chi\u0219in\u0103u | SONY FE 28-70mm F3.5-5.6 OSS II","og_url":"https:\/\/sonycenter.md\/ro\/magazin\/sel2870\/","og_site_name":"SONY","article_modified_time":"2026-04-03T07:51:28+00:00","og_image":[{"width":600,"height":600,"url":"https:\/\/sonycenter.md\/wp-content\/uploads\/2025\/08\/sel2870-2.jpg","type":"image\/jpeg"}],"twitter_card":"summary_large_image","twitter_misc":{"Est. reading time":"2 minutes"},"schema":{"@context":"https:\/\/schema.org","@graph":[{"@type":["WebPage","ItemPage"],"@id":"https:\/\/sonycenter.md\/ro\/magazin\/sel2870\/","url":"https:\/\/sonycenter.md\/ro\/magazin\/sel2870\/","name":"SONY SEL28702 | SONY FE 28-70mm F3.5-5.6 OSS II","isPartOf":{"@id":"https:\/\/sonycenter.md\/ro\/#website"},"primaryImageOfPage":{"@id":"https:\/\/sonycenter.md\/ro\/magazin\/sel2870\/#primaryimage"},"image":{"@id":"https:\/\/sonycenter.md\/ro\/magazin\/sel2870\/#primaryimage"},"thumbnailUrl":"https:\/\/sonycenter.md\/wp-content\/uploads\/2025\/08\/sel2870-2.jpg","datePublished":"2017-04-18T09:37:53+00:00","dateModified":"2026-04-03T07:51:28+00:00","description":"SONY SEL28702 | Chi\u0219in\u0103u | SONY FE 28-70mm F3.5-5.6 OSS II","breadcrumb":{"@id":"https:\/\/sonycenter.md\/ro\/magazin\/sel2870\/#breadcrumb"},"inLanguage":"ro-RO","potentialAction":[{"@type":"ReadAction","target":["https:\/\/sonycenter.md\/ro\/magazin\/sel2870\/"]}]},{"@type":"ImageObject","inLanguage":"ro-RO","@id":"https:\/\/sonycenter.md\/ro\/magazin\/sel2870\/#primaryimage","url":"https:\/\/sonycenter.md\/wp-content\/uploads\/2025\/08\/sel2870-2.jpg","contentUrl":"https:\/\/sonycenter.md\/wp-content\/uploads\/2025\/08\/sel2870-2.jpg","width":600,"height":600,"caption":"SEL2870 II"},{"@type":"BreadcrumbList","@id":"https:\/\/sonycenter.md\/ro\/magazin\/sel2870\/#breadcrumb","itemListElement":[{"@type":"ListItem","position":1,"name":"\u0413\u043b\u0430\u0432\u043d\u0430\u044f \u0441\u0442\u0440\u0430\u043d\u0438\u0446\u0430","item":"https:\/\/sonycenter.md\/ro\/"},{"@type":"ListItem","position":2,"name":"Magazin","item":"https:\/\/sonycenter.md\/shop\/"},{"@type":"ListItem","position":3,"name":"SEL2870 II"}]},{"@type":"WebSite","@id":"https:\/\/sonycenter.md\/ro\/#website","url":"https:\/\/sonycenter.md\/ro\/","name":"sonycenter.md","description":"SONYCENTER \u00een Chi\u0219in\u0103u","publisher":{"@id":"https:\/\/sonycenter.md\/ro\/#organization"},"potentialAction":[{"@type":"SearchAction","target":{"@type":"EntryPoint","urlTemplate":"https:\/\/sonycenter.md\/ro\/?s={search_term_string}"},"query-input":{"@type":"PropertyValueSpecification","valueRequired":true,"valueName":"search_term_string"}}],"inLanguage":"ro-RO"},{"@type":"Organization","@id":"https:\/\/sonycenter.md\/ro\/#organization","name":"sonycenter.md","url":"https:\/\/sonycenter.md\/ro\/","logo":{"@type":"ImageObject","inLanguage":"ro-RO","@id":"https:\/\/sonycenter.md\/ro\/#\/schema\/logo\/image\/","url":"","contentUrl":"","caption":"sonycenter.md"},"image":{"@id":"https:\/\/sonycenter.md\/ro\/#\/schema\/logo\/image\/"}}]}},"_links":{"self":[{"href":"https:\/\/sonycenter.md\/ro\/wp-json\/wp\/v2\/product\/8861","targetHints":{"allow":["GET"]}}],"collection":[{"href":"https:\/\/sonycenter.md\/ro\/wp-json\/wp\/v2\/product"}],"about":[{"href":"https:\/\/sonycenter.md\/ro\/wp-json\/wp\/v2\/types\/product"}],"replies":[{"embeddable":true,"href":"https:\/\/sonycenter.md\/ro\/wp-json\/wp\/v2\/comments?post=8861"}],"wp:featuredmedia":[{"embeddable":true,"href":"https:\/\/sonycenter.md\/ro\/wp-json\/wp\/v2\/media\/32039"}],"wp:attachment":[{"href":"https:\/\/sonycenter.md\/ro\/wp-json\/wp\/v2\/media?parent=8861"}],"wp:term":[{"taxonomy":"product_brand","embeddable":true,"href":"https:\/\/sonycenter.md\/ro\/wp-json\/wp\/v2\/product_brand?post=8861"},{"taxonomy":"product_cat","embeddable":true,"href":"https:\/\/sonycenter.md\/ro\/wp-json\/wp\/v2\/product_cat?post=8861"},{"taxonomy":"product_tag","embeddable":true,"href":"https:\/\/sonycenter.md\/ro\/wp-json\/wp\/v2\/product_tag?post=8861"}],"curies":[{"name":"wp","href":"https:\/\/api.w.org\/{rel}","templated":true}]}}