{"id":8884,"date":"2017-09-04T14:17:09","date_gmt":"2017-09-04T11:17:09","guid":{"rendered":"https:\/\/sonycenter.md\/shop\/sel1224g\/"},"modified":"2025-10-06T11:07:38","modified_gmt":"2025-10-06T08:07:38","slug":"sel1224g","status":"publish","type":"product","link":"https:\/\/sonycenter.md\/ro\/magazin\/sel1224g\/","title":{"rendered":"SEL1224G"},"content":{"rendered":"<p><span style=\"color: #000000;\">Specifica\u021bii complete pentru obiectiv zoom SONY SEL1224G :<\/span><\/p>\n<div class=\"spec-tile span4 shuffle-item filtered\">\n<figure><span style=\"color: #000000;\"><img decoding=\"async\" class=\"iq-img\" src=\"https:\/\/www.sony.ro\/image\/faa3c5e26a9cd19ac920784aa5b29dec?fmt=jpeg&amp;wid=378&amp;qlt=85\" alt=\"Imagine cu FE 12-24mm F4 G\" data-src-phone-highres=\"\/\/www.sony.ro\/image\/faa3c5e26a9cd19ac920784aa5b29dec?fmt=jpeg&amp;wid=756\" data-src-desktop=\"\/\/www.sony.ro\/image\/faa3c5e26a9cd19ac920784aa5b29dec?fmt=jpeg&amp;wid=378\" data-src-tablet-highres=\"\/\/www.sony.ro\/image\/faa3c5e26a9cd19ac920784aa5b29dec?fmt=jpeg&amp;wid=756\" data-id=\"img_faa3c5e26a9cd19ac920784aa5b29dec\" data-src-phone=\"\/\/www.sony.ro\/image\/faa3c5e26a9cd19ac920784aa5b29dec?fmt=jpeg&amp;wid=378\" data-src-tablet=\"\/\/www.sony.ro\/image\/faa3c5e26a9cd19ac920784aa5b29dec?fmt=jpeg&amp;wid=378\" data-src-desktop-highres=\"\/\/www.sony.ro\/image\/faa3c5e26a9cd19ac920784aa5b29dec?fmt=jpeg&amp;wid=756\" data-pushed=\"true\" data-current=\"\/\/www.sony.ro\/image\/faa3c5e26a9cd19ac920784aa5b29dec?fmt=jpeg&amp;wid=378\" data-hasloaded=\"true\" data-fadeonce=\"true\" \/><\/span><\/figure>\n<div class=\"tile-content\">\n<h3 class=\"t6 tile-title\"><span style=\"color: #000000;\">\u00cenalt\u0103 rezolu\u0163ie la unghiuri superangulare extreme<\/span><\/h3>\n<p class=\"p3\"><span style=\"color: #000000;\">Acoperind cea mai mare gam\u0103 disponibil\u0103 de obiective cu montur\u0103 E \u015fi Full Frame, zoomul obiectivului FE 12-24mm F4 G are un poten\u0163ial de expresivitate nemai\u00eent\u00e2lnit pentru peisaje, ora\u015fe, arhitectur\u0103 \u015fi alte subiecte extinse. Elementele optice superangulare de fine\u0163e surprind scene extinse cu perspective dinamice, plus o rezolu\u0163ie \u015fi o claritate remarcabile.<\/span><\/p>\n<hr \/>\n<\/div>\n<\/div>\n<div class=\"spec-tile span4 shuffle-item filtered\">\n<figure><span style=\"color: #000000;\"><img decoding=\"async\" class=\"iq-img\" src=\"https:\/\/www.sony.ro\/image\/33d43eb8c5ea5fb680f401b710bc622a?fmt=jpeg&amp;wid=378&amp;qlt=85\" alt=\"Imagine cu FE 12-24mm F4 G\" data-src-phone-highres=\"\/\/www.sony.ro\/image\/33d43eb8c5ea5fb680f401b710bc622a?fmt=jpeg&amp;wid=756\" data-src-desktop=\"\/\/www.sony.ro\/image\/33d43eb8c5ea5fb680f401b710bc622a?fmt=jpeg&amp;wid=378\" data-src-tablet-highres=\"\/\/www.sony.ro\/image\/33d43eb8c5ea5fb680f401b710bc622a?fmt=jpeg&amp;wid=756\" data-id=\"img_33d43eb8c5ea5fb680f401b710bc622a\" data-src-phone=\"\/\/www.sony.ro\/image\/33d43eb8c5ea5fb680f401b710bc622a?fmt=jpeg&amp;wid=378\" data-src-tablet=\"\/\/www.sony.ro\/image\/33d43eb8c5ea5fb680f401b710bc622a?fmt=jpeg&amp;wid=378\" data-src-desktop-highres=\"\/\/www.sony.ro\/image\/33d43eb8c5ea5fb680f401b710bc622a?fmt=jpeg&amp;wid=756\" data-pushed=\"true\" data-current=\"\/\/www.sony.ro\/image\/33d43eb8c5ea5fb680f401b710bc622a?fmt=jpeg&amp;wid=378\" data-hasloaded=\"true\" data-fadeonce=\"true\" \/><\/span><\/figure>\n<div class=\"tile-content\">\n<h3 class=\"t6 tile-title\"><span style=\"color: #000000;\">Rezolu\u0163ie excelent\u0103 \u00een \u00eentreaga imagine<\/span><\/h3>\n<p class=\"p3\"><span style=\"color: #000000;\">Patru elemente asferice \u00eentr-un design optic inovator suprim\u0103 eficient abera\u0163iile optice care pot fi problematice la obiectivele superangulare. Acest obiectiv remarcabil are o rezolu\u0163ie excelent\u0103, \u00een deplin\u0103 concordan\u0163\u0103 cu conceptul obiectivului G Lens \u00een tot intervalul de zoom.<\/span><\/p>\n<hr \/>\n<\/div>\n<\/div>\n<div class=\"spec-tile span4 shuffle-item filtered\">\n<figure><span style=\"color: #000000;\"><img decoding=\"async\" class=\"iq-img\" src=\"https:\/\/www.sony.ro\/image\/d89d6af102722156c23e503720e6e028?fmt=jpeg&amp;wid=378&amp;qlt=85\" alt=\"Imagine cu FE 12-24mm F4 G\" data-src-phone-highres=\"\/\/www.sony.ro\/image\/d89d6af102722156c23e503720e6e028?fmt=jpeg&amp;wid=756\" data-src-desktop=\"\/\/www.sony.ro\/image\/d89d6af102722156c23e503720e6e028?fmt=jpeg&amp;wid=378\" data-src-tablet-highres=\"\/\/www.sony.ro\/image\/d89d6af102722156c23e503720e6e028?fmt=jpeg&amp;wid=756\" data-id=\"img_d89d6af102722156c23e503720e6e028\" data-src-phone=\"\/\/www.sony.ro\/image\/d89d6af102722156c23e503720e6e028?fmt=jpeg&amp;wid=378\" data-src-tablet=\"\/\/www.sony.ro\/image\/d89d6af102722156c23e503720e6e028?fmt=jpeg&amp;wid=378\" data-src-desktop-highres=\"\/\/www.sony.ro\/image\/d89d6af102722156c23e503720e6e028?fmt=jpeg&amp;wid=756\" data-pushed=\"true\" data-current=\"\/\/www.sony.ro\/image\/d89d6af102722156c23e503720e6e028?fmt=jpeg&amp;wid=378\" data-hasloaded=\"true\" data-fadeonce=\"true\" \/><\/span><\/figure>\n<div class=\"tile-content\">\n<h3 class=\"t6 tile-title\"><span style=\"color: #000000;\">Sticla Super ED \u00eembun\u0103t\u0103\u0163e\u015fte rezolu\u0163ia \u015fi contrastul<\/span><\/h3>\n<p class=\"p3\"><span style=\"color: #000000;\">Un element de sticl\u0103 Super ED (dispersie extrem de sc\u0103zut\u0103) \u015fi trei elemente de sticl\u0103 ED sunt a\u015fezate strategic pentru a reduce abera\u0163ia cromatic\u0103. Reducerea eficient\u0103 a abera\u0163iei cromatice contribuie la intensificarea clarit\u0103\u0163ii \u00een \u00eentreaga imagine.<\/span><\/p>\n<hr \/>\n<\/div>\n<\/div>\n<div class=\"spec-tile span4 shuffle-item filtered\">\n<figure><span style=\"color: #000000;\"><img decoding=\"async\" class=\"iq-img\" src=\"https:\/\/www.sony.ro\/image\/32ad3db92a15fbd338731564e42ddbc4?fmt=jpeg&amp;wid=378&amp;qlt=85\" alt=\"Imagine cu FE 12-24mm F4 G\" data-src-phone-highres=\"\/\/www.sony.ro\/image\/32ad3db92a15fbd338731564e42ddbc4?fmt=jpeg&amp;wid=756\" data-src-desktop=\"\/\/www.sony.ro\/image\/32ad3db92a15fbd338731564e42ddbc4?fmt=jpeg&amp;wid=378\" data-src-tablet-highres=\"\/\/www.sony.ro\/image\/32ad3db92a15fbd338731564e42ddbc4?fmt=jpeg&amp;wid=756\" data-id=\"img_32ad3db92a15fbd338731564e42ddbc4\" data-src-phone=\"\/\/www.sony.ro\/image\/32ad3db92a15fbd338731564e42ddbc4?fmt=jpeg&amp;wid=378\" data-src-tablet=\"\/\/www.sony.ro\/image\/32ad3db92a15fbd338731564e42ddbc4?fmt=jpeg&amp;wid=378\" data-src-desktop-highres=\"\/\/www.sony.ro\/image\/32ad3db92a15fbd338731564e42ddbc4?fmt=jpeg&amp;wid=756\" data-pushed=\"true\" data-current=\"\/\/www.sony.ro\/image\/32ad3db92a15fbd338731564e42ddbc4?fmt=jpeg&amp;wid=378\" data-hasloaded=\"true\" data-fadeonce=\"true\" \/><\/span><\/figure>\n<div class=\"tile-content\">\n<h3 class=\"t6 tile-title\"><span style=\"color: #000000;\">Claritate \u015fi contrast \u00een orice lumin\u0103<\/span><\/h3>\n<p class=\"p3\"><span style=\"color: #000000;\">Stratul antireflexie din nanocristale de la Sony suprim\u0103 reflexiile incidentale care duc la pete albe \u015fi reflexii parazite c\u00e2nd lumina pune probleme, pentru a ob\u0163ine un contrast \u015fi o claritate constante. Lipsa petelor albe \u00eentr-un interval mare al unghiurilor cu lumin\u0103 incidental\u0103 v\u0103 permite o mai mare flexibilitate la \u00eencadrare \u015fi compunere. (1. Strat antireflexie din nanocristale\/2.Sticl\u0103\/3.Lumin\u0103 transmis\u0103)<\/span><\/p>\n<hr \/>\n<\/div>\n<\/div>\n<div class=\"spec-tile span4 shuffle-item filtered\">\n<figure><span style=\"color: #000000;\"><img decoding=\"async\" class=\"iq-img\" src=\"https:\/\/www.sony.ro\/image\/d29b0e6a04398534c4fd5ec2e310405d?fmt=jpeg&amp;wid=378&amp;qlt=85\" alt=\"Imagine cu FE 12-24mm F4 G\" data-src-phone-highres=\"\/\/www.sony.ro\/image\/d29b0e6a04398534c4fd5ec2e310405d?fmt=jpeg&amp;wid=756\" data-src-desktop=\"\/\/www.sony.ro\/image\/d29b0e6a04398534c4fd5ec2e310405d?fmt=jpeg&amp;wid=378\" data-src-tablet-highres=\"\/\/www.sony.ro\/image\/d29b0e6a04398534c4fd5ec2e310405d?fmt=jpeg&amp;wid=756\" data-id=\"img_d29b0e6a04398534c4fd5ec2e310405d\" data-src-phone=\"\/\/www.sony.ro\/image\/d29b0e6a04398534c4fd5ec2e310405d?fmt=jpeg&amp;wid=378\" data-src-tablet=\"\/\/www.sony.ro\/image\/d29b0e6a04398534c4fd5ec2e310405d?fmt=jpeg&amp;wid=378\" data-src-desktop-highres=\"\/\/www.sony.ro\/image\/d29b0e6a04398534c4fd5ec2e310405d?fmt=jpeg&amp;wid=756\" data-pushed=\"true\" data-current=\"\/\/www.sony.ro\/image\/d29b0e6a04398534c4fd5ec2e310405d?fmt=jpeg&amp;wid=378\" data-hasloaded=\"true\" data-fadeonce=\"true\" \/><\/span><\/figure>\n<div class=\"tile-content\">\n<h3 class=\"t6 tile-title\"><span style=\"color: #000000;\">Compact, cu greutate redus\u0103 \u015fi mobil<\/span><\/h3>\n<p class=\"p3\"><span style=\"color: #000000;\">Un design optic de fine\u0163e reduce lungimea total\u0103 a tubului obiectivului, dar \u015fi diametrul elementelor frontale, men\u0163in\u00e2nd cea mai ridicat\u0103 performan\u0163\u0103 optic\u0103 posibil\u0103 la toate distan\u0163ele focale \u015fi set\u0103rile diafragmei. Dimensiunile compacte \u015fi greutatea redus\u0103 de 565 de grame fac ca acest obiectiv s\u0103 fie ideal oric\u00e2nd este necesar\u0103 portabilitatea \u015fi mobilitatea.<\/span><\/p>\n<hr \/>\n<\/div>\n<\/div>\n<div class=\"spec-tile span4 shuffle-item filtered\">\n<figure><span style=\"color: #000000;\"><img decoding=\"async\" class=\"iq-img\" src=\"https:\/\/www.sony.ro\/image\/79170720757fd4a9ac04aa198daeaca7?fmt=jpeg&amp;wid=378&amp;qlt=85\" alt=\"Imagine cu FE 12-24mm F4 G\" data-src-phone-highres=\"\/\/www.sony.ro\/image\/79170720757fd4a9ac04aa198daeaca7?fmt=jpeg&amp;wid=756\" data-src-desktop=\"\/\/www.sony.ro\/image\/79170720757fd4a9ac04aa198daeaca7?fmt=jpeg&amp;wid=378\" data-src-tablet-highres=\"\/\/www.sony.ro\/image\/79170720757fd4a9ac04aa198daeaca7?fmt=jpeg&amp;wid=756\" data-id=\"img_79170720757fd4a9ac04aa198daeaca7\" data-src-phone=\"\/\/www.sony.ro\/image\/79170720757fd4a9ac04aa198daeaca7?fmt=jpeg&amp;wid=378\" data-src-tablet=\"\/\/www.sony.ro\/image\/79170720757fd4a9ac04aa198daeaca7?fmt=jpeg&amp;wid=378\" data-src-desktop-highres=\"\/\/www.sony.ro\/image\/79170720757fd4a9ac04aa198daeaca7?fmt=jpeg&amp;wid=756\" data-pushed=\"true\" data-current=\"\/\/www.sony.ro\/image\/79170720757fd4a9ac04aa198daeaca7?fmt=jpeg&amp;wid=378\" data-hasloaded=\"true\" data-fadeonce=\"true\" \/><\/span><\/figure>\n<div class=\"tile-content\">\n<h3 class=\"t6 tile-title\"><span style=\"color: #000000;\">Focalizare automat\u0103 rapid\u0103 \u015fi silen\u0163ioas\u0103 pentru fotografii \u015fi filme<\/span><\/h3>\n<p class=\"p3\"><span style=\"color: #000000;\">Viteza \u015fi precizia focaliz\u0103rii automate sunt esen\u0163iale pentru urm\u0103rirea \u015fi surprinderea rapid\u0103 a subiectului, dar \u015fi func\u0163ionarea silen\u0163ioas\u0103 este obligatorie pentru \u00eenregistrarea filmelor. Acest obiectiv are \u00een interior un mecanism de focalizare avansat, ac\u0163ionat de sistemul Direct Drive SSM (DDSSM) de la Sony, asigur\u00e2nd focalizarea automat\u0103 cu blocare rapid\u0103 \u015fi exact\u0103 \u015fi func\u0163ionarea lin\u0103, silen\u0163ioas\u0103.<\/span><\/p>\n<\/div>\n<\/div>\n<div class=\"spec-tile span4 shuffle-item filtered\">\n<div class=\"tile-content\">\n<hr \/>\n<\/div>\n<\/div>\n<div class=\"spec-tile span4 shuffle-item filtered\">\n<figure><span style=\"color: #000000;\"><img decoding=\"async\" class=\"iq-img\" src=\"https:\/\/www.sony.ro\/image\/ef85d750dd881e32dcfb1f204313cf7b?fmt=jpeg&amp;wid=378&amp;qlt=85\" alt=\"Imagine cu FE 12-24mm F4 G\" data-src-phone-highres=\"\/\/www.sony.ro\/image\/ef85d750dd881e32dcfb1f204313cf7b?fmt=jpeg&amp;wid=756\" data-src-desktop=\"\/\/www.sony.ro\/image\/ef85d750dd881e32dcfb1f204313cf7b?fmt=jpeg&amp;wid=378\" data-src-tablet-highres=\"\/\/www.sony.ro\/image\/ef85d750dd881e32dcfb1f204313cf7b?fmt=jpeg&amp;wid=756\" data-id=\"img_ef85d750dd881e32dcfb1f204313cf7b\" data-src-phone=\"\/\/www.sony.ro\/image\/ef85d750dd881e32dcfb1f204313cf7b?fmt=jpeg&amp;wid=378\" data-src-tablet=\"\/\/www.sony.ro\/image\/ef85d750dd881e32dcfb1f204313cf7b?fmt=jpeg&amp;wid=378\" data-src-desktop-highres=\"\/\/www.sony.ro\/image\/ef85d750dd881e32dcfb1f204313cf7b?fmt=jpeg&amp;wid=756\" data-pushed=\"true\" data-current=\"\/\/www.sony.ro\/image\/ef85d750dd881e32dcfb1f204313cf7b?fmt=jpeg&amp;wid=378\" data-hasloaded=\"true\" data-fadeonce=\"true\" \/><\/span><\/figure>\n<div class=\"tile-content\">\n<h3 class=\"t6 tile-title\"><span style=\"color: #000000;\">Func\u0163ionare lin\u0103 \u015fi flexibil\u0103<\/span><\/h3>\n<p class=\"p3\"><span style=\"color: #000000;\">Un buton personalizabil de men\u0163inere a focaliz\u0103rii c\u0103ruia i se pot atribui alte func\u0163ii contribuie la controlul simplu, iar comutatorul AF\/MF stabile\u015fte modul de func\u0163ionare a obiectului pe m\u0103sura situa\u0163iei. Modul manual de focalizare este rapid \u015fi sensibil, cu un decalaj aproape neobservat.<\/span><\/p>\n<hr \/>\n<\/div>\n<\/div>\n<div class=\"spec-tile span4 shuffle-item filtered\">\n<figure><span style=\"color: #000000;\"><img decoding=\"async\" class=\"iq-img\" src=\"https:\/\/www.sony.ro\/image\/07219454e199e4f981df38980066951d?fmt=jpeg&amp;wid=378&amp;qlt=85\" alt=\"Imagine cu FE 12-24mm F4 G\" data-src-phone-highres=\"\/\/www.sony.ro\/image\/07219454e199e4f981df38980066951d?fmt=jpeg&amp;wid=756\" data-src-desktop=\"\/\/www.sony.ro\/image\/07219454e199e4f981df38980066951d?fmt=jpeg&amp;wid=378\" data-src-tablet-highres=\"\/\/www.sony.ro\/image\/07219454e199e4f981df38980066951d?fmt=jpeg&amp;wid=756\" data-id=\"img_07219454e199e4f981df38980066951d\" data-src-phone=\"\/\/www.sony.ro\/image\/07219454e199e4f981df38980066951d?fmt=jpeg&amp;wid=378\" data-src-tablet=\"\/\/www.sony.ro\/image\/07219454e199e4f981df38980066951d?fmt=jpeg&amp;wid=378\" data-src-desktop-highres=\"\/\/www.sony.ro\/image\/07219454e199e4f981df38980066951d?fmt=jpeg&amp;wid=756\" data-pushed=\"true\" data-current=\"\/\/www.sony.ro\/image\/07219454e199e4f981df38980066951d?fmt=jpeg&amp;wid=378\" data-hasloaded=\"true\" data-fadeonce=\"true\" \/><\/span><\/figure>\n<div class=\"tile-content\">\n<h3 class=\"t6 tile-title\"><span style=\"color: #000000;\">Fiabilitate ridicat\u0103 \u00een condi\u0163ii dificile<\/span><\/h3>\n<p class=\"p3\"><span style=\"color: #000000;\">Designul general al acestui obiectiv este rezistent la praf \u015fi umiditate, pentru a oferi o protec\u0163ie \u00een plus \u015fi func\u0163ionarea fiabil\u0103 \u00een medii dificile. Fotografia\u0163i cu \u00eencredere \u00een condi\u0163ii de ploaie u\u015foar\u0103 sau v\u00e2nt.<\/span><\/p>\n<hr \/>\n<\/div>\n<\/div>\n<div class=\"spec-tile span4 shuffle-item filtered\">\n<figure><span style=\"color: #000000;\"><img decoding=\"async\" class=\"iq-img\" src=\"https:\/\/www.sony.ro\/image\/673115188d75d7bd81fb3bbaa1ab1a6d?fmt=jpeg&amp;wid=378&amp;qlt=85\" alt=\"Imagine cu FE 12-24mm F4 G\" data-src-phone-highres=\"\/\/www.sony.ro\/image\/673115188d75d7bd81fb3bbaa1ab1a6d?fmt=jpeg&amp;wid=756\" data-src-desktop=\"\/\/www.sony.ro\/image\/673115188d75d7bd81fb3bbaa1ab1a6d?fmt=jpeg&amp;wid=378\" data-src-tablet-highres=\"\/\/www.sony.ro\/image\/673115188d75d7bd81fb3bbaa1ab1a6d?fmt=jpeg&amp;wid=756\" data-id=\"img_673115188d75d7bd81fb3bbaa1ab1a6d\" data-src-phone=\"\/\/www.sony.ro\/image\/673115188d75d7bd81fb3bbaa1ab1a6d?fmt=jpeg&amp;wid=378\" data-src-tablet=\"\/\/www.sony.ro\/image\/673115188d75d7bd81fb3bbaa1ab1a6d?fmt=jpeg&amp;wid=378\" data-src-desktop-highres=\"\/\/www.sony.ro\/image\/673115188d75d7bd81fb3bbaa1ab1a6d?fmt=jpeg&amp;wid=756\" data-pushed=\"true\" data-current=\"\/\/www.sony.ro\/image\/673115188d75d7bd81fb3bbaa1ab1a6d?fmt=jpeg&amp;wid=378\" data-hasloaded=\"true\" data-fadeonce=\"true\" \/><\/span><\/figure>\n<div class=\"tile-content\">\n<h3 class=\"t6 tile-title\"><span style=\"color: #000000;\">Parasolar pentru obiectiv integrat<\/span><\/h3>\n<p class=\"p3\"><span style=\"color: #000000;\">Un parasolar pentru obiectiv \u00eencorporat blocheaz\u0103 eficient lumina incidental\u0103 care poate provoca pete albe \u015fi reflexii parazite, men\u0163in\u00e2nd la nivel optim claritatea \u015fi contrastul chiar \u015fi la cele mai largi unghiuri ale obiectivului. Capac pentru obiectiv furnizat alunec\u0103 direct peste parasolarul \u00eencorporat.<\/span><\/p>\n<\/div>\n<\/div>\n","protected":false},"excerpt":{"rendered":"<div class=\"description\">\n<ul>\n<li lang=\"ru-RU\"><span style=\"color: #000000;\">SONY FE 12-24 mm F4 G<\/span><\/li>\n<li><span style=\"color: #000000;\">Baioneta : SONY E-Mount<\/span><\/li>\n<li><span style=\"color: #000000;\">Format : Full Frame , 35 mm<\/span><\/li>\n<li><span style=\"color: #000000;\">Distan\u021b\u0103 focal\u0103 : f=12-24 mm<\/span><\/li>\n<li><span style=\"color: #000000;\">Valoarea maxim\u0103 a diafragmei : F4<\/span><\/li>\n<li><span style=\"color: #000000;\">Valoarea minim\u0103 a diafragmei : F22<\/span><\/li>\n<li><span style=\"color: #000000;\">Lamele diafragmei : 7<\/span><\/li>\n<li><span style=\"color: #000000;\">Stabilizare integrat\u0103 : Nu<\/span><\/li>\n<li><span style=\"color: #000000;\">Distan\u021ba minim\u0103 de focalizare : 0,28 m<\/span><\/li>\n<li><span style=\"color: #000000;\">Diametru filtru : \u2013<\/span><\/li>\n<li><span style=\"color: #000000;\">Dimensiuni : 87 x 117,4 mm<\/span><\/li>\n<li><span style=\"color: #000000;\">Greutate : 565 g<\/span><\/li>\n<li><span style=\"color: #000000;\">Con\u021binului cutiei : parasolar, capacul din spate \u0219i din fa\u021b\u0103,hus\u0103<\/span><\/li>\n<li><span style=\"color: #000000;\">Garan\u021bie de firm\u0103 : 2 ani<\/span><\/li>\n<\/ul>\n<\/div>\n","protected":false},"featured_media":8885,"comment_status":"open","ping_status":"closed","template":"","meta":[],"product_brand":[],"product_cat":[899],"product_tag":[],"class_list":{"0":"post-8884","1":"product","2":"type-product","3":"status-publish","4":"has-post-thumbnail","6":"product_cat-obiective-zoom","8":"first","9":"outofstock","10":"sale","11":"shipping-taxable","12":"purchasable","13":"product-type-simple"},"yoast_head":"<!-- This site is optimized with the Yoast SEO plugin v26.3 - https:\/\/yoast.com\/wordpress\/plugins\/seo\/ -->\n<title>SONY SEL1224G | Chi\u0219in\u0103u<\/title>\n<meta name=\"description\" content=\"SONY SEL1224G | SONY FE 12-24 mm F4 G\" \/>\n<meta name=\"robots\" content=\"index, follow, max-snippet:-1, max-image-preview:large, max-video-preview:-1\" \/>\n<link rel=\"canonical\" href=\"https:\/\/sonycenter.md\/ro\/magazin\/sel1224g\/\" \/>\n<meta property=\"og:locale\" content=\"ro_RO\" \/>\n<meta property=\"og:type\" content=\"article\" \/>\n<meta property=\"og:title\" content=\"SONY SEL1224G | Chi\u0219in\u0103u\" \/>\n<meta property=\"og:description\" content=\"SONY SEL1224G | SONY FE 12-24 mm F4 G\" \/>\n<meta property=\"og:url\" content=\"https:\/\/sonycenter.md\/ro\/magazin\/sel1224g\/\" \/>\n<meta property=\"og:site_name\" content=\"SONY\" \/>\n<meta property=\"article:modified_time\" content=\"2025-10-06T08:07:38+00:00\" \/>\n<meta property=\"og:image\" content=\"https:\/\/sonycenter.md\/wp-content\/uploads\/2017\/09\/sel1224g.jpg\" \/>\n\t<meta property=\"og:image:width\" content=\"600\" \/>\n\t<meta property=\"og:image:height\" content=\"600\" \/>\n\t<meta property=\"og:image:type\" content=\"image\/jpeg\" \/>\n<meta name=\"twitter:card\" content=\"summary_large_image\" \/>\n<meta name=\"twitter:label1\" content=\"Est. reading time\" \/>\n\t<meta name=\"twitter:data1\" content=\"5 minutes\" \/>\n<script type=\"application\/ld+json\" class=\"yoast-schema-graph\">{\"@context\":\"https:\/\/schema.org\",\"@graph\":[{\"@type\":[\"WebPage\",\"ItemPage\"],\"@id\":\"https:\/\/sonycenter.md\/ro\/magazin\/sel1224g\/\",\"url\":\"https:\/\/sonycenter.md\/ro\/magazin\/sel1224g\/\",\"name\":\"SONY SEL1224G | Chi\u0219in\u0103u\",\"isPartOf\":{\"@id\":\"https:\/\/sonycenter.md\/ro\/#website\"},\"primaryImageOfPage\":{\"@id\":\"https:\/\/sonycenter.md\/ro\/magazin\/sel1224g\/#primaryimage\"},\"image\":{\"@id\":\"https:\/\/sonycenter.md\/ro\/magazin\/sel1224g\/#primaryimage\"},\"thumbnailUrl\":\"https:\/\/sonycenter.md\/wp-content\/uploads\/2017\/09\/sel1224g.jpg\",\"datePublished\":\"2017-09-04T11:17:09+00:00\",\"dateModified\":\"2025-10-06T08:07:38+00:00\",\"description\":\"SONY SEL1224G | SONY FE 12-24 mm F4 G\",\"breadcrumb\":{\"@id\":\"https:\/\/sonycenter.md\/ro\/magazin\/sel1224g\/#breadcrumb\"},\"inLanguage\":\"ro-RO\",\"potentialAction\":[{\"@type\":\"ReadAction\",\"target\":[\"https:\/\/sonycenter.md\/ro\/magazin\/sel1224g\/\"]}]},{\"@type\":\"ImageObject\",\"inLanguage\":\"ro-RO\",\"@id\":\"https:\/\/sonycenter.md\/ro\/magazin\/sel1224g\/#primaryimage\",\"url\":\"https:\/\/sonycenter.md\/wp-content\/uploads\/2017\/09\/sel1224g.jpg\",\"contentUrl\":\"https:\/\/sonycenter.md\/wp-content\/uploads\/2017\/09\/sel1224g.jpg\",\"width\":600,\"height\":600,\"caption\":\"SEL1224G\"},{\"@type\":\"BreadcrumbList\",\"@id\":\"https:\/\/sonycenter.md\/ro\/magazin\/sel1224g\/#breadcrumb\",\"itemListElement\":[{\"@type\":\"ListItem\",\"position\":1,\"name\":\"\u0413\u043b\u0430\u0432\u043d\u0430\u044f \u0441\u0442\u0440\u0430\u043d\u0438\u0446\u0430\",\"item\":\"https:\/\/sonycenter.md\/ro\/\"},{\"@type\":\"ListItem\",\"position\":2,\"name\":\"Magazin\",\"item\":\"https:\/\/sonycenter.md\/shop\/\"},{\"@type\":\"ListItem\",\"position\":3,\"name\":\"SEL1224G\"}]},{\"@type\":\"WebSite\",\"@id\":\"https:\/\/sonycenter.md\/ro\/#website\",\"url\":\"https:\/\/sonycenter.md\/ro\/\",\"name\":\"sonycenter.md\",\"description\":\"SONYCENTER \u00een Chi\u0219in\u0103u\",\"publisher\":{\"@id\":\"https:\/\/sonycenter.md\/ro\/#organization\"},\"potentialAction\":[{\"@type\":\"SearchAction\",\"target\":{\"@type\":\"EntryPoint\",\"urlTemplate\":\"https:\/\/sonycenter.md\/ro\/?s={search_term_string}\"},\"query-input\":{\"@type\":\"PropertyValueSpecification\",\"valueRequired\":true,\"valueName\":\"search_term_string\"}}],\"inLanguage\":\"ro-RO\"},{\"@type\":\"Organization\",\"@id\":\"https:\/\/sonycenter.md\/ro\/#organization\",\"name\":\"sonycenter.md\",\"url\":\"https:\/\/sonycenter.md\/ro\/\",\"logo\":{\"@type\":\"ImageObject\",\"inLanguage\":\"ro-RO\",\"@id\":\"https:\/\/sonycenter.md\/ro\/#\/schema\/logo\/image\/\",\"url\":\"\",\"contentUrl\":\"\",\"caption\":\"sonycenter.md\"},\"image\":{\"@id\":\"https:\/\/sonycenter.md\/ro\/#\/schema\/logo\/image\/\"}}]}<\/script>\n<!-- \/ Yoast SEO plugin. -->","yoast_head_json":{"title":"SONY SEL1224G | Chi\u0219in\u0103u","description":"SONY SEL1224G | SONY FE 12-24 mm F4 G","robots":{"index":"index","follow":"follow","max-snippet":"max-snippet:-1","max-image-preview":"max-image-preview:large","max-video-preview":"max-video-preview:-1"},"canonical":"https:\/\/sonycenter.md\/ro\/magazin\/sel1224g\/","og_locale":"ro_RO","og_type":"article","og_title":"SONY SEL1224G | Chi\u0219in\u0103u","og_description":"SONY SEL1224G | SONY FE 12-24 mm F4 G","og_url":"https:\/\/sonycenter.md\/ro\/magazin\/sel1224g\/","og_site_name":"SONY","article_modified_time":"2025-10-06T08:07:38+00:00","og_image":[{"width":600,"height":600,"url":"https:\/\/sonycenter.md\/wp-content\/uploads\/2017\/09\/sel1224g.jpg","type":"image\/jpeg"}],"twitter_card":"summary_large_image","twitter_misc":{"Est. reading time":"5 minutes"},"schema":{"@context":"https:\/\/schema.org","@graph":[{"@type":["WebPage","ItemPage"],"@id":"https:\/\/sonycenter.md\/ro\/magazin\/sel1224g\/","url":"https:\/\/sonycenter.md\/ro\/magazin\/sel1224g\/","name":"SONY SEL1224G | Chi\u0219in\u0103u","isPartOf":{"@id":"https:\/\/sonycenter.md\/ro\/#website"},"primaryImageOfPage":{"@id":"https:\/\/sonycenter.md\/ro\/magazin\/sel1224g\/#primaryimage"},"image":{"@id":"https:\/\/sonycenter.md\/ro\/magazin\/sel1224g\/#primaryimage"},"thumbnailUrl":"https:\/\/sonycenter.md\/wp-content\/uploads\/2017\/09\/sel1224g.jpg","datePublished":"2017-09-04T11:17:09+00:00","dateModified":"2025-10-06T08:07:38+00:00","description":"SONY SEL1224G | SONY FE 12-24 mm F4 G","breadcrumb":{"@id":"https:\/\/sonycenter.md\/ro\/magazin\/sel1224g\/#breadcrumb"},"inLanguage":"ro-RO","potentialAction":[{"@type":"ReadAction","target":["https:\/\/sonycenter.md\/ro\/magazin\/sel1224g\/"]}]},{"@type":"ImageObject","inLanguage":"ro-RO","@id":"https:\/\/sonycenter.md\/ro\/magazin\/sel1224g\/#primaryimage","url":"https:\/\/sonycenter.md\/wp-content\/uploads\/2017\/09\/sel1224g.jpg","contentUrl":"https:\/\/sonycenter.md\/wp-content\/uploads\/2017\/09\/sel1224g.jpg","width":600,"height":600,"caption":"SEL1224G"},{"@type":"BreadcrumbList","@id":"https:\/\/sonycenter.md\/ro\/magazin\/sel1224g\/#breadcrumb","itemListElement":[{"@type":"ListItem","position":1,"name":"\u0413\u043b\u0430\u0432\u043d\u0430\u044f \u0441\u0442\u0440\u0430\u043d\u0438\u0446\u0430","item":"https:\/\/sonycenter.md\/ro\/"},{"@type":"ListItem","position":2,"name":"Magazin","item":"https:\/\/sonycenter.md\/shop\/"},{"@type":"ListItem","position":3,"name":"SEL1224G"}]},{"@type":"WebSite","@id":"https:\/\/sonycenter.md\/ro\/#website","url":"https:\/\/sonycenter.md\/ro\/","name":"sonycenter.md","description":"SONYCENTER \u00een Chi\u0219in\u0103u","publisher":{"@id":"https:\/\/sonycenter.md\/ro\/#organization"},"potentialAction":[{"@type":"SearchAction","target":{"@type":"EntryPoint","urlTemplate":"https:\/\/sonycenter.md\/ro\/?s={search_term_string}"},"query-input":{"@type":"PropertyValueSpecification","valueRequired":true,"valueName":"search_term_string"}}],"inLanguage":"ro-RO"},{"@type":"Organization","@id":"https:\/\/sonycenter.md\/ro\/#organization","name":"sonycenter.md","url":"https:\/\/sonycenter.md\/ro\/","logo":{"@type":"ImageObject","inLanguage":"ro-RO","@id":"https:\/\/sonycenter.md\/ro\/#\/schema\/logo\/image\/","url":"","contentUrl":"","caption":"sonycenter.md"},"image":{"@id":"https:\/\/sonycenter.md\/ro\/#\/schema\/logo\/image\/"}}]}},"_links":{"self":[{"href":"https:\/\/sonycenter.md\/ro\/wp-json\/wp\/v2\/product\/8884","targetHints":{"allow":["GET"]}}],"collection":[{"href":"https:\/\/sonycenter.md\/ro\/wp-json\/wp\/v2\/product"}],"about":[{"href":"https:\/\/sonycenter.md\/ro\/wp-json\/wp\/v2\/types\/product"}],"replies":[{"embeddable":true,"href":"https:\/\/sonycenter.md\/ro\/wp-json\/wp\/v2\/comments?post=8884"}],"wp:featuredmedia":[{"embeddable":true,"href":"https:\/\/sonycenter.md\/ro\/wp-json\/wp\/v2\/media\/8885"}],"wp:attachment":[{"href":"https:\/\/sonycenter.md\/ro\/wp-json\/wp\/v2\/media?parent=8884"}],"wp:term":[{"taxonomy":"product_brand","embeddable":true,"href":"https:\/\/sonycenter.md\/ro\/wp-json\/wp\/v2\/product_brand?post=8884"},{"taxonomy":"product_cat","embeddable":true,"href":"https:\/\/sonycenter.md\/ro\/wp-json\/wp\/v2\/product_cat?post=8884"},{"taxonomy":"product_tag","embeddable":true,"href":"https:\/\/sonycenter.md\/ro\/wp-json\/wp\/v2\/product_tag?post=8884"}],"curies":[{"name":"wp","href":"https:\/\/api.w.org\/{rel}","templated":true}]}}