{"id":8912,"date":"2018-02-05T12:51:37","date_gmt":"2018-02-05T10:51:37","guid":{"rendered":"https:\/\/sonycenter.md\/shop\/sel18135\/"},"modified":"2025-10-06T10:29:37","modified_gmt":"2025-10-06T07:29:37","slug":"sel18135","status":"publish","type":"product","link":"https:\/\/sonycenter.md\/ro\/magazin\/sel18135\/","title":{"rendered":"SEL18135"},"content":{"rendered":"<p><span style=\"color: #000000;\">Specifica\u021bii complete pentru obiectiv zoom SONY SEL18135 :<\/span><\/p>\n<div class=\"spec-tile span4 shuffle-item filtered\">\n<figure><span style=\"color: #000000;\"><img decoding=\"async\" class=\"iq-img\" src=\"https:\/\/www.sony.ro\/image\/c58c2a267a1022f828a723b20264e12f?fmt=jpeg&amp;wid=378&amp;qlt=85\" alt=\"Imagine cu E 18-135mm F3.5-5.6 OSS\" data-src-phone-highres=\"\/\/www.sony.ro\/image\/c58c2a267a1022f828a723b20264e12f?fmt=jpeg&amp;wid=756\" data-src-desktop=\"\/\/www.sony.ro\/image\/c58c2a267a1022f828a723b20264e12f?fmt=jpeg&amp;wid=378\" data-src-tablet-highres=\"\/\/www.sony.ro\/image\/c58c2a267a1022f828a723b20264e12f?fmt=jpeg&amp;wid=756\" data-id=\"img_c58c2a267a1022f828a723b20264e12f\" data-src-phone=\"\/\/www.sony.ro\/image\/c58c2a267a1022f828a723b20264e12f?fmt=jpeg&amp;wid=378\" data-src-tablet=\"\/\/www.sony.ro\/image\/c58c2a267a1022f828a723b20264e12f?fmt=jpeg&amp;wid=378\" data-src-desktop-highres=\"\/\/www.sony.ro\/image\/c58c2a267a1022f828a723b20264e12f?fmt=jpeg&amp;wid=756\" data-pushed=\"true\" data-current=\"\/\/www.sony.ro\/image\/c58c2a267a1022f828a723b20264e12f?fmt=jpeg&amp;wid=378\" data-hasloaded=\"true\" data-fadeonce=\"true\" \/><\/span><\/figure>\n<div class=\"tile-content\">\n<h3 class=\"t6 tile-title\"><span style=\"color: #000000;\">Design u\u015for \u015fi compact<\/span><\/h3>\n<p class=\"p3\"><span style=\"color: #000000;\">Acest obiectiv este compact (format APS-C pentru montur\u0103 E), are greutate redus\u0103 (325 grame) \u0219i un design optic optimizat pentru distan\u021be scurte de focalizare. Astfel, este mic \u0219i manevrabil \u0219i contribuie la reducerea sim\u021bitoare a dimensiunii generale a sistemului, greut\u0103\u021bii \u0219i portabilit\u0103\u021bii.<\/span><\/p>\n<hr \/>\n<\/div>\n<\/div>\n<div class=\"spec-tile span4 shuffle-item filtered\">\n<figure><span style=\"color: #000000;\"><img decoding=\"async\" class=\"iq-img\" src=\"https:\/\/www.sony.ro\/image\/8d84fc08317ab5ce78e452898466c46d?fmt=jpeg&amp;wid=378&amp;qlt=85\" alt=\"Imagine cu E 18-135mm F3.5-5.6 OSS\" data-src-phone-highres=\"\/\/www.sony.ro\/image\/8d84fc08317ab5ce78e452898466c46d?fmt=jpeg&amp;wid=756\" data-src-desktop=\"\/\/www.sony.ro\/image\/8d84fc08317ab5ce78e452898466c46d?fmt=jpeg&amp;wid=378\" data-src-tablet-highres=\"\/\/www.sony.ro\/image\/8d84fc08317ab5ce78e452898466c46d?fmt=jpeg&amp;wid=756\" data-id=\"img_8d84fc08317ab5ce78e452898466c46d\" data-src-phone=\"\/\/www.sony.ro\/image\/8d84fc08317ab5ce78e452898466c46d?fmt=jpeg&amp;wid=378\" data-src-tablet=\"\/\/www.sony.ro\/image\/8d84fc08317ab5ce78e452898466c46d?fmt=jpeg&amp;wid=378\" data-src-desktop-highres=\"\/\/www.sony.ro\/image\/8d84fc08317ab5ce78e452898466c46d?fmt=jpeg&amp;wid=756\" data-pushed=\"true\" data-current=\"\/\/www.sony.ro\/image\/8d84fc08317ab5ce78e452898466c46d?fmt=jpeg&amp;wid=378\" data-hasloaded=\"true\" data-fadeonce=\"true\" \/><\/span><\/figure>\n<div class=\"tile-content\">\n<h3 class=\"t6 tile-title\"><span style=\"color: #000000;\">Obiectiv cu zoom APS-C cu m\u0103rire superioar\u0103 de 7,5x<\/span><\/h3>\n<p class=\"p3\"><span style=\"color: #000000;\">Raportul zoomului ridicat asigur\u0103 un interval flexibil de 27 &#8211; 202,5 mm (echivalent cu formatul de 35 mm, zoom optic de 7,5x) pentru o gam\u0103 larg\u0103 de subiecte \u0219i situa\u021bii: peisaje, natur\u0103, portrete \u0219i fotografii obi\u0219nuite.<\/span><\/p>\n<hr \/>\n<\/div>\n<\/div>\n<div class=\"spec-tile span4 shuffle-item filtered\">\n<figure><span style=\"color: #000000;\"><img decoding=\"async\" class=\"iq-img\" src=\"https:\/\/www.sony.ro\/image\/2ca16d57a62827b32a785cf105c0bb8f?fmt=jpeg&amp;wid=378&amp;qlt=85\" alt=\"Imagine cu E 18-135mm F3.5-5.6 OSS\" data-src-phone-highres=\"\/\/www.sony.ro\/image\/2ca16d57a62827b32a785cf105c0bb8f?fmt=jpeg&amp;wid=756\" data-src-desktop=\"\/\/www.sony.ro\/image\/2ca16d57a62827b32a785cf105c0bb8f?fmt=jpeg&amp;wid=378\" data-src-tablet-highres=\"\/\/www.sony.ro\/image\/2ca16d57a62827b32a785cf105c0bb8f?fmt=jpeg&amp;wid=756\" data-id=\"img_2ca16d57a62827b32a785cf105c0bb8f\" data-src-phone=\"\/\/www.sony.ro\/image\/2ca16d57a62827b32a785cf105c0bb8f?fmt=jpeg&amp;wid=378\" data-src-tablet=\"\/\/www.sony.ro\/image\/2ca16d57a62827b32a785cf105c0bb8f?fmt=jpeg&amp;wid=378\" data-src-desktop-highres=\"\/\/www.sony.ro\/image\/2ca16d57a62827b32a785cf105c0bb8f?fmt=jpeg&amp;wid=756\" data-pushed=\"true\" data-current=\"\/\/www.sony.ro\/image\/2ca16d57a62827b32a785cf105c0bb8f?fmt=jpeg&amp;wid=378\" data-hasloaded=\"true\" data-fadeonce=\"true\" \/><\/span><\/figure>\n<div class=\"tile-content\">\n<h3 class=\"t6 tile-title\"><span style=\"color: #000000;\">Designul optic realizeaz\u0103 \u00eenalta rezolu\u021bie<\/span><\/h3>\n<p class=\"p3\"><span style=\"color: #000000;\">Designul optic nou care include un element asferic contribuie la o rezolu\u021bie \u00eenalt\u0103 \u0219i egal\u0103 din centru imaginii spre margini, iar cele dou\u0103 elemente de sticl\u0103 ED (cu dispersie extrem de sc\u0103zut\u0103) reduc eficient abera\u021bia cromatic\u0103.<\/span><\/p>\n<hr \/>\n<\/div>\n<\/div>\n<div class=\"spec-tile span4 shuffle-item filtered\">\n<figure><span style=\"color: #000000;\"><img decoding=\"async\" class=\"iq-img\" src=\"https:\/\/www.sony.ro\/image\/8dd18425e4cbb05b9b15317f682c7fdd?fmt=jpeg&amp;wid=378&amp;qlt=85\" alt=\"Imagine cu E 18-135mm F3.5-5.6 OSS\" data-src-phone-highres=\"\/\/www.sony.ro\/image\/8dd18425e4cbb05b9b15317f682c7fdd?fmt=jpeg&amp;wid=756\" data-src-desktop=\"\/\/www.sony.ro\/image\/8dd18425e4cbb05b9b15317f682c7fdd?fmt=jpeg&amp;wid=378\" data-src-tablet-highres=\"\/\/www.sony.ro\/image\/8dd18425e4cbb05b9b15317f682c7fdd?fmt=jpeg&amp;wid=756\" data-id=\"img_8dd18425e4cbb05b9b15317f682c7fdd\" data-src-phone=\"\/\/www.sony.ro\/image\/8dd18425e4cbb05b9b15317f682c7fdd?fmt=jpeg&amp;wid=378\" data-src-tablet=\"\/\/www.sony.ro\/image\/8dd18425e4cbb05b9b15317f682c7fdd?fmt=jpeg&amp;wid=378\" data-src-desktop-highres=\"\/\/www.sony.ro\/image\/8dd18425e4cbb05b9b15317f682c7fdd?fmt=jpeg&amp;wid=756\" data-pushed=\"true\" data-current=\"\/\/www.sony.ro\/image\/8dd18425e4cbb05b9b15317f682c7fdd?fmt=jpeg&amp;wid=378\" data-hasloaded=\"true\" data-fadeonce=\"true\" \/><\/span><\/figure>\n<div class=\"tile-content\">\n<h3 class=\"t6 tile-title\"><span style=\"color: #000000;\">Stabilizare optic\u0103 a imaginii \u00eencorporat\u0103\u00a0<\/span><\/h3>\n<p class=\"p3\"><span style=\"color: #000000;\">C\u00e2nd fotografia\u021bi din m\u00e2n\u0103, \u00een special scenele pe timp de noapte sau interioarele slab luminate, stabilizarea optic\u0103 imaginii \u00eencorporat\u0103 simplific\u0103 ob\u021binerea imaginilor f\u0103r\u0103 neclarit\u0103\u021bi.<\/span><\/p>\n<hr \/>\n<\/div>\n<\/div>\n<div class=\"spec-tile span4 shuffle-item filtered\">\n<figure><span style=\"color: #000000;\"><img decoding=\"async\" class=\"iq-img\" src=\"https:\/\/www.sony.ro\/image\/31cc5a4c1bde5a32efcbf0cbaf4ea253?fmt=jpeg&amp;wid=378&amp;qlt=85\" alt=\"Imagine cu E 18-135mm F3.5-5.6 OSS\" data-src-phone-highres=\"\/\/www.sony.ro\/image\/31cc5a4c1bde5a32efcbf0cbaf4ea253?fmt=jpeg&amp;wid=756\" data-src-desktop=\"\/\/www.sony.ro\/image\/31cc5a4c1bde5a32efcbf0cbaf4ea253?fmt=jpeg&amp;wid=378\" data-src-tablet-highres=\"\/\/www.sony.ro\/image\/31cc5a4c1bde5a32efcbf0cbaf4ea253?fmt=jpeg&amp;wid=756\" data-id=\"img_31cc5a4c1bde5a32efcbf0cbaf4ea253\" data-src-phone=\"\/\/www.sony.ro\/image\/31cc5a4c1bde5a32efcbf0cbaf4ea253?fmt=jpeg&amp;wid=378\" data-src-tablet=\"\/\/www.sony.ro\/image\/31cc5a4c1bde5a32efcbf0cbaf4ea253?fmt=jpeg&amp;wid=378\" data-src-desktop-highres=\"\/\/www.sony.ro\/image\/31cc5a4c1bde5a32efcbf0cbaf4ea253?fmt=jpeg&amp;wid=756\" data-pushed=\"true\" data-current=\"\/\/www.sony.ro\/image\/31cc5a4c1bde5a32efcbf0cbaf4ea253?fmt=jpeg&amp;wid=378\" data-hasloaded=\"true\" data-fadeonce=\"true\" \/><\/span><\/figure>\n<div class=\"tile-content\">\n<h3 class=\"t6 tile-title\"><span style=\"color: #000000;\">Prim-planuri cu efect bokeh \u00een fundal<\/span><\/h3>\n<p class=\"p3\"><span style=\"color: #000000;\">O distan\u021b\u0103 minim\u0103 de focalizare impresionant\u0103 de numai 0,45 m (factor max. de m\u0103rire 0,29x) simplific\u0103 realizarea prim-planurilor, beneficiind \u00een fundal de efectul bokeh frumos al obiectivului.<\/span><\/p>\n<hr \/>\n<\/div>\n<\/div>\n<div class=\"spec-tile span4 shuffle-item filtered\">\n<figure><span style=\"color: #000000;\"><img decoding=\"async\" class=\"iq-img\" src=\"https:\/\/www.sony.ro\/image\/a644b1e62a3b1e6075ce0f716df4336a?fmt=jpeg&amp;wid=378&amp;qlt=85\" alt=\"Imagine cu E 18-135mm F3.5-5.6 OSS\" data-src-phone-highres=\"\/\/www.sony.ro\/image\/a644b1e62a3b1e6075ce0f716df4336a?fmt=jpeg&amp;wid=756\" data-src-desktop=\"\/\/www.sony.ro\/image\/a644b1e62a3b1e6075ce0f716df4336a?fmt=jpeg&amp;wid=378\" data-src-tablet-highres=\"\/\/www.sony.ro\/image\/a644b1e62a3b1e6075ce0f716df4336a?fmt=jpeg&amp;wid=756\" data-id=\"img_a644b1e62a3b1e6075ce0f716df4336a\" data-src-phone=\"\/\/www.sony.ro\/image\/a644b1e62a3b1e6075ce0f716df4336a?fmt=jpeg&amp;wid=378\" data-src-tablet=\"\/\/www.sony.ro\/image\/a644b1e62a3b1e6075ce0f716df4336a?fmt=jpeg&amp;wid=378\" data-src-desktop-highres=\"\/\/www.sony.ro\/image\/a644b1e62a3b1e6075ce0f716df4336a?fmt=jpeg&amp;wid=756\" data-pushed=\"true\" data-current=\"\/\/www.sony.ro\/image\/a644b1e62a3b1e6075ce0f716df4336a?fmt=jpeg&amp;wid=378\" data-hasloaded=\"true\" data-fadeonce=\"true\" \/><\/span><\/figure>\n<div class=\"tile-content\">\n<h3 class=\"t6 tile-title\"><span style=\"color: #000000;\">Efect bokeh superb\u00a0<\/span><\/h3>\n<p class=\"p3\"><span style=\"color: #000000;\">Calitatea afectului bokeh este \u00eembun\u0103t\u0103\u021bit\u0103 de designul diafragmei circulare.<\/span><\/p>\n<hr \/>\n<\/div>\n<\/div>\n<div class=\"spec-tile span4 shuffle-item filtered\">\n<figure><span style=\"color: #000000;\"><img decoding=\"async\" class=\"iq-img\" src=\"https:\/\/www.sony.ro\/image\/c1dcf7d9c2db3c8e2610c44e95e1a0fa?fmt=jpeg&amp;wid=378&amp;qlt=85\" alt=\"Imagine cu E 18-135mm F3.5-5.6 OSS\" data-src-phone-highres=\"\/\/www.sony.ro\/image\/c1dcf7d9c2db3c8e2610c44e95e1a0fa?fmt=jpeg&amp;wid=756\" data-src-desktop=\"\/\/www.sony.ro\/image\/c1dcf7d9c2db3c8e2610c44e95e1a0fa?fmt=jpeg&amp;wid=378\" data-src-tablet-highres=\"\/\/www.sony.ro\/image\/c1dcf7d9c2db3c8e2610c44e95e1a0fa?fmt=jpeg&amp;wid=756\" data-id=\"img_c1dcf7d9c2db3c8e2610c44e95e1a0fa\" data-src-phone=\"\/\/www.sony.ro\/image\/c1dcf7d9c2db3c8e2610c44e95e1a0fa?fmt=jpeg&amp;wid=378\" data-src-tablet=\"\/\/www.sony.ro\/image\/c1dcf7d9c2db3c8e2610c44e95e1a0fa?fmt=jpeg&amp;wid=378\" data-src-desktop-highres=\"\/\/www.sony.ro\/image\/c1dcf7d9c2db3c8e2610c44e95e1a0fa?fmt=jpeg&amp;wid=756\" data-pushed=\"true\" data-current=\"\/\/www.sony.ro\/image\/c1dcf7d9c2db3c8e2610c44e95e1a0fa?fmt=jpeg&amp;wid=378\" data-hasloaded=\"true\" data-fadeonce=\"true\" \/><\/span><\/figure>\n<div class=\"tile-content\">\n<h3 class=\"t6 tile-title\"><span style=\"color: #000000;\">Focalizare rapid\u0103, precis\u0103 \u0219i silen\u021bioas\u0103<\/span><\/h3>\n<p class=\"p3\"><span style=\"color: #000000;\">Tehnologia avansat\u0103 a motorului liniar ac\u021bioneaz\u0103 silen\u021bios ansamblul de focalizare cu o vitez\u0103 \u0219i o precizie remarcabile, optimiz\u00e2nd performan\u021ba ridicat\u0103 a focaliz\u0103rii automate a seriei \u03b16000. Focalizarea precis\u0103 se ob\u021bine mai u\u0219or pentru imagini statice \u0219i filme, chiar dac\u0103 subiectul se deplaseaz\u0103.<\/span><\/p>\n<\/div>\n<\/div>\n","protected":false},"excerpt":{"rendered":"<div class=\"description\">\n<ul>\n<li lang=\"ru-RU\"><span style=\"color: #000000;\">SONY E 18-135mm F3.5-5.6 OSS<\/span><\/li>\n<li><span style=\"color: #000000;\">Baioneta : SONY E-Mount<\/span><\/li>\n<li><span style=\"color: #000000;\">Format : APS-C, crop 1.5<\/span><\/li>\n<li><span style=\"color: #000000;\">Distan\u021b\u0103 focal\u0103 : f=18-135 mm<\/span><\/li>\n<li><span style=\"color: #000000;\">Valoarea maxim\u0103 a diafragmei : F3.5-5.6 <\/span><\/li>\n<li><span style=\"color: #000000;\">Valoarea minim\u0103 a diafragmei : F22-36<\/span><\/li>\n<li><span style=\"color: #000000;\">Lamele diafragmei : 7<\/span><\/li>\n<li><span style=\"color: #000000;\">Stabilizare integrat\u0103 : Da<\/span><\/li>\n<li><span style=\"color: #000000;\">Distan\u021ba minim\u0103 de focalizare : 0,45 m<\/span><\/li>\n<li><span style=\"color: #000000;\">Diametru filtru : 55<\/span><\/li>\n<li><span style=\"color: #000000;\">Dimensiuni : 67,2 x 88 mm<\/span><\/li>\n<li><span style=\"color: #000000;\">Greutate : 325 g<\/span><\/li>\n<li><span style=\"color: #000000;\">Con\u021binului cutiei : parasolar, capacul din spate \u0219i din fa\u021b\u0103<\/span><\/li>\n<li><span style=\"color: #000000;\">Garan\u021bie de firm\u0103 : 2 ani<\/span><\/li>\n<\/ul>\n<\/div>\n","protected":false},"featured_media":8914,"comment_status":"open","ping_status":"closed","template":"","meta":[],"product_brand":[],"product_cat":[899],"product_tag":[],"class_list":{"0":"post-8912","1":"product","2":"type-product","3":"status-publish","4":"has-post-thumbnail","6":"product_cat-obiective-zoom","8":"first","9":"outofstock","10":"sale","11":"shipping-taxable","12":"purchasable","13":"product-type-simple"},"yoast_head":"<!-- This site is optimized with the Yoast SEO plugin v26.3 - https:\/\/yoast.com\/wordpress\/plugins\/seo\/ -->\n<title>SONY SEL18135 | SONY E 18-135mm F3.5-5.6 OSS | Chi\u0219in\u0103u<\/title>\n<meta name=\"description\" content=\"SONY SEL18135 Cump\u0103r\u0103 \u00een Chi\u0219in\u0103u | SONY E 18-135mm F3.5-5.6 OSS\" \/>\n<meta name=\"robots\" content=\"index, follow, max-snippet:-1, max-image-preview:large, max-video-preview:-1\" \/>\n<link rel=\"canonical\" href=\"https:\/\/sonycenter.md\/ro\/magazin\/sel18135\/\" \/>\n<meta property=\"og:locale\" content=\"ro_RO\" \/>\n<meta property=\"og:type\" content=\"article\" \/>\n<meta property=\"og:title\" content=\"SONY SEL18135 | SONY E 18-135mm F3.5-5.6 OSS | Chi\u0219in\u0103u\" \/>\n<meta property=\"og:description\" content=\"SONY SEL18135 Cump\u0103r\u0103 \u00een Chi\u0219in\u0103u | SONY E 18-135mm F3.5-5.6 OSS\" \/>\n<meta property=\"og:url\" content=\"https:\/\/sonycenter.md\/ro\/magazin\/sel18135\/\" \/>\n<meta property=\"og:site_name\" content=\"SONY\" \/>\n<meta property=\"article:modified_time\" content=\"2025-10-06T07:29:37+00:00\" \/>\n<meta property=\"og:image\" content=\"https:\/\/sonycenter.md\/wp-content\/uploads\/2018\/02\/sel18135.jpg\" \/>\n\t<meta property=\"og:image:width\" content=\"600\" \/>\n\t<meta property=\"og:image:height\" content=\"600\" \/>\n\t<meta property=\"og:image:type\" content=\"image\/jpeg\" \/>\n<meta name=\"twitter:card\" content=\"summary_large_image\" \/>\n<meta name=\"twitter:label1\" content=\"Est. reading time\" \/>\n\t<meta name=\"twitter:data1\" content=\"4 minutes\" \/>\n<script type=\"application\/ld+json\" class=\"yoast-schema-graph\">{\"@context\":\"https:\/\/schema.org\",\"@graph\":[{\"@type\":[\"WebPage\",\"ItemPage\"],\"@id\":\"https:\/\/sonycenter.md\/ro\/magazin\/sel18135\/\",\"url\":\"https:\/\/sonycenter.md\/ro\/magazin\/sel18135\/\",\"name\":\"SONY SEL18135 | SONY E 18-135mm F3.5-5.6 OSS | Chi\u0219in\u0103u\",\"isPartOf\":{\"@id\":\"https:\/\/sonycenter.md\/ro\/#website\"},\"primaryImageOfPage\":{\"@id\":\"https:\/\/sonycenter.md\/ro\/magazin\/sel18135\/#primaryimage\"},\"image\":{\"@id\":\"https:\/\/sonycenter.md\/ro\/magazin\/sel18135\/#primaryimage\"},\"thumbnailUrl\":\"https:\/\/sonycenter.md\/wp-content\/uploads\/2018\/02\/sel18135.jpg\",\"datePublished\":\"2018-02-05T10:51:37+00:00\",\"dateModified\":\"2025-10-06T07:29:37+00:00\",\"description\":\"SONY SEL18135 Cump\u0103r\u0103 \u00een Chi\u0219in\u0103u | SONY E 18-135mm F3.5-5.6 OSS\",\"breadcrumb\":{\"@id\":\"https:\/\/sonycenter.md\/ro\/magazin\/sel18135\/#breadcrumb\"},\"inLanguage\":\"ro-RO\",\"potentialAction\":[{\"@type\":\"ReadAction\",\"target\":[\"https:\/\/sonycenter.md\/ro\/magazin\/sel18135\/\"]}]},{\"@type\":\"ImageObject\",\"inLanguage\":\"ro-RO\",\"@id\":\"https:\/\/sonycenter.md\/ro\/magazin\/sel18135\/#primaryimage\",\"url\":\"https:\/\/sonycenter.md\/wp-content\/uploads\/2018\/02\/sel18135.jpg\",\"contentUrl\":\"https:\/\/sonycenter.md\/wp-content\/uploads\/2018\/02\/sel18135.jpg\",\"width\":600,\"height\":600,\"caption\":\"SEL18135\"},{\"@type\":\"BreadcrumbList\",\"@id\":\"https:\/\/sonycenter.md\/ro\/magazin\/sel18135\/#breadcrumb\",\"itemListElement\":[{\"@type\":\"ListItem\",\"position\":1,\"name\":\"\u0413\u043b\u0430\u0432\u043d\u0430\u044f \u0441\u0442\u0440\u0430\u043d\u0438\u0446\u0430\",\"item\":\"https:\/\/sonycenter.md\/ro\/\"},{\"@type\":\"ListItem\",\"position\":2,\"name\":\"Magazin\",\"item\":\"https:\/\/sonycenter.md\/shop\/\"},{\"@type\":\"ListItem\",\"position\":3,\"name\":\"SEL18135\"}]},{\"@type\":\"WebSite\",\"@id\":\"https:\/\/sonycenter.md\/ro\/#website\",\"url\":\"https:\/\/sonycenter.md\/ro\/\",\"name\":\"sonycenter.md\",\"description\":\"SONYCENTER \u00een Chi\u0219in\u0103u\",\"publisher\":{\"@id\":\"https:\/\/sonycenter.md\/ro\/#organization\"},\"potentialAction\":[{\"@type\":\"SearchAction\",\"target\":{\"@type\":\"EntryPoint\",\"urlTemplate\":\"https:\/\/sonycenter.md\/ro\/?s={search_term_string}\"},\"query-input\":{\"@type\":\"PropertyValueSpecification\",\"valueRequired\":true,\"valueName\":\"search_term_string\"}}],\"inLanguage\":\"ro-RO\"},{\"@type\":\"Organization\",\"@id\":\"https:\/\/sonycenter.md\/ro\/#organization\",\"name\":\"sonycenter.md\",\"url\":\"https:\/\/sonycenter.md\/ro\/\",\"logo\":{\"@type\":\"ImageObject\",\"inLanguage\":\"ro-RO\",\"@id\":\"https:\/\/sonycenter.md\/ro\/#\/schema\/logo\/image\/\",\"url\":\"\",\"contentUrl\":\"\",\"caption\":\"sonycenter.md\"},\"image\":{\"@id\":\"https:\/\/sonycenter.md\/ro\/#\/schema\/logo\/image\/\"}}]}<\/script>\n<!-- \/ Yoast SEO plugin. -->","yoast_head_json":{"title":"SONY SEL18135 | SONY E 18-135mm F3.5-5.6 OSS | Chi\u0219in\u0103u","description":"SONY SEL18135 Cump\u0103r\u0103 \u00een Chi\u0219in\u0103u | SONY E 18-135mm F3.5-5.6 OSS","robots":{"index":"index","follow":"follow","max-snippet":"max-snippet:-1","max-image-preview":"max-image-preview:large","max-video-preview":"max-video-preview:-1"},"canonical":"https:\/\/sonycenter.md\/ro\/magazin\/sel18135\/","og_locale":"ro_RO","og_type":"article","og_title":"SONY SEL18135 | SONY E 18-135mm F3.5-5.6 OSS | Chi\u0219in\u0103u","og_description":"SONY SEL18135 Cump\u0103r\u0103 \u00een Chi\u0219in\u0103u | SONY E 18-135mm F3.5-5.6 OSS","og_url":"https:\/\/sonycenter.md\/ro\/magazin\/sel18135\/","og_site_name":"SONY","article_modified_time":"2025-10-06T07:29:37+00:00","og_image":[{"width":600,"height":600,"url":"https:\/\/sonycenter.md\/wp-content\/uploads\/2018\/02\/sel18135.jpg","type":"image\/jpeg"}],"twitter_card":"summary_large_image","twitter_misc":{"Est. reading time":"4 minutes"},"schema":{"@context":"https:\/\/schema.org","@graph":[{"@type":["WebPage","ItemPage"],"@id":"https:\/\/sonycenter.md\/ro\/magazin\/sel18135\/","url":"https:\/\/sonycenter.md\/ro\/magazin\/sel18135\/","name":"SONY SEL18135 | SONY E 18-135mm F3.5-5.6 OSS | Chi\u0219in\u0103u","isPartOf":{"@id":"https:\/\/sonycenter.md\/ro\/#website"},"primaryImageOfPage":{"@id":"https:\/\/sonycenter.md\/ro\/magazin\/sel18135\/#primaryimage"},"image":{"@id":"https:\/\/sonycenter.md\/ro\/magazin\/sel18135\/#primaryimage"},"thumbnailUrl":"https:\/\/sonycenter.md\/wp-content\/uploads\/2018\/02\/sel18135.jpg","datePublished":"2018-02-05T10:51:37+00:00","dateModified":"2025-10-06T07:29:37+00:00","description":"SONY SEL18135 Cump\u0103r\u0103 \u00een Chi\u0219in\u0103u | SONY E 18-135mm F3.5-5.6 OSS","breadcrumb":{"@id":"https:\/\/sonycenter.md\/ro\/magazin\/sel18135\/#breadcrumb"},"inLanguage":"ro-RO","potentialAction":[{"@type":"ReadAction","target":["https:\/\/sonycenter.md\/ro\/magazin\/sel18135\/"]}]},{"@type":"ImageObject","inLanguage":"ro-RO","@id":"https:\/\/sonycenter.md\/ro\/magazin\/sel18135\/#primaryimage","url":"https:\/\/sonycenter.md\/wp-content\/uploads\/2018\/02\/sel18135.jpg","contentUrl":"https:\/\/sonycenter.md\/wp-content\/uploads\/2018\/02\/sel18135.jpg","width":600,"height":600,"caption":"SEL18135"},{"@type":"BreadcrumbList","@id":"https:\/\/sonycenter.md\/ro\/magazin\/sel18135\/#breadcrumb","itemListElement":[{"@type":"ListItem","position":1,"name":"\u0413\u043b\u0430\u0432\u043d\u0430\u044f \u0441\u0442\u0440\u0430\u043d\u0438\u0446\u0430","item":"https:\/\/sonycenter.md\/ro\/"},{"@type":"ListItem","position":2,"name":"Magazin","item":"https:\/\/sonycenter.md\/shop\/"},{"@type":"ListItem","position":3,"name":"SEL18135"}]},{"@type":"WebSite","@id":"https:\/\/sonycenter.md\/ro\/#website","url":"https:\/\/sonycenter.md\/ro\/","name":"sonycenter.md","description":"SONYCENTER \u00een Chi\u0219in\u0103u","publisher":{"@id":"https:\/\/sonycenter.md\/ro\/#organization"},"potentialAction":[{"@type":"SearchAction","target":{"@type":"EntryPoint","urlTemplate":"https:\/\/sonycenter.md\/ro\/?s={search_term_string}"},"query-input":{"@type":"PropertyValueSpecification","valueRequired":true,"valueName":"search_term_string"}}],"inLanguage":"ro-RO"},{"@type":"Organization","@id":"https:\/\/sonycenter.md\/ro\/#organization","name":"sonycenter.md","url":"https:\/\/sonycenter.md\/ro\/","logo":{"@type":"ImageObject","inLanguage":"ro-RO","@id":"https:\/\/sonycenter.md\/ro\/#\/schema\/logo\/image\/","url":"","contentUrl":"","caption":"sonycenter.md"},"image":{"@id":"https:\/\/sonycenter.md\/ro\/#\/schema\/logo\/image\/"}}]}},"_links":{"self":[{"href":"https:\/\/sonycenter.md\/ro\/wp-json\/wp\/v2\/product\/8912","targetHints":{"allow":["GET"]}}],"collection":[{"href":"https:\/\/sonycenter.md\/ro\/wp-json\/wp\/v2\/product"}],"about":[{"href":"https:\/\/sonycenter.md\/ro\/wp-json\/wp\/v2\/types\/product"}],"replies":[{"embeddable":true,"href":"https:\/\/sonycenter.md\/ro\/wp-json\/wp\/v2\/comments?post=8912"}],"wp:featuredmedia":[{"embeddable":true,"href":"https:\/\/sonycenter.md\/ro\/wp-json\/wp\/v2\/media\/8914"}],"wp:attachment":[{"href":"https:\/\/sonycenter.md\/ro\/wp-json\/wp\/v2\/media?parent=8912"}],"wp:term":[{"taxonomy":"product_brand","embeddable":true,"href":"https:\/\/sonycenter.md\/ro\/wp-json\/wp\/v2\/product_brand?post=8912"},{"taxonomy":"product_cat","embeddable":true,"href":"https:\/\/sonycenter.md\/ro\/wp-json\/wp\/v2\/product_cat?post=8912"},{"taxonomy":"product_tag","embeddable":true,"href":"https:\/\/sonycenter.md\/ro\/wp-json\/wp\/v2\/product_tag?post=8912"}],"curies":[{"name":"wp","href":"https:\/\/api.w.org\/{rel}","templated":true}]}}